{"id":1146,"date":"2019-09-05T09:45:19","date_gmt":"2019-09-05T09:45:19","guid":{"rendered":"http:\/\/vedettseg.hu\/wordpress\/?page_id=1146"},"modified":"2019-09-05T09:45:19","modified_gmt":"2019-09-05T09:45:19","slug":"plazmaadas-tenyek-es-tevhitek","status":"publish","type":"page","link":"http:\/\/vedettseg.hu\/wordpress\/plazmaadas-tenyek-es-tevhitek\/","title":{"rendered":"Plazmaad\u00e1s &#8211; T\u00e9nyek \u00e9s t\u00e9vhitek"},"content":{"rendered":"<p><b>Hab\u00e1r az emberi v\u00e9rplazm\u00e1b\u00f3l \u00e9letment\u0151, m\u00e1ssal nem helyettes\u00edthet\u0151 gy\u00f3gyszerek k\u00e9sz\u00fclnek, m\u00e9gis rengeteg, az \u00faj plazmaad\u00f3kat elriaszt\u00f3, \u00edgy a betegell\u00e1t\u00e1s szempontj\u00e1b\u00f3l k\u00e1ros, a plazmaad\u00e1st \u00e9s a plazmaad\u00f3kat t\u00e1mad\u00f3 val\u00f3tlan tartalm\u00fa h\u00edr kering a vil\u00e1gh\u00e1l\u00f3n.<\/b><\/p>\n<p>Magyarorsz\u00e1gon \u00e9vente t\u00f6bb ezer beteg ember szorul m\u00e1ssal nem helyettes\u00edthet\u0151, \u00e9letment\u0151, v\u00e9rplazm\u00e1b\u00f3l k\u00e9sz\u00fclt gy\u00f3gyszeres kezel\u00e9sre. V\u00e9rplazm\u00e1ra van sz\u00fcks\u00e9ge annak, aki hemof\u00edli\u00e1s, azaz v\u00e9rz\u00e9keny, annak, aki velesz\u00fcletett immunhi\u00e1nnyal \u00e9l\u0151, csontvel\u0151- \u00e9s szerv\u00e1t\u00fcltetett, s\u00falyos \u00e9g\u00e9si s\u00e9r\u00fclt, m\u00e1j- \u00e9s vesebeteg, hepatitisz B-ben szenved\u0151. De plazm\u00e1t haszn\u00e1lnak p\u00e9ld\u00e1ul a m\u0171t\u00e9tekn\u00e9l haszn\u00e1lt fibrin ragaszt\u00f3 \u00e9s tetanusz el\u0151\u00e1ll\u00edt\u00e1s\u00e1hoz is. Mint j\u00f3l l\u00e1that\u00f3, k\u00f6nnyen el\u0151fordulhat, hogy egyszer ak\u00e1r mi is egy plazmaad\u00f3 j\u00f3t\u00e9kony don\u00e1ci\u00f3j\u00e1ra sz\u00e1m\u00edthatunk csak majd. \u201eHa az emberekben megsz\u0171nik a t\u00e1mogat\u00e1si ig\u00e9ny, hogy a m\u00e1sik \u00e9let\u00e9t seg\u00edtse \u2013 a mi betegcsoportunk kihal\u201d \u2013 nyilatkozik err\u0151l gyakran Csuja L\u00e1szl\u00f3, a Hemof\u00edli\u00e1sok Bar\u00e1ti K\u00f6r\u00e9nek eln\u00f6ke, hozz\u00e1t\u00e9ve, hogy naponta 5 plazma ad\u00f3ra van sz\u00fcks\u00e9g egy v\u00e9rz\u00e9keny beteg gy\u00f3gyszeradagj\u00e1hoz.<\/p>\n<p>Mi az a v\u00e9rplazma?<br \/>\nKi adhat v\u00e9rplazm\u00e1t?<br \/>\nHogyan zajlik a plazmaferezis \u00e9s mi a k\u00fcl\u00f6nbs\u00e9g a v\u00e9rad\u00e1s \u00e9s a v\u00e9rplazma ad\u00e1s k\u00f6z\u00f6tt?<br \/>\nVan-e oka agg\u00f3dni a plazmaad\u00f3nak?<br \/>\nA plazmaad\u00e1s nem k\u00e1ros\u00edt!<\/p>\n<p>A teljes cikk a WEBBeteg.hu port\u00e1lon olvashat\u00f3, ami <strong><a href=\"https:\/\/www.webbeteg.hu\/cikkek\/hematologiai_betegseg\/24163\/a-plazmaadas\">ezen<\/a>\u00a0<\/strong>a linken \u00e9rhet\u0151 el.<\/p>\n<p>&nbsp;<\/p>\n<p><span style=\"font-size: 12px;\">C\u00edm: Plazmaad\u00e1s &#8211; T\u00e9nyek \u00e9s t\u00e9vhitek<\/span><br \/>\n<span style=\"font-size: 12px;\">Szerz\u0151: Dr. Bakti \u00c9va orvos, termel\u00e9svezet\u0151<\/span><br \/>\n<span style=\"font-size: 12px;\">Weboldal: WEBBeteg<\/span><br \/>\n<span style=\"font-size: 12px;\">Felt\u00f6lt\u00e9s id\u0151pontja: 2019.08.15 13:03<\/span><br \/>\n<span style=\"font-size: 12px;\">Let\u00f6lt\u00e9s: 2019.08.20. 13:30<\/span><br \/>\n<span style=\"font-size: 12px;\">Link: <a href=\"https:\/\/www.webbeteg.hu\/cikkek\/hematologiai_betegseg\/24163\/a-plazmaadas\">https:\/\/www.webbeteg.hu\/cikkek\/hematologiai_betegseg\/24163\/a-plazmaadas<\/a><\/span><\/p>\n","protected":false},"excerpt":{"rendered":"<p>Hab\u00e1r az emberi v\u00e9rplazm\u00e1b\u00f3l \u00e9letment\u0151, m\u00e1ssal nem helyettes\u00edthet\u0151 gy\u00f3gyszerek k\u00e9sz\u00fclnek, m\u00e9gis rengeteg, az \u00faj plazmaad\u00f3kat elriaszt\u00f3, \u00edgy a betegell\u00e1t\u00e1s szempontj\u00e1b\u00f3l k\u00e1ros, a plazmaad\u00e1st \u00e9s a plazmaad\u00f3kat t\u00e1mad\u00f3 val\u00f3tlan tartalm\u00fa h\u00edr kering a vil\u00e1gh\u00e1l\u00f3n. Magyarorsz\u00e1gon \u00e9vente t\u00f6bb ezer beteg ember szorul m\u00e1ssal nem helyettes\u00edthet\u0151, \u00e9letment\u0151, v\u00e9rplazm\u00e1b\u00f3l k\u00e9sz\u00fclt gy\u00f3gyszeres kezel\u00e9sre. V\u00e9rplazm\u00e1ra van sz\u00fcks\u00e9ge annak, aki hemof\u00edli\u00e1s, azaz v\u00e9rz\u00e9keny, annak, aki velesz\u00fcletett immunhi\u00e1nnyal \u00e9l\u0151, csontvel\u0151- \u00e9s szerv\u00e1t\u00fcltetett, s\u00falyos \u00e9g\u00e9si s\u00e9r\u00fclt, m\u00e1j- \u00e9s vesebeteg, hepatitisz B-ben szenved\u0151. De plazm\u00e1t haszn\u00e1lnak p\u00e9ld\u00e1ul a m\u0171t\u00e9tekn\u00e9l haszn\u00e1lt fibrin ragaszt\u00f3 \u00e9s tetanusz el\u0151\u00e1ll\u00edt\u00e1s\u00e1hoz is. Mint j\u00f3l l\u00e1that\u00f3, k\u00f6nnyen el\u0151fordulhat, hogy egyszer ak\u00e1r mi is egy plazmaad\u00f3 j\u00f3t\u00e9kony don\u00e1ci\u00f3j\u00e1ra sz\u00e1m\u00edthatunk csak majd. \u201eHa az emberekben megsz\u0171nik a t\u00e1mogat\u00e1si ig\u00e9ny, hogy a m\u00e1sik \u00e9let\u00e9t seg\u00edtse \u2013 a mi betegcsoportunk kihal\u201d \u2013 nyilatkozik err\u0151l gyakran Csuja L\u00e1szl\u00f3, a Hemof\u00edli\u00e1sok Bar\u00e1ti K\u00f6r\u00e9nek eln\u00f6ke, hozz\u00e1t\u00e9ve, hogy naponta 5 plazma ad\u00f3ra van sz\u00fcks\u00e9g egy v\u00e9rz\u00e9keny beteg gy\u00f3gyszeradagj\u00e1hoz. Mi az a v\u00e9rplazma? Ki adhat v\u00e9rplazm\u00e1t? Hogyan zajlik a plazmaferezis \u00e9s mi a k\u00fcl\u00f6nbs\u00e9g a v\u00e9rad\u00e1s \u00e9s a v\u00e9rplazma ad\u00e1s k\u00f6z\u00f6tt? Van-e oka agg\u00f3dni a plazmaad\u00f3nak? A plazmaad\u00e1s nem k\u00e1ros\u00edt! A teljes cikk a WEBBeteg.hu port\u00e1lon olvashat\u00f3, ami ezen\u00a0a linken \u00e9rhet\u0151 el. &nbsp; C\u00edm: Plazmaad\u00e1s &#8211; T\u00e9nyek \u00e9s t\u00e9vhitek Szerz\u0151: Dr. Bakti \u00c9va orvos, termel\u00e9svezet\u0151 Weboldal: WEBBeteg Felt\u00f6lt\u00e9s id\u0151pontja: 2019.08.15 13:03 Let\u00f6lt\u00e9s: 2019.08.20. 13:30 Link: https:\/\/www.webbeteg.hu\/cikkek\/hematologiai_betegseg\/24163\/a-plazmaadas<\/p>\n","protected":false},"author":1,"featured_media":0,"parent":0,"menu_order":0,"comment_status":"closed","ping_status":"closed","template":"","meta":{"_monsterinsights_skip_tracking":false,"_monsterinsights_sitenote_active":false,"_monsterinsights_sitenote_note":"","_monsterinsights_sitenote_category":0,"footnotes":""},"class_list":["post-1146","page","type-page","status-publish","hentry"],"_links":{"self":[{"href":"http:\/\/vedettseg.hu\/wordpress\/wp-json\/wp\/v2\/pages\/1146","targetHints":{"allow":["GET"]}}],"collection":[{"href":"http:\/\/vedettseg.hu\/wordpress\/wp-json\/wp\/v2\/pages"}],"about":[{"href":"http:\/\/vedettseg.hu\/wordpress\/wp-json\/wp\/v2\/types\/page"}],"author":[{"embeddable":true,"href":"http:\/\/vedettseg.hu\/wordpress\/wp-json\/wp\/v2\/users\/1"}],"replies":[{"embeddable":true,"href":"http:\/\/vedettseg.hu\/wordpress\/wp-json\/wp\/v2\/comments?post=1146"}],"version-history":[{"count":1,"href":"http:\/\/vedettseg.hu\/wordpress\/wp-json\/wp\/v2\/pages\/1146\/revisions"}],"predecessor-version":[{"id":1147,"href":"http:\/\/vedettseg.hu\/wordpress\/wp-json\/wp\/v2\/pages\/1146\/revisions\/1147"}],"wp:attachment":[{"href":"http:\/\/vedettseg.hu\/wordpress\/wp-json\/wp\/v2\/media?parent=1146"}],"curies":[{"name":"wp","href":"https:\/\/api.w.org\/{rel}","templated":true}]}}