{"id":1150,"date":"2019-09-05T11:28:04","date_gmt":"2019-09-05T11:28:04","guid":{"rendered":"http:\/\/vedettseg.hu\/wordpress\/?page_id=1150"},"modified":"2019-09-05T11:28:04","modified_gmt":"2019-09-05T11:28:04","slug":"szkleroderma","status":"publish","type":"page","link":"http:\/\/vedettseg.hu\/wordpress\/szkleroderma\/","title":{"rendered":"K\u00e9rgesed\u0151 k\u00f6t\u0151sz\u00f6vet &#8211; a szkleroderma"},"content":{"rendered":"<p><b>A test k\u00f6t\u0151sz\u00f6veteit \u00e9rinti, v\u00e1ltoztatja meg &#8211; az \u00e9letszer\u0171 m\u0171k\u00f6d\u00e9st lehetetlenn\u00e9 tev\u0151 m\u00f3don &#8211; a sziszt\u00e9m\u00e1s szkler\u00f3zis nev\u0171 kr\u00f3nikus, autoimmun betegs\u00e9g. Az \u00e9rintettekn\u00e9l a test k\u00fcl\u00f6nb\u00f6z\u0151 pontjain &#8211; ak\u00e1r a l\u00e9tfontoss\u00e1g\u00fa szervekben (p\u00e9ld\u00e1ul a t\u00fcd\u0151ben, sz\u00edvben, ves\u00e9kben) &#8211; megvastagodik, hegesedik a k\u00f6t\u0151sz\u00f6vet, ez\u00e1ltal e ritka k\u00f3r megjelen\u00e9se rontja az eg\u00e9szs\u00e9gi \u00e1llapotot, s\u0151t az \u00e9letet is fenyegetheti.<\/b><\/p>\n<p>Becsl\u00e9sek szerint mintegy 2,5 milli\u00f3 embert diagnosztiz\u00e1ltak szkleroderm\u00e1val (scleroderma) a vil\u00e1gon, de szakemberek szerint az \u00e1llapot, a t\u00fcnetek v\u00e1ltozatoss\u00e1ga miatt sokszor f\u00e9lrediagnosztiz\u00e1lj\u00e1k a k\u00f3rt, \u00edgy az \u00e9rintettek sz\u00e1ma a ma nyilv\u00e1ntartott adatokn\u00e1l val\u00f3sz\u00edn\u0171leg j\u00f3val magasabb. R\u00e1juk, k\u00fcl\u00f6n\u00f6sen a m\u00e9g fel nem ismertek csoportj\u00e1ba tartoz\u00f3kra, csal\u00e1djukra gondolva rendezik meg 2011 \u00f3ta minden \u00e9vben j\u00fanius 29-\u00e9n haz\u00e1nkban is a \u2019Scleroderma Vil\u00e1gnap\u2019-ot, hogy sz\u00e9les k\u00f6rben, t\u00f6bbek sz\u00e1m\u00e1ra v\u00e1ljanak ismertebb\u00e9 e ritka betegs\u00e9g jellemz\u0151i, illetve a kezel\u00e9s mibenl\u00e9te. Az ell\u00e1t\u00f3k (orvosok, n\u0151v\u00e9rek, gy\u00f3gytorn\u00e1szok) \u00e9s a betegeket k\u00e9pvisel\u0151k (FESCA \u2013 Eur\u00f3pai Scleroderma Szervezetek Sz\u00f6vets\u00e9ge) k\u00f6z\u00f6s c\u00e9lja azt el\u00e9rni, hogy a lakoss\u00e1g t\u00e1j\u00e9koztat\u00e1sa r\u00e9v\u00e9n az \u00e9rintettek miel\u0151bb diagn\u00f3zishoz jussanak.<\/p>\n<p>Az elnevez\u00e9s k\u00e9t g\u00f6r\u00f6g eredet\u0171 sz\u00f3b\u00f3l sz\u00e1rmazik: kem\u00e9ny (sclero) \u00e9s b\u0151r (derma) \u2013 ugyanis a k\u00f3r\u00e1llapot egyik legszembe\u00f6tl\u0151bb t\u00fcnete a b\u0151r megvastagod\u00e1sa. \u00d6sszetett betegs\u00e9gr\u0151l l\u00e9v\u00e9n sz\u00f3, t\u00f6bb fajt\u00e1ja l\u00e9tezik \u2013 k\u00fcl\u00f6nf\u00e9le t\u00fcnetek k\u00eds\u00e9ret\u00e9ben, t\u00f6bb szervrendszert \u00e9rinthet. S\u00falyoss\u00e1ga f\u00fcgg att\u00f3l, hogy a szervezet mely r\u00e9sz\u00e9t \u00e9rte t\u00e1mad\u00e1s, illetve hogy ez milyen m\u00e9rt\u00e9k\u0171.<\/p>\n<p>A betegs\u00e9g t\u00fcneteir\u0151l, t\u00edpusair\u00f3l, kezel\u00e9s\u00e9r\u0151l, valamint kil\u00e1t\u00e1sair\u00f3l a WEBBeteg.hu eredeti cikk\u00e9ben, azaz<strong> <a href=\"https:\/\/www.webbeteg.hu\/cikkek\/autoimmun_betegseg\/24036\/scleroderma\">itt<\/a><\/strong> olvashat.<\/p>\n<p>&nbsp;<\/p>\n<p><span style=\"font-size: 12px;\">Cikk c\u00edme: K\u00e9rgesed\u0151 k\u00f6t\u0151sz\u00f6vet &#8211; a szkleroderma<\/span><br \/>\n<span style=\"font-size: 12px;\">Weboldal: WebBeteg<\/span><br \/>\n<span style=\"font-size: 12px;\">Szerz\u0151: Fazekas Erzs\u00e9bet, \u00fajs\u00e1g\u00edr\u00f3<\/span><br \/>\n<span style=\"font-size: 12px;\">Felt\u00f6lt\u00e9s ideje: 2019.06.28 17:05<\/span><br \/>\n<span style=\"font-size: 12px;\">Let\u00f6lt\u00e9s: 2019. 07.18. 23:00<\/span><br \/>\n<span style=\"font-size: 12px;\">Link: <a href=\"https:\/\/www.webbeteg.hu\/cikkek\/autoimmun_betegseg\/24036\/scleroderma\">https:\/\/www.webbeteg.hu\/cikkek\/autoimmun_betegseg\/24036\/scleroderma<\/a><\/span><\/p>\n","protected":false},"excerpt":{"rendered":"<p>A test k\u00f6t\u0151sz\u00f6veteit \u00e9rinti, v\u00e1ltoztatja meg &#8211; az \u00e9letszer\u0171 m\u0171k\u00f6d\u00e9st lehetetlenn\u00e9 tev\u0151 m\u00f3don &#8211; a sziszt\u00e9m\u00e1s szkler\u00f3zis nev\u0171 kr\u00f3nikus, autoimmun betegs\u00e9g. Az \u00e9rintettekn\u00e9l a test k\u00fcl\u00f6nb\u00f6z\u0151 pontjain &#8211; ak\u00e1r a l\u00e9tfontoss\u00e1g\u00fa szervekben (p\u00e9ld\u00e1ul a t\u00fcd\u0151ben, sz\u00edvben, ves\u00e9kben) &#8211; megvastagodik, hegesedik a k\u00f6t\u0151sz\u00f6vet, ez\u00e1ltal e ritka k\u00f3r megjelen\u00e9se rontja az eg\u00e9szs\u00e9gi \u00e1llapotot, s\u0151t az \u00e9letet is fenyegetheti. Becsl\u00e9sek szerint mintegy 2,5 milli\u00f3 embert diagnosztiz\u00e1ltak szkleroderm\u00e1val (scleroderma) a vil\u00e1gon, de szakemberek szerint az \u00e1llapot, a t\u00fcnetek v\u00e1ltozatoss\u00e1ga miatt sokszor f\u00e9lrediagnosztiz\u00e1lj\u00e1k a k\u00f3rt, \u00edgy az \u00e9rintettek sz\u00e1ma a ma nyilv\u00e1ntartott adatokn\u00e1l val\u00f3sz\u00edn\u0171leg j\u00f3val magasabb. R\u00e1juk, k\u00fcl\u00f6n\u00f6sen a m\u00e9g fel nem ismertek csoportj\u00e1ba tartoz\u00f3kra, csal\u00e1djukra gondolva rendezik meg 2011 \u00f3ta minden \u00e9vben j\u00fanius 29-\u00e9n haz\u00e1nkban is a \u2019Scleroderma Vil\u00e1gnap\u2019-ot, hogy sz\u00e9les k\u00f6rben, t\u00f6bbek sz\u00e1m\u00e1ra v\u00e1ljanak ismertebb\u00e9 e ritka betegs\u00e9g jellemz\u0151i, illetve a kezel\u00e9s mibenl\u00e9te. Az ell\u00e1t\u00f3k (orvosok, n\u0151v\u00e9rek, gy\u00f3gytorn\u00e1szok) \u00e9s a betegeket k\u00e9pvisel\u0151k (FESCA \u2013 Eur\u00f3pai Scleroderma Szervezetek Sz\u00f6vets\u00e9ge) k\u00f6z\u00f6s c\u00e9lja azt el\u00e9rni, hogy a lakoss\u00e1g t\u00e1j\u00e9koztat\u00e1sa r\u00e9v\u00e9n az \u00e9rintettek miel\u0151bb diagn\u00f3zishoz jussanak. Az elnevez\u00e9s k\u00e9t g\u00f6r\u00f6g eredet\u0171 sz\u00f3b\u00f3l sz\u00e1rmazik: kem\u00e9ny (sclero) \u00e9s b\u0151r (derma) \u2013 ugyanis a k\u00f3r\u00e1llapot egyik legszembe\u00f6tl\u0151bb t\u00fcnete a b\u0151r megvastagod\u00e1sa. \u00d6sszetett betegs\u00e9gr\u0151l l\u00e9v\u00e9n sz\u00f3, t\u00f6bb fajt\u00e1ja l\u00e9tezik \u2013 k\u00fcl\u00f6nf\u00e9le t\u00fcnetek k\u00eds\u00e9ret\u00e9ben, t\u00f6bb szervrendszert \u00e9rinthet. S\u00falyoss\u00e1ga f\u00fcgg att\u00f3l, hogy a szervezet mely r\u00e9sz\u00e9t \u00e9rte t\u00e1mad\u00e1s, illetve hogy ez milyen m\u00e9rt\u00e9k\u0171. A betegs\u00e9g t\u00fcneteir\u0151l, t\u00edpusair\u00f3l, kezel\u00e9s\u00e9r\u0151l, valamint kil\u00e1t\u00e1sair\u00f3l a WEBBeteg.hu eredeti cikk\u00e9ben, azaz itt olvashat. &nbsp; Cikk c\u00edme: K\u00e9rgesed\u0151 k\u00f6t\u0151sz\u00f6vet &#8211; a szkleroderma Weboldal: WebBeteg Szerz\u0151: Fazekas Erzs\u00e9bet, \u00fajs\u00e1g\u00edr\u00f3 Felt\u00f6lt\u00e9s ideje: 2019.06.28 17:05 Let\u00f6lt\u00e9s: 2019. 07.18. 23:00 Link: https:\/\/www.webbeteg.hu\/cikkek\/autoimmun_betegseg\/24036\/scleroderma<\/p>\n","protected":false},"author":1,"featured_media":0,"parent":0,"menu_order":0,"comment_status":"closed","ping_status":"closed","template":"","meta":{"_monsterinsights_skip_tracking":false,"_monsterinsights_sitenote_active":false,"_monsterinsights_sitenote_note":"","_monsterinsights_sitenote_category":0,"footnotes":""},"class_list":["post-1150","page","type-page","status-publish","hentry"],"_links":{"self":[{"href":"http:\/\/vedettseg.hu\/wordpress\/wp-json\/wp\/v2\/pages\/1150","targetHints":{"allow":["GET"]}}],"collection":[{"href":"http:\/\/vedettseg.hu\/wordpress\/wp-json\/wp\/v2\/pages"}],"about":[{"href":"http:\/\/vedettseg.hu\/wordpress\/wp-json\/wp\/v2\/types\/page"}],"author":[{"embeddable":true,"href":"http:\/\/vedettseg.hu\/wordpress\/wp-json\/wp\/v2\/users\/1"}],"replies":[{"embeddable":true,"href":"http:\/\/vedettseg.hu\/wordpress\/wp-json\/wp\/v2\/comments?post=1150"}],"version-history":[{"count":1,"href":"http:\/\/vedettseg.hu\/wordpress\/wp-json\/wp\/v2\/pages\/1150\/revisions"}],"predecessor-version":[{"id":1151,"href":"http:\/\/vedettseg.hu\/wordpress\/wp-json\/wp\/v2\/pages\/1150\/revisions\/1151"}],"wp:attachment":[{"href":"http:\/\/vedettseg.hu\/wordpress\/wp-json\/wp\/v2\/media?parent=1150"}],"curies":[{"name":"wp","href":"https:\/\/api.w.org\/{rel}","templated":true}]}}