{"id":1153,"date":"2019-09-10T13:47:54","date_gmt":"2019-09-10T13:47:54","guid":{"rendered":"http:\/\/vedettseg.hu\/wordpress\/?page_id=1153"},"modified":"2019-09-10T13:47:54","modified_gmt":"2019-09-10T13:47:54","slug":"ujfajta-mikrobiom","status":"publish","type":"page","link":"http:\/\/vedettseg.hu\/wordpress\/ujfajta-mikrobiom\/","title":{"rendered":"\u00dajfajta mikrobiom-terapeutikumok a l\u00e1that\u00e1ron"},"content":{"rendered":"<p><b>A mikrobiom fel\u00e9p\u00edt\u00e9s\u00e9t vagy a szervezet sz\u00f6veteivel val\u00f3 interakci\u00f3j\u00e1t m\u00f3dos\u00edt\u00f3 kismolekul\u00e1j\u00fa, illetve biol\u00f3giai szerek a gy\u00f3gy\u00e1szat lehet\u0151s\u00e9geinek kiterjeszt\u00e9s\u00e9t \u00edg\u00e9rik.<\/b><\/p>\n<p>A hum\u00e1n mikrobiomika tudom\u00e1nya \u00f3ri\u00e1si fejl\u0151d\u00e9sen ment kereszt\u00fcl az elm\u00falt \u00e9vekben, \u00e9s t\u00f6bb \u201e\u00e9l\u0151 bioterapeutikum\u201d kateg\u00f3ri\u00e1ba es\u0151 szer is forgalomban van, amelyek c\u00e9lja, hogy hasznos bakt\u00e9riumokkal koloniz\u00e1lj\u00e1k \u00fajra a b\u00e9lrendszert. \u00dajfajta mikrobiom-terapeutikumok kifejleszt\u00e9se is elkezd\u0151d\u00f6tt: mint arr\u00f3l a Nature besz\u00e1mol, sz\u00e1mos igen \u00e9rdekes hat\u00e1smechanizmus\u00fa kismolekula \u00e9s biol\u00f3gikum \u00e9rte el a klinikai vizsg\u00e1lati st\u00e1diumot. \u00cdr\u00e1s\u00e1ban (Microbiome therapeutics go small molecule) Megan Cully arra h\u00edvja fel a figyelmet, hogy b\u00e1r ennek a redukcionista megk\u00f6zel\u00edt\u00e9snek a haszna egyel\u0151re nem bizony\u00edtott, nagyon is val\u00f3sz\u00edn\u0171, hogy a k\u00f6zelj\u00f6v\u0151ben kismolekul\u00e1kat \u00e9s biol\u00f3gikumokat is fogunk haszn\u00e1lni a mikrobiom ter\u00e1pi\u00e1s c\u00e9l\u00fa m\u00f3dos\u00edt\u00e1s\u00e1ra.<\/p>\n<p>A m\u00f3dszer t\u00e1mogat\u00f3i elmondj\u00e1k: a bakteri\u00e1lis metabolitokat m\u00f3dos\u00edt\u00f3 vagy ut\u00e1nz\u00f3, illetve a mikrob\u00e1k \u00e9s a szervezet k\u00f6z\u00f6tti interakci\u00f3t befoly\u00e1sol\u00f3, azaz a mikrobi\u00e1lis c\u00e9lpontokat m\u00f3dos\u00edtani k\u00edv\u00e1n\u00f3 szerek a legegyszer\u0171bb megk\u00f6zel\u00edt\u00e9st jelentik, \u00e9s a befogad\u00e1suk is a legegyszer\u0171bb \u00fatvonalon halad, \u00edgy b\u00e1r a megk\u00f6zel\u00edt\u00e9s \u00faj, kevesebb a kock\u00e1zat.<\/p>\n<p>Mint minden gy\u00f3gyszerfejleszt\u00e9si program eset\u00e9n, itt is a megfelel\u0151 c\u00e9lpont megtal\u00e1l\u00e1sa \u00e9s hat\u00e9kony c\u00e9lba v\u00e9tele \u00e1ll a folyamat k\u00f6z\u00e9ppontj\u00e1ban. A hum\u00e1n genom 21.000 g\u00e9nt k\u00f3dol, ezek k\u00f6z\u00fcl jelenleg 3.000-r\u0151l gondolj\u00e1k, hogy gy\u00f3gyszermolekul\u00e1val c\u00e9lba vehet\u0151, \u00e9s 700-n\u00e1l is kevesebb azoknak a g\u00e9neknek a sz\u00e1ma, amelyeket jelenleg az FDA \u00e1ltal befogadott szerek vesznek c\u00e9lba. A mikrobiom vonzerej\u00e9t r\u00e9szben az adja, hogy \u00e1ltala a c\u00e9lba vehet\u0151 g\u00e9nek sz\u00e1ma 5 milli\u00f3 bakteri\u00e1lis g\u00e9nnel b\u0151v\u00fcl, r\u00e1ad\u00e1sul ez az \u00f3ri\u00e1si \u201eszerv\u201d or\u00e1lisan el\u00e9rhet\u0151, \u00edgy nem meglep\u0151, hogy sz\u00e1mos biotechnol\u00f3giai c\u00e9g fejleszt jelenleg \u00fajfajta mikrobiom-terapeutikumokat.<\/p>\n<p>A teljes cikk <strong><a href=\"http:\/\/otszonline.hu\/cikk\/ujfajta_mikrobiom_terapeutikumok_a_lathataron\">ezen<\/a><\/strong>\u00a0a linken olvashat\u00f3.<\/p>\n<p>C\u00edm: \u00dajfajta mikrobiom-terapeutikumok a l\u00e1that\u00e1ron<br \/>\nSzerz\u0151: Dr. K. A.<br \/>\nWeboldal: otszonline.hu<br \/>\nFelt\u00f6lt\u00e9s ideje: 2019.08.06. 10:07<br \/>\nLet\u00f6lt\u00e9s: 2019.08.20. 17:35<br \/>\nLink: <a href=\"http:\/\/otszonline.hu\/cikk\/ujfajta_mikrobiom_terapeutikumok_a_lathataron\">http:\/\/otszonline.hu\/cikk\/ujfajta_mikrobiom_terapeutikumok_a_lathataron<\/a><\/p>\n","protected":false},"excerpt":{"rendered":"<p>A mikrobiom fel\u00e9p\u00edt\u00e9s\u00e9t vagy a szervezet sz\u00f6veteivel val\u00f3 interakci\u00f3j\u00e1t m\u00f3dos\u00edt\u00f3 kismolekul\u00e1j\u00fa, illetve biol\u00f3giai szerek a gy\u00f3gy\u00e1szat lehet\u0151s\u00e9geinek kiterjeszt\u00e9s\u00e9t \u00edg\u00e9rik. A hum\u00e1n mikrobiomika tudom\u00e1nya \u00f3ri\u00e1si fejl\u0151d\u00e9sen ment kereszt\u00fcl az elm\u00falt \u00e9vekben, \u00e9s t\u00f6bb \u201e\u00e9l\u0151 bioterapeutikum\u201d kateg\u00f3ri\u00e1ba es\u0151 szer is forgalomban van, amelyek c\u00e9lja, hogy hasznos bakt\u00e9riumokkal koloniz\u00e1lj\u00e1k \u00fajra a b\u00e9lrendszert. \u00dajfajta mikrobiom-terapeutikumok kifejleszt\u00e9se is elkezd\u0151d\u00f6tt: mint arr\u00f3l a Nature besz\u00e1mol, sz\u00e1mos igen \u00e9rdekes hat\u00e1smechanizmus\u00fa kismolekula \u00e9s biol\u00f3gikum \u00e9rte el a klinikai vizsg\u00e1lati st\u00e1diumot. \u00cdr\u00e1s\u00e1ban (Microbiome therapeutics go small molecule) Megan Cully arra h\u00edvja fel a figyelmet, hogy b\u00e1r ennek a redukcionista megk\u00f6zel\u00edt\u00e9snek a haszna egyel\u0151re nem bizony\u00edtott, nagyon is val\u00f3sz\u00edn\u0171, hogy a k\u00f6zelj\u00f6v\u0151ben kismolekul\u00e1kat \u00e9s biol\u00f3gikumokat is fogunk haszn\u00e1lni a mikrobiom ter\u00e1pi\u00e1s c\u00e9l\u00fa m\u00f3dos\u00edt\u00e1s\u00e1ra. A m\u00f3dszer t\u00e1mogat\u00f3i elmondj\u00e1k: a bakteri\u00e1lis metabolitokat m\u00f3dos\u00edt\u00f3 vagy ut\u00e1nz\u00f3, illetve a mikrob\u00e1k \u00e9s a szervezet k\u00f6z\u00f6tti interakci\u00f3t befoly\u00e1sol\u00f3, azaz a mikrobi\u00e1lis c\u00e9lpontokat m\u00f3dos\u00edtani k\u00edv\u00e1n\u00f3 szerek a legegyszer\u0171bb megk\u00f6zel\u00edt\u00e9st jelentik, \u00e9s a befogad\u00e1suk is a legegyszer\u0171bb \u00fatvonalon halad, \u00edgy b\u00e1r a megk\u00f6zel\u00edt\u00e9s \u00faj, kevesebb a kock\u00e1zat. Mint minden gy\u00f3gyszerfejleszt\u00e9si program eset\u00e9n, itt is a megfelel\u0151 c\u00e9lpont megtal\u00e1l\u00e1sa \u00e9s hat\u00e9kony c\u00e9lba v\u00e9tele \u00e1ll a folyamat k\u00f6z\u00e9ppontj\u00e1ban. A hum\u00e1n genom 21.000 g\u00e9nt k\u00f3dol, ezek k\u00f6z\u00fcl jelenleg 3.000-r\u0151l gondolj\u00e1k, hogy gy\u00f3gyszermolekul\u00e1val c\u00e9lba vehet\u0151, \u00e9s 700-n\u00e1l is kevesebb azoknak a g\u00e9neknek a sz\u00e1ma, amelyeket jelenleg az FDA \u00e1ltal befogadott szerek vesznek c\u00e9lba. A mikrobiom vonzerej\u00e9t r\u00e9szben az adja, hogy \u00e1ltala a c\u00e9lba vehet\u0151 g\u00e9nek sz\u00e1ma 5 milli\u00f3 bakteri\u00e1lis g\u00e9nnel b\u0151v\u00fcl, r\u00e1ad\u00e1sul ez az \u00f3ri\u00e1si \u201eszerv\u201d or\u00e1lisan el\u00e9rhet\u0151, \u00edgy nem meglep\u0151, hogy sz\u00e1mos biotechnol\u00f3giai c\u00e9g fejleszt jelenleg \u00fajfajta mikrobiom-terapeutikumokat. A teljes cikk ezen\u00a0a linken olvashat\u00f3. C\u00edm: \u00dajfajta mikrobiom-terapeutikumok a l\u00e1that\u00e1ron Szerz\u0151: Dr. K. A. Weboldal: otszonline.hu Felt\u00f6lt\u00e9s ideje: 2019.08.06. 10:07 Let\u00f6lt\u00e9s: 2019.08.20. 17:35 Link: http:\/\/otszonline.hu\/cikk\/ujfajta_mikrobiom_terapeutikumok_a_lathataron<\/p>\n","protected":false},"author":1,"featured_media":0,"parent":0,"menu_order":0,"comment_status":"closed","ping_status":"closed","template":"","meta":{"_monsterinsights_skip_tracking":false,"_monsterinsights_sitenote_active":false,"_monsterinsights_sitenote_note":"","_monsterinsights_sitenote_category":0,"footnotes":""},"class_list":["post-1153","page","type-page","status-publish","hentry"],"_links":{"self":[{"href":"http:\/\/vedettseg.hu\/wordpress\/wp-json\/wp\/v2\/pages\/1153","targetHints":{"allow":["GET"]}}],"collection":[{"href":"http:\/\/vedettseg.hu\/wordpress\/wp-json\/wp\/v2\/pages"}],"about":[{"href":"http:\/\/vedettseg.hu\/wordpress\/wp-json\/wp\/v2\/types\/page"}],"author":[{"embeddable":true,"href":"http:\/\/vedettseg.hu\/wordpress\/wp-json\/wp\/v2\/users\/1"}],"replies":[{"embeddable":true,"href":"http:\/\/vedettseg.hu\/wordpress\/wp-json\/wp\/v2\/comments?post=1153"}],"version-history":[{"count":1,"href":"http:\/\/vedettseg.hu\/wordpress\/wp-json\/wp\/v2\/pages\/1153\/revisions"}],"predecessor-version":[{"id":1154,"href":"http:\/\/vedettseg.hu\/wordpress\/wp-json\/wp\/v2\/pages\/1153\/revisions\/1154"}],"wp:attachment":[{"href":"http:\/\/vedettseg.hu\/wordpress\/wp-json\/wp\/v2\/media?parent=1153"}],"curies":[{"name":"wp","href":"https:\/\/api.w.org\/{rel}","templated":true}]}}