{"id":1198,"date":"2019-12-02T17:12:15","date_gmt":"2019-12-02T17:12:15","guid":{"rendered":"http:\/\/vedettseg.hu\/wordpress\/?page_id=1198"},"modified":"2019-12-02T17:12:15","modified_gmt":"2019-12-02T17:12:15","slug":"ossejt-autoimmun","status":"publish","type":"page","link":"http:\/\/vedettseg.hu\/wordpress\/ossejt-autoimmun\/","title":{"rendered":"\u0150ssejt-transzplant\u00e1ci\u00f3val visszaford\u00edtottak egy autoimmun betegs\u00e9get"},"content":{"rendered":"<p><strong>\u0150ssejt transzplant\u00e1ci\u00f3val siker\u00fclt amerikai kutat\u00f3knak visszaford\u00edtani a k\u00f6zponti idegrendszer egy s\u00falyos autoimmun betegs\u00e9g\u00e9t, a neuromyelitis optic\u00e1t (NMOSD), amely a betegek fel\u00e9n\u00e9l vaks\u00e1got okoz \u00e9s elvesz\u00edtik j\u00e1r\u00f3k\u00e9pess\u00e9g\u00fcket a k\u00f3r diagnosztiz\u00e1l\u00e1sa ut\u00e1ni \u00f6t \u00e9vben.<\/strong><\/p>\n<p>Kor\u00e1bban a betegs\u00e9get a szkler\u00f3zis multiplex (SM) egyik ritka alfaj\u00e1nak tartott\u00e1k a szakemberek, de kutat\u00e1saik alapj\u00e1n m\u00e1r kider\u00edtett\u00e9k, hogy \u00f6n\u00e1ll\u00f3 k\u00f3rk\u00e9pr\u0151l van sz\u00f3. Az SM-t\u0151l \u00e9s a legt\u00f6bb autoimmun betegs\u00e9gt\u0151l elt\u00e9r\u0151en a neuromyelitis optica betegs\u00e9gnek van egy biol\u00f3giai markere, az AQP4 antitest.<\/p>\n<p>A betegek mintegy 80 sz\u00e1zal\u00e9k\u00e1n\u00e1l az agyi v\u00edzelvezet\u0151 rendszert szab\u00e1lyoz\u00f3 feh\u00e9rje, az aquaporin-4 (AQP4) ellen termel\u0151dnek ellenanyagok, amelyek s\u00falyos, gyakran k\u00e9toldali l\u00e1t\u00f3ideg-gyullad\u00e1st \u00e9s kiterjedt gerincvel\u0151-gyullad\u00e1st, myelitist okoznak.<\/p>\n<p>Az \u00c9szaknyugati Egyetem \u00e9s a Mayo Klinika kutat\u00f3i 12 beteget vetettek al\u00e1 \u0151ssejt-transzplant\u00e1ci\u00f3nak a Neurology c\u00edm\u0171 tudom\u00e1nyos foly\u00f3iratban ismertetett kutat\u00e1sukban. A betegek t\u00f6bbs\u00e9ge a transzplant\u00e1ci\u00f3 ut\u00e1n \u00f6t \u00e9vvel j\u00f3l volt, nem volt sz\u00fcks\u00e9ges sz\u00e1mukra a gy\u00f3gyszeres kezel\u00e9s, amely \u00e9vente \u00f6tsz\u00e1zezer doll\u00e1rt tehet ki, olvashat\u00f3 az egyetem honlapj\u00e1n k\u00f6zz\u00e9tett k\u00f6zlem\u00e9nyben. &#8220;\u00d6t \u00e9v ut\u00e1n a 12 betegb\u0151l csup\u00e1n kett\u0151n\u00e9l k\u00f6vetkezett be a betegs\u00e9g \u00fajabb fell\u00e1ngol\u00e1sa \u00e9s vissza kellett t\u00e9rni\u00fck a gy\u00f3gyszeres kezel\u00e9sre&#8221; \u2013 id\u00e9zte a k\u00f6zlem\u00e9ny Richard Burt professzort, az egyetem Feinberg Orvosi iskol\u00e1ja immunter\u00e1pi\u00e1s \u00e9s autoimmun betegs\u00e9g r\u00e9szleg\u00e9nek vezet\u0151j\u00e9t.<\/p>\n<p>&#8220;Egyetlen kor\u00e1bbi ter\u00e1pi\u00e1val sem siker\u00fclt elt\u0171ntetni az AQP4 antig\u00e9nt, vagy el\u00e9rni, hogy a beteg gy\u00f3gyszerkezel\u00e9s-mentes legyen. Az \u0151ssejttranszplant\u00e1ci\u00f3 jav\u00edtott a betegek neurol\u00f3giai cselekv\u0151k\u00e9pess\u00e9g\u00e9n \u00e9s \u00e9letmin\u0151s\u00e9g\u00e9n. Jobban lettek \u00e9s a betegs\u00e9g markere elt\u0171nt, \u00f6t \u00e9vvel a transzplant\u00e1ci\u00f3 ut\u00e1n sem volt a jelen a szervezetben&#8221; \u2013 tette hozz\u00e1 a professzor.<\/p>\n<p>&nbsp;<\/p>\n<p>C\u00edm: \u0150ssejt-transzplant\u00e1ci\u00f3val visszaford\u00edtottak egy autoimmun betegs\u00e9get<\/p>\n<p>Szerz\u0151: nincs felt\u00fcntetve (forr\u00e1s: MTI)<\/p>\n<p>Weboldal: Medical Online<\/p>\n<p>Felt\u00f6lt\u00e9s id\u0151pontja: 2019. okt\u00f3ber 09. 14:18<\/p>\n<p>Let\u00f6lt\u00e9s: 2019. okt\u00f3ber 24. 10:29.<\/p>\n<p>Link: <a href=\"http:\/\/medicalonline.hu\/tudomany\/cikk\/ossejt_transzplantacioval_visszaforditottak_egy_autoimmun_betegseget\">http:\/\/medicalonline.hu\/tudomany\/cikk\/ossejt_transzplantacioval_visszaforditottak_egy_autoimmun_betegseget<\/a><\/p>\n","protected":false},"excerpt":{"rendered":"<p>\u0150ssejt transzplant\u00e1ci\u00f3val siker\u00fclt amerikai kutat\u00f3knak visszaford\u00edtani a k\u00f6zponti idegrendszer egy s\u00falyos autoimmun betegs\u00e9g\u00e9t, a neuromyelitis optic\u00e1t (NMOSD), amely a betegek fel\u00e9n\u00e9l vaks\u00e1got okoz \u00e9s elvesz\u00edtik j\u00e1r\u00f3k\u00e9pess\u00e9g\u00fcket a k\u00f3r diagnosztiz\u00e1l\u00e1sa ut\u00e1ni \u00f6t \u00e9vben. Kor\u00e1bban a betegs\u00e9get a szkler\u00f3zis multiplex (SM) egyik ritka alfaj\u00e1nak tartott\u00e1k a szakemberek, de kutat\u00e1saik alapj\u00e1n m\u00e1r kider\u00edtett\u00e9k, hogy \u00f6n\u00e1ll\u00f3 k\u00f3rk\u00e9pr\u0151l van sz\u00f3. Az SM-t\u0151l \u00e9s a legt\u00f6bb autoimmun betegs\u00e9gt\u0151l elt\u00e9r\u0151en a neuromyelitis optica betegs\u00e9gnek van egy biol\u00f3giai markere, az AQP4 antitest. A betegek mintegy 80 sz\u00e1zal\u00e9k\u00e1n\u00e1l az agyi v\u00edzelvezet\u0151 rendszert szab\u00e1lyoz\u00f3 feh\u00e9rje, az aquaporin-4 (AQP4) ellen termel\u0151dnek ellenanyagok, amelyek s\u00falyos, gyakran k\u00e9toldali l\u00e1t\u00f3ideg-gyullad\u00e1st \u00e9s kiterjedt gerincvel\u0151-gyullad\u00e1st, myelitist okoznak. Az \u00c9szaknyugati Egyetem \u00e9s a Mayo Klinika kutat\u00f3i 12 beteget vetettek al\u00e1 \u0151ssejt-transzplant\u00e1ci\u00f3nak a Neurology c\u00edm\u0171 tudom\u00e1nyos foly\u00f3iratban ismertetett kutat\u00e1sukban. A betegek t\u00f6bbs\u00e9ge a transzplant\u00e1ci\u00f3 ut\u00e1n \u00f6t \u00e9vvel j\u00f3l volt, nem volt sz\u00fcks\u00e9ges sz\u00e1mukra a gy\u00f3gyszeres kezel\u00e9s, amely \u00e9vente \u00f6tsz\u00e1zezer doll\u00e1rt tehet ki, olvashat\u00f3 az egyetem honlapj\u00e1n k\u00f6zz\u00e9tett k\u00f6zlem\u00e9nyben. &#8220;\u00d6t \u00e9v ut\u00e1n a 12 betegb\u0151l csup\u00e1n kett\u0151n\u00e9l k\u00f6vetkezett be a betegs\u00e9g \u00fajabb fell\u00e1ngol\u00e1sa \u00e9s vissza kellett t\u00e9rni\u00fck a gy\u00f3gyszeres kezel\u00e9sre&#8221; \u2013 id\u00e9zte a k\u00f6zlem\u00e9ny Richard Burt professzort, az egyetem Feinberg Orvosi iskol\u00e1ja immunter\u00e1pi\u00e1s \u00e9s autoimmun betegs\u00e9g r\u00e9szleg\u00e9nek vezet\u0151j\u00e9t. &#8220;Egyetlen kor\u00e1bbi ter\u00e1pi\u00e1val sem siker\u00fclt elt\u0171ntetni az AQP4 antig\u00e9nt, vagy el\u00e9rni, hogy a beteg gy\u00f3gyszerkezel\u00e9s-mentes legyen. Az \u0151ssejttranszplant\u00e1ci\u00f3 jav\u00edtott a betegek neurol\u00f3giai cselekv\u0151k\u00e9pess\u00e9g\u00e9n \u00e9s \u00e9letmin\u0151s\u00e9g\u00e9n. Jobban lettek \u00e9s a betegs\u00e9g markere elt\u0171nt, \u00f6t \u00e9vvel a transzplant\u00e1ci\u00f3 ut\u00e1n sem volt a jelen a szervezetben&#8221; \u2013 tette hozz\u00e1 a professzor. &nbsp; C\u00edm: \u0150ssejt-transzplant\u00e1ci\u00f3val visszaford\u00edtottak egy autoimmun betegs\u00e9get Szerz\u0151: nincs felt\u00fcntetve (forr\u00e1s: MTI) Weboldal: Medical Online Felt\u00f6lt\u00e9s id\u0151pontja: 2019. okt\u00f3ber 09. 14:18 Let\u00f6lt\u00e9s: 2019. okt\u00f3ber 24. 10:29. Link: http:\/\/medicalonline.hu\/tudomany\/cikk\/ossejt_transzplantacioval_visszaforditottak_egy_autoimmun_betegseget<\/p>\n","protected":false},"author":1,"featured_media":0,"parent":0,"menu_order":0,"comment_status":"closed","ping_status":"closed","template":"","meta":{"_monsterinsights_skip_tracking":false,"_monsterinsights_sitenote_active":false,"_monsterinsights_sitenote_note":"","_monsterinsights_sitenote_category":0,"footnotes":""},"class_list":["post-1198","page","type-page","status-publish","hentry"],"_links":{"self":[{"href":"http:\/\/vedettseg.hu\/wordpress\/wp-json\/wp\/v2\/pages\/1198","targetHints":{"allow":["GET"]}}],"collection":[{"href":"http:\/\/vedettseg.hu\/wordpress\/wp-json\/wp\/v2\/pages"}],"about":[{"href":"http:\/\/vedettseg.hu\/wordpress\/wp-json\/wp\/v2\/types\/page"}],"author":[{"embeddable":true,"href":"http:\/\/vedettseg.hu\/wordpress\/wp-json\/wp\/v2\/users\/1"}],"replies":[{"embeddable":true,"href":"http:\/\/vedettseg.hu\/wordpress\/wp-json\/wp\/v2\/comments?post=1198"}],"version-history":[{"count":1,"href":"http:\/\/vedettseg.hu\/wordpress\/wp-json\/wp\/v2\/pages\/1198\/revisions"}],"predecessor-version":[{"id":1199,"href":"http:\/\/vedettseg.hu\/wordpress\/wp-json\/wp\/v2\/pages\/1198\/revisions\/1199"}],"wp:attachment":[{"href":"http:\/\/vedettseg.hu\/wordpress\/wp-json\/wp\/v2\/media?parent=1198"}],"curies":[{"name":"wp","href":"https:\/\/api.w.org\/{rel}","templated":true}]}}