{"id":12,"date":"2015-10-07T09:15:58","date_gmt":"2015-10-07T09:15:58","guid":{"rendered":"http:\/\/vedettseg.hu\/wordpress\/?page_id=12"},"modified":"2021-10-18T09:56:57","modified_gmt":"2021-10-18T09:56:57","slug":"nyito","status":"publish","type":"page","link":"http:\/\/vedettseg.hu\/wordpress\/nyito\/","title":{"rendered":"Hitvall\u00e1s"},"content":{"rendered":"<table width=\"1365\">\n<tbody>\n<tr>\n<td width=\"651\">A \u201eV\u00c9DETTS\u00c9G\u201d Immunbiol\u00f3giai Term\u00e9k Gy\u00e1rt\u00f3k \u00e9s Forgalmaz\u00f3k Egyes\u00fclete 2002-ben j\u00f6tt l\u00e9tre azzal a c\u00e9llal, hogy el\u0151mozd\u00edt\u00f3ja legyen a betegk\u00f6zpont\u00fa magyarorsz\u00e1gi eg\u00e9szs\u00e9g\u00fcgyi ell\u00e1t\u00e1s fejl\u0151d\u00e9s\u00e9nek tagv\u00e1llalatai, egy\u00e9ni tagjai \u00e9s az eg\u00e9szs\u00e9g\u00fcgyben \u00e9rdekelt egy\u00e9b szerepl\u0151k k\u00f6z\u00f6tti alkot\u00f3 egy\u00fcttm\u0171k\u00f6d\u00e9s kialak\u00edt\u00e1s\u00e1n \u00e9s fejleszt\u00e9s\u00e9n kereszt\u00fcl.<\/p>\n<p>Az Egyes\u00fclet az eg\u00e9szs\u00e9g\u00fcgyi ell\u00e1t\u00f3rendszert \u00e9rint\u0151 szab\u00e1lyoz\u00e1ssal \u00f6sszef\u00fcgg\u00e9sben v\u00e9lem\u00e9nyez\u0151 test\u00fcletk\u00e9nt is m\u0171k\u00f6dik, f\u00f3rumot teremtve tagjainak az eg\u00e9szs\u00e9g\u00fcgyet \u00e9rint\u0151 jogalkot\u00e1si \u00e9s egy\u00e9b k\u00e9rd\u00e9sek \u00e9rdemi megvitat\u00e1s\u00e1ra, k\u00f6z\u00f6s \u00e1ll\u00e1spontok kialak\u00edt\u00e1s\u00e1ra \u00e9s ezeknek k\u00f6zvet\u00edt\u00e9s\u00e9re a t\u00e1rsszervezetek, az int\u00e9zm\u00e9nyi \u00e9s \u00e1gazati d\u00f6nt\u00e9shoz\u00f3k, betegszervezetek, valamint a nyilv\u00e1noss\u00e1g fel\u00e9.<\/td>\n<\/tr>\n<tr>\n<td width=\"651\">Egyes\u00fclet\u00fcnk tagjai tisztess\u00e9ggel \u00e9s a t\u00e1rsadalmi k\u00f6rnyezet ir\u00e1nti elk\u00f6telezett felel\u0151ss\u00e9ggel gyakorolj\u00e1k tev\u00e9kenys\u00e9g\u00fcket. Betartj\u00e1k az emberi \u00e9s az \u00e1llampolg\u00e1ri jogokra, civil szervezetekre vonatkoz\u00f3 hat\u00e1lyos jogszab\u00e1lyokat, etikai norm\u00e1kat \u00e9s alapelveket.<\/td>\n<\/tr>\n<\/tbody>\n<\/table>\n","protected":false},"excerpt":{"rendered":"<p>A \u201eV\u00c9DETTS\u00c9G\u201d Immunbiol\u00f3giai Term\u00e9k Gy\u00e1rt\u00f3k \u00e9s Forgalmaz\u00f3k Egyes\u00fclete 2002-ben j\u00f6tt l\u00e9tre azzal a c\u00e9llal, hogy el\u0151mozd\u00edt\u00f3ja legyen a betegk\u00f6zpont\u00fa magyarorsz\u00e1gi eg\u00e9szs\u00e9g\u00fcgyi ell\u00e1t\u00e1s fejl\u0151d\u00e9s\u00e9nek tagv\u00e1llalatai, egy\u00e9ni tagjai \u00e9s az eg\u00e9szs\u00e9g\u00fcgyben \u00e9rdekelt egy\u00e9b szerepl\u0151k k\u00f6z\u00f6tti alkot\u00f3 egy\u00fcttm\u0171k\u00f6d\u00e9s kialak\u00edt\u00e1s\u00e1n \u00e9s fejleszt\u00e9s\u00e9n kereszt\u00fcl. Az Egyes\u00fclet az eg\u00e9szs\u00e9g\u00fcgyi ell\u00e1t\u00f3rendszert \u00e9rint\u0151 szab\u00e1lyoz\u00e1ssal \u00f6sszef\u00fcgg\u00e9sben v\u00e9lem\u00e9nyez\u0151 test\u00fcletk\u00e9nt is m\u0171k\u00f6dik, f\u00f3rumot teremtve tagjainak az eg\u00e9szs\u00e9g\u00fcgyet \u00e9rint\u0151 jogalkot\u00e1si \u00e9s egy\u00e9b k\u00e9rd\u00e9sek \u00e9rdemi megvitat\u00e1s\u00e1ra, k\u00f6z\u00f6s \u00e1ll\u00e1spontok kialak\u00edt\u00e1s\u00e1ra \u00e9s ezeknek k\u00f6zvet\u00edt\u00e9s\u00e9re a t\u00e1rsszervezetek, az int\u00e9zm\u00e9nyi \u00e9s \u00e1gazati d\u00f6nt\u00e9shoz\u00f3k, betegszervezetek, valamint a nyilv\u00e1noss\u00e1g fel\u00e9. Egyes\u00fclet\u00fcnk tagjai tisztess\u00e9ggel \u00e9s a t\u00e1rsadalmi k\u00f6rnyezet ir\u00e1nti elk\u00f6telezett felel\u0151ss\u00e9ggel gyakorolj\u00e1k tev\u00e9kenys\u00e9g\u00fcket. Betartj\u00e1k az emberi \u00e9s az \u00e1llampolg\u00e1ri jogokra, civil szervezetekre vonatkoz\u00f3 hat\u00e1lyos jogszab\u00e1lyokat, etikai norm\u00e1kat \u00e9s alapelveket.<\/p>\n","protected":false},"author":1,"featured_media":0,"parent":0,"menu_order":0,"comment_status":"closed","ping_status":"closed","template":"","meta":{"_monsterinsights_skip_tracking":false,"_monsterinsights_sitenote_active":false,"_monsterinsights_sitenote_note":"","_monsterinsights_sitenote_category":0,"footnotes":""},"class_list":["post-12","page","type-page","status-publish","hentry"],"_links":{"self":[{"href":"http:\/\/vedettseg.hu\/wordpress\/wp-json\/wp\/v2\/pages\/12","targetHints":{"allow":["GET"]}}],"collection":[{"href":"http:\/\/vedettseg.hu\/wordpress\/wp-json\/wp\/v2\/pages"}],"about":[{"href":"http:\/\/vedettseg.hu\/wordpress\/wp-json\/wp\/v2\/types\/page"}],"author":[{"embeddable":true,"href":"http:\/\/vedettseg.hu\/wordpress\/wp-json\/wp\/v2\/users\/1"}],"replies":[{"embeddable":true,"href":"http:\/\/vedettseg.hu\/wordpress\/wp-json\/wp\/v2\/comments?post=12"}],"version-history":[{"count":8,"href":"http:\/\/vedettseg.hu\/wordpress\/wp-json\/wp\/v2\/pages\/12\/revisions"}],"predecessor-version":[{"id":1581,"href":"http:\/\/vedettseg.hu\/wordpress\/wp-json\/wp\/v2\/pages\/12\/revisions\/1581"}],"wp:attachment":[{"href":"http:\/\/vedettseg.hu\/wordpress\/wp-json\/wp\/v2\/media?parent=12"}],"curies":[{"name":"wp","href":"https:\/\/api.w.org\/{rel}","templated":true}]}}