{"id":1204,"date":"2019-12-02T17:16:37","date_gmt":"2019-12-02T17:16:37","guid":{"rendered":"http:\/\/vedettseg.hu\/wordpress\/?page_id=1204"},"modified":"2019-12-02T17:16:37","modified_gmt":"2019-12-02T17:16:37","slug":"mikroglia-alzheimer","status":"publish","type":"page","link":"http:\/\/vedettseg.hu\/wordpress\/mikroglia-alzheimer\/","title":{"rendered":"A mikroglia lehet a kulcs az Alzheimer-k\u00f3r kezel\u00e9s\u00e9ben"},"content":{"rendered":"<p><strong>Amerikai kutat\u00f3k \u00fajabb bizony\u00edt\u00e9kkal szolg\u00e1ltak Alzheimer-k\u00f3rban az abnorm\u00e1lisan viselked\u0151 mikroglia-sejtek \u00e9s a sejteken bel\u00fcl k\u00e9pz\u0151d\u0151 tau feh\u00e9rje k\u00f6tegek k\u00f6z\u00f6tti kapcsolatr\u00f3l.<\/strong><\/p>\n<p>A Washington University School of Medicine kutat\u00f3csoportja a Journal of Experimental Medicine foly\u00f3iratban k\u00f6z\u00f6lt cikk\u00e9ben arr\u00f3l sz\u00e1molt be, hogy a mikroglia sejtjeinek g\u00e1tl\u00e1s\u00e1val megakad\u00e1lyozhat\u00f3 a sejteken bel\u00fcli tau feh\u00e9rje k\u00f6tegek \u00f6ssze\u00e1ll\u00e1sa, k\u00f3ros csom\u00f3sod\u00e1sa.<\/p>\n<p>Az Alzheimer-k\u00f3r egy progressz\u00edv neurodegenerat\u00edv betegs\u00e9g, melyben az Egyes\u00fclt \u00c1llamokban becsl\u00e9sek szerint jelenleg 5 milli\u00f3an szenvednek, \u00e1m el\u0151rejelz\u00e9sek szerint 2050-re m\u00e1r 14 milli\u00f3 beteget fognak nyilv\u00e1ntartani. Fontos jellemz\u0151je, hogy a sejteken k\u00edv\u00fcl amiloid plakkok, a neuronokban pedig tau protein csom\u00f3k alakulnak ki. Norm\u00e1l k\u00f6r\u00fclm\u00e9nyek k\u00f6z\u00f6tt a tau az agyi neuronok rendes m\u0171k\u00f6d\u00e9s\u00e9t seg\u00edti, \u00e9s a mikroglia sejtek akad\u00e1lyozz\u00e1k meg a rendellenes, \u00e1rtalmas tau csom\u00f3k, k\u00f6tegek kialakul\u00e1s\u00e1t.<\/p>\n<p>A mostani vizsg\u00e1latban a kutat\u00f3k azt felt\u00e9telezt\u00e9k, hogy a mikroglia sejtek k\u00e9t\u00e9l\u0171 fegyverk\u00e9nt viselkedhetnek, mivel a tau csom\u00f3k kialakul\u00e1s\u00e1t k\u00f6vet\u0151en a tau sejtek beavatkoz\u00e1sa elpuszt\u00edtja a neuronokat, \u00e9s hozz\u00e1j\u00e1rulnak a neurodegenerat\u00edv folyamatok progresszi\u00f3j\u00e1hoz. Ez\u00e9rt a kutat\u00f3k g\u00e9nm\u00f3dos\u00edtott egerekben olyan tau feh\u00e9rj\u00e9ket hoztak l\u00e9tre, amelyek k\u00f6nnyen \u00f6sszecsom\u00f3sodnak, \u00e1tlagosan az egerek 6 h\u00f3napos kor\u00e1ban, \u00e9s a neurol\u00f3giai k\u00e1rosod\u00e1sok jelei az egerek 9 h\u00f3napos kor\u00e1ban v\u00e1lnak \u00e9szlelhet\u0151v\u00e9. Ezt k\u00f6vet\u0151en a kutat\u00f3k figyelme az APOE g\u00e9nre ir\u00e1nyult. Minden emberben megtal\u00e1lhat\u00f3 a g\u00e9n valamilyen v\u00e1ltozata, de akikn\u00e9l az APOE4 vari\u00e1ns van jelen, azokn\u00e1l 12-szeres az Alzheimer-k\u00f3r megjelen\u00e9s\u00e9nek kock\u00e1zata, kor\u00e1bban pedig kimutatt\u00e1k, hogy az APOE4 feler\u0151s\u00edti a tau csom\u00f3k neuronokra gyakorolt toxikus hat\u00e1s\u00e1t. A vizsg\u00e1latban a kutat\u00f3k az egerek 6 h\u00f3napos kor\u00e1t\u00f3l 9 h\u00f3napos kor\u00e1ig olyan vegy\u00fcletet adtak az \u00e1llatoknak, amely a mikroglia sejtek g\u00e1tl\u00e1s\u00e1t, sz\u00e1mbeli cs\u00f6kken\u00e9s\u00e9t okozta. Azokn\u00e1l az egerekn\u00e9l, akik a vesz\u00e9lyes APOE4 vari\u00e1nst hordozt\u00e1k, 9 \u00e9s f\u00e9l h\u00f3napos korukra igen komoly agyk\u00e1rosod\u00e1sok alakultak ki, ha a mikroglia is jelen volt, azokn\u00e1l az \u00e1llatokn\u00e1l viszont, akik a gliasejteket cs\u00f6kkent\u0151 anyagot kapt\u00e1k, az agy nem mutatott elv\u00e1ltoz\u00e1st: eg\u00e9szs\u00e9gesnek t\u0171nt annak ellen\u00e9re is, hogy az egerek az APOE4 vari\u00e1nst hordozt\u00e1k. A vizsg\u00e1latban a kutat\u00f3k \u00e1ltal felhaszn\u00e1lt anyag emberekn\u00e9l nem haszn\u00e1lhat\u00f3, mivel sz\u00e1mos mell\u00e9khat\u00e1ssal rendelkezik, ez\u00e9rt k\u00f6zvetlen fejleszt\u00e9sre nem alkalmas, \u00e1m utat mutathat m\u00e1s, gliasejteket c\u00e9lz\u00f3 vegy\u00fcletek fejleszt\u00e9se sor\u00e1n.<\/p>\n<p>&nbsp;<\/p>\n<p>Cikk c\u00edme: A mikroglia lehet a kulcs az Alzheimer-k\u00f3r kezel\u00e9s\u00e9ben<\/p>\n<p>Szerz\u0151: K. M.<\/p>\n<p>Weboldal: Medical Online<\/p>\n<p>Felt\u00f6lt\u00e9s ideje: 2019. november 12. 05:12<\/p>\n<p>Let\u00f6lt\u00e9s: 2019.11.24.21:05<\/p>\n<p>Link: <a href=\"http:\/\/medicalonline.hu\/tudomany\/cikk\/a_mikroglia_lehet_a_kulcs_az_alzheimer_kor_kezeleseben\">http:\/\/medicalonline.hu\/tudomany\/cikk\/a_mikroglia_lehet_a_kulcs_az_alzheimer_kor_kezeleseben<\/a><\/p>\n","protected":false},"excerpt":{"rendered":"<p>Amerikai kutat\u00f3k \u00fajabb bizony\u00edt\u00e9kkal szolg\u00e1ltak Alzheimer-k\u00f3rban az abnorm\u00e1lisan viselked\u0151 mikroglia-sejtek \u00e9s a sejteken bel\u00fcl k\u00e9pz\u0151d\u0151 tau feh\u00e9rje k\u00f6tegek k\u00f6z\u00f6tti kapcsolatr\u00f3l. A Washington University School of Medicine kutat\u00f3csoportja a Journal of Experimental Medicine foly\u00f3iratban k\u00f6z\u00f6lt cikk\u00e9ben arr\u00f3l sz\u00e1molt be, hogy a mikroglia sejtjeinek g\u00e1tl\u00e1s\u00e1val megakad\u00e1lyozhat\u00f3 a sejteken bel\u00fcli tau feh\u00e9rje k\u00f6tegek \u00f6ssze\u00e1ll\u00e1sa, k\u00f3ros csom\u00f3sod\u00e1sa. Az Alzheimer-k\u00f3r egy progressz\u00edv neurodegenerat\u00edv betegs\u00e9g, melyben az Egyes\u00fclt \u00c1llamokban becsl\u00e9sek szerint jelenleg 5 milli\u00f3an szenvednek, \u00e1m el\u0151rejelz\u00e9sek szerint 2050-re m\u00e1r 14 milli\u00f3 beteget fognak nyilv\u00e1ntartani. Fontos jellemz\u0151je, hogy a sejteken k\u00edv\u00fcl amiloid plakkok, a neuronokban pedig tau protein csom\u00f3k alakulnak ki. Norm\u00e1l k\u00f6r\u00fclm\u00e9nyek k\u00f6z\u00f6tt a tau az agyi neuronok rendes m\u0171k\u00f6d\u00e9s\u00e9t seg\u00edti, \u00e9s a mikroglia sejtek akad\u00e1lyozz\u00e1k meg a rendellenes, \u00e1rtalmas tau csom\u00f3k, k\u00f6tegek kialakul\u00e1s\u00e1t. A mostani vizsg\u00e1latban a kutat\u00f3k azt felt\u00e9telezt\u00e9k, hogy a mikroglia sejtek k\u00e9t\u00e9l\u0171 fegyverk\u00e9nt viselkedhetnek, mivel a tau csom\u00f3k kialakul\u00e1s\u00e1t k\u00f6vet\u0151en a tau sejtek beavatkoz\u00e1sa elpuszt\u00edtja a neuronokat, \u00e9s hozz\u00e1j\u00e1rulnak a neurodegenerat\u00edv folyamatok progresszi\u00f3j\u00e1hoz. Ez\u00e9rt a kutat\u00f3k g\u00e9nm\u00f3dos\u00edtott egerekben olyan tau feh\u00e9rj\u00e9ket hoztak l\u00e9tre, amelyek k\u00f6nnyen \u00f6sszecsom\u00f3sodnak, \u00e1tlagosan az egerek 6 h\u00f3napos kor\u00e1ban, \u00e9s a neurol\u00f3giai k\u00e1rosod\u00e1sok jelei az egerek 9 h\u00f3napos kor\u00e1ban v\u00e1lnak \u00e9szlelhet\u0151v\u00e9. Ezt k\u00f6vet\u0151en a kutat\u00f3k figyelme az APOE g\u00e9nre ir\u00e1nyult. Minden emberben megtal\u00e1lhat\u00f3 a g\u00e9n valamilyen v\u00e1ltozata, de akikn\u00e9l az APOE4 vari\u00e1ns van jelen, azokn\u00e1l 12-szeres az Alzheimer-k\u00f3r megjelen\u00e9s\u00e9nek kock\u00e1zata, kor\u00e1bban pedig kimutatt\u00e1k, hogy az APOE4 feler\u0151s\u00edti a tau csom\u00f3k neuronokra gyakorolt toxikus hat\u00e1s\u00e1t. A vizsg\u00e1latban a kutat\u00f3k az egerek 6 h\u00f3napos kor\u00e1t\u00f3l 9 h\u00f3napos kor\u00e1ig olyan vegy\u00fcletet adtak az \u00e1llatoknak, amely a mikroglia sejtek g\u00e1tl\u00e1s\u00e1t, sz\u00e1mbeli cs\u00f6kken\u00e9s\u00e9t okozta. Azokn\u00e1l az egerekn\u00e9l, akik a vesz\u00e9lyes APOE4 vari\u00e1nst hordozt\u00e1k, 9 \u00e9s f\u00e9l h\u00f3napos korukra igen komoly agyk\u00e1rosod\u00e1sok alakultak ki, ha a mikroglia is jelen volt, azokn\u00e1l az \u00e1llatokn\u00e1l viszont, akik a gliasejteket cs\u00f6kkent\u0151 anyagot kapt\u00e1k, az agy nem mutatott elv\u00e1ltoz\u00e1st: eg\u00e9szs\u00e9gesnek t\u0171nt annak ellen\u00e9re is, hogy az egerek az APOE4 vari\u00e1nst hordozt\u00e1k. A vizsg\u00e1latban a kutat\u00f3k \u00e1ltal felhaszn\u00e1lt anyag emberekn\u00e9l nem haszn\u00e1lhat\u00f3, mivel sz\u00e1mos mell\u00e9khat\u00e1ssal rendelkezik, ez\u00e9rt k\u00f6zvetlen fejleszt\u00e9sre nem alkalmas, \u00e1m utat mutathat m\u00e1s, gliasejteket c\u00e9lz\u00f3 vegy\u00fcletek fejleszt\u00e9se sor\u00e1n. &nbsp; Cikk c\u00edme: A mikroglia lehet a kulcs az Alzheimer-k\u00f3r kezel\u00e9s\u00e9ben Szerz\u0151: K. M. Weboldal: Medical Online Felt\u00f6lt\u00e9s ideje: 2019. november 12. 05:12 Let\u00f6lt\u00e9s: 2019.11.24.21:05 Link: http:\/\/medicalonline.hu\/tudomany\/cikk\/a_mikroglia_lehet_a_kulcs_az_alzheimer_kor_kezeleseben<\/p>\n","protected":false},"author":1,"featured_media":0,"parent":0,"menu_order":0,"comment_status":"closed","ping_status":"closed","template":"","meta":{"_monsterinsights_skip_tracking":false,"_monsterinsights_sitenote_active":false,"_monsterinsights_sitenote_note":"","_monsterinsights_sitenote_category":0,"footnotes":""},"class_list":["post-1204","page","type-page","status-publish","hentry"],"_links":{"self":[{"href":"http:\/\/vedettseg.hu\/wordpress\/wp-json\/wp\/v2\/pages\/1204","targetHints":{"allow":["GET"]}}],"collection":[{"href":"http:\/\/vedettseg.hu\/wordpress\/wp-json\/wp\/v2\/pages"}],"about":[{"href":"http:\/\/vedettseg.hu\/wordpress\/wp-json\/wp\/v2\/types\/page"}],"author":[{"embeddable":true,"href":"http:\/\/vedettseg.hu\/wordpress\/wp-json\/wp\/v2\/users\/1"}],"replies":[{"embeddable":true,"href":"http:\/\/vedettseg.hu\/wordpress\/wp-json\/wp\/v2\/comments?post=1204"}],"version-history":[{"count":1,"href":"http:\/\/vedettseg.hu\/wordpress\/wp-json\/wp\/v2\/pages\/1204\/revisions"}],"predecessor-version":[{"id":1205,"href":"http:\/\/vedettseg.hu\/wordpress\/wp-json\/wp\/v2\/pages\/1204\/revisions\/1205"}],"wp:attachment":[{"href":"http:\/\/vedettseg.hu\/wordpress\/wp-json\/wp\/v2\/media?parent=1204"}],"curies":[{"name":"wp","href":"https:\/\/api.w.org\/{rel}","templated":true}]}}