{"id":1206,"date":"2019-12-02T17:17:44","date_gmt":"2019-12-02T17:17:44","guid":{"rendered":"http:\/\/vedettseg.hu\/wordpress\/?page_id=1206"},"modified":"2019-12-02T17:17:44","modified_gmt":"2019-12-02T17:17:44","slug":"immunvalasz-rak-ellen","status":"publish","type":"page","link":"http:\/\/vedettseg.hu\/wordpress\/immunvalasz-rak-ellen\/","title":{"rendered":"Immunv\u00e1laszt er\u0151s\u00edt\u0151 molekula a r\u00e1k ellen"},"content":{"rendered":"<p><strong>Kanadai kutat\u00f3k olyan molekul\u00e1ra bukkantak, amely a feler\u0151s\u00edti a T-limfocit\u00e1k immunv\u00e1lasz\u00e1t a rosszindulat\u00fa tumorok ellen.<\/strong><\/p>\n<p>A Centre de Recherche de l&#8217;H\u00f4pital Maisonneuve-Rosemont (CR-HMR) \u00e9s az Universit\u00e9 de Montr\u00e9al, kutat\u00f3csoportja a Nature Communications foly\u00f3iratban publik\u00e1lt cikk\u00e9ben arr\u00f3l sz\u00e1molt be, hogy a Rasal1 GTP-\u00e1z aktiv\u00e1l\u00f3 feh\u00e9rje feler\u0151s\u00edti a T-limfocit\u00e1k malignus tumorokkal szembeni immunv\u00e1lasz\u00e1t, \u00e9s hat\u00e1sosan cs\u00f6kkentette bizonyos tumorok m\u00e9ret\u00e9t.<\/p>\n<p>A teljes cikk az al\u00e1bbi linken \u00e9rhet\u0151 el: Youg Raj Thaker et al, GTPase-activating protein Rasal1 associates with ZAP-70 of the TCR and negatively regulates T-cell tumor immunity, Nature Communications (2019).<\/p>\n<p>Az onkol\u00f3gi\u00e1ban az immunter\u00e1pi\u00e1s k\u00e9sz\u00edtm\u00e9nyek jelenleg gyakran haszn\u00e1lt hat\u00e1smechanizmus-t\u00edpusa, hogy a T-sejtek v\u00e1lasz\u00e1nak el\u0151seg\u00edt\u00e9se \u00e9rdek\u00e9ben bizonyos jel\u00e1tviteli \u00fatvonalakat blokkolnak (pl. PD-1). Egy alternat\u00edv megk\u00f6zel\u00edt\u00e9s szerint azonban megc\u00e9lozhat\u00f3k azok a negat\u00edv hat\u00e1s\u00fa jel\u00e1tviteli \u00fatvonalak, amelyek limit\u00e1lj\u00e1k a T-sejtek tumor-neoantig\u00e9nekre adott v\u00e1lasz\u00e1t.<\/p>\n<p>A kutat\u00f3csoport a Nature Communications has\u00e1bjain arr\u00f3l sz\u00e1molt be, hogy siker\u00fclt egy olyan \u00faj TCR-ZAP-70 k\u00f6t\u0151 feh\u00e9rj\u00e9t azonos\u00edtaniuk (Rasal1), amely a r\u00e1kos sejtek antig\u00e9njeinek detekt\u00e1l\u00e1s\u00e1\u00e9rt \u00e9s a v\u00e1lasz kiv\u00e1lt\u00e1s\u00e1\u00e9rt felel\u0151s. Az \u00faj molekul\u00e1ra alapozva egy olyan \u00faj immunter\u00e1pi\u00e1s m\u00f3dszert fejlesztettek ki, mely a T-sejtek hiperaktiv\u00e1l\u00e1s\u00e1val k\u00e9pess\u00e9 teszi \u0151ket arra, hogy a tumorokba hatolva megt\u00e1madj\u00e1k azokat. \u00c1llati modellszervezeteken alkalmazva j\u00f3 eredm\u00e9nyeket \u00e9rtek el melan\u00f3ma \u00e9s limf\u00f3ma kezel\u00e9se sor\u00e1n, \u00e9s hamarosan megkezdik a hum\u00e1n klinikai vizsg\u00e1latokat is.<\/p>\n<p>A felfedez\u00e9s \u00e1tt\u00f6r\u0151 jelent\u0151s\u00e9g\u0171 lehet, mivel a szervezet saj\u00e1t immunrendszer\u00e9t haszn\u00e1lja a daganatok lek\u00fczd\u00e9s\u00e9re. Ezen fel\u00fcl a m\u00f3dszer seg\u00edthet fokozni annak az \u00faj CAR-T sejtter\u00e1pi\u00e1nak a hat\u00e1soss\u00e1g\u00e1t is, amelyet jelenleg a H\u00f4pital Maisonneuve-Rosemont betegeinek kezel\u00e9s\u00e9ben alkalmaznak.<\/p>\n<p>&nbsp;<\/p>\n<p>Cikk c\u00edme: Immunv\u00e1laszt er\u0151s\u00edt\u0151 molekula a r\u00e1k ellen<\/p>\n<p>Szerz\u0151: K. M.<\/p>\n<p>Weboldal: Pharma Online<\/p>\n<p>Felt\u00f6lt\u00e9s ideje: 2019. november 05. 05:20<\/p>\n<p>Let\u00f6lt\u00e9s: 2019.11.24.21:10<\/p>\n<p>Link: <a href=\"http:\/\/pharmaonline.hu\/kutatas\/cikk\/immunvalaszt_erosito_molekula_a_rak_ellen\">http:\/\/pharmaonline.hu\/kutatas\/cikk\/immunvalaszt_erosito_molekula_a_rak_ellen<\/a><\/p>\n","protected":false},"excerpt":{"rendered":"<p>Kanadai kutat\u00f3k olyan molekul\u00e1ra bukkantak, amely a feler\u0151s\u00edti a T-limfocit\u00e1k immunv\u00e1lasz\u00e1t a rosszindulat\u00fa tumorok ellen. A Centre de Recherche de l&#8217;H\u00f4pital Maisonneuve-Rosemont (CR-HMR) \u00e9s az Universit\u00e9 de Montr\u00e9al, kutat\u00f3csoportja a Nature Communications foly\u00f3iratban publik\u00e1lt cikk\u00e9ben arr\u00f3l sz\u00e1molt be, hogy a Rasal1 GTP-\u00e1z aktiv\u00e1l\u00f3 feh\u00e9rje feler\u0151s\u00edti a T-limfocit\u00e1k malignus tumorokkal szembeni immunv\u00e1lasz\u00e1t, \u00e9s hat\u00e1sosan cs\u00f6kkentette bizonyos tumorok m\u00e9ret\u00e9t. A teljes cikk az al\u00e1bbi linken \u00e9rhet\u0151 el: Youg Raj Thaker et al, GTPase-activating protein Rasal1 associates with ZAP-70 of the TCR and negatively regulates T-cell tumor immunity, Nature Communications (2019). Az onkol\u00f3gi\u00e1ban az immunter\u00e1pi\u00e1s k\u00e9sz\u00edtm\u00e9nyek jelenleg gyakran haszn\u00e1lt hat\u00e1smechanizmus-t\u00edpusa, hogy a T-sejtek v\u00e1lasz\u00e1nak el\u0151seg\u00edt\u00e9se \u00e9rdek\u00e9ben bizonyos jel\u00e1tviteli \u00fatvonalakat blokkolnak (pl. PD-1). Egy alternat\u00edv megk\u00f6zel\u00edt\u00e9s szerint azonban megc\u00e9lozhat\u00f3k azok a negat\u00edv hat\u00e1s\u00fa jel\u00e1tviteli \u00fatvonalak, amelyek limit\u00e1lj\u00e1k a T-sejtek tumor-neoantig\u00e9nekre adott v\u00e1lasz\u00e1t. A kutat\u00f3csoport a Nature Communications has\u00e1bjain arr\u00f3l sz\u00e1molt be, hogy siker\u00fclt egy olyan \u00faj TCR-ZAP-70 k\u00f6t\u0151 feh\u00e9rj\u00e9t azonos\u00edtaniuk (Rasal1), amely a r\u00e1kos sejtek antig\u00e9njeinek detekt\u00e1l\u00e1s\u00e1\u00e9rt \u00e9s a v\u00e1lasz kiv\u00e1lt\u00e1s\u00e1\u00e9rt felel\u0151s. Az \u00faj molekul\u00e1ra alapozva egy olyan \u00faj immunter\u00e1pi\u00e1s m\u00f3dszert fejlesztettek ki, mely a T-sejtek hiperaktiv\u00e1l\u00e1s\u00e1val k\u00e9pess\u00e9 teszi \u0151ket arra, hogy a tumorokba hatolva megt\u00e1madj\u00e1k azokat. \u00c1llati modellszervezeteken alkalmazva j\u00f3 eredm\u00e9nyeket \u00e9rtek el melan\u00f3ma \u00e9s limf\u00f3ma kezel\u00e9se sor\u00e1n, \u00e9s hamarosan megkezdik a hum\u00e1n klinikai vizsg\u00e1latokat is. A felfedez\u00e9s \u00e1tt\u00f6r\u0151 jelent\u0151s\u00e9g\u0171 lehet, mivel a szervezet saj\u00e1t immunrendszer\u00e9t haszn\u00e1lja a daganatok lek\u00fczd\u00e9s\u00e9re. Ezen fel\u00fcl a m\u00f3dszer seg\u00edthet fokozni annak az \u00faj CAR-T sejtter\u00e1pi\u00e1nak a hat\u00e1soss\u00e1g\u00e1t is, amelyet jelenleg a H\u00f4pital Maisonneuve-Rosemont betegeinek kezel\u00e9s\u00e9ben alkalmaznak. &nbsp; Cikk c\u00edme: Immunv\u00e1laszt er\u0151s\u00edt\u0151 molekula a r\u00e1k ellen Szerz\u0151: K. M. Weboldal: Pharma Online Felt\u00f6lt\u00e9s ideje: 2019. november 05. 05:20 Let\u00f6lt\u00e9s: 2019.11.24.21:10 Link: http:\/\/pharmaonline.hu\/kutatas\/cikk\/immunvalaszt_erosito_molekula_a_rak_ellen<\/p>\n","protected":false},"author":1,"featured_media":0,"parent":0,"menu_order":0,"comment_status":"closed","ping_status":"closed","template":"","meta":{"_monsterinsights_skip_tracking":false,"_monsterinsights_sitenote_active":false,"_monsterinsights_sitenote_note":"","_monsterinsights_sitenote_category":0,"footnotes":""},"class_list":["post-1206","page","type-page","status-publish","hentry"],"_links":{"self":[{"href":"http:\/\/vedettseg.hu\/wordpress\/wp-json\/wp\/v2\/pages\/1206","targetHints":{"allow":["GET"]}}],"collection":[{"href":"http:\/\/vedettseg.hu\/wordpress\/wp-json\/wp\/v2\/pages"}],"about":[{"href":"http:\/\/vedettseg.hu\/wordpress\/wp-json\/wp\/v2\/types\/page"}],"author":[{"embeddable":true,"href":"http:\/\/vedettseg.hu\/wordpress\/wp-json\/wp\/v2\/users\/1"}],"replies":[{"embeddable":true,"href":"http:\/\/vedettseg.hu\/wordpress\/wp-json\/wp\/v2\/comments?post=1206"}],"version-history":[{"count":1,"href":"http:\/\/vedettseg.hu\/wordpress\/wp-json\/wp\/v2\/pages\/1206\/revisions"}],"predecessor-version":[{"id":1207,"href":"http:\/\/vedettseg.hu\/wordpress\/wp-json\/wp\/v2\/pages\/1206\/revisions\/1207"}],"wp:attachment":[{"href":"http:\/\/vedettseg.hu\/wordpress\/wp-json\/wp\/v2\/media?parent=1206"}],"curies":[{"name":"wp","href":"https:\/\/api.w.org\/{rel}","templated":true}]}}