{"id":1259,"date":"2020-07-23T12:21:20","date_gmt":"2020-07-23T12:21:20","guid":{"rendered":"http:\/\/vedettseg.hu\/wordpress\/?page_id=1259"},"modified":"2020-07-23T12:21:20","modified_gmt":"2020-07-23T12:21:20","slug":"leukemia-kezelese","status":"publish","type":"page","link":"http:\/\/vedettseg.hu\/wordpress\/leukemia-kezelese\/","title":{"rendered":"Magyar eredm\u00e9nyek tehetik hat\u00e9konyabb\u00e1 a leuk\u00e9mia kezel\u00e9s\u00e9t"},"content":{"rendered":"<p>A daganatos sejtek gy\u00f3gyszerekkel szembeni ellen\u00e1ll\u00e1s\u00e1ban fontos szerepet j\u00e1tsz\u00f3 folyamatot tal\u00e1lt a Lend\u00fclet program egyik kutat\u00f3csoportja.<br \/>\nAz egyik leggyakoribb feln\u0151ttkori leuk\u00e9miat\u00edpus, a kr\u00f3nikus limfocit\u00e1s leuk\u00e9mia (CLL) ter\u00e1pi\u00e1ja sor\u00e1n kialakul\u00f3 molekul\u00e1ris v\u00e1ltoz\u00e1sokat vizsg\u00e1lva a daganatos sejtek gy\u00f3gyszerekkel szembeni ellen\u00e1ll\u00e1s\u00e1ban fontos szerepet j\u00e1tsz\u00f3 folyamatot tal\u00e1lt a Semmelweis Egyetemen (SE) m\u0171k\u00f6d\u0151 MTA-SE Lend\u00fclet Molekul\u00e1ris Onkohematol\u00f3gia Kutat\u00f3csoport, \u00edrta az MTI-nek k\u00fcld\u00f6tt keddi k\u00f6zlem\u00e9ny\u00e9ben a Magyar Tudom\u00e1nyos Akad\u00e9mia (MTA).<br \/>\nA kr\u00f3nikus limfocit\u00e1s leuk\u00e9mia (CLL) az egyik leggyakoribb feln\u0151ttkori leuk\u00e9miat\u00edpus a nyugati orsz\u00e1gokban, Magyarorsz\u00e1gon mintegy 3-4000 embert \u00e9rint. Az elm\u00falt \u00e9vekben sz\u00e1mos \u00faj gy\u00f3gyszer jelent meg a betegs\u00e9g kezel\u00e9s\u00e9re, melyek jelent\u0151s javul\u00e1st hoztak, az esetek egy r\u00e9sz\u00e9ben azonban a kezdeti kedvez\u0151 v\u00e1laszok ellen\u00e9re a daganatsejtek ellen\u00e1ll\u00f3v\u00e1 v\u00e1lnak, hi\u00e1ba alkalmaznak \u00faj ter\u00e1pi\u00e1kat.<br \/>\nA B\u00f6d\u00f6r Csaba vezet\u00e9s\u00e9vel m\u0171k\u00f6d\u0151 kutat\u00f3csoport az MTA kiv\u00e1l\u00f3s\u00e1gi programja, a Lend\u00fclet program t\u00e1mogat\u00e1s\u00e1val sz\u00e1mos k\u00fclf\u00f6ldi partnerint\u00e9zm\u00e9nyt is mag\u00e1ban foglal\u00f3 kutat\u00e1st ind\u00edtott, melyben t\u00f6bb, klinikai jelent\u0151s\u00e9ggel is b\u00edr\u00f3 megfigyel\u00e9st tettek. Kutat\u00e1saik k\u00f6z\u00e9ppontj\u00e1ban egy ibrutinib nev\u0171 \u00faj hat\u00f3anyag \u00e1ll, melynek klinikai bevezet\u00e9se \u00e1tt\u00f6r\u00e9st hozott a nagy kock\u00e1zat\u00fa CLL-es betegek kezel\u00e9s\u00e9ben.<br \/>\nLegut\u00f3bbi kutat\u00e1sukban a leuk\u00e9mi\u00e1s sejtek \u00e9s m\u00e1s immunsejtek ibrutinibkezel\u00e9s nyom\u00e1n megjelen\u0151 v\u00e1ltoz\u00e1sait vizsg\u00e1lt\u00e1k, \u00e9s egy speci\u00e1lis &#8220;molekul\u00e1ris programot&#8221; azonos\u00edtottak a leuk\u00e9mi\u00e1s sejtekben. Kider\u00fclt, hogy ezek a komplex molekul\u00e1ris v\u00e1ltoz\u00e1sok c\u00e9lzott kezel\u00e9s hat\u00e1s\u00e1ra aktiv\u00e1l\u00f3dnak, \u00e9s b\u00e1r valamennyi betegben egys\u00e9ges mint\u00e1zatot mutatnak, egyes f\u00e1zisaiknak a k\u00fcl\u00f6nb\u00f6z\u0151 betegekben elt\u00e9r az id\u0151beli lefoly\u00e1sa.<br \/>\nEnnek gyakorlati jelent\u0151s\u00e9ge lehet, mert \u00edgy azonos\u00edthat\u00f3k a kezel\u00e9sre gyorsabban \u00e9s lassabban reag\u00e1l\u00f3 betegek, ami seg\u00edtheti a c\u00e9lzott ter\u00e1pi\u00e1s strat\u00e9gi\u00e1kat \u00e9s ak\u00e1r \u00faj kombin\u00e1ci\u00f3s kezel\u00e9seket is lehet\u0151v\u00e9 tehet.<br \/>\nA kutat\u00f3k szerint az \u00e1ltaluk kidolgozott, legkorszer\u0171bb m\u00f3dszerekre \u00e9p\u00fcl\u0151 elj\u00e1r\u00e1s a j\u00f6v\u0151ben daganatok sz\u00e9les k\u00f6r\u00e9ben lehet alkalmas a k\u00fcl\u00f6nb\u00f6z\u0151 c\u00e9lzott ter\u00e1pi\u00e1k hat\u00e1s\u00e1ra kialakul\u00f3 molekul\u00e1ris v\u00e1ltoz\u00e1sok felt\u00e9rk\u00e9pez\u00e9s\u00e9ben, olvashat\u00f3 a k\u00f6zlem\u00e9nyben.<\/p>\n<p>C\u00edm: Magyar eredm\u00e9nyek tehetik hat\u00e9konyabb\u00e1 a leuk\u00e9mia kezel\u00e9s\u00e9t<br \/>\nSzerz\u0151: Nincs felt\u00fcntetve (Forr\u00e1s: MTI)<br \/>\nWeboldal: Medical Online<br \/>\nFelt\u00f6lt\u00e9s ideje: 2020. febru\u00e1r 18. 09:52<br \/>\nLet\u00f6lt\u00e9s: 2020. 02.29. 14:46<br \/>\nLink: <a href=\"http:\/\/medicalonline.hu\/tudomany\/cikk\/magyar_eredmenyek_tehetik_hatekonyabba_a_leukemia_kezeleset\">http:\/\/medicalonline.hu\/tudomany\/cikk\/magyar_eredmenyek_tehetik_hatekonyabba_a_leukemia_kezeleset<\/a><\/p>\n","protected":false},"excerpt":{"rendered":"<p>A daganatos sejtek gy\u00f3gyszerekkel szembeni ellen\u00e1ll\u00e1s\u00e1ban fontos szerepet j\u00e1tsz\u00f3 folyamatot tal\u00e1lt a Lend\u00fclet program egyik kutat\u00f3csoportja. Az egyik leggyakoribb feln\u0151ttkori leuk\u00e9miat\u00edpus, a kr\u00f3nikus limfocit\u00e1s leuk\u00e9mia (CLL) ter\u00e1pi\u00e1ja sor\u00e1n kialakul\u00f3 molekul\u00e1ris v\u00e1ltoz\u00e1sokat vizsg\u00e1lva a daganatos sejtek gy\u00f3gyszerekkel szembeni ellen\u00e1ll\u00e1s\u00e1ban fontos szerepet j\u00e1tsz\u00f3 folyamatot tal\u00e1lt a Semmelweis Egyetemen (SE) m\u0171k\u00f6d\u0151 MTA-SE Lend\u00fclet Molekul\u00e1ris Onkohematol\u00f3gia Kutat\u00f3csoport, \u00edrta az MTI-nek k\u00fcld\u00f6tt keddi k\u00f6zlem\u00e9ny\u00e9ben a Magyar Tudom\u00e1nyos Akad\u00e9mia (MTA). A kr\u00f3nikus limfocit\u00e1s leuk\u00e9mia (CLL) az egyik leggyakoribb feln\u0151ttkori leuk\u00e9miat\u00edpus a nyugati orsz\u00e1gokban, Magyarorsz\u00e1gon mintegy 3-4000 embert \u00e9rint. Az elm\u00falt \u00e9vekben sz\u00e1mos \u00faj gy\u00f3gyszer jelent meg a betegs\u00e9g kezel\u00e9s\u00e9re, melyek jelent\u0151s javul\u00e1st hoztak, az esetek egy r\u00e9sz\u00e9ben azonban a kezdeti kedvez\u0151 v\u00e1laszok ellen\u00e9re a daganatsejtek ellen\u00e1ll\u00f3v\u00e1 v\u00e1lnak, hi\u00e1ba alkalmaznak \u00faj ter\u00e1pi\u00e1kat. A B\u00f6d\u00f6r Csaba vezet\u00e9s\u00e9vel m\u0171k\u00f6d\u0151 kutat\u00f3csoport az MTA kiv\u00e1l\u00f3s\u00e1gi programja, a Lend\u00fclet program t\u00e1mogat\u00e1s\u00e1val sz\u00e1mos k\u00fclf\u00f6ldi partnerint\u00e9zm\u00e9nyt is mag\u00e1ban foglal\u00f3 kutat\u00e1st ind\u00edtott, melyben t\u00f6bb, klinikai jelent\u0151s\u00e9ggel is b\u00edr\u00f3 megfigyel\u00e9st tettek. Kutat\u00e1saik k\u00f6z\u00e9ppontj\u00e1ban egy ibrutinib nev\u0171 \u00faj hat\u00f3anyag \u00e1ll, melynek klinikai bevezet\u00e9se \u00e1tt\u00f6r\u00e9st hozott a nagy kock\u00e1zat\u00fa CLL-es betegek kezel\u00e9s\u00e9ben. Legut\u00f3bbi kutat\u00e1sukban a leuk\u00e9mi\u00e1s sejtek \u00e9s m\u00e1s immunsejtek ibrutinibkezel\u00e9s nyom\u00e1n megjelen\u0151 v\u00e1ltoz\u00e1sait vizsg\u00e1lt\u00e1k, \u00e9s egy speci\u00e1lis &#8220;molekul\u00e1ris programot&#8221; azonos\u00edtottak a leuk\u00e9mi\u00e1s sejtekben. Kider\u00fclt, hogy ezek a komplex molekul\u00e1ris v\u00e1ltoz\u00e1sok c\u00e9lzott kezel\u00e9s hat\u00e1s\u00e1ra aktiv\u00e1l\u00f3dnak, \u00e9s b\u00e1r valamennyi betegben egys\u00e9ges mint\u00e1zatot mutatnak, egyes f\u00e1zisaiknak a k\u00fcl\u00f6nb\u00f6z\u0151 betegekben elt\u00e9r az id\u0151beli lefoly\u00e1sa. Ennek gyakorlati jelent\u0151s\u00e9ge lehet, mert \u00edgy azonos\u00edthat\u00f3k a kezel\u00e9sre gyorsabban \u00e9s lassabban reag\u00e1l\u00f3 betegek, ami seg\u00edtheti a c\u00e9lzott ter\u00e1pi\u00e1s strat\u00e9gi\u00e1kat \u00e9s ak\u00e1r \u00faj kombin\u00e1ci\u00f3s kezel\u00e9seket is lehet\u0151v\u00e9 tehet. A kutat\u00f3k szerint az \u00e1ltaluk kidolgozott, legkorszer\u0171bb m\u00f3dszerekre \u00e9p\u00fcl\u0151 elj\u00e1r\u00e1s a j\u00f6v\u0151ben daganatok sz\u00e9les k\u00f6r\u00e9ben lehet alkalmas a k\u00fcl\u00f6nb\u00f6z\u0151 c\u00e9lzott ter\u00e1pi\u00e1k hat\u00e1s\u00e1ra kialakul\u00f3 molekul\u00e1ris v\u00e1ltoz\u00e1sok felt\u00e9rk\u00e9pez\u00e9s\u00e9ben, olvashat\u00f3 a k\u00f6zlem\u00e9nyben. C\u00edm: Magyar eredm\u00e9nyek tehetik hat\u00e9konyabb\u00e1 a leuk\u00e9mia kezel\u00e9s\u00e9t Szerz\u0151: Nincs felt\u00fcntetve (Forr\u00e1s: MTI) Weboldal: Medical Online Felt\u00f6lt\u00e9s ideje: 2020. febru\u00e1r 18. 09:52 Let\u00f6lt\u00e9s: 2020. 02.29. 14:46 Link: http:\/\/medicalonline.hu\/tudomany\/cikk\/magyar_eredmenyek_tehetik_hatekonyabba_a_leukemia_kezeleset<\/p>\n","protected":false},"author":1,"featured_media":0,"parent":0,"menu_order":0,"comment_status":"closed","ping_status":"closed","template":"","meta":{"_monsterinsights_skip_tracking":false,"_monsterinsights_sitenote_active":false,"_monsterinsights_sitenote_note":"","_monsterinsights_sitenote_category":0,"footnotes":""},"class_list":["post-1259","page","type-page","status-publish","hentry"],"_links":{"self":[{"href":"http:\/\/vedettseg.hu\/wordpress\/wp-json\/wp\/v2\/pages\/1259","targetHints":{"allow":["GET"]}}],"collection":[{"href":"http:\/\/vedettseg.hu\/wordpress\/wp-json\/wp\/v2\/pages"}],"about":[{"href":"http:\/\/vedettseg.hu\/wordpress\/wp-json\/wp\/v2\/types\/page"}],"author":[{"embeddable":true,"href":"http:\/\/vedettseg.hu\/wordpress\/wp-json\/wp\/v2\/users\/1"}],"replies":[{"embeddable":true,"href":"http:\/\/vedettseg.hu\/wordpress\/wp-json\/wp\/v2\/comments?post=1259"}],"version-history":[{"count":1,"href":"http:\/\/vedettseg.hu\/wordpress\/wp-json\/wp\/v2\/pages\/1259\/revisions"}],"predecessor-version":[{"id":1260,"href":"http:\/\/vedettseg.hu\/wordpress\/wp-json\/wp\/v2\/pages\/1259\/revisions\/1260"}],"wp:attachment":[{"href":"http:\/\/vedettseg.hu\/wordpress\/wp-json\/wp\/v2\/media?parent=1259"}],"curies":[{"name":"wp","href":"https:\/\/api.w.org\/{rel}","templated":true}]}}