{"id":1267,"date":"2020-07-23T12:28:12","date_gmt":"2020-07-23T12:28:12","guid":{"rendered":"http:\/\/vedettseg.hu\/wordpress\/?page_id=1267"},"modified":"2020-07-23T12:28:12","modified_gmt":"2020-07-23T12:28:12","slug":"ossejtkezeles-a-covid-19-ra","status":"publish","type":"page","link":"http:\/\/vedettseg.hu\/wordpress\/ossejtkezeles-a-covid-19-ra\/","title":{"rendered":"\u0150ssejtkezel\u00e9s a Covid-19-t\u00fcd\u0151gyullad\u00e1sra?"},"content":{"rendered":"<p>\u00cdg\u00e9retesnek bizonyultak az els\u0151 k\u00ednai \u0151ssejtkezel\u00e9sek a Covid-19-betegek kezel\u00e9s\u00e9ben a koronav\u00edrus-j\u00e1rv\u00e1ny idej\u00e9n Pekingben, k\u00f6z\u00f6lt\u00e9k k\u00ednai kutat\u00f3k.<br \/>\n&#8220;Tanulm\u00e1nyunk megmutatta, hogy emberi mesenchym\u00e1lis \u0151ssejt intrav\u00e9n\u00e1s inf\u00fazi\u00f3ja biztons\u00e1gos \u00e9s hat\u00e9kony megk\u00f6zel\u00edt\u00e9s a Covid-19-t\u00fcd\u0151gyullad\u00e1s kezel\u00e9s\u00e9ben, k\u00f6zt\u00fck olyan id\u0151s betegek eset\u00e9ben, akikn\u00e9l s\u00falyos volt a t\u00fcd\u0151gyullad\u00e1s&#8221; \u2013 id\u00e9zte a Fort Worth-i \u00c9szak-texasi Egyetem Eg\u00e9szs\u00e9gtudom\u00e1nyi K\u00f6zpontj\u00e1nak k\u00f6zlem\u00e9nye Csin Kun-lint, akinek amerikai laborat\u00f3riuma seg\u00edtette a pekingi orvosokat abban, hogy 21. sz\u00e1zadi megold\u00e1st tal\u00e1ljanak a s\u00falyos j\u00e1rv\u00e1ny lek\u00fczd\u00e9s\u00e9ben.<br \/>\nAz \u0151ssejtkezel\u00e9ssel a kutat\u00f3k az immunrendszert akart\u00e1k er\u0151s\u00edteni, hogy kiv\u00e9dje a v\u00edrus t\u00e1mad\u00e1s\u00e1t. A k\u00eds\u00e9rleti gy\u00f3gykezel\u00e9s r\u00e9szek\u00e9nt a pekingi Juan K\u00f3rh\u00e1z h\u00e9t s\u00falyos betege kapott intrav\u00e9n\u00e1san \u0151ssejteket, h\u00e1rom beteg placeb\u00f3t. Az \u0151ssejttel kezelt h\u00e9t beteg meggy\u00f3gyult, \u00e9s 14 nap m\u00falva kiengedt\u00e9k \u0151ket a k\u00f3rh\u00e1zb\u00f3l. A placeb\u00f3val kezelt egyik beteg meghalt, egynek s\u00falyosbodott az \u00e1llapota, a harmadikn\u00e1l akut l\u00e9gz\u0151szervi distressz szindr\u00f3ma (ARDS) l\u00e9pett fel.<br \/>\nA kutat\u00f3csoport tanulm\u00e1nya az Aging and Disease c\u00edm\u0171 foly\u00f3irat \u00e1prilisi sz\u00e1m\u00e1ban fog megjelenni. A kutat\u00f3csoport az International Society on Aging and Disease t\u00e1rsas\u00e1g r\u00e9szek\u00e9nt dolgozik, amelyet Csin alap\u00edtott, aki 20 \u00e9ve foglalkozik \u0151ssejtkutat\u00e1ssal. Tanulm\u00e1nyokat a j\u00f6v\u0151ben nagyobb mint\u00e1ra fogj\u00e1k kiterjeszteni.<br \/>\n&#8220;Amikor a koronav\u00edrus t\u00e1mad, egy v\u00edrus el\u0151id\u00e9zte citokin-vihar keletkezhet, amikor az immunrendszer annyira hevesen reag\u00e1l, hogy folyad\u00e9k t\u00f6lti meg a t\u00fcd\u0151t, k\u00e1ros\u00edtva a sz\u00f6veteket. &#8220;\u00dagy v\u00e9lj\u00fck, ez lehet az egyik f\u0151 oka annak, hogy a Covid-19-t\u00fcd\u0151gyullad\u00e1s meg\u00f6li a beteget \u2013 ez az akt\u00edv vihar, amely megpr\u00f3b\u00e1l fell\u00e9pni a v\u00edrus ellen&#8221; \u2013 magyar\u00e1zta David P. Siderovski professzor.<\/p>\n<p>C\u00edm: \u0150ssejtkezel\u00e9s a Covid-19-t\u00fcd\u0151gyullad\u00e1sra?<br \/>\nSzerz\u0151: nincs felt\u00fcntetve (forr\u00e1s: MTI)<br \/>\nWeboldal: Medical Online<br \/>\nFelt\u00f6lt\u00e9s ideje: 2020. m\u00e1rcius 31. 14:18<br \/>\nLet\u00f6lt\u00e9s: 2020. m\u00e1rcius 31. 12:03<br \/>\nlink: <a href=\"http:\/\/medicalonline.hu\/tudomany\/cikk\/ossejtkezeles_a_covid_19_tudogyulladasra\">http:\/\/medicalonline.hu\/tudomany\/cikk\/ossejtkezeles_a_covid_19_tudogyulladasra<\/a><\/p>\n","protected":false},"excerpt":{"rendered":"<p>\u00cdg\u00e9retesnek bizonyultak az els\u0151 k\u00ednai \u0151ssejtkezel\u00e9sek a Covid-19-betegek kezel\u00e9s\u00e9ben a koronav\u00edrus-j\u00e1rv\u00e1ny idej\u00e9n Pekingben, k\u00f6z\u00f6lt\u00e9k k\u00ednai kutat\u00f3k. &#8220;Tanulm\u00e1nyunk megmutatta, hogy emberi mesenchym\u00e1lis \u0151ssejt intrav\u00e9n\u00e1s inf\u00fazi\u00f3ja biztons\u00e1gos \u00e9s hat\u00e9kony megk\u00f6zel\u00edt\u00e9s a Covid-19-t\u00fcd\u0151gyullad\u00e1s kezel\u00e9s\u00e9ben, k\u00f6zt\u00fck olyan id\u0151s betegek eset\u00e9ben, akikn\u00e9l s\u00falyos volt a t\u00fcd\u0151gyullad\u00e1s&#8221; \u2013 id\u00e9zte a Fort Worth-i \u00c9szak-texasi Egyetem Eg\u00e9szs\u00e9gtudom\u00e1nyi K\u00f6zpontj\u00e1nak k\u00f6zlem\u00e9nye Csin Kun-lint, akinek amerikai laborat\u00f3riuma seg\u00edtette a pekingi orvosokat abban, hogy 21. sz\u00e1zadi megold\u00e1st tal\u00e1ljanak a s\u00falyos j\u00e1rv\u00e1ny lek\u00fczd\u00e9s\u00e9ben. Az \u0151ssejtkezel\u00e9ssel a kutat\u00f3k az immunrendszert akart\u00e1k er\u0151s\u00edteni, hogy kiv\u00e9dje a v\u00edrus t\u00e1mad\u00e1s\u00e1t. A k\u00eds\u00e9rleti gy\u00f3gykezel\u00e9s r\u00e9szek\u00e9nt a pekingi Juan K\u00f3rh\u00e1z h\u00e9t s\u00falyos betege kapott intrav\u00e9n\u00e1san \u0151ssejteket, h\u00e1rom beteg placeb\u00f3t. Az \u0151ssejttel kezelt h\u00e9t beteg meggy\u00f3gyult, \u00e9s 14 nap m\u00falva kiengedt\u00e9k \u0151ket a k\u00f3rh\u00e1zb\u00f3l. A placeb\u00f3val kezelt egyik beteg meghalt, egynek s\u00falyosbodott az \u00e1llapota, a harmadikn\u00e1l akut l\u00e9gz\u0151szervi distressz szindr\u00f3ma (ARDS) l\u00e9pett fel. A kutat\u00f3csoport tanulm\u00e1nya az Aging and Disease c\u00edm\u0171 foly\u00f3irat \u00e1prilisi sz\u00e1m\u00e1ban fog megjelenni. A kutat\u00f3csoport az International Society on Aging and Disease t\u00e1rsas\u00e1g r\u00e9szek\u00e9nt dolgozik, amelyet Csin alap\u00edtott, aki 20 \u00e9ve foglalkozik \u0151ssejtkutat\u00e1ssal. Tanulm\u00e1nyokat a j\u00f6v\u0151ben nagyobb mint\u00e1ra fogj\u00e1k kiterjeszteni. &#8220;Amikor a koronav\u00edrus t\u00e1mad, egy v\u00edrus el\u0151id\u00e9zte citokin-vihar keletkezhet, amikor az immunrendszer annyira hevesen reag\u00e1l, hogy folyad\u00e9k t\u00f6lti meg a t\u00fcd\u0151t, k\u00e1ros\u00edtva a sz\u00f6veteket. &#8220;\u00dagy v\u00e9lj\u00fck, ez lehet az egyik f\u0151 oka annak, hogy a Covid-19-t\u00fcd\u0151gyullad\u00e1s meg\u00f6li a beteget \u2013 ez az akt\u00edv vihar, amely megpr\u00f3b\u00e1l fell\u00e9pni a v\u00edrus ellen&#8221; \u2013 magyar\u00e1zta David P. Siderovski professzor. C\u00edm: \u0150ssejtkezel\u00e9s a Covid-19-t\u00fcd\u0151gyullad\u00e1sra? Szerz\u0151: nincs felt\u00fcntetve (forr\u00e1s: MTI) Weboldal: Medical Online Felt\u00f6lt\u00e9s ideje: 2020. m\u00e1rcius 31. 14:18 Let\u00f6lt\u00e9s: 2020. m\u00e1rcius 31. 12:03 link: http:\/\/medicalonline.hu\/tudomany\/cikk\/ossejtkezeles_a_covid_19_tudogyulladasra<\/p>\n","protected":false},"author":1,"featured_media":0,"parent":0,"menu_order":0,"comment_status":"closed","ping_status":"closed","template":"","meta":{"_monsterinsights_skip_tracking":false,"_monsterinsights_sitenote_active":false,"_monsterinsights_sitenote_note":"","_monsterinsights_sitenote_category":0,"footnotes":""},"class_list":["post-1267","page","type-page","status-publish","hentry"],"_links":{"self":[{"href":"http:\/\/vedettseg.hu\/wordpress\/wp-json\/wp\/v2\/pages\/1267","targetHints":{"allow":["GET"]}}],"collection":[{"href":"http:\/\/vedettseg.hu\/wordpress\/wp-json\/wp\/v2\/pages"}],"about":[{"href":"http:\/\/vedettseg.hu\/wordpress\/wp-json\/wp\/v2\/types\/page"}],"author":[{"embeddable":true,"href":"http:\/\/vedettseg.hu\/wordpress\/wp-json\/wp\/v2\/users\/1"}],"replies":[{"embeddable":true,"href":"http:\/\/vedettseg.hu\/wordpress\/wp-json\/wp\/v2\/comments?post=1267"}],"version-history":[{"count":1,"href":"http:\/\/vedettseg.hu\/wordpress\/wp-json\/wp\/v2\/pages\/1267\/revisions"}],"predecessor-version":[{"id":1268,"href":"http:\/\/vedettseg.hu\/wordpress\/wp-json\/wp\/v2\/pages\/1267\/revisions\/1268"}],"wp:attachment":[{"href":"http:\/\/vedettseg.hu\/wordpress\/wp-json\/wp\/v2\/media?parent=1267"}],"curies":[{"name":"wp","href":"https:\/\/api.w.org\/{rel}","templated":true}]}}