{"id":1271,"date":"2020-07-23T12:31:39","date_gmt":"2020-07-23T12:31:39","guid":{"rendered":"http:\/\/vedettseg.hu\/wordpress\/?page_id=1271"},"modified":"2020-07-23T12:31:39","modified_gmt":"2020-07-23T12:31:39","slug":"megallitanak-a-citokinvihart","status":"publish","type":"page","link":"http:\/\/vedettseg.hu\/wordpress\/megallitanak-a-citokinvihart\/","title":{"rendered":"Meg\u00e1ll\u00edtan\u00e1k a koronav\u00edrus el\u0151id\u00e9zte citokinvihart"},"content":{"rendered":"<p>Meg\u00e1ll\u00edtan\u00e1k a koronav\u00edrus el\u0151id\u00e9zte citokinvihart<br \/>\nA Massachussettsi M\u0171szaki Egyetem (MIT) kutat\u00f3i speci\u00e1lis feh\u00e9rj\u00e9ket \u00e1ll\u00edtottak el\u0151, amelyek k\u00e9pesek le\u00e1ll\u00edtani a koronav\u00edrus el\u0151id\u00e9zte citokinvihart, az immunrendszer t\u00falzott reag\u00e1l\u00e1s\u00e1t.<br \/>\nA citokinvihar k\u00e1ros\u00edtja a t\u00fcd\u0151sz\u00f6veteket \u00e9s a Covid-19 t\u00fcd\u0151gyullad\u00e1s hal\u00e1los kimenetel\u00e9t id\u00e9zheti el\u0151.<br \/>\n&#8220;Elk\u00e9pzel\u00e9s\u00fcnk szerint ezeket a feh\u00e9rj\u00e9ket a szervezetbe fecskendezve a citokinvihar \u00e1ltal gener\u00e1lt m\u00e9rt\u00e9ktelen citokinokhoz k\u00f6thetj\u00fck \u00e9s elt\u00e1vol\u00edthatjuk a t\u00falzott mennyis\u00e9g\u0171 citokinokat, cs\u00f6kkenthetj\u00fck a fert\u0151z\u00e9s t\u00fcneteit&#8221; &#8211; id\u00e9zte az egyetem k\u00f6zlem\u00e9nye Rui Qinget, az MIT kutat\u00f3j\u00e1t, a Quarterly Review of Biophysics (QRB) Discovery c\u00edm\u0171 tudom\u00e1nyos foly\u00f3iratban megjelent tanulm\u00e1ny egyik szerz\u0151j\u00e9t.<br \/>\nA citokin a jelz\u0151molekul\u00e1k egy fajt\u00e1ja, amely a sejtkommunik\u00e1ci\u00f3ban j\u00e1tszik alapvet\u0151 szerepet. Az immunv\u00e1lasz szab\u00e1lyoz\u00e1s\u00e1ban \u00e9s az inform\u00e1ci\u00f3k\u00f6zvet\u00edt\u00e9sben van fontos szerep\u00fck. A kutat\u00f3k rem\u00e9lik, hogy megkezdhetik a szerkezet\u00fckben az antitestekhez hasonl\u00f3 feh\u00e9rj\u00e9k tesztel\u00e9s\u00e9t emberi sejtekben \u00e9s \u00e1llatmodelleken is.<br \/>\nA kutat\u00f3k olyan feh\u00e9rj\u00e9ket hoztak l\u00e9tre, amelyek hat k\u00fcl\u00f6nb\u00f6z\u0151 citokinreceptort m\u00e1solnak, amelyek k\u00e9pesek olyan citokinokhoz kapcsol\u00f3dni, mint az immunmodul\u00e1l\u00f3 interferon \u00e9s az interleukin, valamint a kemokinok. Ezen feh\u00e9rj\u00e9k kapcsol\u00f3d\u00e1si erej\u00e9nek laborat\u00f3riumi k\u00eds\u00e9rleteiben a kutat\u00f3k azt tal\u00e1lt\u00e1k, hogy az \u00e1ltaluk el\u0151\u00e1ll\u00edtott m\u00f3dos\u00edtott feh\u00e9rj\u00e9k k\u00e9pesek voltak hasonl\u00f3 er\u0151vel kapcsol\u00f3dni a citokinokhoz, mint a term\u00e9szetes citokinreceptorok.<br \/>\n&#8220;Az \u00e1ltalunk alkotott citokinreceptorok felsz\u00edvj\u00e1k a m\u00e9rt\u00e9ktelen citokinok t\u00f6bbs\u00e9g\u00e9t, amelyeket a citokinvihar bocs\u00e1t ki&#8221; &#8211; mondta David Jin, a tanulm\u00e1ny t\u00e1rsszerz\u0151je.<\/p>\n<p>C\u00edm: Meg\u00e1ll\u00edtan\u00e1k a koronav\u00edrus el\u0151id\u00e9zte citokinvihart<br \/>\nSzerz\u0151: Nincs felt\u00fcntetve (forr\u00e1s: MTI)<br \/>\nWeboldal: Medical Online<br \/>\nFelt\u00f6lt\u00e9s ideje: 2020.04.18. 08:37<br \/>\nLet\u00f6lt\u00e9s: 2020. 04. 29. 13:17<br \/>\nLink:<a href=\"http:\/\/medicalonline.hu\/tudomany\/cikk\/specialis_feherjekkel_allitanak_meg_a_koronavirus_eloidezte_citokinvihart\"> http:\/\/medicalonline.hu\/tudomany\/cikk\/specialis_feherjekkel_allitanak_meg_a_koronavirus_eloidezte_citokinvihart<\/a><\/p>\n","protected":false},"excerpt":{"rendered":"<p>Meg\u00e1ll\u00edtan\u00e1k a koronav\u00edrus el\u0151id\u00e9zte citokinvihart A Massachussettsi M\u0171szaki Egyetem (MIT) kutat\u00f3i speci\u00e1lis feh\u00e9rj\u00e9ket \u00e1ll\u00edtottak el\u0151, amelyek k\u00e9pesek le\u00e1ll\u00edtani a koronav\u00edrus el\u0151id\u00e9zte citokinvihart, az immunrendszer t\u00falzott reag\u00e1l\u00e1s\u00e1t. A citokinvihar k\u00e1ros\u00edtja a t\u00fcd\u0151sz\u00f6veteket \u00e9s a Covid-19 t\u00fcd\u0151gyullad\u00e1s hal\u00e1los kimenetel\u00e9t id\u00e9zheti el\u0151. &#8220;Elk\u00e9pzel\u00e9s\u00fcnk szerint ezeket a feh\u00e9rj\u00e9ket a szervezetbe fecskendezve a citokinvihar \u00e1ltal gener\u00e1lt m\u00e9rt\u00e9ktelen citokinokhoz k\u00f6thetj\u00fck \u00e9s elt\u00e1vol\u00edthatjuk a t\u00falzott mennyis\u00e9g\u0171 citokinokat, cs\u00f6kkenthetj\u00fck a fert\u0151z\u00e9s t\u00fcneteit&#8221; &#8211; id\u00e9zte az egyetem k\u00f6zlem\u00e9nye Rui Qinget, az MIT kutat\u00f3j\u00e1t, a Quarterly Review of Biophysics (QRB) Discovery c\u00edm\u0171 tudom\u00e1nyos foly\u00f3iratban megjelent tanulm\u00e1ny egyik szerz\u0151j\u00e9t. A citokin a jelz\u0151molekul\u00e1k egy fajt\u00e1ja, amely a sejtkommunik\u00e1ci\u00f3ban j\u00e1tszik alapvet\u0151 szerepet. Az immunv\u00e1lasz szab\u00e1lyoz\u00e1s\u00e1ban \u00e9s az inform\u00e1ci\u00f3k\u00f6zvet\u00edt\u00e9sben van fontos szerep\u00fck. A kutat\u00f3k rem\u00e9lik, hogy megkezdhetik a szerkezet\u00fckben az antitestekhez hasonl\u00f3 feh\u00e9rj\u00e9k tesztel\u00e9s\u00e9t emberi sejtekben \u00e9s \u00e1llatmodelleken is. A kutat\u00f3k olyan feh\u00e9rj\u00e9ket hoztak l\u00e9tre, amelyek hat k\u00fcl\u00f6nb\u00f6z\u0151 citokinreceptort m\u00e1solnak, amelyek k\u00e9pesek olyan citokinokhoz kapcsol\u00f3dni, mint az immunmodul\u00e1l\u00f3 interferon \u00e9s az interleukin, valamint a kemokinok. Ezen feh\u00e9rj\u00e9k kapcsol\u00f3d\u00e1si erej\u00e9nek laborat\u00f3riumi k\u00eds\u00e9rleteiben a kutat\u00f3k azt tal\u00e1lt\u00e1k, hogy az \u00e1ltaluk el\u0151\u00e1ll\u00edtott m\u00f3dos\u00edtott feh\u00e9rj\u00e9k k\u00e9pesek voltak hasonl\u00f3 er\u0151vel kapcsol\u00f3dni a citokinokhoz, mint a term\u00e9szetes citokinreceptorok. &#8220;Az \u00e1ltalunk alkotott citokinreceptorok felsz\u00edvj\u00e1k a m\u00e9rt\u00e9ktelen citokinok t\u00f6bbs\u00e9g\u00e9t, amelyeket a citokinvihar bocs\u00e1t ki&#8221; &#8211; mondta David Jin, a tanulm\u00e1ny t\u00e1rsszerz\u0151je. C\u00edm: Meg\u00e1ll\u00edtan\u00e1k a koronav\u00edrus el\u0151id\u00e9zte citokinvihart Szerz\u0151: Nincs felt\u00fcntetve (forr\u00e1s: MTI) Weboldal: Medical Online Felt\u00f6lt\u00e9s ideje: 2020.04.18. 08:37 Let\u00f6lt\u00e9s: 2020. 04. 29. 13:17 Link: http:\/\/medicalonline.hu\/tudomany\/cikk\/specialis_feherjekkel_allitanak_meg_a_koronavirus_eloidezte_citokinvihart<\/p>\n","protected":false},"author":1,"featured_media":0,"parent":0,"menu_order":0,"comment_status":"closed","ping_status":"closed","template":"","meta":{"_monsterinsights_skip_tracking":false,"_monsterinsights_sitenote_active":false,"_monsterinsights_sitenote_note":"","_monsterinsights_sitenote_category":0,"footnotes":""},"class_list":["post-1271","page","type-page","status-publish","hentry"],"_links":{"self":[{"href":"http:\/\/vedettseg.hu\/wordpress\/wp-json\/wp\/v2\/pages\/1271","targetHints":{"allow":["GET"]}}],"collection":[{"href":"http:\/\/vedettseg.hu\/wordpress\/wp-json\/wp\/v2\/pages"}],"about":[{"href":"http:\/\/vedettseg.hu\/wordpress\/wp-json\/wp\/v2\/types\/page"}],"author":[{"embeddable":true,"href":"http:\/\/vedettseg.hu\/wordpress\/wp-json\/wp\/v2\/users\/1"}],"replies":[{"embeddable":true,"href":"http:\/\/vedettseg.hu\/wordpress\/wp-json\/wp\/v2\/comments?post=1271"}],"version-history":[{"count":1,"href":"http:\/\/vedettseg.hu\/wordpress\/wp-json\/wp\/v2\/pages\/1271\/revisions"}],"predecessor-version":[{"id":1272,"href":"http:\/\/vedettseg.hu\/wordpress\/wp-json\/wp\/v2\/pages\/1271\/revisions\/1272"}],"wp:attachment":[{"href":"http:\/\/vedettseg.hu\/wordpress\/wp-json\/wp\/v2\/media?parent=1271"}],"curies":[{"name":"wp","href":"https:\/\/api.w.org\/{rel}","templated":true}]}}