{"id":1283,"date":"2020-07-23T12:42:11","date_gmt":"2020-07-23T12:42:11","guid":{"rendered":"http:\/\/vedettseg.hu\/wordpress\/?page_id=1283"},"modified":"2020-07-23T12:42:11","modified_gmt":"2020-07-23T12:42:11","slug":"verplazmaterapiat-kovetoen-kerult-le-a-lelegeztetogeprol-egy-beteg","status":"publish","type":"page","link":"http:\/\/vedettseg.hu\/wordpress\/verplazmaterapiat-kovetoen-kerult-le-a-lelegeztetogeprol-egy-beteg\/","title":{"rendered":"V\u00e9rplazmater\u00e1pi\u00e1t k\u00f6vet\u0151en ker\u00fclt le a l\u00e9legeztet\u0151g\u00e9pr\u0151l egy beteg"},"content":{"rendered":"<p>Levett\u00e9k a l\u00e9legeztet\u0151g\u00e9pr\u0151l a Semmelweis Egyetemen azt a 75 \u00e9ves f\u00e9rfit, akit \u00e1prilis 15-e \u00f3ta kezelnek az Aneszteziol\u00f3giai \u00e9s Intenz\u00edv Ter\u00e1pi\u00e1s Klinik\u00e1n s\u00falyos koronav\u00edrus-fert\u0151z\u00e9ssel.<br \/>\nA beteg a sz\u00e9rum bead\u00e1sakor \u00e1llapota miatt m\u00e1r t\u00f6bb mint 10 napja l\u00e9legeztet\u0151g\u00e9pen volt, azonban a kezel\u00e9st k\u00f6vet\u0151 napokban meg tudt\u00e1k kezdeni fokozatos \u00e9breszt\u00e9s\u00e9t, m\u00e1jus 11-\u00e9n pedig siker\u00fclt levenni a l\u00e9legeztet\u0151g\u00e9pr\u0151l. A beteg \u00e1llapota stabil.<br \/>\nA 75 \u00e9ves f\u00e9rfi \u00e1prilis k\u00f6zep\u00e9n jelentkezett a Semmelweis Egyetem S\u00fcrg\u0151ss\u00e9gi Betegell\u00e1t\u00f3 Oszt\u00e1ly\u00e1n, ahol s\u00falyos COVID 19 betegs\u00e9get diagnosztiz\u00e1ltak n\u00e1la. A t\u00f6bb kr\u00f3nikus betegs\u00e9gben is szenved\u0151 f\u00e9rfit \u00e1llapota miatt m\u00e1snap l\u00e9legeztet\u0151g\u00e9pre kellett helyezni. \u00c1llapot\u00e1nak s\u00falyoss\u00e1ga miatt, hozz\u00e1tartoz\u00f3i beleegyez\u00e9st k\u00f6vet\u0151end\u00f6nt\u00f6ttek eset\u00e9ben az \u00faj v\u00e9rplazma-ter\u00e1pia alkalmaz\u00e1sa mellett. A sz\u00e9rumot \u00e1prilis 27-\u00e9n kapta meg, a bead\u00e1st k\u00f6vet\u0151 napokban hamarosan javultak a laboreredm\u00e9nyei, klinikai \u00e9s l\u00e9legeztet\u00e9si param\u00e9terei, \u00edgy megkezdhett\u00e9k a fokozatos \u00e9breszt\u00e9s\u00e9t, amelyet k\u00f6vet\u0151en m\u00e1jus 11-\u00e9n vett\u00e9k le v\u00e9glegesen a g\u00e9pr\u0151l.<\/p>\n<p>C\u00edm: V\u00e9rplazmater\u00e1pi\u00e1t k\u00f6vet\u0151en ker\u00fclt le a l\u00e9legeztet\u0151g\u00e9pr\u0151l egy beteg<br \/>\nSzerz\u0151: nincs felt\u00fcntetve (Forr\u00e1s: Semmelweis Egyetem)<br \/>\nWeboldal: Medical Online<br \/>\nFelt\u00f6lt\u00e9s ideje: 2020. m\u00e1jus 13. 09:03<br \/>\nLet\u00f6lt\u00e9s: 2020. m\u00e1jus 31. 19:14<br \/>\nLink: <a href=\"http:\/\/medicalonline.hu\/gyogyitas\/cikk\/verplazmaterapiat_kovetoen_kerult_le_a_lelegeztetogeprol_egy_beteg\">http:\/\/medicalonline.hu\/gyogyitas\/cikk\/verplazmaterapiat_kovetoen_kerult_le_a_lelegeztetogeprol_egy_beteg<\/a><\/p>\n","protected":false},"excerpt":{"rendered":"<p>Levett\u00e9k a l\u00e9legeztet\u0151g\u00e9pr\u0151l a Semmelweis Egyetemen azt a 75 \u00e9ves f\u00e9rfit, akit \u00e1prilis 15-e \u00f3ta kezelnek az Aneszteziol\u00f3giai \u00e9s Intenz\u00edv Ter\u00e1pi\u00e1s Klinik\u00e1n s\u00falyos koronav\u00edrus-fert\u0151z\u00e9ssel. A beteg a sz\u00e9rum bead\u00e1sakor \u00e1llapota miatt m\u00e1r t\u00f6bb mint 10 napja l\u00e9legeztet\u0151g\u00e9pen volt, azonban a kezel\u00e9st k\u00f6vet\u0151 napokban meg tudt\u00e1k kezdeni fokozatos \u00e9breszt\u00e9s\u00e9t, m\u00e1jus 11-\u00e9n pedig siker\u00fclt levenni a l\u00e9legeztet\u0151g\u00e9pr\u0151l. A beteg \u00e1llapota stabil. A 75 \u00e9ves f\u00e9rfi \u00e1prilis k\u00f6zep\u00e9n jelentkezett a Semmelweis Egyetem S\u00fcrg\u0151ss\u00e9gi Betegell\u00e1t\u00f3 Oszt\u00e1ly\u00e1n, ahol s\u00falyos COVID 19 betegs\u00e9get diagnosztiz\u00e1ltak n\u00e1la. A t\u00f6bb kr\u00f3nikus betegs\u00e9gben is szenved\u0151 f\u00e9rfit \u00e1llapota miatt m\u00e1snap l\u00e9legeztet\u0151g\u00e9pre kellett helyezni. \u00c1llapot\u00e1nak s\u00falyoss\u00e1ga miatt, hozz\u00e1tartoz\u00f3i beleegyez\u00e9st k\u00f6vet\u0151end\u00f6nt\u00f6ttek eset\u00e9ben az \u00faj v\u00e9rplazma-ter\u00e1pia alkalmaz\u00e1sa mellett. A sz\u00e9rumot \u00e1prilis 27-\u00e9n kapta meg, a bead\u00e1st k\u00f6vet\u0151 napokban hamarosan javultak a laboreredm\u00e9nyei, klinikai \u00e9s l\u00e9legeztet\u00e9si param\u00e9terei, \u00edgy megkezdhett\u00e9k a fokozatos \u00e9breszt\u00e9s\u00e9t, amelyet k\u00f6vet\u0151en m\u00e1jus 11-\u00e9n vett\u00e9k le v\u00e9glegesen a g\u00e9pr\u0151l. C\u00edm: V\u00e9rplazmater\u00e1pi\u00e1t k\u00f6vet\u0151en ker\u00fclt le a l\u00e9legeztet\u0151g\u00e9pr\u0151l egy beteg Szerz\u0151: nincs felt\u00fcntetve (Forr\u00e1s: Semmelweis Egyetem) Weboldal: Medical Online Felt\u00f6lt\u00e9s ideje: 2020. m\u00e1jus 13. 09:03 Let\u00f6lt\u00e9s: 2020. m\u00e1jus 31. 19:14 Link: http:\/\/medicalonline.hu\/gyogyitas\/cikk\/verplazmaterapiat_kovetoen_kerult_le_a_lelegeztetogeprol_egy_beteg<\/p>\n","protected":false},"author":1,"featured_media":0,"parent":0,"menu_order":0,"comment_status":"closed","ping_status":"closed","template":"","meta":{"_monsterinsights_skip_tracking":false,"_monsterinsights_sitenote_active":false,"_monsterinsights_sitenote_note":"","_monsterinsights_sitenote_category":0,"footnotes":""},"class_list":["post-1283","page","type-page","status-publish","hentry"],"_links":{"self":[{"href":"http:\/\/vedettseg.hu\/wordpress\/wp-json\/wp\/v2\/pages\/1283","targetHints":{"allow":["GET"]}}],"collection":[{"href":"http:\/\/vedettseg.hu\/wordpress\/wp-json\/wp\/v2\/pages"}],"about":[{"href":"http:\/\/vedettseg.hu\/wordpress\/wp-json\/wp\/v2\/types\/page"}],"author":[{"embeddable":true,"href":"http:\/\/vedettseg.hu\/wordpress\/wp-json\/wp\/v2\/users\/1"}],"replies":[{"embeddable":true,"href":"http:\/\/vedettseg.hu\/wordpress\/wp-json\/wp\/v2\/comments?post=1283"}],"version-history":[{"count":1,"href":"http:\/\/vedettseg.hu\/wordpress\/wp-json\/wp\/v2\/pages\/1283\/revisions"}],"predecessor-version":[{"id":1284,"href":"http:\/\/vedettseg.hu\/wordpress\/wp-json\/wp\/v2\/pages\/1283\/revisions\/1284"}],"wp:attachment":[{"href":"http:\/\/vedettseg.hu\/wordpress\/wp-json\/wp\/v2\/media?parent=1283"}],"curies":[{"name":"wp","href":"https:\/\/api.w.org\/{rel}","templated":true}]}}