{"id":1323,"date":"2020-10-30T13:29:10","date_gmt":"2020-10-30T13:29:10","guid":{"rendered":"http:\/\/vedettseg.hu\/wordpress\/?page_id=1323"},"modified":"2020-10-30T13:29:10","modified_gmt":"2020-10-30T13:29:10","slug":"par-het-alatt-lecsokken-az-antitestek-szama-a-gyogyult-covid-fertozottekben","status":"publish","type":"page","link":"http:\/\/vedettseg.hu\/wordpress\/par-het-alatt-lecsokken-az-antitestek-szama-a-gyogyult-covid-fertozottekben\/","title":{"rendered":"P\u00e1r h\u00e9t alatt lecs\u00f6kken az antitestek sz\u00e1ma a gy\u00f3gyult Covid-fert\u0151z\u00f6ttekben"},"content":{"rendered":"<p><span style=\"font-size: 18px;\"><strong>P\u00e1r h\u00e9t alatt lecs\u00f6kken az antitestek sz\u00e1ma a gy\u00f3gyult Covid-fert\u0151z\u00f6ttekben<\/strong><\/span><\/p>\n<p>\u00c9s van, aki egy\u00e1ltal\u00e1n nem termel antitestet. Mindez k\u00e9rd\u00e9seket vet fel az immunit\u00e1ssal kapcsolatban.<br \/>\nM\u00e1r p\u00e1r h\u00e9ten bel\u00fcl nagyon visszaesik a koronav\u00edrus-fert\u0151z\u00e9sb\u0151l kigy\u00f3gyultak z\u00f6m\u00e9nek szervezet\u00e9ben az antitestek jelenl\u00e9te \u2013 fedezt\u00e9k fel Izraelben plazmadonorok vizsg\u00e1lata sor\u00e1n.<br \/>\nAz MDA s\u00fcrg\u0151ss\u00e9gi betegell\u00e1t\u00f3 szerd\u00e1n tette k\u00f6zz\u00e9 adatait. A vizsg\u00e1lt gy\u00f3gyultak k\u00f6z\u00f6tt olyanok is voltak, akik n\u00e9gyszer is adtak v\u00e9rplazm\u00e1t, \u00e9s 90 sz\u00e1zal\u00e9kukn\u00e1l egy\u00e9rtelm\u0171en fokozatosan visszaesett az antitestek sz\u00e1ma. R\u00e1ad\u00e1sul a v\u00e9rvizsg\u00e1latok alapj\u00e1n \u00fagy t\u0171nik, hogy a betegs\u00e9gb\u0151l kil\u00e1baltak 17 sz\u00e1zal\u00e9k\u00e1nak szervezete egy\u00e1ltal\u00e1n nem termelt antitestet.<br \/>\nIzraelben egy\u00e9bk\u00e9nt a gy\u00f3gyultaknak csak igen kis h\u00e1nyada volt hajland\u00f3 plazm\u00e1t adom\u00e1nyozni, hogy megmentse m\u00e1s betegek \u00e9let\u00e9t, a nagyj\u00e1b\u00f3l sz\u00e1zezer k\u00f6z\u00fcl mind\u00f6ssze 1300 lett donor.<\/p>\n<p>C\u00edm: P\u00e1r h\u00e9t alatt lecs\u00f6kken az antitestek sz\u00e1ma a gy\u00f3gyult Covid-fert\u0151z\u00f6ttekben<br \/>\nSzerz\u0151: nincs felt\u00fcntetve (forr\u00e1s: MTI)<br \/>\nWeboldal: hvg.hu<br \/>\nFelt\u00f6lt\u00e9s ideje: 2020. szeptember. 03. 10:16 Utols\u00f3 friss\u00edt\u00e9s: 2020. szeptember. 03. 10:53<br \/>\nLet\u00f6lt\u00e9s: 2020.09.06. 20:42<br \/>\nLink: <a href=\"https:\/\/hvg.hu\/tudomany\/20200903_Par_het_alatt_lecsokken_az_antitestek_szama_a_gyogyult_Covidfertozottekben\">https:\/\/hvg.hu\/tudomany\/20200903_Par_het_alatt_lecsokken_az_antitestek_szama_a_gyogyult_Covidfertozottekben<\/a><\/p>\n","protected":false},"excerpt":{"rendered":"<p>P\u00e1r h\u00e9t alatt lecs\u00f6kken az antitestek sz\u00e1ma a gy\u00f3gyult Covid-fert\u0151z\u00f6ttekben \u00c9s van, aki egy\u00e1ltal\u00e1n nem termel antitestet. Mindez k\u00e9rd\u00e9seket vet fel az immunit\u00e1ssal kapcsolatban. M\u00e1r p\u00e1r h\u00e9ten bel\u00fcl nagyon visszaesik a koronav\u00edrus-fert\u0151z\u00e9sb\u0151l kigy\u00f3gyultak z\u00f6m\u00e9nek szervezet\u00e9ben az antitestek jelenl\u00e9te \u2013 fedezt\u00e9k fel Izraelben plazmadonorok vizsg\u00e1lata sor\u00e1n. Az MDA s\u00fcrg\u0151ss\u00e9gi betegell\u00e1t\u00f3 szerd\u00e1n tette k\u00f6zz\u00e9 adatait. A vizsg\u00e1lt gy\u00f3gyultak k\u00f6z\u00f6tt olyanok is voltak, akik n\u00e9gyszer is adtak v\u00e9rplazm\u00e1t, \u00e9s 90 sz\u00e1zal\u00e9kukn\u00e1l egy\u00e9rtelm\u0171en fokozatosan visszaesett az antitestek sz\u00e1ma. R\u00e1ad\u00e1sul a v\u00e9rvizsg\u00e1latok alapj\u00e1n \u00fagy t\u0171nik, hogy a betegs\u00e9gb\u0151l kil\u00e1baltak 17 sz\u00e1zal\u00e9k\u00e1nak szervezete egy\u00e1ltal\u00e1n nem termelt antitestet. Izraelben egy\u00e9bk\u00e9nt a gy\u00f3gyultaknak csak igen kis h\u00e1nyada volt hajland\u00f3 plazm\u00e1t adom\u00e1nyozni, hogy megmentse m\u00e1s betegek \u00e9let\u00e9t, a nagyj\u00e1b\u00f3l sz\u00e1zezer k\u00f6z\u00fcl mind\u00f6ssze 1300 lett donor. C\u00edm: P\u00e1r h\u00e9t alatt lecs\u00f6kken az antitestek sz\u00e1ma a gy\u00f3gyult Covid-fert\u0151z\u00f6ttekben Szerz\u0151: nincs felt\u00fcntetve (forr\u00e1s: MTI) Weboldal: hvg.hu Felt\u00f6lt\u00e9s ideje: 2020. szeptember. 03. 10:16 Utols\u00f3 friss\u00edt\u00e9s: 2020. szeptember. 03. 10:53 Let\u00f6lt\u00e9s: 2020.09.06. 20:42 Link: https:\/\/hvg.hu\/tudomany\/20200903_Par_het_alatt_lecsokken_az_antitestek_szama_a_gyogyult_Covidfertozottekben<\/p>\n","protected":false},"author":1,"featured_media":0,"parent":0,"menu_order":0,"comment_status":"closed","ping_status":"closed","template":"","meta":{"_monsterinsights_skip_tracking":false,"_monsterinsights_sitenote_active":false,"_monsterinsights_sitenote_note":"","_monsterinsights_sitenote_category":0,"footnotes":""},"class_list":["post-1323","page","type-page","status-publish","hentry"],"_links":{"self":[{"href":"http:\/\/vedettseg.hu\/wordpress\/wp-json\/wp\/v2\/pages\/1323","targetHints":{"allow":["GET"]}}],"collection":[{"href":"http:\/\/vedettseg.hu\/wordpress\/wp-json\/wp\/v2\/pages"}],"about":[{"href":"http:\/\/vedettseg.hu\/wordpress\/wp-json\/wp\/v2\/types\/page"}],"author":[{"embeddable":true,"href":"http:\/\/vedettseg.hu\/wordpress\/wp-json\/wp\/v2\/users\/1"}],"replies":[{"embeddable":true,"href":"http:\/\/vedettseg.hu\/wordpress\/wp-json\/wp\/v2\/comments?post=1323"}],"version-history":[{"count":1,"href":"http:\/\/vedettseg.hu\/wordpress\/wp-json\/wp\/v2\/pages\/1323\/revisions"}],"predecessor-version":[{"id":1324,"href":"http:\/\/vedettseg.hu\/wordpress\/wp-json\/wp\/v2\/pages\/1323\/revisions\/1324"}],"wp:attachment":[{"href":"http:\/\/vedettseg.hu\/wordpress\/wp-json\/wp\/v2\/media?parent=1323"}],"curies":[{"name":"wp","href":"https:\/\/api.w.org\/{rel}","templated":true}]}}