{"id":1329,"date":"2020-10-30T13:36:33","date_gmt":"2020-10-30T13:36:33","guid":{"rendered":"http:\/\/vedettseg.hu\/wordpress\/?page_id=1329"},"modified":"2020-10-30T13:36:33","modified_gmt":"2020-10-30T13:36:33","slug":"elsokent-magyar-betegek-kaphatjak-a-covid-okozta-citokinvihar-elleni-terapiat","status":"publish","type":"page","link":"http:\/\/vedettseg.hu\/wordpress\/elsokent-magyar-betegek-kaphatjak-a-covid-okozta-citokinvihar-elleni-terapiat\/","title":{"rendered":"Els\u0151k\u00e9nt magyar betegek kaphatj\u00e1k a Covid okozta citokinvihar elleni ter\u00e1pi\u00e1t"},"content":{"rendered":"<p><span style=\"font-size: 18px;\"><strong>Els\u0151k\u00e9nt magyar betegek kaphatj\u00e1k a Covid okozta citokinvihar elleni ter\u00e1pi\u00e1t<\/strong><\/span><\/p>\n<p>Haz\u00e1nkban kezd\u0151dhetnek meg annak a magyar fejleszt\u00e9s\u0171 ter\u00e1pi\u00e1nak a klinikai vizsg\u00e1latai, amellyel nagy es\u00e9llyel meg lehet akad\u00e1lyozni a koronav\u00edrus \u00e1ltal kiv\u00e1ltott t\u00falzott immunreakci\u00f3t, az \u00fagynevezett citokinvihart \u00e9s a nyom\u00e1ban kialakul\u00f3 s\u00falyos szervk\u00e1rosod\u00e1sokat. Az inf\u00fazi\u00f3s kezel\u00e9st egy Amerik\u00e1ban \u00e9l\u0151 magyar biol\u00f3gus immunol\u00f3gus, Baranyi Lajos fejlesztette ki, aki a n\u00f6veked\u00e9s.hu-nak elmondta: ha minden a tervek szerint halad, m\u00e1r ez \u00e9v v\u00e9g\u00e9re, vagy a j\u00f6v\u0151 \u00e9v elej\u00e9re megkezd\u0151dhetnek a kezel\u00e9sek az \u00faj ter\u00e1pi\u00e1val.<br \/>\nM\u00edg az \u00faj t\u00edpus\u00fa koronav\u00edrust az emberek 80-85 sz\u00e1zal\u00e9ka t\u00fcnetmentesen vagy enyh\u00e9bb t\u00fcnetekkel legy\u0151zi, kisebb h\u00e1nyadukn\u00e1l s\u00falyos k\u00e9toldali t\u00fcd\u0151gyullad\u00e1s, vagy egy\u00e9b szervk\u00e1rosod\u00e1s l\u00e9p fel. Ezt pedig nem a v\u00edrus, hanem az az abnorm\u00e1lisan er\u0151s immunv\u00e1lasz, az \u00fagynevezett citokin vihar okozza, els\u0151sorban az id\u0151sek \u00e9s a kr\u00f3nikus betegek szervezet\u00e9ben.<br \/>\nMint a kutat\u00f3 a n\u00f6veked\u00e9s.hu-nak magyar\u00e1zta: a folyamat l\u00e9nyege, hogy a citokinek \u2013 amelyek egy\u00e9bir\u00e1nt az immunv\u00e1lasz sor\u00e1n az inform\u00e1ci\u00f3tov\u00e1bb\u00edt\u00e1sban \u00e9s az immunv\u00e1lasz szab\u00e1lyoz\u00e1s\u00e1ban is szerepet j\u00e1tszanak \u2013 egy \u00f6ngerjeszt\u0151, visszaford\u00edthatatlan folyamat sor\u00e1n megakad\u00e1lyozz\u00e1k az immunrendszer norm\u00e1lis m\u0171k\u00f6d\u00e9s\u00e9t. A szervezet tulajdonk\u00e9ppen elvesz\u00edti az ir\u00e1ny\u00edt\u00e1st e felett az egy\u00e9bk\u00e9nt rendk\u00edv\u00fcl hat\u00e9kony v\u00e9dekez\u0151 mechanizmus felett. Baranyi Lajos ez\u00e9rt egy olyan hat\u00f3anyagot fejlesztett, amellyel kontroll al\u00e1 vonhat\u00f3 a citokin vihar. A ter\u00e1pia sor\u00e1n akt\u00edv peptideket, vagyis feh\u00e9rjemolekul\u00e1kat juttatnak inf\u00fazi\u00f3val a szervezetbe. Ezek nem m\u00e9rgez\u0151ek, toxikus boml\u00e1sterm\u00e9k\u00fck sincs, mind\u00f6ssze n\u00e9h\u00e1ny \u00f3ra alatt elbomlanak, teh\u00e1t nem terhelik az immunrendszert, ugyanakkor lefojtj\u00e1k annak t\u00falaktiv\u00e1l\u00f3d\u00e1s\u00e1t. Mivel pedig v\u00edrusf\u00fcggetlenek, nem tud kialakulni ki vel\u00fck szemben rezisztencia.<br \/>\nA magyar sz\u00e1rmaz\u00e1s\u00fa kutat\u00f3 a ter\u00e1pi\u00e1t az Egyes\u00fclt \u00c1llamokban fejlesztette ki, \u00e9s az ott elv\u00e9gzett labor- illetve \u00e1llatk\u00eds\u00e9rletekben egy\u00e9rtelm\u0171en hat\u00e9konynak bizonyult. Tesztelt\u00e9k tov\u00e1bb\u00e1 egy \u2013 kor\u00e1bban, szint\u00e9n magyar kutat\u00f3kkal k\u00f6z\u00f6sen kidolgozott \u00e9s az Amerikai Gy\u00f3gyszerhat\u00f3s\u00e1g, az FDA \u00e1ltal aj\u00e1nlott \u2013 m\u00f3dszerrel is, amellyel mesters\u00e9ges k\u00f6r\u00fclm\u00e9nyek k\u00f6z\u00f6tt lehet modellezni az emberi szervezetben lej\u00e1tsz\u00f3d\u00f3 citokin vihart. A kezel\u00e9s abban is sikeres volt. Baranyi Lajos ezt k\u00f6vet\u0151en az Egyes\u00fclt \u00c1llamokban \u00e9s N\u00e9metorsz\u00e1gban is elind\u00edtotta a ter\u00e1pia szabadalmi elj\u00e1r\u00e1s\u00e1t (ez ut\u00f3bbi az eur\u00f3pai uni\u00f3s bejegyz\u00e9shez sz\u00fcks\u00e9ges), \u00e9s megkezdte az egyeztet\u00e9st a magyar gy\u00f3gyszerhat\u00f3s\u00e1ggal annak \u00e9rdek\u00e9ben, hogy a klinikai vizsg\u00e1latokat m\u00e1r haz\u00e1nkban v\u00e9gezhesse el.<\/p>\n<p>C\u00edm: Els\u0151k\u00e9nt magyar betegek kaphatj\u00e1k a Covid okozta citokinvihar elleni ter\u00e1pi\u00e1t<br \/>\nWeboldal: PharmaOnline<br \/>\nSzerz\u0151: nincs felt\u00fcntetve (Forr\u00e1s:<a href=\"http:\/\/novekedes.hu\">N\u00f6veked\u00e9s.hu<\/a>)<br \/>\nFet\u00f6lt\u00e9s ideje: 2020. szeptember 07. 07:53<br \/>\nLet\u00f6lt\u00e9s: 2020. okt\u00f3ber 1. 10:04.<br \/>\nLink: <a href=\"http:\/\/pharmaonline.hu\/kutatas\/cikk\/elsokent_magyar_betegek_kaphatjak_a_covid_okozta_citokinvihar_elleni_terapiat\">http:\/\/pharmaonline.hu\/kutatas\/cikk\/elsokent_magyar_betegek_kaphatjak_a_covid_okozta_citokinvihar_elleni_terapiat<\/a><\/p>\n","protected":false},"excerpt":{"rendered":"<p>Els\u0151k\u00e9nt magyar betegek kaphatj\u00e1k a Covid okozta citokinvihar elleni ter\u00e1pi\u00e1t Haz\u00e1nkban kezd\u0151dhetnek meg annak a magyar fejleszt\u00e9s\u0171 ter\u00e1pi\u00e1nak a klinikai vizsg\u00e1latai, amellyel nagy es\u00e9llyel meg lehet akad\u00e1lyozni a koronav\u00edrus \u00e1ltal kiv\u00e1ltott t\u00falzott immunreakci\u00f3t, az \u00fagynevezett citokinvihart \u00e9s a nyom\u00e1ban kialakul\u00f3 s\u00falyos szervk\u00e1rosod\u00e1sokat. Az inf\u00fazi\u00f3s kezel\u00e9st egy Amerik\u00e1ban \u00e9l\u0151 magyar biol\u00f3gus immunol\u00f3gus, Baranyi Lajos fejlesztette ki, aki a n\u00f6veked\u00e9s.hu-nak elmondta: ha minden a tervek szerint halad, m\u00e1r ez \u00e9v v\u00e9g\u00e9re, vagy a j\u00f6v\u0151 \u00e9v elej\u00e9re megkezd\u0151dhetnek a kezel\u00e9sek az \u00faj ter\u00e1pi\u00e1val. M\u00edg az \u00faj t\u00edpus\u00fa koronav\u00edrust az emberek 80-85 sz\u00e1zal\u00e9ka t\u00fcnetmentesen vagy enyh\u00e9bb t\u00fcnetekkel legy\u0151zi, kisebb h\u00e1nyadukn\u00e1l s\u00falyos k\u00e9toldali t\u00fcd\u0151gyullad\u00e1s, vagy egy\u00e9b szervk\u00e1rosod\u00e1s l\u00e9p fel. Ezt pedig nem a v\u00edrus, hanem az az abnorm\u00e1lisan er\u0151s immunv\u00e1lasz, az \u00fagynevezett citokin vihar okozza, els\u0151sorban az id\u0151sek \u00e9s a kr\u00f3nikus betegek szervezet\u00e9ben. Mint a kutat\u00f3 a n\u00f6veked\u00e9s.hu-nak magyar\u00e1zta: a folyamat l\u00e9nyege, hogy a citokinek \u2013 amelyek egy\u00e9bir\u00e1nt az immunv\u00e1lasz sor\u00e1n az inform\u00e1ci\u00f3tov\u00e1bb\u00edt\u00e1sban \u00e9s az immunv\u00e1lasz szab\u00e1lyoz\u00e1s\u00e1ban is szerepet j\u00e1tszanak \u2013 egy \u00f6ngerjeszt\u0151, visszaford\u00edthatatlan folyamat sor\u00e1n megakad\u00e1lyozz\u00e1k az immunrendszer norm\u00e1lis m\u0171k\u00f6d\u00e9s\u00e9t. A szervezet tulajdonk\u00e9ppen elvesz\u00edti az ir\u00e1ny\u00edt\u00e1st e felett az egy\u00e9bk\u00e9nt rendk\u00edv\u00fcl hat\u00e9kony v\u00e9dekez\u0151 mechanizmus felett. Baranyi Lajos ez\u00e9rt egy olyan hat\u00f3anyagot fejlesztett, amellyel kontroll al\u00e1 vonhat\u00f3 a citokin vihar. A ter\u00e1pia sor\u00e1n akt\u00edv peptideket, vagyis feh\u00e9rjemolekul\u00e1kat juttatnak inf\u00fazi\u00f3val a szervezetbe. Ezek nem m\u00e9rgez\u0151ek, toxikus boml\u00e1sterm\u00e9k\u00fck sincs, mind\u00f6ssze n\u00e9h\u00e1ny \u00f3ra alatt elbomlanak, teh\u00e1t nem terhelik az immunrendszert, ugyanakkor lefojtj\u00e1k annak t\u00falaktiv\u00e1l\u00f3d\u00e1s\u00e1t. Mivel pedig v\u00edrusf\u00fcggetlenek, nem tud kialakulni ki vel\u00fck szemben rezisztencia. A magyar sz\u00e1rmaz\u00e1s\u00fa kutat\u00f3 a ter\u00e1pi\u00e1t az Egyes\u00fclt \u00c1llamokban fejlesztette ki, \u00e9s az ott elv\u00e9gzett labor- illetve \u00e1llatk\u00eds\u00e9rletekben egy\u00e9rtelm\u0171en hat\u00e9konynak bizonyult. Tesztelt\u00e9k tov\u00e1bb\u00e1 egy \u2013 kor\u00e1bban, szint\u00e9n magyar kutat\u00f3kkal k\u00f6z\u00f6sen kidolgozott \u00e9s az Amerikai Gy\u00f3gyszerhat\u00f3s\u00e1g, az FDA \u00e1ltal aj\u00e1nlott \u2013 m\u00f3dszerrel is, amellyel mesters\u00e9ges k\u00f6r\u00fclm\u00e9nyek k\u00f6z\u00f6tt lehet modellezni az emberi szervezetben lej\u00e1tsz\u00f3d\u00f3 citokin vihart. A kezel\u00e9s abban is sikeres volt. Baranyi Lajos ezt k\u00f6vet\u0151en az Egyes\u00fclt \u00c1llamokban \u00e9s N\u00e9metorsz\u00e1gban is elind\u00edtotta a ter\u00e1pia szabadalmi elj\u00e1r\u00e1s\u00e1t (ez ut\u00f3bbi az eur\u00f3pai uni\u00f3s bejegyz\u00e9shez sz\u00fcks\u00e9ges), \u00e9s megkezdte az egyeztet\u00e9st a magyar gy\u00f3gyszerhat\u00f3s\u00e1ggal annak \u00e9rdek\u00e9ben, hogy a klinikai vizsg\u00e1latokat m\u00e1r haz\u00e1nkban v\u00e9gezhesse el. C\u00edm: Els\u0151k\u00e9nt magyar betegek kaphatj\u00e1k a Covid okozta citokinvihar elleni ter\u00e1pi\u00e1t Weboldal: PharmaOnline Szerz\u0151: nincs felt\u00fcntetve (Forr\u00e1s:N\u00f6veked\u00e9s.hu) Fet\u00f6lt\u00e9s ideje: 2020. szeptember 07. 07:53 Let\u00f6lt\u00e9s: 2020. okt\u00f3ber 1. 10:04. Link: http:\/\/pharmaonline.hu\/kutatas\/cikk\/elsokent_magyar_betegek_kaphatjak_a_covid_okozta_citokinvihar_elleni_terapiat<\/p>\n","protected":false},"author":1,"featured_media":0,"parent":0,"menu_order":0,"comment_status":"closed","ping_status":"closed","template":"","meta":{"_monsterinsights_skip_tracking":false,"_monsterinsights_sitenote_active":false,"_monsterinsights_sitenote_note":"","_monsterinsights_sitenote_category":0,"footnotes":""},"class_list":["post-1329","page","type-page","status-publish","hentry"],"_links":{"self":[{"href":"http:\/\/vedettseg.hu\/wordpress\/wp-json\/wp\/v2\/pages\/1329","targetHints":{"allow":["GET"]}}],"collection":[{"href":"http:\/\/vedettseg.hu\/wordpress\/wp-json\/wp\/v2\/pages"}],"about":[{"href":"http:\/\/vedettseg.hu\/wordpress\/wp-json\/wp\/v2\/types\/page"}],"author":[{"embeddable":true,"href":"http:\/\/vedettseg.hu\/wordpress\/wp-json\/wp\/v2\/users\/1"}],"replies":[{"embeddable":true,"href":"http:\/\/vedettseg.hu\/wordpress\/wp-json\/wp\/v2\/comments?post=1329"}],"version-history":[{"count":1,"href":"http:\/\/vedettseg.hu\/wordpress\/wp-json\/wp\/v2\/pages\/1329\/revisions"}],"predecessor-version":[{"id":1330,"href":"http:\/\/vedettseg.hu\/wordpress\/wp-json\/wp\/v2\/pages\/1329\/revisions\/1330"}],"wp:attachment":[{"href":"http:\/\/vedettseg.hu\/wordpress\/wp-json\/wp\/v2\/media?parent=1329"}],"curies":[{"name":"wp","href":"https:\/\/api.w.org\/{rel}","templated":true}]}}