{"id":1331,"date":"2020-10-30T13:38:54","date_gmt":"2020-10-30T13:38:54","guid":{"rendered":"http:\/\/vedettseg.hu\/wordpress\/?page_id=1331"},"modified":"2020-10-30T13:38:54","modified_gmt":"2020-10-30T13:38:54","slug":"lengyelorszagban-eloallitottak-az-elso-verplazma-alapu-gyogyszert","status":"publish","type":"page","link":"http:\/\/vedettseg.hu\/wordpress\/lengyelorszagban-eloallitottak-az-elso-verplazma-alapu-gyogyszert\/","title":{"rendered":"Lengyelorsz\u00e1gban el\u0151\u00e1ll\u00edtott\u00e1k az els\u0151 v\u00e9rplazma alap\u00fa gy\u00f3gyszert"},"content":{"rendered":"<p><strong><span style=\"font-size: 18px;\">Lengyelorsz\u00e1gban el\u0151\u00e1ll\u00edtott\u00e1k az els\u0151 v\u00e9rplazma alap\u00fa gy\u00f3gyszert<\/span><\/strong><\/p>\n<p>A kelet-lengyelorsz\u00e1gi Lublinban m\u0171k\u00f6d\u0151 egyik biotechnol\u00f3giai c\u00e9g el\u0151\u00e1ll\u00edtotta a koronav\u00edrus-fert\u0151z\u00e9sb\u0151l felgy\u00f3gyultak v\u00e9rplazm\u00e1j\u00e1b\u00f3l kivont immunoglobulinokat tartalmaz\u00f3, a maga nem\u00e9ben vil\u00e1gviszonylatban els\u0151 ilyen gy\u00f3gyszert, melynek tesztel\u00e9s\u00e9t okt\u00f3berben kezdik el.<br \/>\nA specifikus anti-SARS-CoV-2 immunoglobulinokat (ellenanyagokat) tartalmaz\u00f3 gy\u00f3gyszert, melyet izominjekci\u00f3k\u00e9nt adnak be, a sikeres klinikai tesztel\u00e9st k\u00f6vet\u0151en n\u00e9h\u00e1ny h\u00f3napon bel\u00fcl forgalmazhatj\u00e1k, els\u0151sorban Lengyelorsz\u00e1gban, k\u00f6z\u00f6lt\u00e9k.<br \/>\nA passz\u00edv immuniz\u00e1l\u00e1st eredm\u00e9nyez\u0151, a Covid-19-betegs\u00e9g hal\u00e1los kimenetel\u0171 eseteinek sz\u00e1m\u00e1t v\u00e1rhat\u00f3an cs\u00f6kkent\u0151 gy\u00f3gyszernek az az el\u0151nye a jelenleg t\u00f6bb orsz\u00e1gban is alkalmazott plazmatranszf\u00fazi\u00f3s ter\u00e1pi\u00e1hoz k\u00e9pest, hogy b\u00e1rmilyen v\u00e9rcsoport\u00fa beteg kezel\u00e9s\u00e9re alkalmas. A frakcion\u00e1lt v\u00e9rplazm\u00e1b\u00f3l el\u0151\u00e1ll\u00edtott k\u00e9sz\u00edtm\u00e9ny feltehet\u0151leg hat\u00e9konyabb a v\u00e9rplazm\u00e1n\u00e1l, mivel s\u0171r\u00edtett form\u00e1ban tartalmazza az ellentesteket.<br \/>\nA gy\u00e1rt\u00e1s sor\u00e1n felhaszn\u00e1lt 120 liternyi v\u00e9rplazm\u00e1t a Covid-19-betegs\u00e9gb\u0151l, illetve a SARS-CoV-2 koronav\u00edrus okozta t\u00fcnetmentes fert\u0151z\u00e9sb\u0151l felgy\u00f3gyult szil\u00e9ziai b\u00e1ny\u00e1szok v\u00e9r\u00e9b\u0151l nyert\u00e9k. A szil\u00e9ziai b\u00e1ny\u00e1szok k\u00f6z\u00f6tt m\u00e1jus \u00f3ta a koronav\u00edrus-fert\u0151z\u00e9s t\u00f6bb mint 8 ezer eset\u00e9t regisztr\u00e1lt\u00e1k. T\u00f6bbs\u00e9g\u00fckben t\u00fcnetmentesen estek \u00e1t a fert\u0151z\u00e9sen, szerd\u00e1ig 99,4 sz\u00e1zal\u00e9kuk felgy\u00f3gyult. Aznap hat \u00faj esetet jegyeztek a b\u00e1ny\u00e1szok k\u00f6r\u00e9ben.<br \/>\nLengyelorsz\u00e1gban jelenleg 16 112 az akt\u00edv (nagyr\u00e9szt t\u00fcnetmentes) esetek sz\u00e1ma, k\u00f6z\u00fcl\u00fck 974 \u00faj esetr\u0151l szerd\u00e1n sz\u00e1moltak be. A j\u00e1rv\u00e1ny kit\u00f6r\u00e9se \u00f3ta \u00f6sszesen 81 673 fert\u0151z\u00e9st regisztr\u00e1ltak. Elhunyt 2344, t\u00f6bbs\u00e9g\u00e9ben m\u00e1s kr\u00f3nikus betegs\u00e9gekben is szenved\u0151 beteg.<\/p>\n<p>C\u00edm: Lengyelorsz\u00e1gban el\u0151\u00e1ll\u00edtott\u00e1k az els\u0151 v\u00e9rplazma alap\u00fa gy\u00f3gyszert<br \/>\nSzerz\u0151: nincs felt\u00fcntetve (Forr\u00e1s:MTI)<br \/>\nWeboldal: PharmaOnline<br \/>\nFelt\u00f6lt\u00e9s ideje: 2020. szeptember 24. 05:17<br \/>\nLet\u00f6lt\u00e9s: 2020. okt\u00f3ber 1. 9:50<br \/>\nLink: <a href=\"http:\/\/pharmaonline.hu\/kutatas\/cikk\/lengyelorszagban_eloallitottak_az_elso_verplazma_alapu_gyogyszert\">http:\/\/pharmaonline.hu\/kutatas\/cikk\/lengyelorszagban_eloallitottak_az_elso_verplazma_alapu_gyogyszert<\/a><\/p>\n","protected":false},"excerpt":{"rendered":"<p>Lengyelorsz\u00e1gban el\u0151\u00e1ll\u00edtott\u00e1k az els\u0151 v\u00e9rplazma alap\u00fa gy\u00f3gyszert A kelet-lengyelorsz\u00e1gi Lublinban m\u0171k\u00f6d\u0151 egyik biotechnol\u00f3giai c\u00e9g el\u0151\u00e1ll\u00edtotta a koronav\u00edrus-fert\u0151z\u00e9sb\u0151l felgy\u00f3gyultak v\u00e9rplazm\u00e1j\u00e1b\u00f3l kivont immunoglobulinokat tartalmaz\u00f3, a maga nem\u00e9ben vil\u00e1gviszonylatban els\u0151 ilyen gy\u00f3gyszert, melynek tesztel\u00e9s\u00e9t okt\u00f3berben kezdik el. A specifikus anti-SARS-CoV-2 immunoglobulinokat (ellenanyagokat) tartalmaz\u00f3 gy\u00f3gyszert, melyet izominjekci\u00f3k\u00e9nt adnak be, a sikeres klinikai tesztel\u00e9st k\u00f6vet\u0151en n\u00e9h\u00e1ny h\u00f3napon bel\u00fcl forgalmazhatj\u00e1k, els\u0151sorban Lengyelorsz\u00e1gban, k\u00f6z\u00f6lt\u00e9k. A passz\u00edv immuniz\u00e1l\u00e1st eredm\u00e9nyez\u0151, a Covid-19-betegs\u00e9g hal\u00e1los kimenetel\u0171 eseteinek sz\u00e1m\u00e1t v\u00e1rhat\u00f3an cs\u00f6kkent\u0151 gy\u00f3gyszernek az az el\u0151nye a jelenleg t\u00f6bb orsz\u00e1gban is alkalmazott plazmatranszf\u00fazi\u00f3s ter\u00e1pi\u00e1hoz k\u00e9pest, hogy b\u00e1rmilyen v\u00e9rcsoport\u00fa beteg kezel\u00e9s\u00e9re alkalmas. A frakcion\u00e1lt v\u00e9rplazm\u00e1b\u00f3l el\u0151\u00e1ll\u00edtott k\u00e9sz\u00edtm\u00e9ny feltehet\u0151leg hat\u00e9konyabb a v\u00e9rplazm\u00e1n\u00e1l, mivel s\u0171r\u00edtett form\u00e1ban tartalmazza az ellentesteket. A gy\u00e1rt\u00e1s sor\u00e1n felhaszn\u00e1lt 120 liternyi v\u00e9rplazm\u00e1t a Covid-19-betegs\u00e9gb\u0151l, illetve a SARS-CoV-2 koronav\u00edrus okozta t\u00fcnetmentes fert\u0151z\u00e9sb\u0151l felgy\u00f3gyult szil\u00e9ziai b\u00e1ny\u00e1szok v\u00e9r\u00e9b\u0151l nyert\u00e9k. A szil\u00e9ziai b\u00e1ny\u00e1szok k\u00f6z\u00f6tt m\u00e1jus \u00f3ta a koronav\u00edrus-fert\u0151z\u00e9s t\u00f6bb mint 8 ezer eset\u00e9t regisztr\u00e1lt\u00e1k. T\u00f6bbs\u00e9g\u00fckben t\u00fcnetmentesen estek \u00e1t a fert\u0151z\u00e9sen, szerd\u00e1ig 99,4 sz\u00e1zal\u00e9kuk felgy\u00f3gyult. Aznap hat \u00faj esetet jegyeztek a b\u00e1ny\u00e1szok k\u00f6r\u00e9ben. Lengyelorsz\u00e1gban jelenleg 16 112 az akt\u00edv (nagyr\u00e9szt t\u00fcnetmentes) esetek sz\u00e1ma, k\u00f6z\u00fcl\u00fck 974 \u00faj esetr\u0151l szerd\u00e1n sz\u00e1moltak be. A j\u00e1rv\u00e1ny kit\u00f6r\u00e9se \u00f3ta \u00f6sszesen 81 673 fert\u0151z\u00e9st regisztr\u00e1ltak. Elhunyt 2344, t\u00f6bbs\u00e9g\u00e9ben m\u00e1s kr\u00f3nikus betegs\u00e9gekben is szenved\u0151 beteg. C\u00edm: Lengyelorsz\u00e1gban el\u0151\u00e1ll\u00edtott\u00e1k az els\u0151 v\u00e9rplazma alap\u00fa gy\u00f3gyszert Szerz\u0151: nincs felt\u00fcntetve (Forr\u00e1s:MTI) Weboldal: PharmaOnline Felt\u00f6lt\u00e9s ideje: 2020. szeptember 24. 05:17 Let\u00f6lt\u00e9s: 2020. okt\u00f3ber 1. 9:50 Link: http:\/\/pharmaonline.hu\/kutatas\/cikk\/lengyelorszagban_eloallitottak_az_elso_verplazma_alapu_gyogyszert<\/p>\n","protected":false},"author":1,"featured_media":0,"parent":0,"menu_order":0,"comment_status":"closed","ping_status":"closed","template":"","meta":{"_monsterinsights_skip_tracking":false,"_monsterinsights_sitenote_active":false,"_monsterinsights_sitenote_note":"","_monsterinsights_sitenote_category":0,"footnotes":""},"class_list":["post-1331","page","type-page","status-publish","hentry"],"_links":{"self":[{"href":"http:\/\/vedettseg.hu\/wordpress\/wp-json\/wp\/v2\/pages\/1331","targetHints":{"allow":["GET"]}}],"collection":[{"href":"http:\/\/vedettseg.hu\/wordpress\/wp-json\/wp\/v2\/pages"}],"about":[{"href":"http:\/\/vedettseg.hu\/wordpress\/wp-json\/wp\/v2\/types\/page"}],"author":[{"embeddable":true,"href":"http:\/\/vedettseg.hu\/wordpress\/wp-json\/wp\/v2\/users\/1"}],"replies":[{"embeddable":true,"href":"http:\/\/vedettseg.hu\/wordpress\/wp-json\/wp\/v2\/comments?post=1331"}],"version-history":[{"count":1,"href":"http:\/\/vedettseg.hu\/wordpress\/wp-json\/wp\/v2\/pages\/1331\/revisions"}],"predecessor-version":[{"id":1332,"href":"http:\/\/vedettseg.hu\/wordpress\/wp-json\/wp\/v2\/pages\/1331\/revisions\/1332"}],"wp:attachment":[{"href":"http:\/\/vedettseg.hu\/wordpress\/wp-json\/wp\/v2\/media?parent=1331"}],"curies":[{"name":"wp","href":"https:\/\/api.w.org\/{rel}","templated":true}]}}