{"id":1358,"date":"2020-10-31T10:46:09","date_gmt":"2020-10-31T10:46:09","guid":{"rendered":"http:\/\/vedettseg.hu\/wordpress\/?page_id=1358"},"modified":"2020-10-31T10:46:09","modified_gmt":"2020-10-31T10:46:09","slug":"eddig-ismeretlen-magzatvedo-folyamatot-talaltak-magyar-kutatok","status":"publish","type":"page","link":"http:\/\/vedettseg.hu\/wordpress\/eddig-ismeretlen-magzatvedo-folyamatot-talaltak-magyar-kutatok\/","title":{"rendered":"Eddig ismeretlen, magzatv\u00e9d\u0151 folyamatot tal\u00e1ltak magyar kutat\u00f3k"},"content":{"rendered":"<p><span style=\"font-size: 18px;\"><strong>Eddig ismeretlen, magzatv\u00e9d\u0151 folyamatot tal\u00e1ltak magyar kutat\u00f3k<\/strong><\/span><\/p>\n<p>A fejl\u0151d\u0151 idegrendszerben a magzatk\u00e1ros\u00edt\u00f3 hat\u00e1sok kiv\u00e9d\u00e9s\u00e9ben kulcsszerepet j\u00e1tsz\u00f3 alapvet\u0151 szab\u00e1lyoz\u00e1st fedeztek fel az ELKH KOKI kutat\u00f3i.<br \/>\nA magyar kutat\u00f3k \u00e1ltal \u201efejl\u0151d\u00e9si otthontalans\u00e1g&#8221;-nak nevezett jelens\u00e9get az E\u00f6tv\u00f6s Lor\u00e1nd Kutat\u00e1si H\u00e1l\u00f3zathoz tartoz\u00f3 K\u00eds\u00e9rleti Orvostudom\u00e1nyi Kutat\u00f3int\u00e9zet (ELKH KOKI) Katona Istv\u00e1n \u00e1ltal vezetett Lend\u00fclet Molekul\u00e1ris Neurobiol\u00f3gia munkacsoportja ismerte fel, \u00e9s igazolta jelent\u0151s\u00e9g\u00e9t a fejl\u0151d\u0151 idegrendszert \u00e9r\u0151 magzatk\u00e1ros\u00edt\u00f3 hat\u00e1sok kiv\u00e9d\u00e9s\u00e9ben &#8211; \u00edrja az ELKH \u00e1ltal kiadott k\u00f6zlem\u00e9ny.<br \/>\nSejtjeink t\u00f6bbs\u00e9ge szoros molekul\u00e1ris kapcsokkal \u00f6sszek\u00f6tve a sz\u00e1m\u00e1ra ide\u00e1lis sz\u00f6veti mikrok\u00f6rnyezetben m\u0171k\u00f6dik.<br \/>\nHa egy hib\u00e1s sejt kapcsolatait elvesz\u00edti \u00e9s kiszakad a sz\u00f6veti mikrok\u00f6rnyezet\u00e9b\u0151l, akkor beindul a programozott sejthal\u00e1l speci\u00e1lis t\u00edpusa, a g\u00f6r\u00f6g szavak alapj\u00e1n k\u00e9pzett \u201eanoikis&#8221;, ami \u201eotthontalans\u00e1got&#8221; jelent.<br \/>\nA folyamatosan oszt\u00f3d\u00f3 \u0151ssejtek eset\u00e9ben az anoikis \u2013 azaz az otthontalann\u00e1 v\u00e1l\u00e1s \u2013 k\u00fcl\u00f6n\u00f6sen fontos. J\u00f3l ismert t\u00e9ny, hogy a daganatos \u00e1tt\u00e9tek k\u00e9pz\u0151d\u00e9se sor\u00e1n a tumorsejt \u201emeg tud sz\u00f6kni&#8221; az anoikis folyamata el\u0151l. Nyitva maradt azonban az a k\u00e9rd\u00e9s, hogy azok az eg\u00e9szs\u00e9ges sejtek \u2013 mint p\u00e9ld\u00e1ul az eg\u00e9szs\u00e9ges idegsejtek \u2013, amelyeknek oszt\u00f3d\u00e1s ut\u00e1n messzebbre kell v\u00e1ndorolniuk sz\u00fclet\u00e9si hely\u00fckt\u0151l, vajon hogyan ker\u00fclik el az anoikist? R\u00e1ad\u00e1sul a fejl\u0151d\u0151 agyban kiz\u00e1r\u00f3lag csillag\u00e1szati sz\u00e1mokkal jellemezhet\u0151 a sejtoszt\u00f3d\u00e1sok sz\u00e1ma, ez\u00e9rt elker\u00fclhetetlenek a v\u00e9letlenszer\u0171, illetve a k\u00f6rnyezeti hat\u00e1sok, mint amilyenek p\u00e9ld\u00e1ul az anyai alkoholfogyaszt\u00e1s \u00e1ltal kiv\u00e1ltott oszt\u00f3d\u00e1si \u00e9s v\u00e1ndorl\u00e1si hib\u00e1k.<br \/>\nAz ELKH KOKI kutat\u00f3i azt felt\u00e9telezt\u00e9k, hogy l\u00e9teznie kell egy v\u00e9dekez\u0151 mechanizmusnak a fejl\u0151d\u0151 agyban, amely megakad\u00e1lyozza, hogy az oszt\u00f3d\u00f3 idegi \u0151ssejtek rossz helyre ker\u00fcljenek, \u00e9s tov\u00e1bbi oszt\u00f3d\u00e1sukkal hib\u00e1s sejtcsom\u00f3k \u2013 \u00fagynevezett heterot\u00f3pi\u00e1k \u2013, vagy ak\u00e1r tumorok kialakul\u00e1s\u00e1t okozz\u00e1k.<br \/>\nL\u00e1szl\u00f3 Zs\u00f3fia, a Semmelweis Egyetem doktorandusza, \u00e9s Lele Zsolt, az ELKH KOKI kutat\u00f3ja kidolgozott egy eg\u00e9rmodellt, amelynek seg\u00edts\u00e9g\u00e9vel bizony\u00edtott\u00e1k a fejl\u0151d\u00e9si anoikis jelens\u00e9get, \u00e9s felfedezt\u00e9k, hogy a jelens\u00e9g kulcsszerepl\u0151je egy eddig ismeretlen feladat\u00fa feh\u00e9rje, az ABHD4 enzim.<br \/>\nSiker\u00fclt azt is felt\u00e1rniuk, hogy az ABHD4 \u00e1ltal k\u00f6zvet\u00edtett \u201efejl\u0151d\u00e9si anoikis&#8221; n\u00e9lk\u00fcl\u00f6zhetetlen az anyai alkoholfogyaszt\u00e1s hat\u00e1s\u00e1ra kialakul\u00f3 sejthal\u00e1lhoz az embri\u00f3k agy\u00e1ban. Eredm\u00e9ny\u00fck ez\u00e9rt a magzati alkohol szindr\u00f3m\u00e1val egy\u00fctt j\u00e1r\u00f3 \u201ekisfej\u0171s\u00e9g&#8221; jelens\u00e9g\u00e9nek meg\u00e9rt\u00e9s\u00e9hez is jelent\u0151sen hozz\u00e1j\u00e1rul.<br \/>\nA L\u00e1szl\u00f3 Zs\u00f3fia \u00e9s Lele Zsolt megosztott els\u0151szerz\u0151s\u00e9g\u00e9vel megjelent tanulm\u00e1ny a hivatalos b\u00edr\u00e1l\u00f3i szerint \u201e\u00faj koncepci\u00f3 a fejl\u0151d\u00e9s-neurobiol\u00f3gi\u00e1ban&#8221;, \u00e9s \u201e\u00faj utakat nyit az idegsejtek keletkez\u00e9s\u00e9nek kutat\u00e1s\u00e1ban&#8221;.<br \/>\nA munka a Nature tudom\u00e1nyos lapcsal\u00e1d ny\u00edlt hozz\u00e1f\u00e9r\u00e9s\u0171 (Open Access), nagy nemzetk\u00f6zi preszt\u00edzs\u0171 foly\u00f3irat\u00e1ban, a Nature Communications-ban jelent meg.<\/p>\n<p>C\u00edm: Eddig ismeretlen, magzatv\u00e9d\u0151 folyamatot tal\u00e1ltak magyar kutat\u00f3k<br \/>\nSzerz\u0151: nincs felt\u00fcntetve<br \/>\nWeboldal: <a href=\"http:\/\/origo.hu\">origo.hu<\/a><br \/>\nFelt\u00f6lt\u00e9s ideje: 2020.08.31. 12:35<br \/>\nLet\u00f6lt\u00e9s: 2020. 09.06. 19:48<br \/>\nLink: https:\/\/www.origo.hu\/tudomany\/20200831-elkh-a-magzatkarosito-hatasok-kivedeseben-kulcsszerepet-jatszo-alapveto-szabalyozast-fedeztek-fel-a.html<\/p>\n","protected":false},"excerpt":{"rendered":"<p>Eddig ismeretlen, magzatv\u00e9d\u0151 folyamatot tal\u00e1ltak magyar kutat\u00f3k A fejl\u0151d\u0151 idegrendszerben a magzatk\u00e1ros\u00edt\u00f3 hat\u00e1sok kiv\u00e9d\u00e9s\u00e9ben kulcsszerepet j\u00e1tsz\u00f3 alapvet\u0151 szab\u00e1lyoz\u00e1st fedeztek fel az ELKH KOKI kutat\u00f3i. A magyar kutat\u00f3k \u00e1ltal \u201efejl\u0151d\u00e9si otthontalans\u00e1g&#8221;-nak nevezett jelens\u00e9get az E\u00f6tv\u00f6s Lor\u00e1nd Kutat\u00e1si H\u00e1l\u00f3zathoz tartoz\u00f3 K\u00eds\u00e9rleti Orvostudom\u00e1nyi Kutat\u00f3int\u00e9zet (ELKH KOKI) Katona Istv\u00e1n \u00e1ltal vezetett Lend\u00fclet Molekul\u00e1ris Neurobiol\u00f3gia munkacsoportja ismerte fel, \u00e9s igazolta jelent\u0151s\u00e9g\u00e9t a fejl\u0151d\u0151 idegrendszert \u00e9r\u0151 magzatk\u00e1ros\u00edt\u00f3 hat\u00e1sok kiv\u00e9d\u00e9s\u00e9ben &#8211; \u00edrja az ELKH \u00e1ltal kiadott k\u00f6zlem\u00e9ny. Sejtjeink t\u00f6bbs\u00e9ge szoros molekul\u00e1ris kapcsokkal \u00f6sszek\u00f6tve a sz\u00e1m\u00e1ra ide\u00e1lis sz\u00f6veti mikrok\u00f6rnyezetben m\u0171k\u00f6dik. Ha egy hib\u00e1s sejt kapcsolatait elvesz\u00edti \u00e9s kiszakad a sz\u00f6veti mikrok\u00f6rnyezet\u00e9b\u0151l, akkor beindul a programozott sejthal\u00e1l speci\u00e1lis t\u00edpusa, a g\u00f6r\u00f6g szavak alapj\u00e1n k\u00e9pzett \u201eanoikis&#8221;, ami \u201eotthontalans\u00e1got&#8221; jelent. A folyamatosan oszt\u00f3d\u00f3 \u0151ssejtek eset\u00e9ben az anoikis \u2013 azaz az otthontalann\u00e1 v\u00e1l\u00e1s \u2013 k\u00fcl\u00f6n\u00f6sen fontos. J\u00f3l ismert t\u00e9ny, hogy a daganatos \u00e1tt\u00e9tek k\u00e9pz\u0151d\u00e9se sor\u00e1n a tumorsejt \u201emeg tud sz\u00f6kni&#8221; az anoikis folyamata el\u0151l. Nyitva maradt azonban az a k\u00e9rd\u00e9s, hogy azok az eg\u00e9szs\u00e9ges sejtek \u2013 mint p\u00e9ld\u00e1ul az eg\u00e9szs\u00e9ges idegsejtek \u2013, amelyeknek oszt\u00f3d\u00e1s ut\u00e1n messzebbre kell v\u00e1ndorolniuk sz\u00fclet\u00e9si hely\u00fckt\u0151l, vajon hogyan ker\u00fclik el az anoikist? R\u00e1ad\u00e1sul a fejl\u0151d\u0151 agyban kiz\u00e1r\u00f3lag csillag\u00e1szati sz\u00e1mokkal jellemezhet\u0151 a sejtoszt\u00f3d\u00e1sok sz\u00e1ma, ez\u00e9rt elker\u00fclhetetlenek a v\u00e9letlenszer\u0171, illetve a k\u00f6rnyezeti hat\u00e1sok, mint amilyenek p\u00e9ld\u00e1ul az anyai alkoholfogyaszt\u00e1s \u00e1ltal kiv\u00e1ltott oszt\u00f3d\u00e1si \u00e9s v\u00e1ndorl\u00e1si hib\u00e1k. Az ELKH KOKI kutat\u00f3i azt felt\u00e9telezt\u00e9k, hogy l\u00e9teznie kell egy v\u00e9dekez\u0151 mechanizmusnak a fejl\u0151d\u0151 agyban, amely megakad\u00e1lyozza, hogy az oszt\u00f3d\u00f3 idegi \u0151ssejtek rossz helyre ker\u00fcljenek, \u00e9s tov\u00e1bbi oszt\u00f3d\u00e1sukkal hib\u00e1s sejtcsom\u00f3k \u2013 \u00fagynevezett heterot\u00f3pi\u00e1k \u2013, vagy ak\u00e1r tumorok kialakul\u00e1s\u00e1t okozz\u00e1k. L\u00e1szl\u00f3 Zs\u00f3fia, a Semmelweis Egyetem doktorandusza, \u00e9s Lele Zsolt, az ELKH KOKI kutat\u00f3ja kidolgozott egy eg\u00e9rmodellt, amelynek seg\u00edts\u00e9g\u00e9vel bizony\u00edtott\u00e1k a fejl\u0151d\u00e9si anoikis jelens\u00e9get, \u00e9s felfedezt\u00e9k, hogy a jelens\u00e9g kulcsszerepl\u0151je egy eddig ismeretlen feladat\u00fa feh\u00e9rje, az ABHD4 enzim. Siker\u00fclt azt is felt\u00e1rniuk, hogy az ABHD4 \u00e1ltal k\u00f6zvet\u00edtett \u201efejl\u0151d\u00e9si anoikis&#8221; n\u00e9lk\u00fcl\u00f6zhetetlen az anyai alkoholfogyaszt\u00e1s hat\u00e1s\u00e1ra kialakul\u00f3 sejthal\u00e1lhoz az embri\u00f3k agy\u00e1ban. Eredm\u00e9ny\u00fck ez\u00e9rt a magzati alkohol szindr\u00f3m\u00e1val egy\u00fctt j\u00e1r\u00f3 \u201ekisfej\u0171s\u00e9g&#8221; jelens\u00e9g\u00e9nek meg\u00e9rt\u00e9s\u00e9hez is jelent\u0151sen hozz\u00e1j\u00e1rul. A L\u00e1szl\u00f3 Zs\u00f3fia \u00e9s Lele Zsolt megosztott els\u0151szerz\u0151s\u00e9g\u00e9vel megjelent tanulm\u00e1ny a hivatalos b\u00edr\u00e1l\u00f3i szerint \u201e\u00faj koncepci\u00f3 a fejl\u0151d\u00e9s-neurobiol\u00f3gi\u00e1ban&#8221;, \u00e9s \u201e\u00faj utakat nyit az idegsejtek keletkez\u00e9s\u00e9nek kutat\u00e1s\u00e1ban&#8221;. A munka a Nature tudom\u00e1nyos lapcsal\u00e1d ny\u00edlt hozz\u00e1f\u00e9r\u00e9s\u0171 (Open Access), nagy nemzetk\u00f6zi preszt\u00edzs\u0171 foly\u00f3irat\u00e1ban, a Nature Communications-ban jelent meg. C\u00edm: Eddig ismeretlen, magzatv\u00e9d\u0151 folyamatot tal\u00e1ltak magyar kutat\u00f3k Szerz\u0151: nincs felt\u00fcntetve Weboldal: origo.hu Felt\u00f6lt\u00e9s ideje: 2020.08.31. 12:35 Let\u00f6lt\u00e9s: 2020. 09.06. 19:48 Link: https:\/\/www.origo.hu\/tudomany\/20200831-elkh-a-magzatkarosito-hatasok-kivedeseben-kulcsszerepet-jatszo-alapveto-szabalyozast-fedeztek-fel-a.html<\/p>\n","protected":false},"author":1,"featured_media":0,"parent":0,"menu_order":0,"comment_status":"closed","ping_status":"closed","template":"","meta":{"_monsterinsights_skip_tracking":false,"_monsterinsights_sitenote_active":false,"_monsterinsights_sitenote_note":"","_monsterinsights_sitenote_category":0,"footnotes":""},"class_list":["post-1358","page","type-page","status-publish","hentry"],"_links":{"self":[{"href":"http:\/\/vedettseg.hu\/wordpress\/wp-json\/wp\/v2\/pages\/1358","targetHints":{"allow":["GET"]}}],"collection":[{"href":"http:\/\/vedettseg.hu\/wordpress\/wp-json\/wp\/v2\/pages"}],"about":[{"href":"http:\/\/vedettseg.hu\/wordpress\/wp-json\/wp\/v2\/types\/page"}],"author":[{"embeddable":true,"href":"http:\/\/vedettseg.hu\/wordpress\/wp-json\/wp\/v2\/users\/1"}],"replies":[{"embeddable":true,"href":"http:\/\/vedettseg.hu\/wordpress\/wp-json\/wp\/v2\/comments?post=1358"}],"version-history":[{"count":1,"href":"http:\/\/vedettseg.hu\/wordpress\/wp-json\/wp\/v2\/pages\/1358\/revisions"}],"predecessor-version":[{"id":1359,"href":"http:\/\/vedettseg.hu\/wordpress\/wp-json\/wp\/v2\/pages\/1358\/revisions\/1359"}],"wp:attachment":[{"href":"http:\/\/vedettseg.hu\/wordpress\/wp-json\/wp\/v2\/media?parent=1358"}],"curies":[{"name":"wp","href":"https:\/\/api.w.org\/{rel}","templated":true}]}}