{"id":1377,"date":"2021-01-25T17:34:07","date_gmt":"2021-01-25T17:34:07","guid":{"rendered":"http:\/\/vedettseg.hu\/wordpress\/?page_id=1377"},"modified":"2021-01-25T17:34:07","modified_gmt":"2021-01-25T17:34:07","slug":"molekularis-betegsegre-molekularis-terapia","status":"publish","type":"page","link":"http:\/\/vedettseg.hu\/wordpress\/molekularis-betegsegre-molekularis-terapia\/","title":{"rendered":"Molekul\u00e1ris betegs\u00e9gre molekul\u00e1ris ter\u00e1pia"},"content":{"rendered":"<p><strong>Molekul\u00e1ris betegs\u00e9gre molekul\u00e1ris ter\u00e1pia<\/strong><br \/>\nK\u00e9t \u00fajfajta g\u00e9nter\u00e1pi\u00e1s megk\u00f6zel\u00edt\u00e9st is eredm\u00e9nyesen alkalmaztak a leggyakoribb monog\u00e9nes betegs\u00e9gek gy\u00f3gy\u00edt\u00e1s\u00e1ban: a CRISPR-Cas9 g\u00e9nszerkeszt\u00e9st \u00e9s a poszttranszkripci\u00f3s csendes\u00edt\u00e9st.<br \/>\n1949-ben, a k\u00f3ros hemoglobin molekulaszerkezet\u00e9ben felfedezett hiba ut\u00e1n a modern szerkezeti k\u00e9mia \u00e9s a molekul\u00e1ris biol\u00f3gia egyik megalapoz\u00f3ja, Linus Pauling deklar\u00e1lta, hogy a sarl\u00f3sejtes v\u00e9rszeg\u00e9nys\u00e9g az els\u0151 felismert molekul\u00e1ris betegs\u00e9g. Most, 70 \u00e9v eltelt\u00e9vel, \u00fagy t\u0171nik, hogy siker\u00fclt a k\u00f3rk\u00e9pre g\u00e9nseb\u00e9szeti m\u00f3dszerekkel molekul\u00e1ris ter\u00e1pi\u00e1t kifejleszteni, \u00edrja Haidi Ledford. A Nature magazinj\u00e1nak tudom\u00e1nyos ismeretterjeszt\u0151 \u00fajs\u00e1g\u00edr\u00f3ja k\u00e9t olyan kutat\u00f3csoport munk\u00e1j\u00e1r\u00f3l sz\u00e1mol be, akik egym\u00e1st\u00f3l f\u00fcggetlen\u00fcl, k\u00e9t k\u00fcl\u00f6nb\u00f6z\u0151 m\u00f3dszerrel \u00e9rtek el sikert sarl\u00f3sejtes v\u00e9rszeg\u00e9nys\u00e9g gy\u00f3gy\u00edt\u00e1s\u00e1ban, \u00e9s tanulm\u00e1nyuk egym\u00e1s mellett jelent meg a New England Journal of Medicine legut\u00f3bbi sz\u00e1m\u00e1ban. Mindk\u00e9t \u2013 egyes\u00fclt \u00e1llamokbeli \u2013 kutat\u00f3csoport a hemoglobin egy alternat\u00edv form\u00e1ja, a magzati hemoglobin termel\u00e9s\u00e9nek sz\u00fclet\u00e9s ut\u00e1ni \u00fajraind\u00edt\u00e1s\u00e1t t\u0171zte ki c\u00e9lul.<br \/>\nHaydar Frangoul \u00e9s munkat\u00e1rsai a CRISPR-Cas9 g\u00e9nszerkeszt\u0151 eszk\u00f6z alkalmaz\u00e1s\u00e1val els\u0151k\u00e9nt publik\u00e1ltak olyan eredm\u00e9nyt, ami igazolta, hogy a g\u00e9nszerkeszt\u00e9s haszn\u00e1lhat\u00f3 az \u00f6r\u00f6kl\u0151d\u0151 betegs\u00e9g kezel\u00e9s\u00e9ben. K\u00f6zlem\u00e9ny\u00fck ez\u00e9rt egyben e technol\u00f3gia proof-of-concept tanulm\u00e1ny\u00e1nak is sz\u00e1m\u00edt (CRISPR-Cas9 Gene Editing for Sickle Cell Disease and \u03b2-Thalassemia). A m\u00e1sik tanulm\u00e1nyban Erica B. Esrick \u00e9s munkat\u00e1rsai arr\u00f3l sz\u00e1moltak be, hogy a magzati hemoglobin g\u00e9nj\u00e9t kikapcsol\u00f3 g\u00e9n mRNS-\u00e9t egy komplementer RNS-szakasz seg\u00edts\u00e9g\u00e9vel csendes\u00edtett\u00e9k el (Post-Transcriptional Genetic Silencing of BCL11A to Treat Sickle Cell Disease). Mindk\u00e9t m\u00f3dszerrel siker\u00fclt elej\u00e9t venni a sarl\u00f3sejtes v\u00e9rszeg\u00e9nys\u00e9ggel, illetve \u03b2-thalassemi\u00e1val j\u00e1r\u00f3 f\u00e1jdalomkr\u00edziseknek.<br \/>\nAz autosz\u00f3m\u00e1lis recessz\u00edv \u00f6r\u00f6kl\u00e9smenet\u0171 sarl\u00f3sejtes v\u00e9rszeg\u00e9nys\u00e9g \u00e9s \u03b2-thalassemia a leggyakoribb monog\u00e9nesen \u00f6r\u00f6kl\u0151d\u0151 betegs\u00e9gek k\u00f6z\u00e9 tartoznak. Mindk\u00e9t betegs\u00e9g a tetramer feh\u00e9rje hemoglobin egyik alegys\u00e9g-proteinje, a \u03b2-globin hib\u00e1j\u00e1b\u00f3l alakul ki, a k\u00e9t betegs\u00e9g eset\u00e9ben a pontmut\u00e1ci\u00f3 a \u03b2-globin g\u00e9nj\u00e9nek m\u00e1s-m\u00e1s nukleotidb\u00e1zis\u00e1t \u00e9rinti. A sarl\u00f3sejtes v\u00e9rszeg\u00e9nys\u00e9g s\u00falyos form\u00e1j\u00e1ban (azaz a mut\u00e1ci\u00f3ra homozig\u00f3ta betegek eset\u00e9ben) a deform\u00e1lt v\u00f6r\u00f6sv\u00e9rtestek \u00f6sszecsap\u00f3dva eltorlaszolj\u00e1k az ereket, f\u00e1jdalomepiz\u00f3dokat \u00e9s szervk\u00e1rosod\u00e1st okoznak. A s\u00falyos, homozig\u00f3ta \u03b2-thalassemia eset\u00e9n nem k\u00e9pz\u0151dik \u03b2-globin, a kialakul\u00f3 mikrocyt\u00e1s anaemia szint\u00e9n f\u00e1jdalomepiz\u00f3dokkal \u00e9s szervk\u00e1rosod\u00e1ssal j\u00e1r. \u00c9vente vil\u00e1gszerte 300.000 embert diagnosztiz\u00e1lnak a sarl\u00f3sejtes v\u00e9rszeg\u00e9nys\u00e9g s\u00falyos form\u00e1j\u00e1val, m\u00edg 60.000 embert s\u00falyos \u03b2-thalassemi\u00e1val; kezel\u00e9s n\u00e9lk\u00fcl mindk\u00e9t betegs\u00e9g homozig\u00f3ta form\u00e1ja fejl\u0151d\u00e9si rendelleness\u00e9gekhez \u00e9s korai hal\u00e1lhoz vezet.<br \/>\nMindk\u00e9t k\u00f3rk\u00e9p kezelhet\u0151 csontvel\u0151-transzplant\u00e1ci\u00f3val, azonban a legt\u00f6bb beteg eset\u00e9ben nem tal\u00e1lnak megfelel\u0151 donort, \u00edrja a Nature-cikk. Az elm\u00falt p\u00e1r \u00e9vben sz\u00e1mos g\u00e9nter\u00e1pi\u00e1s m\u00f3dszerrel indultak k\u00eds\u00e9rletek, \u00edgy tavaly az EU-ban a \u03b2-thalassemia kezel\u00e9s\u00e9re fogadtak be egy v\u00edrusvektort haszn\u00e1l\u00f3 g\u00e9nter\u00e1pi\u00e1s elj\u00e1r\u00e1st, ami a \u03b2-globin g\u00e9nj\u00e9nek m\u0171k\u00f6d\u0151 k\u00f3pi\u00e1j\u00e1t juttatja a v\u00f6r\u00f6sv\u00e9rtesteket termel\u0151 \u0151ssejtekbe, \u00e9s hasonl\u00f3 megk\u00f6zel\u00edt\u00e9st alkalmaz\u00f3 klinikai vizsg\u00e1latok sarl\u00f3sejtes v\u00e9rszeg\u00e9nys\u00e9g eset\u00e9n is folynak az USA-ban. Ezeknek a g\u00e9nter\u00e1pi\u00e1s m\u00f3dszereknek a hat\u00e1s\u00e1ra eg\u00e9szs\u00e9ges feln\u0151tt t\u00edpus\u00fa hemoglobin szintetiz\u00e1l\u00f3dik, ami k\u00e9t a- \u00e9s k\u00e9t \u03b2-globin l\u00e1ncb\u00f3l tev\u0151dik \u00f6ssze.<br \/>\nA g\u00e9nszerkeszt\u00e9st \u00e9s az RNS-technol\u00f3gi\u00e1t haszn\u00e1l\u00f3 g\u00e9nter\u00e1pi\u00e1s m\u00f3dszerek m\u00e1s megk\u00f6zel\u00edt\u00e9st alkalmaznak: nem a m\u0171k\u00f6d\u0151 g\u00e9n k\u00f3pi\u00e1j\u00e1t juttatnak be a hematopoetikus \u0151ssejtekbe, hanem egy olyan hemoglobin-alegys\u00e9g termel\u00e9s\u00e9t serkentik, ami norm\u00e1lis esetben csak a magzatban expressz\u00e1l\u00f3dik (c-globin). Mindk\u00e9t \u00faj m\u00f3dszerrel a magzati hemoglobin-l\u00e1ncot k\u00f3dol\u00f3 g\u00e9n m\u0171k\u00f6d\u00e9s\u00e9t kikapcsol\u00f3 g\u00e9nt (BCL11A) veszik c\u00e9lba: a CRISPR-Cas9 g\u00e9nszerkeszt\u0151 eszk\u00f6zzel kiv\u00e1gj\u00e1k a kikapcsol\u00f3 g\u00e9nt, m\u00edg az RNS-csendes\u00edt\u00e9ssel blokkolj\u00e1k mRNS-\u00e9t. A g\u00e9nter\u00e1pi\u00e1s m\u00f3dszereket ex vivo: a csontvel\u0151b\u0151l kinyert hematopoetikus \u0151ssejteken alkalmazz\u00e1k, majd a marad\u00e9k \u0151ssejtek elpuszt\u00edt\u00e1sa ut\u00e1n az \u00e1talak\u00edtott \u0151ssejteket juttatj\u00e1k vissza a szervezetbe.<br \/>\nA NEJM-tanulm\u00e1nyok csak 2, illetve 6 beteg \u2013 sikeres \u2013 kezel\u00e9s\u00e9r\u0151l sz\u00e1molnak be, azonban a Nature-cikk szerint az\u00f3ta tov\u00e1bbi 17, illetve 3 kezel\u00e9s eredm\u00e9nye is rendelkez\u00e9sre \u00e1ll. Eddig valamennyi kezel\u00e9s sikeresnek bizonyult, amennyiben a betegeknek a beavatkoz\u00e1st\u00f3l eltelt m\u00e1sf\u00e9l \u00e9v alatt nem volt sz\u00fcks\u00e9g\u00fck v\u00e9r\u00e1t\u00f6mleszt\u00e9sre, \u00e9s f\u00e1jdalomkr\u00edzisr\u0151l sem sz\u00e1moltak be; a mell\u00e9khat\u00e1sok (infekci\u00f3, hasi f\u00e1jdalom) mind a csontvel\u0151-abl\u00e1ci\u00f3 k\u00f6vetkezt\u00e9ben j\u00f6ttek l\u00e9tre, \u00e9s r\u00f6vid id\u0151n bel\u00fcl elm\u00faltak. A kutat\u00f3k a tov\u00e1bbiakban a csontvel\u0151-abl\u00e1ci\u00f3 kevesebb mell\u00e9khat\u00e1ssal j\u00e1r\u00f3 m\u00f3dszer\u00e9t szeretn\u00e9k kifejleszteni.<\/p>\n<p>C\u00edm: Molekul\u00e1ris betegs\u00e9gre molekul\u00e1ris ter\u00e1pia<br \/>\nSzerz\u0151: Dr. K. A.<br \/>\nWeboldal: OTSZ Online<br \/>\nFelt\u00f6lt\u00e9s ideje: 2020. december 30. 08:30<br \/>\nLet\u00f6lt\u00e9s: 2021.01.05. 18:35<br \/>\nLink: <a href=\"http:\/\/otszonline.hu\/cikk\/molekularis_betegsegre_molekularis_terapia\">http:\/\/otszonline.hu\/cikk\/molekularis_betegsegre_molekularis_terapia<\/a><\/p>\n","protected":false},"excerpt":{"rendered":"<p>Molekul\u00e1ris betegs\u00e9gre molekul\u00e1ris ter\u00e1pia K\u00e9t \u00fajfajta g\u00e9nter\u00e1pi\u00e1s megk\u00f6zel\u00edt\u00e9st is eredm\u00e9nyesen alkalmaztak a leggyakoribb monog\u00e9nes betegs\u00e9gek gy\u00f3gy\u00edt\u00e1s\u00e1ban: a CRISPR-Cas9 g\u00e9nszerkeszt\u00e9st \u00e9s a poszttranszkripci\u00f3s csendes\u00edt\u00e9st. 1949-ben, a k\u00f3ros hemoglobin molekulaszerkezet\u00e9ben felfedezett hiba ut\u00e1n a modern szerkezeti k\u00e9mia \u00e9s a molekul\u00e1ris biol\u00f3gia egyik megalapoz\u00f3ja, Linus Pauling deklar\u00e1lta, hogy a sarl\u00f3sejtes v\u00e9rszeg\u00e9nys\u00e9g az els\u0151 felismert molekul\u00e1ris betegs\u00e9g. Most, 70 \u00e9v eltelt\u00e9vel, \u00fagy t\u0171nik, hogy siker\u00fclt a k\u00f3rk\u00e9pre g\u00e9nseb\u00e9szeti m\u00f3dszerekkel molekul\u00e1ris ter\u00e1pi\u00e1t kifejleszteni, \u00edrja Haidi Ledford. A Nature magazinj\u00e1nak tudom\u00e1nyos ismeretterjeszt\u0151 \u00fajs\u00e1g\u00edr\u00f3ja k\u00e9t olyan kutat\u00f3csoport munk\u00e1j\u00e1r\u00f3l sz\u00e1mol be, akik egym\u00e1st\u00f3l f\u00fcggetlen\u00fcl, k\u00e9t k\u00fcl\u00f6nb\u00f6z\u0151 m\u00f3dszerrel \u00e9rtek el sikert sarl\u00f3sejtes v\u00e9rszeg\u00e9nys\u00e9g gy\u00f3gy\u00edt\u00e1s\u00e1ban, \u00e9s tanulm\u00e1nyuk egym\u00e1s mellett jelent meg a New England Journal of Medicine legut\u00f3bbi sz\u00e1m\u00e1ban. Mindk\u00e9t \u2013 egyes\u00fclt \u00e1llamokbeli \u2013 kutat\u00f3csoport a hemoglobin egy alternat\u00edv form\u00e1ja, a magzati hemoglobin termel\u00e9s\u00e9nek sz\u00fclet\u00e9s ut\u00e1ni \u00fajraind\u00edt\u00e1s\u00e1t t\u0171zte ki c\u00e9lul. Haydar Frangoul \u00e9s munkat\u00e1rsai a CRISPR-Cas9 g\u00e9nszerkeszt\u0151 eszk\u00f6z alkalmaz\u00e1s\u00e1val els\u0151k\u00e9nt publik\u00e1ltak olyan eredm\u00e9nyt, ami igazolta, hogy a g\u00e9nszerkeszt\u00e9s haszn\u00e1lhat\u00f3 az \u00f6r\u00f6kl\u0151d\u0151 betegs\u00e9g kezel\u00e9s\u00e9ben. K\u00f6zlem\u00e9ny\u00fck ez\u00e9rt egyben e technol\u00f3gia proof-of-concept tanulm\u00e1ny\u00e1nak is sz\u00e1m\u00edt (CRISPR-Cas9 Gene Editing for Sickle Cell Disease and \u03b2-Thalassemia). A m\u00e1sik tanulm\u00e1nyban Erica B. Esrick \u00e9s munkat\u00e1rsai arr\u00f3l sz\u00e1moltak be, hogy a magzati hemoglobin g\u00e9nj\u00e9t kikapcsol\u00f3 g\u00e9n mRNS-\u00e9t egy komplementer RNS-szakasz seg\u00edts\u00e9g\u00e9vel csendes\u00edtett\u00e9k el (Post-Transcriptional Genetic Silencing of BCL11A to Treat Sickle Cell Disease). Mindk\u00e9t m\u00f3dszerrel siker\u00fclt elej\u00e9t venni a sarl\u00f3sejtes v\u00e9rszeg\u00e9nys\u00e9ggel, illetve \u03b2-thalassemi\u00e1val j\u00e1r\u00f3 f\u00e1jdalomkr\u00edziseknek. Az autosz\u00f3m\u00e1lis recessz\u00edv \u00f6r\u00f6kl\u00e9smenet\u0171 sarl\u00f3sejtes v\u00e9rszeg\u00e9nys\u00e9g \u00e9s \u03b2-thalassemia a leggyakoribb monog\u00e9nesen \u00f6r\u00f6kl\u0151d\u0151 betegs\u00e9gek k\u00f6z\u00e9 tartoznak. Mindk\u00e9t betegs\u00e9g a tetramer feh\u00e9rje hemoglobin egyik alegys\u00e9g-proteinje, a \u03b2-globin hib\u00e1j\u00e1b\u00f3l alakul ki, a k\u00e9t betegs\u00e9g eset\u00e9ben a pontmut\u00e1ci\u00f3 a \u03b2-globin g\u00e9nj\u00e9nek m\u00e1s-m\u00e1s nukleotidb\u00e1zis\u00e1t \u00e9rinti. A sarl\u00f3sejtes v\u00e9rszeg\u00e9nys\u00e9g s\u00falyos form\u00e1j\u00e1ban (azaz a mut\u00e1ci\u00f3ra homozig\u00f3ta betegek eset\u00e9ben) a deform\u00e1lt v\u00f6r\u00f6sv\u00e9rtestek \u00f6sszecsap\u00f3dva eltorlaszolj\u00e1k az ereket, f\u00e1jdalomepiz\u00f3dokat \u00e9s szervk\u00e1rosod\u00e1st okoznak. A s\u00falyos, homozig\u00f3ta \u03b2-thalassemia eset\u00e9n nem k\u00e9pz\u0151dik \u03b2-globin, a kialakul\u00f3 mikrocyt\u00e1s anaemia szint\u00e9n f\u00e1jdalomepiz\u00f3dokkal \u00e9s szervk\u00e1rosod\u00e1ssal j\u00e1r. \u00c9vente vil\u00e1gszerte 300.000 embert diagnosztiz\u00e1lnak a sarl\u00f3sejtes v\u00e9rszeg\u00e9nys\u00e9g s\u00falyos form\u00e1j\u00e1val, m\u00edg 60.000 embert s\u00falyos \u03b2-thalassemi\u00e1val; kezel\u00e9s n\u00e9lk\u00fcl mindk\u00e9t betegs\u00e9g homozig\u00f3ta form\u00e1ja fejl\u0151d\u00e9si rendelleness\u00e9gekhez \u00e9s korai hal\u00e1lhoz vezet. Mindk\u00e9t k\u00f3rk\u00e9p kezelhet\u0151 csontvel\u0151-transzplant\u00e1ci\u00f3val, azonban a legt\u00f6bb beteg eset\u00e9ben nem tal\u00e1lnak megfelel\u0151 donort, \u00edrja a Nature-cikk. Az elm\u00falt p\u00e1r \u00e9vben sz\u00e1mos g\u00e9nter\u00e1pi\u00e1s m\u00f3dszerrel indultak k\u00eds\u00e9rletek, \u00edgy tavaly az EU-ban a \u03b2-thalassemia kezel\u00e9s\u00e9re fogadtak be egy v\u00edrusvektort haszn\u00e1l\u00f3 g\u00e9nter\u00e1pi\u00e1s elj\u00e1r\u00e1st, ami a \u03b2-globin g\u00e9nj\u00e9nek m\u0171k\u00f6d\u0151 k\u00f3pi\u00e1j\u00e1t juttatja a v\u00f6r\u00f6sv\u00e9rtesteket termel\u0151 \u0151ssejtekbe, \u00e9s hasonl\u00f3 megk\u00f6zel\u00edt\u00e9st alkalmaz\u00f3 klinikai vizsg\u00e1latok sarl\u00f3sejtes v\u00e9rszeg\u00e9nys\u00e9g eset\u00e9n is folynak az USA-ban. Ezeknek a g\u00e9nter\u00e1pi\u00e1s m\u00f3dszereknek a hat\u00e1s\u00e1ra eg\u00e9szs\u00e9ges feln\u0151tt t\u00edpus\u00fa hemoglobin szintetiz\u00e1l\u00f3dik, ami k\u00e9t a- \u00e9s k\u00e9t \u03b2-globin l\u00e1ncb\u00f3l tev\u0151dik \u00f6ssze. A g\u00e9nszerkeszt\u00e9st \u00e9s az RNS-technol\u00f3gi\u00e1t haszn\u00e1l\u00f3 g\u00e9nter\u00e1pi\u00e1s m\u00f3dszerek m\u00e1s megk\u00f6zel\u00edt\u00e9st alkalmaznak: nem a m\u0171k\u00f6d\u0151 g\u00e9n k\u00f3pi\u00e1j\u00e1t juttatnak be a hematopoetikus \u0151ssejtekbe, hanem egy olyan hemoglobin-alegys\u00e9g termel\u00e9s\u00e9t serkentik, ami norm\u00e1lis esetben csak a magzatban expressz\u00e1l\u00f3dik (c-globin). Mindk\u00e9t \u00faj m\u00f3dszerrel a magzati hemoglobin-l\u00e1ncot k\u00f3dol\u00f3 g\u00e9n m\u0171k\u00f6d\u00e9s\u00e9t kikapcsol\u00f3 g\u00e9nt (BCL11A) veszik c\u00e9lba: a CRISPR-Cas9 g\u00e9nszerkeszt\u0151 eszk\u00f6zzel kiv\u00e1gj\u00e1k a kikapcsol\u00f3 g\u00e9nt, m\u00edg az RNS-csendes\u00edt\u00e9ssel blokkolj\u00e1k mRNS-\u00e9t. A g\u00e9nter\u00e1pi\u00e1s m\u00f3dszereket ex vivo: a csontvel\u0151b\u0151l kinyert hematopoetikus \u0151ssejteken alkalmazz\u00e1k, majd a marad\u00e9k \u0151ssejtek elpuszt\u00edt\u00e1sa ut\u00e1n az \u00e1talak\u00edtott \u0151ssejteket juttatj\u00e1k vissza a szervezetbe. A NEJM-tanulm\u00e1nyok csak 2, illetve 6 beteg \u2013 sikeres \u2013 kezel\u00e9s\u00e9r\u0151l sz\u00e1molnak be, azonban a Nature-cikk szerint az\u00f3ta tov\u00e1bbi 17, illetve 3 kezel\u00e9s eredm\u00e9nye is rendelkez\u00e9sre \u00e1ll. Eddig valamennyi kezel\u00e9s sikeresnek bizonyult, amennyiben a betegeknek a beavatkoz\u00e1st\u00f3l eltelt m\u00e1sf\u00e9l \u00e9v alatt nem volt sz\u00fcks\u00e9g\u00fck v\u00e9r\u00e1t\u00f6mleszt\u00e9sre, \u00e9s f\u00e1jdalomkr\u00edzisr\u0151l sem sz\u00e1moltak be; a mell\u00e9khat\u00e1sok (infekci\u00f3, hasi f\u00e1jdalom) mind a csontvel\u0151-abl\u00e1ci\u00f3 k\u00f6vetkezt\u00e9ben j\u00f6ttek l\u00e9tre, \u00e9s r\u00f6vid id\u0151n bel\u00fcl elm\u00faltak. A kutat\u00f3k a tov\u00e1bbiakban a csontvel\u0151-abl\u00e1ci\u00f3 kevesebb mell\u00e9khat\u00e1ssal j\u00e1r\u00f3 m\u00f3dszer\u00e9t szeretn\u00e9k kifejleszteni. C\u00edm: Molekul\u00e1ris betegs\u00e9gre molekul\u00e1ris ter\u00e1pia Szerz\u0151: Dr. K. A. Weboldal: OTSZ Online Felt\u00f6lt\u00e9s ideje: 2020. december 30. 08:30 Let\u00f6lt\u00e9s: 2021.01.05. 18:35 Link: http:\/\/otszonline.hu\/cikk\/molekularis_betegsegre_molekularis_terapia<\/p>\n","protected":false},"author":1,"featured_media":0,"parent":0,"menu_order":0,"comment_status":"closed","ping_status":"closed","template":"","meta":{"_monsterinsights_skip_tracking":false,"_monsterinsights_sitenote_active":false,"_monsterinsights_sitenote_note":"","_monsterinsights_sitenote_category":0,"footnotes":""},"class_list":["post-1377","page","type-page","status-publish","hentry"],"_links":{"self":[{"href":"http:\/\/vedettseg.hu\/wordpress\/wp-json\/wp\/v2\/pages\/1377","targetHints":{"allow":["GET"]}}],"collection":[{"href":"http:\/\/vedettseg.hu\/wordpress\/wp-json\/wp\/v2\/pages"}],"about":[{"href":"http:\/\/vedettseg.hu\/wordpress\/wp-json\/wp\/v2\/types\/page"}],"author":[{"embeddable":true,"href":"http:\/\/vedettseg.hu\/wordpress\/wp-json\/wp\/v2\/users\/1"}],"replies":[{"embeddable":true,"href":"http:\/\/vedettseg.hu\/wordpress\/wp-json\/wp\/v2\/comments?post=1377"}],"version-history":[{"count":1,"href":"http:\/\/vedettseg.hu\/wordpress\/wp-json\/wp\/v2\/pages\/1377\/revisions"}],"predecessor-version":[{"id":1378,"href":"http:\/\/vedettseg.hu\/wordpress\/wp-json\/wp\/v2\/pages\/1377\/revisions\/1378"}],"wp:attachment":[{"href":"http:\/\/vedettseg.hu\/wordpress\/wp-json\/wp\/v2\/media?parent=1377"}],"curies":[{"name":"wp","href":"https:\/\/api.w.org\/{rel}","templated":true}]}}