{"id":1381,"date":"2021-01-25T17:37:15","date_gmt":"2021-01-25T17:37:15","guid":{"rendered":"http:\/\/vedettseg.hu\/wordpress\/?page_id=1381"},"modified":"2021-01-25T17:37:15","modified_gmt":"2021-01-25T17:37:15","slug":"bolyaisok-manczinger-mate-kutatoorvos","status":"publish","type":"page","link":"http:\/\/vedettseg.hu\/wordpress\/bolyaisok-manczinger-mate-kutatoorvos\/","title":{"rendered":"\u201eBolyaisok\u201d \u2013 Manczinger M\u00e1t\u00e9 kutat\u00f3orvos"},"content":{"rendered":"<p>A tumorellenes immunter\u00e1pia hat\u00e9konys\u00e1g\u00e1nak jav\u00edt\u00e1s\u00e1hoz j\u00e1rulnak hozz\u00e1 azok a tudom\u00e1nyos eredm\u00e9nyek, amelyeket az MTA Bolyai J\u00e1nos Kutat\u00e1si \u00d6szt\u00f6nd\u00edja t\u00e1mogat\u00e1s\u00e1nak is k\u00f6sz\u00f6nhet\u0151en \u00e9rt el a szegedi orvos. Kutat\u00e1sai ismertet\u00e9s\u00e9vel folytatjuk azokat a Bolyai-\u00f6szt\u00f6nd\u00edjasokat bemutat\u00f3 sorozatunkat, akik e t\u00e1mogat\u00e1snak is k\u00f6sz\u00f6nhet\u0151en v\u00e9gezt\u00e9k, illetve v\u00e9gzik tudom\u00e1nyos tev\u00e9kenys\u00e9g\u00fcket \u2013 a Kurat\u00f3rium munk\u00e1j\u00e1t seg\u00edt\u0151 11 szak\u00e9rt\u0151i koll\u00e9gium szerint kiv\u00e1l\u00f3an.<br \/>\n\u201eAz immunrendszer feladata elk\u00fcl\u00f6n\u00edteni a k\u00f3rokoz\u00f3kat a saj\u00e1t sejtjeinkt\u0151l \u00e9s egy\u00e9b vesz\u00e9lytelen mikroorganizmusokt\u00f3l. Ebben alapvet\u0151 szerep\u00fck van az \u00fan. hum\u00e1n leukocita antig\u00e9n (HLA) molekul\u00e1knak, amelyek megk\u00f6tik a saj\u00e1t \u00e9s idegen feh\u00e9rj\u00e9ket, \u00e9s megismertetik vel\u00fck az immunrendszert \u2013 mondta Manczinger M\u00e1t\u00e9. \u2013 A HLA-molekul\u00e1kat rendk\u00edv\u00fcli genetikai v\u00e1ltozatoss\u00e1g jellemzi, aminek eredm\u00e9nyek\u00e9nt nagy val\u00f3sz\u00edn\u0171s\u00e9ggel az egyes emberekben elt\u00e9r\u0151 vari\u00e1nsokat tal\u00e1lunk. L\u00e9teznek \u00fan. generalista vari\u00e1nsok, amelyek sok elt\u00e9r\u0151 feh\u00e9rj\u00e9t k\u00f6tnek meg \u00e9s mutatnak be az immunrendszernek, m\u00edg a specialist\u00e1k l\u00e9nyegesen kevesebb elt\u00e9r\u0151 feh\u00e9rje bemutat\u00e1s\u00e1ra k\u00e9pesek.\u201d<br \/>\nManczinger M\u00e1t\u00e9 \u00e9s kutat\u00f3t\u00e1rsai kimutatt\u00e1k, hogy a generalist\u00e1k olyan ter\u00fcleteken (pl. D\u00e9lkelet-\u00c1zsia) terjedtek el, ahol sokf\u00e9le k\u00f3rokoz\u00f3 tal\u00e1lhat\u00f3.<br \/>\nMint elmondta, ennek az a magyar\u00e1zata, hogy ezek a vari\u00e1nsok t\u00f6bb k\u00f3rokoz\u00f3 feh\u00e9rj\u00e9j\u00e9t k\u00e9pesek bemutatni, \u00edgy az ilyen ter\u00fcleteken \u00e9l\u0151k hat\u00e9konyabban v\u00e9dekezhetnek a nagysz\u00e1m\u00fa fert\u0151z\u0151 betegs\u00e9ggel szemben. Ugyanakkor fontos tiszt\u00e1zand\u00f3 k\u00e9rd\u00e9s, hogy a generalista vari\u00e1nsok egy konkr\u00e9t fert\u0151z\u0151 betegs\u00e9g (pl. a Covid-19) eset\u00e9n mekkora el\u0151nyt biztos\u00edtanak a specialist\u00e1kkal szemben. Ennek a probl\u00e9m\u00e1nak a tiszt\u00e1z\u00e1s\u00e1ra jelenleg is folytatnak kutat\u00e1sokat.<br \/>\nManczinger M\u00e1t\u00e9 szerint a HLA-molekul\u00e1k szerep\u00e9nek pontosabb megismer\u00e9se kulcsfontoss\u00e1g\u00fa az immunrendszer m\u0171k\u00f6d\u00e9se szempontj\u00e1b\u00f3l. \u201eAz ut\u00f3bbi \u00e9vtizedben v\u00e1lt elterjedtt\u00e9 a tumorellenes immunter\u00e1pia, amely sok tumort\u00edpus eset\u00e9ben a leghat\u00e9konyabb kezel\u00e9si m\u00f3d. A ter\u00e1pia sor\u00e1n k\u00fcl\u00f6nf\u00e9le gy\u00f3gyszerekkel a tumorellenes immunv\u00e1laszt er\u0151s\u00edtj\u00fck fel, ami a tumor pusztul\u00e1s\u00e1t eredm\u00e9nyezi. Az immunter\u00e1pia jelent\u0151s\u00e9g\u00e9t mutatja, hogy a t\u00e9m\u00e1val kapcsolatos \u00fatt\u00f6r\u0151 kutat\u00e1sok\u00e9rt 2018-ban orvostudom\u00e1nyi Nobel-d\u00edjat adom\u00e1nyoztak\u201d \u2013 mondta.<br \/>\nA generalista HLA-molekul\u00e1k tanulm\u00e1nyoz\u00e1sa k\u00f6zben meglep\u0151 dolgot fedeztek fel. \u201eAzt gondolhatn\u00e1nk, hogy ezeknek a molekul\u00e1knak a hordoz\u00e1sa az immunter\u00e1pi\u00e1val kezelt tumoros betegek jobb t\u00fal\u00e9l\u00e9s\u00e9t eredm\u00e9nyezi, hiszen t\u00f6bb mut\u00e1ns feh\u00e9rje bemutat\u00e1s\u00e1ra k\u00e9pesek. Meglep\u0151 m\u00f3don ennek pont az ellenkez\u0151j\u00e9t tapasztaltuk: a generalista HLA-molekul\u00e1kat hordoz\u00f3 betegek t\u00fal\u00e9l\u00e9se sokkal rosszabb volt immunter\u00e1pi\u00e1t k\u00f6vet\u0151en.\u201d<br \/>\nA kutat\u00f3kat term\u00e9szetesen nem hagyta nyugodni a k\u00e9rd\u00e9s, hogy mi lehet ennek a h\u00e1tter\u00e9ben. Kutat\u00e1saik sor\u00e1n kimutatt\u00e1k, hogy a generalista HLA-molekul\u00e1k hordoz\u00e1sa cs\u00f6kkenti az immunrendszer megk\u00fcl\u00f6nb\u00f6ztet\u0151 k\u00e9pess\u00e9g\u00e9t.<br \/>\nEz k\u00f3rokoz\u00f3k felismer\u00e9se sor\u00e1n nem h\u00e1tr\u00e1nyos, mert a feh\u00e9rj\u00e9ik l\u00e9nyegesen elt\u00e9rnek a mieinkt\u0151l, \u00e9s \u00edgy a felismer\u00e9s\u00fck nem szenved csorb\u00e1t. \u201eUgyanakkor a tumoros feh\u00e9rj\u00e9k hasonl\u00f3ak a saj\u00e1t feh\u00e9rj\u00e9inkhez, ez\u00e9rt ezeket az immunrendszer ink\u00e1bb toler\u00e1lja, mintsem hogy elpuszt\u00edtan\u00e1 \u0151ket\u201d \u2013 mondta Manczinger M\u00e1t\u00e9, aki \u00fagy \u00f6sszegezte a felismer\u00e9st, hogy a generalista HLA-molekul\u00e1k hordoz\u00e1sa eset\u00e9n a mennyis\u00e9g a min\u0151s\u00e9g rov\u00e1s\u00e1ra megy, aminek a tumorellenes immunv\u00e1lasz l\u00e1tja k\u00e1r\u00e1t.<br \/>\nA kutat\u00f3 2018-ban nyerte el az MTA Bolyai J\u00e1nos Kutat\u00e1si \u00d6szt\u00f6nd\u00edj\u00e1t. Az elismer\u00e9snek k\u00f6sz\u00f6nhet\u0151en kutat\u00e1suk kiemelt figyelmet kap, ami elengedhetetlen ahhoz, hogy kutat\u00f3csoportja folyamatosan fejl\u0151dhessen \u00e9s gyarapodhasson. Tudom\u00e1nyos munk\u00e1j\u00e1t jelenleg h\u00e1rom PhD-hallgat\u00f3 \u00e9s a Szegedi Tud\u00f3s Akad\u00e9mia k\u00e9t di\u00e1kj\u00e1nak seg\u00edts\u00e9g\u00e9vel v\u00e9gzi.<br \/>\nManczinger M\u00e1t\u00e9 k\u00e9t, az eredm\u00e9nyeit \u00f6sszefoglal\u00f3 publik\u00e1ci\u00f3ja az al\u00e1bbi linkeken olvashat\u00f3:<br \/>\n<a href=\"https:\/\/journals.plos.org\/plosbiology\/article?id=10.1371\/journal.pbio.3000131\">https:\/\/journals.plos.org\/plosbiology\/article?id=10.1371\/journal.pbio.3000131<\/a><br \/>\n<a href=\"https:\/\/www.biorxiv.org\/content\/10.1101\/2020.06.25.170472v1\">https:\/\/www.biorxiv.org\/content\/10.1101\/2020.06.25.170472v1<\/a><\/p>\n<p>C\u00edm: \u201eBolyaisok\u201d \u2013 Manczinger M\u00e1t\u00e9 kutat\u00f3orvos<br \/>\nSzerz\u0151: nincs felt\u00fcntetve<br \/>\nWeboldal: mta.hu<br \/>\nFelt\u00f6lt\u00e9s ideje: 2020. okt\u00f3ber 12.<br \/>\nLet\u00f6lt\u00e9s: 2020. okt\u00f3ber 30. 10:45<br \/>\nLink: <a href=\"https:\/\/mta.hu\/mta_hirei\/bolyaisok-manczinger-mate-kutatoorvos-110857\">https:\/\/mta.hu\/mta_hirei\/bolyaisok-manczinger-mate-kutatoorvos-110857<\/a><\/p>\n","protected":false},"excerpt":{"rendered":"<p>A tumorellenes immunter\u00e1pia hat\u00e9konys\u00e1g\u00e1nak jav\u00edt\u00e1s\u00e1hoz j\u00e1rulnak hozz\u00e1 azok a tudom\u00e1nyos eredm\u00e9nyek, amelyeket az MTA Bolyai J\u00e1nos Kutat\u00e1si \u00d6szt\u00f6nd\u00edja t\u00e1mogat\u00e1s\u00e1nak is k\u00f6sz\u00f6nhet\u0151en \u00e9rt el a szegedi orvos. Kutat\u00e1sai ismertet\u00e9s\u00e9vel folytatjuk azokat a Bolyai-\u00f6szt\u00f6nd\u00edjasokat bemutat\u00f3 sorozatunkat, akik e t\u00e1mogat\u00e1snak is k\u00f6sz\u00f6nhet\u0151en v\u00e9gezt\u00e9k, illetve v\u00e9gzik tudom\u00e1nyos tev\u00e9kenys\u00e9g\u00fcket \u2013 a Kurat\u00f3rium munk\u00e1j\u00e1t seg\u00edt\u0151 11 szak\u00e9rt\u0151i koll\u00e9gium szerint kiv\u00e1l\u00f3an. \u201eAz immunrendszer feladata elk\u00fcl\u00f6n\u00edteni a k\u00f3rokoz\u00f3kat a saj\u00e1t sejtjeinkt\u0151l \u00e9s egy\u00e9b vesz\u00e9lytelen mikroorganizmusokt\u00f3l. Ebben alapvet\u0151 szerep\u00fck van az \u00fan. hum\u00e1n leukocita antig\u00e9n (HLA) molekul\u00e1knak, amelyek megk\u00f6tik a saj\u00e1t \u00e9s idegen feh\u00e9rj\u00e9ket, \u00e9s megismertetik vel\u00fck az immunrendszert \u2013 mondta Manczinger M\u00e1t\u00e9. \u2013 A HLA-molekul\u00e1kat rendk\u00edv\u00fcli genetikai v\u00e1ltozatoss\u00e1g jellemzi, aminek eredm\u00e9nyek\u00e9nt nagy val\u00f3sz\u00edn\u0171s\u00e9ggel az egyes emberekben elt\u00e9r\u0151 vari\u00e1nsokat tal\u00e1lunk. L\u00e9teznek \u00fan. generalista vari\u00e1nsok, amelyek sok elt\u00e9r\u0151 feh\u00e9rj\u00e9t k\u00f6tnek meg \u00e9s mutatnak be az immunrendszernek, m\u00edg a specialist\u00e1k l\u00e9nyegesen kevesebb elt\u00e9r\u0151 feh\u00e9rje bemutat\u00e1s\u00e1ra k\u00e9pesek.\u201d Manczinger M\u00e1t\u00e9 \u00e9s kutat\u00f3t\u00e1rsai kimutatt\u00e1k, hogy a generalist\u00e1k olyan ter\u00fcleteken (pl. D\u00e9lkelet-\u00c1zsia) terjedtek el, ahol sokf\u00e9le k\u00f3rokoz\u00f3 tal\u00e1lhat\u00f3. Mint elmondta, ennek az a magyar\u00e1zata, hogy ezek a vari\u00e1nsok t\u00f6bb k\u00f3rokoz\u00f3 feh\u00e9rj\u00e9j\u00e9t k\u00e9pesek bemutatni, \u00edgy az ilyen ter\u00fcleteken \u00e9l\u0151k hat\u00e9konyabban v\u00e9dekezhetnek a nagysz\u00e1m\u00fa fert\u0151z\u0151 betegs\u00e9ggel szemben. Ugyanakkor fontos tiszt\u00e1zand\u00f3 k\u00e9rd\u00e9s, hogy a generalista vari\u00e1nsok egy konkr\u00e9t fert\u0151z\u0151 betegs\u00e9g (pl. a Covid-19) eset\u00e9n mekkora el\u0151nyt biztos\u00edtanak a specialist\u00e1kkal szemben. Ennek a probl\u00e9m\u00e1nak a tiszt\u00e1z\u00e1s\u00e1ra jelenleg is folytatnak kutat\u00e1sokat. Manczinger M\u00e1t\u00e9 szerint a HLA-molekul\u00e1k szerep\u00e9nek pontosabb megismer\u00e9se kulcsfontoss\u00e1g\u00fa az immunrendszer m\u0171k\u00f6d\u00e9se szempontj\u00e1b\u00f3l. \u201eAz ut\u00f3bbi \u00e9vtizedben v\u00e1lt elterjedtt\u00e9 a tumorellenes immunter\u00e1pia, amely sok tumort\u00edpus eset\u00e9ben a leghat\u00e9konyabb kezel\u00e9si m\u00f3d. A ter\u00e1pia sor\u00e1n k\u00fcl\u00f6nf\u00e9le gy\u00f3gyszerekkel a tumorellenes immunv\u00e1laszt er\u0151s\u00edtj\u00fck fel, ami a tumor pusztul\u00e1s\u00e1t eredm\u00e9nyezi. Az immunter\u00e1pia jelent\u0151s\u00e9g\u00e9t mutatja, hogy a t\u00e9m\u00e1val kapcsolatos \u00fatt\u00f6r\u0151 kutat\u00e1sok\u00e9rt 2018-ban orvostudom\u00e1nyi Nobel-d\u00edjat adom\u00e1nyoztak\u201d \u2013 mondta. A generalista HLA-molekul\u00e1k tanulm\u00e1nyoz\u00e1sa k\u00f6zben meglep\u0151 dolgot fedeztek fel. \u201eAzt gondolhatn\u00e1nk, hogy ezeknek a molekul\u00e1knak a hordoz\u00e1sa az immunter\u00e1pi\u00e1val kezelt tumoros betegek jobb t\u00fal\u00e9l\u00e9s\u00e9t eredm\u00e9nyezi, hiszen t\u00f6bb mut\u00e1ns feh\u00e9rje bemutat\u00e1s\u00e1ra k\u00e9pesek. Meglep\u0151 m\u00f3don ennek pont az ellenkez\u0151j\u00e9t tapasztaltuk: a generalista HLA-molekul\u00e1kat hordoz\u00f3 betegek t\u00fal\u00e9l\u00e9se sokkal rosszabb volt immunter\u00e1pi\u00e1t k\u00f6vet\u0151en.\u201d A kutat\u00f3kat term\u00e9szetesen nem hagyta nyugodni a k\u00e9rd\u00e9s, hogy mi lehet ennek a h\u00e1tter\u00e9ben. Kutat\u00e1saik sor\u00e1n kimutatt\u00e1k, hogy a generalista HLA-molekul\u00e1k hordoz\u00e1sa cs\u00f6kkenti az immunrendszer megk\u00fcl\u00f6nb\u00f6ztet\u0151 k\u00e9pess\u00e9g\u00e9t. Ez k\u00f3rokoz\u00f3k felismer\u00e9se sor\u00e1n nem h\u00e1tr\u00e1nyos, mert a feh\u00e9rj\u00e9ik l\u00e9nyegesen elt\u00e9rnek a mieinkt\u0151l, \u00e9s \u00edgy a felismer\u00e9s\u00fck nem szenved csorb\u00e1t. \u201eUgyanakkor a tumoros feh\u00e9rj\u00e9k hasonl\u00f3ak a saj\u00e1t feh\u00e9rj\u00e9inkhez, ez\u00e9rt ezeket az immunrendszer ink\u00e1bb toler\u00e1lja, mintsem hogy elpuszt\u00edtan\u00e1 \u0151ket\u201d \u2013 mondta Manczinger M\u00e1t\u00e9, aki \u00fagy \u00f6sszegezte a felismer\u00e9st, hogy a generalista HLA-molekul\u00e1k hordoz\u00e1sa eset\u00e9n a mennyis\u00e9g a min\u0151s\u00e9g rov\u00e1s\u00e1ra megy, aminek a tumorellenes immunv\u00e1lasz l\u00e1tja k\u00e1r\u00e1t. A kutat\u00f3 2018-ban nyerte el az MTA Bolyai J\u00e1nos Kutat\u00e1si \u00d6szt\u00f6nd\u00edj\u00e1t. Az elismer\u00e9snek k\u00f6sz\u00f6nhet\u0151en kutat\u00e1suk kiemelt figyelmet kap, ami elengedhetetlen ahhoz, hogy kutat\u00f3csoportja folyamatosan fejl\u0151dhessen \u00e9s gyarapodhasson. Tudom\u00e1nyos munk\u00e1j\u00e1t jelenleg h\u00e1rom PhD-hallgat\u00f3 \u00e9s a Szegedi Tud\u00f3s Akad\u00e9mia k\u00e9t di\u00e1kj\u00e1nak seg\u00edts\u00e9g\u00e9vel v\u00e9gzi. Manczinger M\u00e1t\u00e9 k\u00e9t, az eredm\u00e9nyeit \u00f6sszefoglal\u00f3 publik\u00e1ci\u00f3ja az al\u00e1bbi linkeken olvashat\u00f3: https:\/\/journals.plos.org\/plosbiology\/article?id=10.1371\/journal.pbio.3000131 https:\/\/www.biorxiv.org\/content\/10.1101\/2020.06.25.170472v1 C\u00edm: \u201eBolyaisok\u201d \u2013 Manczinger M\u00e1t\u00e9 kutat\u00f3orvos Szerz\u0151: nincs felt\u00fcntetve Weboldal: mta.hu Felt\u00f6lt\u00e9s ideje: 2020. okt\u00f3ber 12. Let\u00f6lt\u00e9s: 2020. okt\u00f3ber 30. 10:45 Link: https:\/\/mta.hu\/mta_hirei\/bolyaisok-manczinger-mate-kutatoorvos-110857<\/p>\n","protected":false},"author":1,"featured_media":0,"parent":0,"menu_order":0,"comment_status":"closed","ping_status":"closed","template":"","meta":{"_monsterinsights_skip_tracking":false,"_monsterinsights_sitenote_active":false,"_monsterinsights_sitenote_note":"","_monsterinsights_sitenote_category":0,"footnotes":""},"class_list":["post-1381","page","type-page","status-publish","hentry"],"_links":{"self":[{"href":"http:\/\/vedettseg.hu\/wordpress\/wp-json\/wp\/v2\/pages\/1381","targetHints":{"allow":["GET"]}}],"collection":[{"href":"http:\/\/vedettseg.hu\/wordpress\/wp-json\/wp\/v2\/pages"}],"about":[{"href":"http:\/\/vedettseg.hu\/wordpress\/wp-json\/wp\/v2\/types\/page"}],"author":[{"embeddable":true,"href":"http:\/\/vedettseg.hu\/wordpress\/wp-json\/wp\/v2\/users\/1"}],"replies":[{"embeddable":true,"href":"http:\/\/vedettseg.hu\/wordpress\/wp-json\/wp\/v2\/comments?post=1381"}],"version-history":[{"count":1,"href":"http:\/\/vedettseg.hu\/wordpress\/wp-json\/wp\/v2\/pages\/1381\/revisions"}],"predecessor-version":[{"id":1382,"href":"http:\/\/vedettseg.hu\/wordpress\/wp-json\/wp\/v2\/pages\/1381\/revisions\/1382"}],"wp:attachment":[{"href":"http:\/\/vedettseg.hu\/wordpress\/wp-json\/wp\/v2\/media?parent=1381"}],"curies":[{"name":"wp","href":"https:\/\/api.w.org\/{rel}","templated":true}]}}