{"id":1383,"date":"2021-01-25T17:41:06","date_gmt":"2021-01-25T17:41:06","guid":{"rendered":"http:\/\/vedettseg.hu\/wordpress\/?page_id=1383"},"modified":"2021-01-25T17:41:06","modified_gmt":"2021-01-25T17:41:06","slug":"hatasos-a-verplazmakezeles","status":"publish","type":"page","link":"http:\/\/vedettseg.hu\/wordpress\/hatasos-a-verplazmakezeles\/","title":{"rendered":"Hat\u00e1sos a v\u00e9rplazmakezel\u00e9s"},"content":{"rendered":"<p>M\u00e1r nyolcvannyolc betegen v\u00e9gezt\u00e9k el a ter\u00e1pi\u00e1t Magyarorsz\u00e1gon \u2013 mondta Lacza Zsombor kutat\u00e1svezet\u0151.<br \/>\nA v\u00e9rplazmakezel\u00e9s hat\u00e1sos, ut\u00e1na gyorsabban lesznek v\u00edrusnegat\u00edvak a betegek \u2013 nyilatkozta lapunknak Lacza Zsombor, a Testnevel\u00e9si Egyetem tudom\u00e1nyos rektorhelyettese. A v\u00e9rplazma-ter\u00e1pi\u00e1n dolgoz\u00f3 kutat\u00f3csoport vezet\u0151je azt is elmondta, hogy ki lehet donor \u00e9s mi a kezel\u00e9s folyamata.<br \/>\n\u2013 <em>A h\u00edrekben egy indiai kutat\u00e1s alapj\u00e1n azt hallhattuk, hogy m\u00e9gsem hat\u00e1sos a v\u00e9rplazm\u00e1s kezel\u00e9s. Mi az igazs\u00e1g?<\/em><br \/>\n\u2013 R\u00e9szletesen kielemeztem azt a kutat\u00e1st. Le\u00edrt\u00e1k, hogy a plazma m\u00e9g az \u0151 betegeikn\u00e9l is az elv\u00e1rt hat\u00e9konys\u00e1got mutatta. Akik a plazm\u00e1t kapt\u00e1k, gyorsabban lettek v\u00edrusnegat\u00edvak. Azonban ebben a vizsg\u00e1latban ez nem volt el\u00e9g ahhoz, hogy a hal\u00e1loz\u00e1st cs\u00f6kkentse. Ennek t\u00f6bb oka lehet. Val\u00f3sz\u00edn\u0171leg olyan betegeket is kezeltek, akik k\u00e9s\u0151n kapt\u00e1k a ter\u00e1pi\u00e1t. Teh\u00e1t min\u00e9l kor\u00e1bban alkalmazzuk, ann\u00e1l jobb.<br \/>\n\u2013 <em>Ennek a tanulm\u00e1nynak milyen hat\u00e1sa lehet a hazai kezel\u00e9sekre?<\/em><br \/>\n\u2013 Nem fog megsz\u0171nni n\u00e1lunk ez a fajta kezel\u00e9s. Mi is olvassuk a szakirodalmat, el\u00e9g sok adat j\u00f6n ki. Rendszeresen pontos\u00edtjuk a protokollt.<br \/>\n\u2013 <em>Mennyire hat\u00e1sos a v\u00e9rplazm\u00e1s kezel\u00e9s?<\/em><br \/>\n\u2013 Neh\u00e9z erre r\u00f6viden v\u00e1laszolni. Egy nagy amerikai vizsg\u00e1latban azt tapasztalt\u00e1k h\u00faszezer plazmaad\u00e1s ut\u00e1n, hogy amennyiben magas ellenanyag-tartalm\u00fa plazm\u00e1t kapott a beteg a k\u00f3rh\u00e1zba ker\u00fcl\u00e9s ut\u00e1n h\u00e1rom napon bel\u00fcl, akkor az \u00e1tlagos, 13,5 sz\u00e1zal\u00e9k k\u00f6r\u00fcli hal\u00e1loz\u00e1si ar\u00e1ny kilenc sz\u00e1zal\u00e9kra cs\u00f6kkent. Ez 30-35 sz\u00e1zal\u00e9kos javul\u00e1st jelent.<br \/>\n\u2013 <em>Hogy n\u00e9z ki maga a folyamat?<\/em><br \/>\n\u2013 Sok apr\u00f3 l\u00e9p\u00e9sb\u0151l \u00e1ll. Amikor valaki meggy\u00f3gyul a Covidb\u00f3l, jelentkezhet, hogy szeretne plazm\u00e1t adni, amit e-mailben, az info@orthosera.com-on vagy telefonon, a 06-70-363-8768-as sz\u00e1mon tehet meg. Ez szigor\u00faan \u00f6nk\u00e9ntes. Ezut\u00e1n csin\u00e1lunk egy el\u0151sz\u0171r\u00e9st, amelynek sor\u00e1n megn\u00e9zz\u00fck, egy\u00e1ltal\u00e1n alkalmas-e plazmadonornak. Fontos, hogy a plazm\u00e1t ad\u00f3 18 \u00e9s 65 \u00e9v k\u00f6z\u00f6tti legyen, ne legyen kr\u00f3nikus betegs\u00e9ge, \u00e9s ne szedjen semmilyen gy\u00f3gyszert. Levesz\u00fcnk t\u0151le egy adag v\u00e9rt, amelyb\u0151l ellen\u0151rizz\u00fck, hogy elegend\u0151en magas-e az ellenanyag-termel\u00e9se.<br \/>\n\u2013 <em>Mi t\u00f6rt\u00e9nik akkor, ha valaki alkalmas donor?<\/em><br \/>\n\u2013 Egy-k\u00e9t h\u00e9ten bel\u00fcl beh\u00edvjuk plazmaad\u00e1sra, ahol hatsz\u00e1z milliliter plazm\u00e1t vesznek le. Ez olyan, mint egy v\u00e9rad\u00e1s, de j\u00f3val kev\u00e9sb\u00e9 megterhel\u0151, mert a v\u00e9r alakos elemei bent maradnak a szervezetben, csak a vizet meg az oldatos r\u00e9szt haszn\u00e1ljuk fel. Ezt a plazm\u00e1t tov\u00e1bbi ellen\u0151rz\u00e9seknek vetj\u00fck al\u00e1. K\u00f6zben t\u00f6rt\u00e9nik egy v\u00e9rcsoport-azonos\u00edt\u00e1s is. A plazm\u00e1t fagyasztva t\u00e1roljuk, majd kiolvasztjuk \u00e9s inf\u00fazi\u00f3ban beadjuk.<\/p>\n<p>\u2013 <em>Mi\u00e9rt lehet hat\u00e1sos a v\u00e9rplazmakezel\u00e9s?<\/em><br \/>\n\u2013 A hat\u00e1smechanizmusa kett\u0151s. Egyr\u00e9szt k\u00f6zvetlen\u00fcl irtja a v\u00edrust, teh\u00e1t semleges\u00edti. Nyilv\u00e1n olyannak kell adni, akinek a f\u0151 probl\u00e9m\u00e1ja az, hogy a v\u00edrusok szaporod\u00f3 f\u00e1zisban vannak a szervezet\u00e9ben, nem pedig a t\u00fcd\u0151gyullad\u00e1s hossz\u00fa t\u00e1v\u00fa k\u00f6vetkezm\u00e9nyeivel k\u00fczd. A m\u00e1sik, amikor valakinek hirtelen rosszabbodik az \u00e1llapota, amikor az immunrendszere t\u00falreag\u00e1lja a v\u00edrust. Mind a kett\u0151 arra utal, hogy akkor kell adni, amikor m\u00e9g fert\u0151z\u0151 a beteg, \u00e9s s\u00falyosbodik az \u00e1llapota.<br \/>\n\u2013 <em>A gy\u00f3gyultak h\u00e1ny sz\u00e1zal\u00e9ka tud megfelel\u0151 min\u0151s\u00e9g\u0171 v\u00e9rplazm\u00e1t adni?<\/em><br \/>\n\u2013 Az els\u0151 hull\u00e1mban az adataink el\u00e9g egy\u00e9rtelm\u0171ek voltak. Az \u00f6nk\u00e9ntes jelentkez\u0151k t\u00edz sz\u00e1zal\u00e9k\u00e1t\u00f3l tudtunk v\u00e9rplazm\u00e1t venni. Most javulnak a sz\u00e1mok, de els\u0151sorban az\u00e9rt, mert jobban tudjuk el\u0151re, hogy ki az, aki tud adni. Jelenleg minden harmadik jelentkez\u0151 alkalmas.<br \/>\n\u2013 <em>Mik a visszajelz\u00e9sek?<\/em><br \/>\n\u2013 Az orvosok visszajelz\u00e9sei alapj\u00e1n l\u00e1that\u00f3an m\u00e1snapra javul a betegek \u00e1llapota egy-egy kezel\u00e9s ut\u00e1n. A gyullad\u00e1sos param\u00e9tereik cs\u00f6kkennek. A plazma ad egy l\u00f6k\u00e9st a j\u00f3 ir\u00e1nyba, ez sok embernek seg\u00edt abban, hogy meg\u00fassza a l\u00e9legeztet\u0151g\u00e9pre ker\u00fcl\u00e9st.<br \/>\n\u2013 <em>Sokan ak\u00e1r h\u00f3napokig is k\u00fczdenek mell\u00e9khat\u00e1sokkal. Mennyi id\u0151 alatt lehet teljesen fel\u00e9p\u00fclni a betegs\u00e9gb\u0151l?<\/em><br \/>\n\u2013 Maga a v\u00edrus nincs sok\u00e1ig jelen a szervezetben. A betegek legnagyobb r\u00e9sz\u00e9ben ez k\u00e9t-h\u00e1rom h\u00e9t, azokn\u00e1l is, akik sok\u00e1ig k\u00f3rh\u00e1zban fekszenek. \u0150k sem konkr\u00e9tan a v\u00edrussal k\u00fczdenek, hanem a v\u00edrus \u00e1ltal elpuszt\u00edtott t\u00fcd\u0151sz\u00f6vetek regener\u00e1ci\u00f3j\u00e1val, ez\u00e9rt szorulnak hosszas l\u00e9legeztet\u00e9sre. Visszah\u00edvtunk telefonon sz\u00e1znegyven olyan donort, akik az els\u0151 hull\u00e1mban jelentkeztek. Negyvenk\u00e9t sz\u00e1zal\u00e9kuknak maradand\u00f3 panaszaik vannak, jellemz\u0151en neh\u00e9z l\u00e9gz\u00e9s, h\u0151emelked\u00e9s, \u00edz\u00e9rz\u00e9kel\u00e9s- \u00e9s szagl\u00e1sveszt\u00e9s, f\u00e1rad\u00e9konys\u00e1g ak\u00e1r h\u00f3napokig is.<br \/>\n\u2013 <em>H\u00e1nyan kaptak eddig v\u00e9rplazm\u00e1s kezel\u00e9st?<\/em><br \/>\n\u2013 Eddig nyolcvannyolc ilyen kezel\u00e9st v\u00e9gezt\u00fcnk. Huszonh\u00e1rmat az els\u0151 hull\u00e1mban, a t\u00f6bbit pedig az elm\u00falt k\u00e9t h\u00f3napban.<br \/>\n\u2013 <em>Csak annak van megfelel\u0151 v\u00e9rplazm\u00e1ja, aki t\u00fcnetekkel esett \u00e1t a betegs\u00e9gen?<\/em><br \/>\n\u2013 Nem. L\u00e1tunk olyanokat, akiknek szinte semmi t\u00fcnet\u00fck nem volt, m\u00e9gis nagyon er\u0151s az ellenanyagszintj\u00fck, \u00e9s olyanokat is, akiknek nagyon er\u0151s t\u00fcneteik voltak, de p\u00e1r h\u00e9ttel k\u00e9s\u0151bb semmi ellenanyag nincs a szervezet\u00fckben.<\/p>\n<p>C\u00edm: Hat\u00e1sos a v\u00e9rplazmakezel\u00e9s<br \/>\nSzerz\u0151: Kochan Krisztina<br \/>\nWeboldal: magyarhirlap.hu<br \/>\nFelt\u00f6lt\u00e9s ideje: 2020. okt\u00f3ber 28. 2:45, friss\u00edtve: 2020. okt\u00f3ber 28. 5:05<br \/>\nLet\u00f6lt\u00e9s: 2020. okt\u00f3ber 30. 10:16<br \/>\nLink: <a href=\"https:\/\/www.magyarhirlap.hu\/belfold\/20201028-hatasos-a-verplazmakezeles\">https:\/\/www.magyarhirlap.hu\/belfold\/20201028-hatasos-a-verplazmakezeles<\/a><\/p>\n","protected":false},"excerpt":{"rendered":"<p>M\u00e1r nyolcvannyolc betegen v\u00e9gezt\u00e9k el a ter\u00e1pi\u00e1t Magyarorsz\u00e1gon \u2013 mondta Lacza Zsombor kutat\u00e1svezet\u0151. A v\u00e9rplazmakezel\u00e9s hat\u00e1sos, ut\u00e1na gyorsabban lesznek v\u00edrusnegat\u00edvak a betegek \u2013 nyilatkozta lapunknak Lacza Zsombor, a Testnevel\u00e9si Egyetem tudom\u00e1nyos rektorhelyettese. A v\u00e9rplazma-ter\u00e1pi\u00e1n dolgoz\u00f3 kutat\u00f3csoport vezet\u0151je azt is elmondta, hogy ki lehet donor \u00e9s mi a kezel\u00e9s folyamata. \u2013 A h\u00edrekben egy indiai kutat\u00e1s alapj\u00e1n azt hallhattuk, hogy m\u00e9gsem hat\u00e1sos a v\u00e9rplazm\u00e1s kezel\u00e9s. Mi az igazs\u00e1g? \u2013 R\u00e9szletesen kielemeztem azt a kutat\u00e1st. Le\u00edrt\u00e1k, hogy a plazma m\u00e9g az \u0151 betegeikn\u00e9l is az elv\u00e1rt hat\u00e9konys\u00e1got mutatta. Akik a plazm\u00e1t kapt\u00e1k, gyorsabban lettek v\u00edrusnegat\u00edvak. Azonban ebben a vizsg\u00e1latban ez nem volt el\u00e9g ahhoz, hogy a hal\u00e1loz\u00e1st cs\u00f6kkentse. Ennek t\u00f6bb oka lehet. Val\u00f3sz\u00edn\u0171leg olyan betegeket is kezeltek, akik k\u00e9s\u0151n kapt\u00e1k a ter\u00e1pi\u00e1t. Teh\u00e1t min\u00e9l kor\u00e1bban alkalmazzuk, ann\u00e1l jobb. \u2013 Ennek a tanulm\u00e1nynak milyen hat\u00e1sa lehet a hazai kezel\u00e9sekre? \u2013 Nem fog megsz\u0171nni n\u00e1lunk ez a fajta kezel\u00e9s. Mi is olvassuk a szakirodalmat, el\u00e9g sok adat j\u00f6n ki. Rendszeresen pontos\u00edtjuk a protokollt. \u2013 Mennyire hat\u00e1sos a v\u00e9rplazm\u00e1s kezel\u00e9s? \u2013 Neh\u00e9z erre r\u00f6viden v\u00e1laszolni. Egy nagy amerikai vizsg\u00e1latban azt tapasztalt\u00e1k h\u00faszezer plazmaad\u00e1s ut\u00e1n, hogy amennyiben magas ellenanyag-tartalm\u00fa plazm\u00e1t kapott a beteg a k\u00f3rh\u00e1zba ker\u00fcl\u00e9s ut\u00e1n h\u00e1rom napon bel\u00fcl, akkor az \u00e1tlagos, 13,5 sz\u00e1zal\u00e9k k\u00f6r\u00fcli hal\u00e1loz\u00e1si ar\u00e1ny kilenc sz\u00e1zal\u00e9kra cs\u00f6kkent. Ez 30-35 sz\u00e1zal\u00e9kos javul\u00e1st jelent. \u2013 Hogy n\u00e9z ki maga a folyamat? \u2013 Sok apr\u00f3 l\u00e9p\u00e9sb\u0151l \u00e1ll. Amikor valaki meggy\u00f3gyul a Covidb\u00f3l, jelentkezhet, hogy szeretne plazm\u00e1t adni, amit e-mailben, az info@orthosera.com-on vagy telefonon, a 06-70-363-8768-as sz\u00e1mon tehet meg. Ez szigor\u00faan \u00f6nk\u00e9ntes. Ezut\u00e1n csin\u00e1lunk egy el\u0151sz\u0171r\u00e9st, amelynek sor\u00e1n megn\u00e9zz\u00fck, egy\u00e1ltal\u00e1n alkalmas-e plazmadonornak. Fontos, hogy a plazm\u00e1t ad\u00f3 18 \u00e9s 65 \u00e9v k\u00f6z\u00f6tti legyen, ne legyen kr\u00f3nikus betegs\u00e9ge, \u00e9s ne szedjen semmilyen gy\u00f3gyszert. Levesz\u00fcnk t\u0151le egy adag v\u00e9rt, amelyb\u0151l ellen\u0151rizz\u00fck, hogy elegend\u0151en magas-e az ellenanyag-termel\u00e9se. \u2013 Mi t\u00f6rt\u00e9nik akkor, ha valaki alkalmas donor? \u2013 Egy-k\u00e9t h\u00e9ten bel\u00fcl beh\u00edvjuk plazmaad\u00e1sra, ahol hatsz\u00e1z milliliter plazm\u00e1t vesznek le. Ez olyan, mint egy v\u00e9rad\u00e1s, de j\u00f3val kev\u00e9sb\u00e9 megterhel\u0151, mert a v\u00e9r alakos elemei bent maradnak a szervezetben, csak a vizet meg az oldatos r\u00e9szt haszn\u00e1ljuk fel. Ezt a plazm\u00e1t tov\u00e1bbi ellen\u0151rz\u00e9seknek vetj\u00fck al\u00e1. K\u00f6zben t\u00f6rt\u00e9nik egy v\u00e9rcsoport-azonos\u00edt\u00e1s is. A plazm\u00e1t fagyasztva t\u00e1roljuk, majd kiolvasztjuk \u00e9s inf\u00fazi\u00f3ban beadjuk. \u2013 Mi\u00e9rt lehet hat\u00e1sos a v\u00e9rplazmakezel\u00e9s? \u2013 A hat\u00e1smechanizmusa kett\u0151s. Egyr\u00e9szt k\u00f6zvetlen\u00fcl irtja a v\u00edrust, teh\u00e1t semleges\u00edti. Nyilv\u00e1n olyannak kell adni, akinek a f\u0151 probl\u00e9m\u00e1ja az, hogy a v\u00edrusok szaporod\u00f3 f\u00e1zisban vannak a szervezet\u00e9ben, nem pedig a t\u00fcd\u0151gyullad\u00e1s hossz\u00fa t\u00e1v\u00fa k\u00f6vetkezm\u00e9nyeivel k\u00fczd. A m\u00e1sik, amikor valakinek hirtelen rosszabbodik az \u00e1llapota, amikor az immunrendszere t\u00falreag\u00e1lja a v\u00edrust. Mind a kett\u0151 arra utal, hogy akkor kell adni, amikor m\u00e9g fert\u0151z\u0151 a beteg, \u00e9s s\u00falyosbodik az \u00e1llapota. \u2013 A gy\u00f3gyultak h\u00e1ny sz\u00e1zal\u00e9ka tud megfelel\u0151 min\u0151s\u00e9g\u0171 v\u00e9rplazm\u00e1t adni? \u2013 Az els\u0151 hull\u00e1mban az adataink el\u00e9g egy\u00e9rtelm\u0171ek voltak. Az \u00f6nk\u00e9ntes jelentkez\u0151k t\u00edz sz\u00e1zal\u00e9k\u00e1t\u00f3l tudtunk v\u00e9rplazm\u00e1t venni. Most javulnak a sz\u00e1mok, de els\u0151sorban az\u00e9rt, mert jobban tudjuk el\u0151re, hogy ki az, aki tud adni. Jelenleg minden harmadik jelentkez\u0151 alkalmas. \u2013 Mik a visszajelz\u00e9sek? \u2013 Az orvosok visszajelz\u00e9sei alapj\u00e1n l\u00e1that\u00f3an m\u00e1snapra javul a betegek \u00e1llapota egy-egy kezel\u00e9s ut\u00e1n. A gyullad\u00e1sos param\u00e9tereik cs\u00f6kkennek. A plazma ad egy l\u00f6k\u00e9st a j\u00f3 ir\u00e1nyba, ez sok embernek seg\u00edt abban, hogy meg\u00fassza a l\u00e9legeztet\u0151g\u00e9pre ker\u00fcl\u00e9st. \u2013 Sokan ak\u00e1r h\u00f3napokig is k\u00fczdenek mell\u00e9khat\u00e1sokkal. Mennyi id\u0151 alatt lehet teljesen fel\u00e9p\u00fclni a betegs\u00e9gb\u0151l? \u2013 Maga a v\u00edrus nincs sok\u00e1ig jelen a szervezetben. A betegek legnagyobb r\u00e9sz\u00e9ben ez k\u00e9t-h\u00e1rom h\u00e9t, azokn\u00e1l is, akik sok\u00e1ig k\u00f3rh\u00e1zban fekszenek. \u0150k sem konkr\u00e9tan a v\u00edrussal k\u00fczdenek, hanem a v\u00edrus \u00e1ltal elpuszt\u00edtott t\u00fcd\u0151sz\u00f6vetek regener\u00e1ci\u00f3j\u00e1val, ez\u00e9rt szorulnak hosszas l\u00e9legeztet\u00e9sre. Visszah\u00edvtunk telefonon sz\u00e1znegyven olyan donort, akik az els\u0151 hull\u00e1mban jelentkeztek. Negyvenk\u00e9t sz\u00e1zal\u00e9kuknak maradand\u00f3 panaszaik vannak, jellemz\u0151en neh\u00e9z l\u00e9gz\u00e9s, h\u0151emelked\u00e9s, \u00edz\u00e9rz\u00e9kel\u00e9s- \u00e9s szagl\u00e1sveszt\u00e9s, f\u00e1rad\u00e9konys\u00e1g ak\u00e1r h\u00f3napokig is. \u2013 H\u00e1nyan kaptak eddig v\u00e9rplazm\u00e1s kezel\u00e9st? \u2013 Eddig nyolcvannyolc ilyen kezel\u00e9st v\u00e9gezt\u00fcnk. Huszonh\u00e1rmat az els\u0151 hull\u00e1mban, a t\u00f6bbit pedig az elm\u00falt k\u00e9t h\u00f3napban. \u2013 Csak annak van megfelel\u0151 v\u00e9rplazm\u00e1ja, aki t\u00fcnetekkel esett \u00e1t a betegs\u00e9gen? \u2013 Nem. L\u00e1tunk olyanokat, akiknek szinte semmi t\u00fcnet\u00fck nem volt, m\u00e9gis nagyon er\u0151s az ellenanyagszintj\u00fck, \u00e9s olyanokat is, akiknek nagyon er\u0151s t\u00fcneteik voltak, de p\u00e1r h\u00e9ttel k\u00e9s\u0151bb semmi ellenanyag nincs a szervezet\u00fckben. C\u00edm: Hat\u00e1sos a v\u00e9rplazmakezel\u00e9s Szerz\u0151: Kochan Krisztina Weboldal: magyarhirlap.hu Felt\u00f6lt\u00e9s ideje: 2020. okt\u00f3ber 28. 2:45, friss\u00edtve: 2020. okt\u00f3ber 28. 5:05 Let\u00f6lt\u00e9s: 2020. okt\u00f3ber 30. 10:16 Link: https:\/\/www.magyarhirlap.hu\/belfold\/20201028-hatasos-a-verplazmakezeles<\/p>\n","protected":false},"author":1,"featured_media":0,"parent":0,"menu_order":0,"comment_status":"closed","ping_status":"closed","template":"","meta":{"_monsterinsights_skip_tracking":false,"_monsterinsights_sitenote_active":false,"_monsterinsights_sitenote_note":"","_monsterinsights_sitenote_category":0,"footnotes":""},"class_list":["post-1383","page","type-page","status-publish","hentry"],"_links":{"self":[{"href":"http:\/\/vedettseg.hu\/wordpress\/wp-json\/wp\/v2\/pages\/1383","targetHints":{"allow":["GET"]}}],"collection":[{"href":"http:\/\/vedettseg.hu\/wordpress\/wp-json\/wp\/v2\/pages"}],"about":[{"href":"http:\/\/vedettseg.hu\/wordpress\/wp-json\/wp\/v2\/types\/page"}],"author":[{"embeddable":true,"href":"http:\/\/vedettseg.hu\/wordpress\/wp-json\/wp\/v2\/users\/1"}],"replies":[{"embeddable":true,"href":"http:\/\/vedettseg.hu\/wordpress\/wp-json\/wp\/v2\/comments?post=1383"}],"version-history":[{"count":1,"href":"http:\/\/vedettseg.hu\/wordpress\/wp-json\/wp\/v2\/pages\/1383\/revisions"}],"predecessor-version":[{"id":1384,"href":"http:\/\/vedettseg.hu\/wordpress\/wp-json\/wp\/v2\/pages\/1383\/revisions\/1384"}],"wp:attachment":[{"href":"http:\/\/vedettseg.hu\/wordpress\/wp-json\/wp\/v2\/media?parent=1383"}],"curies":[{"name":"wp","href":"https:\/\/api.w.org\/{rel}","templated":true}]}}