{"id":1385,"date":"2021-01-25T17:43:16","date_gmt":"2021-01-25T17:43:16","guid":{"rendered":"http:\/\/vedettseg.hu\/wordpress\/?page_id=1385"},"modified":"2021-01-26T18:05:24","modified_gmt":"2021-01-26T18:05:24","slug":"a-gaucher-kor-es-tunetei","status":"publish","type":"page","link":"http:\/\/vedettseg.hu\/wordpress\/a-gaucher-kor-es-tunetei\/","title":{"rendered":"A Gaucher-k\u00f3r \u00e9s t\u00fcnetei"},"content":{"rendered":"<p>A Gaucher-k\u00f3r egy nagyon ritka lipidt\u00e1rol\u00e1si betegs\u00e9g, amely recessz\u00edv m\u00f3don \u00f6r\u00f6kl\u0151dik. Ez azt jelenti, hogy a betegs\u00e9g csak akkor alakul ki, ha az ut\u00f3d mindk\u00e9t sz\u00fcl\u0151b\u0151l hib\u00e1s g\u00e9nt kap. Az egy\u00e9bk\u00e9nt ritka betegs\u00e9g sokkal nagyobb gyakoris\u00e1ggal fordul el\u0151 bizonyos z\u00e1rtabb k\u00f6z\u00f6ss\u00e9gekben.<br \/>\nGaucher-k\u00f3rban a glukocerebrozidok, a zs\u00edranyagcsere egyes term\u00e9kei halmoz\u00f3dnak fel a sz\u00f6vetekben egy enzim (b\u00e9ta-gl\u00fckozid\u00e1z) m\u0171k\u00f6d\u00e9s\u00e9nek zavara miatt. Ez az enzim az el\u00f6regedett sejtek lebont\u00e1s\u00e1ban j\u00e1tszik szerepet.<br \/>\n<strong>A Gaucher-k\u00f3r t\u00fcnetei<\/strong><br \/>\nKlinikai t\u00fcnetei a glukocerebrozidok k\u00fcl\u00f6nb\u00f6z\u0151 szervrendszerekben t\u00f6rt\u00e9n\u0151 felhalmoz\u00f3d\u00e1s\u00e1b\u00f3l ad\u00f3dnak, ezeket k\u00e1ros\u00edtj\u00e1k.<br \/>\nA l\u00e9p megnagyobbodik, sokszor olyan nagyra n\u0151 meg, hogy a has\u00fcreg nagy r\u00e9sz\u00e9t elfoglalja. A m\u00e1j szint\u00e9n megn\u0151, de kisebb m\u00e9rt\u00e9kben.<br \/>\nA csontvel\u0151ben t\u00f6rt\u00e9n\u0151 glukocerebrozid felhalmoz\u00f3d\u00e1s t\u00f6nkreteszi a v\u00e9r alakos elemeinek k\u00e9pz\u00e9s\u00e9t, \u00edgy v\u00e9rszeg\u00e9nys\u00e9g, alacsony feh\u00e9rv\u00e9rsejtsz\u00e1m, illetve alacsony v\u00e9rlemezkesz\u00e1m j\u00f6n l\u00e9tre, ezeknek minden k\u00f6vetkezm\u00e9ny\u00e9vel.<br \/>\nA beteg v\u00e9rz\u00e9kenyebb\u00e9 v\u00e1lik, f\u00e1rad\u00e9kony \u00e9s csontf\u00e1jdalomr\u00f3l panaszkodik. A betegek csontja t\u00f6r\u00e9kenyebb az \u00e1tlagosn\u00e1l. Sokszor panaszolnak er\u0151s csontf\u00e1jdalmat. A Gaucher-k\u00f3ros gyermekek lassabban fejl\u0151dnek, alacsonyabbak maradnak, nemi \u00e9r\u00e9s\u00fck is k\u00e9s\u0151bb kezd\u0151dik.<br \/>\nB\u0151r\u00fck sz\u00edne helyenk\u00e9nt, nagyobb foltokban s\u00e1rg\u00e1s-barna. A szemek k\u00f6r\u00fcl piros foltok jelenhetnek meg.<br \/>\n<strong>A Gaucher-k\u00f3r t\u00edpusai<\/strong><\/p>\n<p><em><strong>A teljes cikk a WEBBeteg.hu port\u00e1lon olvashat\u00f3.<\/strong><\/em><br \/>\nLink: <a href=\"https:\/\/www.webbeteg.hu\/cikkek\/endokrin\/3453\/gaucher-kor-tunetei\">https:\/\/www.webbeteg.hu\/cikkek\/endokrin\/3453\/gaucher-kor-tunetei<\/a><\/p>\n<p>C\u00edm: A Gaucher-k\u00f3r \u00e9s t\u00fcnetei<br \/>\nSzerz\u0151: Dr. F\u00e1klya M\u00f3nika, gyermekgy\u00f3gy\u00e1sz, endokrinol\u00f3gus<br \/>\nWeboldal: WEBBeteg.hu<br \/>\nFelt\u00f6lt\u00e9s ideje: 2017.06.17 05:21 M\u00f3dos\u00edtva: 2020.10.01 11:07<br \/>\nLet\u00f6lt\u00e9s: 2020. okt\u00f3ber 30. 10:51<\/p>\n","protected":false},"excerpt":{"rendered":"<p>A Gaucher-k\u00f3r egy nagyon ritka lipidt\u00e1rol\u00e1si betegs\u00e9g, amely recessz\u00edv m\u00f3don \u00f6r\u00f6kl\u0151dik. Ez azt jelenti, hogy a betegs\u00e9g csak akkor alakul ki, ha az ut\u00f3d mindk\u00e9t sz\u00fcl\u0151b\u0151l hib\u00e1s g\u00e9nt kap. Az egy\u00e9bk\u00e9nt ritka betegs\u00e9g sokkal nagyobb gyakoris\u00e1ggal fordul el\u0151 bizonyos z\u00e1rtabb k\u00f6z\u00f6ss\u00e9gekben. Gaucher-k\u00f3rban a glukocerebrozidok, a zs\u00edranyagcsere egyes term\u00e9kei halmoz\u00f3dnak fel a sz\u00f6vetekben egy enzim (b\u00e9ta-gl\u00fckozid\u00e1z) m\u0171k\u00f6d\u00e9s\u00e9nek zavara miatt. Ez az enzim az el\u00f6regedett sejtek lebont\u00e1s\u00e1ban j\u00e1tszik szerepet. A Gaucher-k\u00f3r t\u00fcnetei Klinikai t\u00fcnetei a glukocerebrozidok k\u00fcl\u00f6nb\u00f6z\u0151 szervrendszerekben t\u00f6rt\u00e9n\u0151 felhalmoz\u00f3d\u00e1s\u00e1b\u00f3l ad\u00f3dnak, ezeket k\u00e1ros\u00edtj\u00e1k. A l\u00e9p megnagyobbodik, sokszor olyan nagyra n\u0151 meg, hogy a has\u00fcreg nagy r\u00e9sz\u00e9t elfoglalja. A m\u00e1j szint\u00e9n megn\u0151, de kisebb m\u00e9rt\u00e9kben. A csontvel\u0151ben t\u00f6rt\u00e9n\u0151 glukocerebrozid felhalmoz\u00f3d\u00e1s t\u00f6nkreteszi a v\u00e9r alakos elemeinek k\u00e9pz\u00e9s\u00e9t, \u00edgy v\u00e9rszeg\u00e9nys\u00e9g, alacsony feh\u00e9rv\u00e9rsejtsz\u00e1m, illetve alacsony v\u00e9rlemezkesz\u00e1m j\u00f6n l\u00e9tre, ezeknek minden k\u00f6vetkezm\u00e9ny\u00e9vel. A beteg v\u00e9rz\u00e9kenyebb\u00e9 v\u00e1lik, f\u00e1rad\u00e9kony \u00e9s csontf\u00e1jdalomr\u00f3l panaszkodik. A betegek csontja t\u00f6r\u00e9kenyebb az \u00e1tlagosn\u00e1l. Sokszor panaszolnak er\u0151s csontf\u00e1jdalmat. A Gaucher-k\u00f3ros gyermekek lassabban fejl\u0151dnek, alacsonyabbak maradnak, nemi \u00e9r\u00e9s\u00fck is k\u00e9s\u0151bb kezd\u0151dik. B\u0151r\u00fck sz\u00edne helyenk\u00e9nt, nagyobb foltokban s\u00e1rg\u00e1s-barna. A szemek k\u00f6r\u00fcl piros foltok jelenhetnek meg. A Gaucher-k\u00f3r t\u00edpusai A teljes cikk a WEBBeteg.hu port\u00e1lon olvashat\u00f3. Link: https:\/\/www.webbeteg.hu\/cikkek\/endokrin\/3453\/gaucher-kor-tunetei C\u00edm: A Gaucher-k\u00f3r \u00e9s t\u00fcnetei Szerz\u0151: Dr. F\u00e1klya M\u00f3nika, gyermekgy\u00f3gy\u00e1sz, endokrinol\u00f3gus Weboldal: WEBBeteg.hu Felt\u00f6lt\u00e9s ideje: 2017.06.17 05:21 M\u00f3dos\u00edtva: 2020.10.01 11:07 Let\u00f6lt\u00e9s: 2020. okt\u00f3ber 30. 10:51<\/p>\n","protected":false},"author":1,"featured_media":0,"parent":0,"menu_order":0,"comment_status":"closed","ping_status":"closed","template":"","meta":{"_monsterinsights_skip_tracking":false,"_monsterinsights_sitenote_active":false,"_monsterinsights_sitenote_note":"","_monsterinsights_sitenote_category":0,"footnotes":""},"class_list":["post-1385","page","type-page","status-publish","hentry"],"_links":{"self":[{"href":"http:\/\/vedettseg.hu\/wordpress\/wp-json\/wp\/v2\/pages\/1385","targetHints":{"allow":["GET"]}}],"collection":[{"href":"http:\/\/vedettseg.hu\/wordpress\/wp-json\/wp\/v2\/pages"}],"about":[{"href":"http:\/\/vedettseg.hu\/wordpress\/wp-json\/wp\/v2\/types\/page"}],"author":[{"embeddable":true,"href":"http:\/\/vedettseg.hu\/wordpress\/wp-json\/wp\/v2\/users\/1"}],"replies":[{"embeddable":true,"href":"http:\/\/vedettseg.hu\/wordpress\/wp-json\/wp\/v2\/comments?post=1385"}],"version-history":[{"count":2,"href":"http:\/\/vedettseg.hu\/wordpress\/wp-json\/wp\/v2\/pages\/1385\/revisions"}],"predecessor-version":[{"id":1416,"href":"http:\/\/vedettseg.hu\/wordpress\/wp-json\/wp\/v2\/pages\/1385\/revisions\/1416"}],"wp:attachment":[{"href":"http:\/\/vedettseg.hu\/wordpress\/wp-json\/wp\/v2\/media?parent=1385"}],"curies":[{"name":"wp","href":"https:\/\/api.w.org\/{rel}","templated":true}]}}