{"id":1391,"date":"2021-01-25T17:48:13","date_gmt":"2021-01-25T17:48:13","guid":{"rendered":"http:\/\/vedettseg.hu\/wordpress\/?page_id=1391"},"modified":"2021-01-25T17:48:13","modified_gmt":"2021-01-25T17:48:13","slug":"mar-tobb-mint-100-beteget-gyogyitott-meg-a-verplazma-terapia-ujra-donorokat-varnak","status":"publish","type":"page","link":"http:\/\/vedettseg.hu\/wordpress\/mar-tobb-mint-100-beteget-gyogyitott-meg-a-verplazma-terapia-ujra-donorokat-varnak\/","title":{"rendered":"M\u00e1r t\u00f6bb mint 100 beteget gy\u00f3gy\u00edtott meg a v\u00e9rplazma ter\u00e1pia, \u00fajra donorokat v\u00e1rnak"},"content":{"rendered":"<p>Az Innov\u00e1ci\u00f3s \u00e9s Technol\u00f3giai Miniszt\u00e9rium \u00e1ltal t\u00e1mogatott kutat\u00f3csoport a koronav\u00edruson \u00e1tesett lehets\u00e9ges donorok jelentkez\u00e9s\u00e9t v\u00e1rja, hogy v\u00e9rplazmater\u00e1pi\u00e1val seg\u00edthess\u00e9k el\u0151 a fert\u0151z\u00f6ttek eredm\u00e9nyes kezel\u00e9s\u00e9t. A jelenleg ismert egyik leghat\u00e1sosabb elj\u00e1r\u00e1s hazai alkalmaz\u00e1s\u00e1val mostan\u00e1ig t\u00f6bb mint sz\u00e1z beteget siker\u00fclt meggy\u00f3gy\u00edtani.<\/p>\n<p>A fokoz\u00f3d\u00f3 j\u00e1rv\u00e1nyhelyzet miatt vil\u00e1gszerte n\u00f6vekszik az ig\u00e9ny a v\u00e9rplazmater\u00e1pi\u00e1ra, mert ez a t\u00e1mogat\u00f3 gy\u00f3gym\u00f3d egyre t\u00f6bb s\u00falyos koronav\u00edrus-fert\u0151z\u00f6tt eset\u00e9ben bizonyul hat\u00e9konynak. A v\u00e9rplazm\u00e1t el\u0151\u00e1ll\u00edt\u00f3 kutat\u00f3csoportnak folyamatosan sz\u00fcks\u00e9ge van \u00faj donorokra, hiszen az \u00e1ltaluk adott anyagb\u00f3l nyerhet\u0151k ki azok az antitestek, amelyek seg\u00edtenek lek\u00fczdeni a v\u00edrust az emberi szervezetben.<\/p>\n<p>Dr. Lacza Zsombor, az OrthoSera kutat\u00f3csoport vezet\u0151je kiemelte: \u201eFelsz\u00e1ll\u00f3 \u00e1gban van a j\u00e1rv\u00e1ny, \u00edgy egyre nagyobb az ig\u00e9ny \u00faj v\u00e9rplazmadonorokra. Fontos a sz\u00e9les k\u00f6r\u0171 t\u00e1rsadalmi \u00f6sszefog\u00e1s, hogy az egyik leghat\u00e9konyabb beavatkoz\u00e1st min\u00e9l t\u00f6bb beteg kezel\u00e9s\u00e9ben alkalmazhassuk.\u201d<\/p>\n<p>A szakember hozz\u00e1tette: a plazma fagyasztva csak n\u00e9h\u00e1ny h\u00f3napig tarthat\u00f3 el, \u00edgy az els\u0151 hull\u00e1mban begy\u0171jt\u00f6tt mennyis\u00e9g felhaszn\u00e1l\u00e1s\u00e1val nagy sz\u00fcks\u00e9g van az ut\u00e1np\u00f3tl\u00e1sra. Donoronk\u00e9nt 1-3 egys\u00e9gnyi v\u00e9rplazm\u00e1t tudnak levenni, \u00e9s k\u00f6r\u00fclbel\u00fcl ennyi kell a ter\u00e1pi\u00e1hoz is, teh\u00e1t egy donor egy betegen tud seg\u00edteni. Fontos, hogy csak olyan donorok v\u00e9rplazm\u00e1ja alkalmas, akik m\u00e1r \u00e1testek a betegs\u00e9gen, \u00e9s akiknek a v\u00e9r\u00e9ben magas maradt az ellenanyag szintje.<\/p>\n<p>A v\u00e9rplazmater\u00e1pia koronav\u00edrussal szembeni alkalmaz\u00e1s\u00e1nak hazai elind\u00edt\u00e1s\u00e1hoz az Innov\u00e1ci\u00f3s \u00e9s Technol\u00f3giai Miniszt\u00e9rium \u00e9s a Nemzeti Kutat\u00e1si, Fejleszt\u00e9si \u00e9s Innov\u00e1ci\u00f3s Hivatal ny\u00fajtott 113 milli\u00f3 forint t\u00e1mogat\u00e1st. A projekt eredm\u00e9nyeinek k\u00f6sz\u00f6nhet\u0151en eddig t\u00f6bb mint 100 beteg gy\u00f3gyult ki a fert\u0151z\u00e9sb\u0151l.<\/p>\n<p>A v\u00e9rplazmaad\u00e1sra az info@orthosera.com c\u00edmen vagy a +36 70 363 8768-as telefonsz\u00e1mon lehet jelentkezni.<\/p>\n<p>C\u00edm: M\u00e1r t\u00f6bb mint 100 beteget gy\u00f3gy\u00edtott meg a v\u00e9rplazma ter\u00e1pia, \u00fajra donorokat v\u00e1rnak<br \/>\nSzerz\u0151: Nincs felt\u00fcntetve forr\u00e1s: Innov\u00e1ci\u00f3s \u00e9s Technol\u00f3giai Miniszt\u00e9rium)<br \/>\nWeboldal: Medical Online<br \/>\nFelt\u00f6lt\u00e9s id\u0151pontja: 2020. november 07. 08:30<br \/>\nLet\u00f6lt\u00e9s: 2020. november 30. 11:31<br \/>\nLink: <a href=\"http:\/\/medicalonline.hu\/gyogyitas\/cikk\/mar_tobb_mint_100_beteget_gyogyitott_meg_a_verplazma_terapia__ujra_donorokat_varnak\">http:\/\/medicalonline.hu\/gyogyitas\/cikk\/mar_tobb_mint_100_beteget_gyogyitott_meg_a_verplazma_terapia__ujra_donorokat_varnak<\/a><\/p>\n","protected":false},"excerpt":{"rendered":"<p>Az Innov\u00e1ci\u00f3s \u00e9s Technol\u00f3giai Miniszt\u00e9rium \u00e1ltal t\u00e1mogatott kutat\u00f3csoport a koronav\u00edruson \u00e1tesett lehets\u00e9ges donorok jelentkez\u00e9s\u00e9t v\u00e1rja, hogy v\u00e9rplazmater\u00e1pi\u00e1val seg\u00edthess\u00e9k el\u0151 a fert\u0151z\u00f6ttek eredm\u00e9nyes kezel\u00e9s\u00e9t. A jelenleg ismert egyik leghat\u00e1sosabb elj\u00e1r\u00e1s hazai alkalmaz\u00e1s\u00e1val mostan\u00e1ig t\u00f6bb mint sz\u00e1z beteget siker\u00fclt meggy\u00f3gy\u00edtani. A fokoz\u00f3d\u00f3 j\u00e1rv\u00e1nyhelyzet miatt vil\u00e1gszerte n\u00f6vekszik az ig\u00e9ny a v\u00e9rplazmater\u00e1pi\u00e1ra, mert ez a t\u00e1mogat\u00f3 gy\u00f3gym\u00f3d egyre t\u00f6bb s\u00falyos koronav\u00edrus-fert\u0151z\u00f6tt eset\u00e9ben bizonyul hat\u00e9konynak. A v\u00e9rplazm\u00e1t el\u0151\u00e1ll\u00edt\u00f3 kutat\u00f3csoportnak folyamatosan sz\u00fcks\u00e9ge van \u00faj donorokra, hiszen az \u00e1ltaluk adott anyagb\u00f3l nyerhet\u0151k ki azok az antitestek, amelyek seg\u00edtenek lek\u00fczdeni a v\u00edrust az emberi szervezetben. Dr. Lacza Zsombor, az OrthoSera kutat\u00f3csoport vezet\u0151je kiemelte: \u201eFelsz\u00e1ll\u00f3 \u00e1gban van a j\u00e1rv\u00e1ny, \u00edgy egyre nagyobb az ig\u00e9ny \u00faj v\u00e9rplazmadonorokra. Fontos a sz\u00e9les k\u00f6r\u0171 t\u00e1rsadalmi \u00f6sszefog\u00e1s, hogy az egyik leghat\u00e9konyabb beavatkoz\u00e1st min\u00e9l t\u00f6bb beteg kezel\u00e9s\u00e9ben alkalmazhassuk.\u201d A szakember hozz\u00e1tette: a plazma fagyasztva csak n\u00e9h\u00e1ny h\u00f3napig tarthat\u00f3 el, \u00edgy az els\u0151 hull\u00e1mban begy\u0171jt\u00f6tt mennyis\u00e9g felhaszn\u00e1l\u00e1s\u00e1val nagy sz\u00fcks\u00e9g van az ut\u00e1np\u00f3tl\u00e1sra. Donoronk\u00e9nt 1-3 egys\u00e9gnyi v\u00e9rplazm\u00e1t tudnak levenni, \u00e9s k\u00f6r\u00fclbel\u00fcl ennyi kell a ter\u00e1pi\u00e1hoz is, teh\u00e1t egy donor egy betegen tud seg\u00edteni. Fontos, hogy csak olyan donorok v\u00e9rplazm\u00e1ja alkalmas, akik m\u00e1r \u00e1testek a betegs\u00e9gen, \u00e9s akiknek a v\u00e9r\u00e9ben magas maradt az ellenanyag szintje. A v\u00e9rplazmater\u00e1pia koronav\u00edrussal szembeni alkalmaz\u00e1s\u00e1nak hazai elind\u00edt\u00e1s\u00e1hoz az Innov\u00e1ci\u00f3s \u00e9s Technol\u00f3giai Miniszt\u00e9rium \u00e9s a Nemzeti Kutat\u00e1si, Fejleszt\u00e9si \u00e9s Innov\u00e1ci\u00f3s Hivatal ny\u00fajtott 113 milli\u00f3 forint t\u00e1mogat\u00e1st. A projekt eredm\u00e9nyeinek k\u00f6sz\u00f6nhet\u0151en eddig t\u00f6bb mint 100 beteg gy\u00f3gyult ki a fert\u0151z\u00e9sb\u0151l. A v\u00e9rplazmaad\u00e1sra az info@orthosera.com c\u00edmen vagy a +36 70 363 8768-as telefonsz\u00e1mon lehet jelentkezni. C\u00edm: M\u00e1r t\u00f6bb mint 100 beteget gy\u00f3gy\u00edtott meg a v\u00e9rplazma ter\u00e1pia, \u00fajra donorokat v\u00e1rnak Szerz\u0151: Nincs felt\u00fcntetve forr\u00e1s: Innov\u00e1ci\u00f3s \u00e9s Technol\u00f3giai Miniszt\u00e9rium) Weboldal: Medical Online Felt\u00f6lt\u00e9s id\u0151pontja: 2020. november 07. 08:30 Let\u00f6lt\u00e9s: 2020. november 30. 11:31 Link: http:\/\/medicalonline.hu\/gyogyitas\/cikk\/mar_tobb_mint_100_beteget_gyogyitott_meg_a_verplazma_terapia__ujra_donorokat_varnak<\/p>\n","protected":false},"author":1,"featured_media":0,"parent":0,"menu_order":0,"comment_status":"closed","ping_status":"closed","template":"","meta":{"_monsterinsights_skip_tracking":false,"_monsterinsights_sitenote_active":false,"_monsterinsights_sitenote_note":"","_monsterinsights_sitenote_category":0,"footnotes":""},"class_list":["post-1391","page","type-page","status-publish","hentry"],"_links":{"self":[{"href":"http:\/\/vedettseg.hu\/wordpress\/wp-json\/wp\/v2\/pages\/1391","targetHints":{"allow":["GET"]}}],"collection":[{"href":"http:\/\/vedettseg.hu\/wordpress\/wp-json\/wp\/v2\/pages"}],"about":[{"href":"http:\/\/vedettseg.hu\/wordpress\/wp-json\/wp\/v2\/types\/page"}],"author":[{"embeddable":true,"href":"http:\/\/vedettseg.hu\/wordpress\/wp-json\/wp\/v2\/users\/1"}],"replies":[{"embeddable":true,"href":"http:\/\/vedettseg.hu\/wordpress\/wp-json\/wp\/v2\/comments?post=1391"}],"version-history":[{"count":1,"href":"http:\/\/vedettseg.hu\/wordpress\/wp-json\/wp\/v2\/pages\/1391\/revisions"}],"predecessor-version":[{"id":1392,"href":"http:\/\/vedettseg.hu\/wordpress\/wp-json\/wp\/v2\/pages\/1391\/revisions\/1392"}],"wp:attachment":[{"href":"http:\/\/vedettseg.hu\/wordpress\/wp-json\/wp\/v2\/media?parent=1391"}],"curies":[{"name":"wp","href":"https:\/\/api.w.org\/{rel}","templated":true}]}}