{"id":1449,"date":"2021-03-29T11:42:49","date_gmt":"2021-03-29T11:42:49","guid":{"rendered":"http:\/\/vedettseg.hu\/wordpress\/?page_id=1449"},"modified":"2021-03-29T11:42:49","modified_gmt":"2021-03-29T11:42:49","slug":"plazmaterapia-hazai-tapasztalatok","status":"publish","type":"page","link":"http:\/\/vedettseg.hu\/wordpress\/plazmaterapia-hazai-tapasztalatok\/","title":{"rendered":"Plazmater\u00e1pia \u2013 Hazai tapasztalatok"},"content":{"rendered":"<p>A v\u00e9rplazma, k\u00fcl\u00f6n\u00f6sen a koronav\u00edruson \u00e1tesettek plazm\u00e1ja kiv\u00e1l\u00f3 gy\u00f3gy\u00edt\u00e1si tulajdons\u00e1gokat rejt mag\u00e1ban. Els\u0151sorban az antitesteket kell megeml\u00edteni. Ezeket a nagymolekul\u00e1kat az immunrendszer \u00e1ll\u00edtja el\u0151. Alapstrukt\u00far\u00e1jukon t\u00fal egy v\u00e1ltoz\u00e9kony r\u00e9sz\u00fcket minden egyes k\u00f3rokoz\u00f3ra k\u00fcl\u00f6n-k\u00fcl\u00f6n mint\u00e1zza meg a szervezet\u00fcnk \u2013 \u00edgy tudja felismerni, megjel\u00f6lni \u00e9s v\u00e9gs\u0151 soron semleges\u00edteni a fert\u0151z\u0151 \u00e1genseket. Ha valaki nemr\u00e9g esett \u00e1t egy fert\u0151z\u00e9sen, v\u00e9rplazma ad\u00e1s\u00e1val seg\u00edteni tud olyan betegeken, akikben \u00e9ppen er\u0151sen szaporodnak a v\u00edrusok, de saj\u00e1t ellenanyag-termel\u00e9s\u00fck m\u00e9g nem el\u00e9g hat\u00e9kony. Sz\u00e1mokban kifejezve: egy j\u00f3 ellensz\u00e9rum m\u00e9g 40-szeres h\u00edg\u00edt\u00e1sban is k\u00e9pes semleges\u00edteni a v\u00edrust. Egy egys\u00e9g plazma, azaz 200 ml \u00e1t\u00f6mleszt\u00e9se k\u00f6r\u00fclbel\u00fcl 10-szeres\u00e9re h\u00edgul a beteg saj\u00e1t v\u00e9r\u00e9ben, teh\u00e1t \u00e9rdemi v\u00edrus\u00f6l\u0151 k\u00e9pess\u00e9get tudnak \u00edgy \u00e1tadni a gy\u00f3gyultak az akt\u00edv betegeknek. Amiatt nem kell agg\u00f3dni, hogy a donoroknak ezzel megsz\u0171nik a szuperk\u00e9pess\u00e9g\u00fck, mivel az antitestek gyorsan \u00fajratermel\u0151dnek.<br \/>\nEz a lehet\u0151s\u00e9g a plazmater\u00e1pia, amelyet mint els\u0151 v\u00e9delmi vonalat minden komolyabb \u00faj k\u00f3rokoz\u00f3 okozta j\u00e1rv\u00e1ny eset\u00e9ben bevetnek \u2013 \u00edgy t\u00f6rt\u00e9nt ez a COVID-19-pand\u00e9mia eset\u00e9ben is. \u00d6sszesen 97 plazmater\u00e1pi\u00e1s kutat\u00e1s indult, mindegyik ugyanazon az elven m\u0171k\u00f6dik, de fontos k\u00fcl\u00f6nbs\u00e9gek vannak abban, hogy pontosan milyen plazmav\u00e1ltozatot, milyen st\u00e1dium\u00fa betegnek, \u00e9s milyen d\u00f3zisban adnak. Kutat\u00f3csoportunk, az OrthoSera csapata m\u00e1r t\u00f6bb mint 10 \u00e9ve kutat \u00e9s fejleszt v\u00e9rsz\u00e9rumk\u00e9sz\u00edtm\u00e9nyeket, t\u00f6bb szabadalmaztatott term\u00e9kkel m\u00e1r sikeresen be is l\u00e9pt\u00fcnk a gy\u00f3gy\u00edt\u00e1si folyamatba, igaz, els\u0151sorban a csont- \u00e9s \u00edz\u00fcleti kop\u00e1sok ter\u00fclet\u00e9n. A j\u00e1rv\u00e1ny okozta kih\u00edv\u00e1sra reag\u00e1lva azonnal \u00e1tv\u00e1ltottunk az \u00edz\u00fcletekr\u0151l a v\u00edrusellenes kezel\u00e9sre, \u00e9s a Semmelweis Egyetemmel ind\u00edtottunk klinikai vizsg\u00e1latot. Els\u0151k\u00e9nt 23, majd miut\u00e1n meggy\u0151z\u0151dt\u00fcnk a kezel\u00e9s biztons\u00e1goss\u00e1g\u00e1r\u00f3l, t\u00f6bb mint 300 koronav\u00edrusos betegen alkalmaztak v\u00e9rplazmakezel\u00e9st. Az eredm\u00e9nyek illeszkednek a k\u00fclf\u00f6ldi koll\u00e9g\u00e1k \u00e1ltal k\u00f6z\u00f6ltekhez: a betegeknek igen gyorsan, a k\u00f3rh\u00e1zba ker\u00fcl\u00e9s ut\u00e1n 72 \u00f3r\u00e1n bel\u00fcl \u00e9rdemes plazm\u00e1t adni, ekkor van a legnagyobb sz\u00fcks\u00e9g az antitestekre.<br \/>\nAzt is l\u00e1tjuk azonban, hogy egyes betegekn\u00e9l, akik m\u00e1r legy\u0151zt\u00e9k a v\u00edrust, \u00e9s akiknek t\u00fcneteit m\u00e1r a tart\u00f3san fenn\u00e1ll\u00f3 gyullad\u00e1sos reakci\u00f3k okozz\u00e1k, \u2013 b\u00e1r nekik is tud seg\u00edteni a plazma \u2013 ink\u00e1bb a gyullad\u00e1sg\u00e1tl\u00f3 citokinek sz\u00e1m\u00edtanak. Ez ut\u00f3bbi hat\u00e1smechanizmus pontos tiszt\u00e1z\u00e1sa m\u00e9g tov\u00e1bbi kutat\u00e1sokat ig\u00e9nyel. Az is l\u00e1that\u00f3 m\u00e1r a sz\u00e1madatokb\u00f3l, hogy a plazmater\u00e1pia ugyan minden beteg \u00e1llapot\u00e1n jav\u00edt, de sok esetben ez sajnos nem el\u00e9g ahhoz, hogy a v\u00e9gzetes sz\u00f6v\u0151dm\u00e9nyeket elker\u00fclje. Ez\u00e9rt is kiemelked\u0151en fontos a vakcina, mivel csak az olt\u00e1ssal lehet el\u00e9rni, hogy ne legy\u00fcnk betegek \u2013 \u00e9s ez az els\u0151dleges szempont.<br \/>\nAz olt\u00e1sok elterjed\u00e9s\u00e9vel a plazmater\u00e1pia ter\u00fclet\u00e9n is tov\u00e1bbi feladatokra kell k\u00e9sz\u00fcln\u00fcnk. Megkezdt\u00fck egy stabil, t\u00f6bb donort\u00f3l sz\u00e1rmaz\u00f3, koncentr\u00e1lt ellensz\u00e9rum fejleszt\u00e9s\u00e9t, amely eltarthat\u00f3, \u00e9s klinikailag megb\u00edzhat\u00f3bb eredm\u00e9nyt ad, mint a jelenleg haszn\u00e1lt friss, fagyasztott plazma. \u00daj kih\u00edv\u00e1st jelent a v\u00edrus mut\u00e1l\u00f3d\u00e1sa, amire a plazmater\u00e1pia tud ism\u00e9t a leggyorsabban reag\u00e1lni \u2013 hi\u00e1ba lesz a v\u00edrus rezisztens a r\u00e9gebbi ellenanyagokra. Mihelyst vannak ugyanis olyan gy\u00f3gyultak, akik m\u00e1r az \u00faj t\u00edpus\u00fa v\u00edrus okozta fert\u0151z\u00e9sb\u0151l \u00e9p\u00fcltek fel, az \u0151 plazm\u00e1juk ism\u00e9t k\u00e9pes lesz semleges\u00edteni a k\u00f3rokoz\u00f3t, \u00edgy a plazmater\u00e1pia 4-6 h\u00e9t alatt minden mut\u00e1ci\u00f3t le tud k\u00f6vetni. V\u00e9g\u00fcl pedig nem feledkez\u00fcnk meg eredeti feladatunkr\u00f3l sem: a mozg\u00e1sszervi rehabilit\u00e1ci\u00f3ban is t\u00f6bb vizsg\u00e1latot ind\u00edtunk a Testnevel\u00e9si Egyetemen, hiszen sok gy\u00f3gyult donor jelentkez\u0151 panaszkodik tart\u00f3s fizikai teljes\u00edtm\u00e9nycs\u00f6kken\u00e9sr\u0151l. Fontos, hogy \u0151k is mihamarabb visszat\u00e9rjenek az akt\u00edv \u00e9letm\u00f3dhoz, nekik els\u0151sorban c\u00e9lzott mozg\u00e1ster\u00e1pi\u00e1val tudunk seg\u00edteni.<\/p>\n<p>C\u00edm: Plazmater\u00e1pia \u2013 Hazai tapasztalatok<br \/>\nSzerz\u0151: Dr. Lacza Zsombor ortop\u00e9d-traumatol\u00f3gus szakorvos, az MTA doktora, a Testnevel\u00e9si Egyetem tudom\u00e1nyos rektorhelyettese<br \/>\nWeboldal: mta.hu<br \/>\nFelt\u00f6lt\u00e9s ideje: 2021. febru\u00e1r<br \/>\nLet\u00f6lt\u00e9s: 2021. m\u00e1rius 1. 20:21<br \/>\nLink: <a href=\"https:\/\/mta.hu\/data\/dokumentumok\/egyeb_dokumentumok\/2021\/Orvosi_hirlevel-2021-7.pdf\">https:\/\/mta.hu\/data\/dokumentumok\/egyeb_dokumentumok\/2021\/Orvosi_hirlevel-2021-7.pdf<\/a><\/p>\n","protected":false},"excerpt":{"rendered":"<p>A v\u00e9rplazma, k\u00fcl\u00f6n\u00f6sen a koronav\u00edruson \u00e1tesettek plazm\u00e1ja kiv\u00e1l\u00f3 gy\u00f3gy\u00edt\u00e1si tulajdons\u00e1gokat rejt mag\u00e1ban. Els\u0151sorban az antitesteket kell megeml\u00edteni. Ezeket a nagymolekul\u00e1kat az immunrendszer \u00e1ll\u00edtja el\u0151. Alapstrukt\u00far\u00e1jukon t\u00fal egy v\u00e1ltoz\u00e9kony r\u00e9sz\u00fcket minden egyes k\u00f3rokoz\u00f3ra k\u00fcl\u00f6n-k\u00fcl\u00f6n mint\u00e1zza meg a szervezet\u00fcnk \u2013 \u00edgy tudja felismerni, megjel\u00f6lni \u00e9s v\u00e9gs\u0151 soron semleges\u00edteni a fert\u0151z\u0151 \u00e1genseket. Ha valaki nemr\u00e9g esett \u00e1t egy fert\u0151z\u00e9sen, v\u00e9rplazma ad\u00e1s\u00e1val seg\u00edteni tud olyan betegeken, akikben \u00e9ppen er\u0151sen szaporodnak a v\u00edrusok, de saj\u00e1t ellenanyag-termel\u00e9s\u00fck m\u00e9g nem el\u00e9g hat\u00e9kony. Sz\u00e1mokban kifejezve: egy j\u00f3 ellensz\u00e9rum m\u00e9g 40-szeres h\u00edg\u00edt\u00e1sban is k\u00e9pes semleges\u00edteni a v\u00edrust. Egy egys\u00e9g plazma, azaz 200 ml \u00e1t\u00f6mleszt\u00e9se k\u00f6r\u00fclbel\u00fcl 10-szeres\u00e9re h\u00edgul a beteg saj\u00e1t v\u00e9r\u00e9ben, teh\u00e1t \u00e9rdemi v\u00edrus\u00f6l\u0151 k\u00e9pess\u00e9get tudnak \u00edgy \u00e1tadni a gy\u00f3gyultak az akt\u00edv betegeknek. Amiatt nem kell agg\u00f3dni, hogy a donoroknak ezzel megsz\u0171nik a szuperk\u00e9pess\u00e9g\u00fck, mivel az antitestek gyorsan \u00fajratermel\u0151dnek. Ez a lehet\u0151s\u00e9g a plazmater\u00e1pia, amelyet mint els\u0151 v\u00e9delmi vonalat minden komolyabb \u00faj k\u00f3rokoz\u00f3 okozta j\u00e1rv\u00e1ny eset\u00e9ben bevetnek \u2013 \u00edgy t\u00f6rt\u00e9nt ez a COVID-19-pand\u00e9mia eset\u00e9ben is. \u00d6sszesen 97 plazmater\u00e1pi\u00e1s kutat\u00e1s indult, mindegyik ugyanazon az elven m\u0171k\u00f6dik, de fontos k\u00fcl\u00f6nbs\u00e9gek vannak abban, hogy pontosan milyen plazmav\u00e1ltozatot, milyen st\u00e1dium\u00fa betegnek, \u00e9s milyen d\u00f3zisban adnak. Kutat\u00f3csoportunk, az OrthoSera csapata m\u00e1r t\u00f6bb mint 10 \u00e9ve kutat \u00e9s fejleszt v\u00e9rsz\u00e9rumk\u00e9sz\u00edtm\u00e9nyeket, t\u00f6bb szabadalmaztatott term\u00e9kkel m\u00e1r sikeresen be is l\u00e9pt\u00fcnk a gy\u00f3gy\u00edt\u00e1si folyamatba, igaz, els\u0151sorban a csont- \u00e9s \u00edz\u00fcleti kop\u00e1sok ter\u00fclet\u00e9n. A j\u00e1rv\u00e1ny okozta kih\u00edv\u00e1sra reag\u00e1lva azonnal \u00e1tv\u00e1ltottunk az \u00edz\u00fcletekr\u0151l a v\u00edrusellenes kezel\u00e9sre, \u00e9s a Semmelweis Egyetemmel ind\u00edtottunk klinikai vizsg\u00e1latot. Els\u0151k\u00e9nt 23, majd miut\u00e1n meggy\u0151z\u0151dt\u00fcnk a kezel\u00e9s biztons\u00e1goss\u00e1g\u00e1r\u00f3l, t\u00f6bb mint 300 koronav\u00edrusos betegen alkalmaztak v\u00e9rplazmakezel\u00e9st. Az eredm\u00e9nyek illeszkednek a k\u00fclf\u00f6ldi koll\u00e9g\u00e1k \u00e1ltal k\u00f6z\u00f6ltekhez: a betegeknek igen gyorsan, a k\u00f3rh\u00e1zba ker\u00fcl\u00e9s ut\u00e1n 72 \u00f3r\u00e1n bel\u00fcl \u00e9rdemes plazm\u00e1t adni, ekkor van a legnagyobb sz\u00fcks\u00e9g az antitestekre. Azt is l\u00e1tjuk azonban, hogy egyes betegekn\u00e9l, akik m\u00e1r legy\u0151zt\u00e9k a v\u00edrust, \u00e9s akiknek t\u00fcneteit m\u00e1r a tart\u00f3san fenn\u00e1ll\u00f3 gyullad\u00e1sos reakci\u00f3k okozz\u00e1k, \u2013 b\u00e1r nekik is tud seg\u00edteni a plazma \u2013 ink\u00e1bb a gyullad\u00e1sg\u00e1tl\u00f3 citokinek sz\u00e1m\u00edtanak. Ez ut\u00f3bbi hat\u00e1smechanizmus pontos tiszt\u00e1z\u00e1sa m\u00e9g tov\u00e1bbi kutat\u00e1sokat ig\u00e9nyel. Az is l\u00e1that\u00f3 m\u00e1r a sz\u00e1madatokb\u00f3l, hogy a plazmater\u00e1pia ugyan minden beteg \u00e1llapot\u00e1n jav\u00edt, de sok esetben ez sajnos nem el\u00e9g ahhoz, hogy a v\u00e9gzetes sz\u00f6v\u0151dm\u00e9nyeket elker\u00fclje. Ez\u00e9rt is kiemelked\u0151en fontos a vakcina, mivel csak az olt\u00e1ssal lehet el\u00e9rni, hogy ne legy\u00fcnk betegek \u2013 \u00e9s ez az els\u0151dleges szempont. Az olt\u00e1sok elterjed\u00e9s\u00e9vel a plazmater\u00e1pia ter\u00fclet\u00e9n is tov\u00e1bbi feladatokra kell k\u00e9sz\u00fcln\u00fcnk. Megkezdt\u00fck egy stabil, t\u00f6bb donort\u00f3l sz\u00e1rmaz\u00f3, koncentr\u00e1lt ellensz\u00e9rum fejleszt\u00e9s\u00e9t, amely eltarthat\u00f3, \u00e9s klinikailag megb\u00edzhat\u00f3bb eredm\u00e9nyt ad, mint a jelenleg haszn\u00e1lt friss, fagyasztott plazma. \u00daj kih\u00edv\u00e1st jelent a v\u00edrus mut\u00e1l\u00f3d\u00e1sa, amire a plazmater\u00e1pia tud ism\u00e9t a leggyorsabban reag\u00e1lni \u2013 hi\u00e1ba lesz a v\u00edrus rezisztens a r\u00e9gebbi ellenanyagokra. Mihelyst vannak ugyanis olyan gy\u00f3gyultak, akik m\u00e1r az \u00faj t\u00edpus\u00fa v\u00edrus okozta fert\u0151z\u00e9sb\u0151l \u00e9p\u00fcltek fel, az \u0151 plazm\u00e1juk ism\u00e9t k\u00e9pes lesz semleges\u00edteni a k\u00f3rokoz\u00f3t, \u00edgy a plazmater\u00e1pia 4-6 h\u00e9t alatt minden mut\u00e1ci\u00f3t le tud k\u00f6vetni. V\u00e9g\u00fcl pedig nem feledkez\u00fcnk meg eredeti feladatunkr\u00f3l sem: a mozg\u00e1sszervi rehabilit\u00e1ci\u00f3ban is t\u00f6bb vizsg\u00e1latot ind\u00edtunk a Testnevel\u00e9si Egyetemen, hiszen sok gy\u00f3gyult donor jelentkez\u0151 panaszkodik tart\u00f3s fizikai teljes\u00edtm\u00e9nycs\u00f6kken\u00e9sr\u0151l. Fontos, hogy \u0151k is mihamarabb visszat\u00e9rjenek az akt\u00edv \u00e9letm\u00f3dhoz, nekik els\u0151sorban c\u00e9lzott mozg\u00e1ster\u00e1pi\u00e1val tudunk seg\u00edteni. C\u00edm: Plazmater\u00e1pia \u2013 Hazai tapasztalatok Szerz\u0151: Dr. Lacza Zsombor ortop\u00e9d-traumatol\u00f3gus szakorvos, az MTA doktora, a Testnevel\u00e9si Egyetem tudom\u00e1nyos rektorhelyettese Weboldal: mta.hu Felt\u00f6lt\u00e9s ideje: 2021. febru\u00e1r Let\u00f6lt\u00e9s: 2021. m\u00e1rius 1. 20:21 Link: https:\/\/mta.hu\/data\/dokumentumok\/egyeb_dokumentumok\/2021\/Orvosi_hirlevel-2021-7.pdf<\/p>\n","protected":false},"author":1,"featured_media":0,"parent":0,"menu_order":0,"comment_status":"closed","ping_status":"closed","template":"","meta":{"_monsterinsights_skip_tracking":false,"_monsterinsights_sitenote_active":false,"_monsterinsights_sitenote_note":"","_monsterinsights_sitenote_category":0,"footnotes":""},"class_list":["post-1449","page","type-page","status-publish","hentry"],"_links":{"self":[{"href":"http:\/\/vedettseg.hu\/wordpress\/wp-json\/wp\/v2\/pages\/1449","targetHints":{"allow":["GET"]}}],"collection":[{"href":"http:\/\/vedettseg.hu\/wordpress\/wp-json\/wp\/v2\/pages"}],"about":[{"href":"http:\/\/vedettseg.hu\/wordpress\/wp-json\/wp\/v2\/types\/page"}],"author":[{"embeddable":true,"href":"http:\/\/vedettseg.hu\/wordpress\/wp-json\/wp\/v2\/users\/1"}],"replies":[{"embeddable":true,"href":"http:\/\/vedettseg.hu\/wordpress\/wp-json\/wp\/v2\/comments?post=1449"}],"version-history":[{"count":1,"href":"http:\/\/vedettseg.hu\/wordpress\/wp-json\/wp\/v2\/pages\/1449\/revisions"}],"predecessor-version":[{"id":1450,"href":"http:\/\/vedettseg.hu\/wordpress\/wp-json\/wp\/v2\/pages\/1449\/revisions\/1450"}],"wp:attachment":[{"href":"http:\/\/vedettseg.hu\/wordpress\/wp-json\/wp\/v2\/media?parent=1449"}],"curies":[{"name":"wp","href":"https:\/\/api.w.org\/{rel}","templated":true}]}}