{"id":1455,"date":"2021-03-29T11:53:26","date_gmt":"2021-03-29T11:53:26","guid":{"rendered":"http:\/\/vedettseg.hu\/wordpress\/?page_id=1455"},"modified":"2021-03-29T11:53:26","modified_gmt":"2021-03-29T11:53:26","slug":"mesterseges-cholangiocitakkal-remedialtak-serult-majszovetet","status":"publish","type":"page","link":"http:\/\/vedettseg.hu\/wordpress\/mesterseges-cholangiocitakkal-remedialtak-serult-majszovetet\/","title":{"rendered":"Mesters\u00e9ges cholangiocit\u00e1kkal remedi\u00e1ltak s\u00e9r\u00fclt m\u00e1jsz\u00f6vetet"},"content":{"rendered":"<p><strong>Mesters\u00e9ges cholangiocit\u00e1kkal remedi\u00e1ltak s\u00e9r\u00fclt m\u00e1jsz\u00f6vetet<\/strong><br \/>\n<strong>A Cambridge Egyetem kutat\u00f3csoportja a Science foly\u00f3iratban megjelent cikk\u00e9ben arr\u00f3l sz\u00e1molt be, hogy transzplant\u00e1ci\u00f3ra m\u00e1r nem alkalmas, s\u00e9r\u00fclt m\u00e1jat \u201cjav\u00edtottak meg\u201d mesters\u00e9gesen teny\u00e9sztett cholangiocit\u00e1k be\u00fcltet\u00e9s\u00e9vel.<\/strong><\/p>\n<p>A \u201cmegjav\u00edt\u00e1s\u201d azt jelenti, hogy r\u00e9szlegesen s\u00e9r\u00fclt vagy teljesen elpusztult epevezet\u00e9keket voltak k\u00e9pesek helyre\u00e1ll\u00edtani, m\u0171k\u00f6d\u0151k\u00e9pess\u00e9 tenni. A perf\u00fazi\u00f3s technik\u00e1val meg\u0151rz\u00f6tt m\u00e1j \u00e9p sz\u00f6veteib\u0151l kinyert sejteken egyetlensejt RNS szekven\u00e1l\u00e1st, majd organoid kult\u00far\u00e1ban felszapor\u00edt\u00e1st v\u00e9geztek, \u00e9s ezt k\u00f6vet\u0151en \u00fcltett\u00e9k vissza a k\u00e9pz\u0151d\u00f6tt szervecsk\u00e9ket, azaz gyakorlatilag a beteg saj\u00e1t sejtjei \u201cgy\u00f3gy\u00edtott\u00e1k meg\u201d a szervet.<\/p>\n<p>Ez az\u00e9rt fontos, mert a gyerekek 70%-\u00e1n\u00e1l illetve a feln\u0151ttek egyharmad\u00e1n\u00e1l a s\u00e9r\u00fclt, t\u00f6nkrement epevezet\u00e9kek miatt van sz\u00fcks\u00e9g m\u00e1j\u00e1t\u00fcltet\u00e9sre, de nagyon kev\u00e9s a rendelkez\u00e9sre \u00e1ll\u00f3 szerv, \u00e1ltal\u00e1ban h\u00f3napokat kell v\u00e1rni a transzplant\u00e1ci\u00f3ra.<\/p>\n<p>A mostani eredm\u00e9nyek jelent\u0151s\u00e9ge els\u0151sorban abban rejlik, hogy az elj\u00e1r\u00e1ssal a rendelkez\u00e9sre \u00e1ll\u00f3, de \u00e1t\u00fcltet\u00e9sre m\u00e1r nem alkalmas szerveket lehetne transzplant\u00e1ci\u00f3ra alkalmas \u00e1llapotba hozni.<\/p>\n<p>Forr\u00e1s:<\/p>\n<p><a href=\"https:\/\/science.sciencemag.org\/content\/371\/6531\/839\">F. Sampaziotis el al., &#8220;Cholangiocyte organoids can repair bile ducts after transplantation in the human liver,&#8221; Science (2021)<\/a>.<\/p>\n<p><a href=\"https:\/\/medicalxpress.com\/news\/2021-02-lab-grown-mini-bile-ducts-human-livers.html\">&#8220;Emerging cell therapy for biliary diseases,&#8221; Science (2021).<\/a><\/p>\n<p>C\u00edm: Mesters\u00e9ges cholangiocit\u00e1kkal remedi\u00e1ltak s\u00e9r\u00fclt m\u00e1jsz\u00f6vetet<br \/>\nSzerz\u0151: K. M.<br \/>\nWeboldal: Medical Online<br \/>\nFelt\u00f6lt\u00e9s ideje: 2021. m\u00e1rcius 08. 05:04<br \/>\nLet\u00f6lt\u00e9s: 2021. 03. 28. 19:50<br \/>\nLink: <a href=\"http:\/\/medicalonline.hu\/tudomany\/cikk\/mesterseges_cholangiocitakkal_remedialtak_serult_majszovetet\">http:\/\/medicalonline.hu\/tudomany\/cikk\/mesterseges_cholangiocitakkal_remedialtak_serult_majszovetet<\/a><\/p>\n","protected":false},"excerpt":{"rendered":"<p>Mesters\u00e9ges cholangiocit\u00e1kkal remedi\u00e1ltak s\u00e9r\u00fclt m\u00e1jsz\u00f6vetet A Cambridge Egyetem kutat\u00f3csoportja a Science foly\u00f3iratban megjelent cikk\u00e9ben arr\u00f3l sz\u00e1molt be, hogy transzplant\u00e1ci\u00f3ra m\u00e1r nem alkalmas, s\u00e9r\u00fclt m\u00e1jat \u201cjav\u00edtottak meg\u201d mesters\u00e9gesen teny\u00e9sztett cholangiocit\u00e1k be\u00fcltet\u00e9s\u00e9vel. A \u201cmegjav\u00edt\u00e1s\u201d azt jelenti, hogy r\u00e9szlegesen s\u00e9r\u00fclt vagy teljesen elpusztult epevezet\u00e9keket voltak k\u00e9pesek helyre\u00e1ll\u00edtani, m\u0171k\u00f6d\u0151k\u00e9pess\u00e9 tenni. A perf\u00fazi\u00f3s technik\u00e1val meg\u0151rz\u00f6tt m\u00e1j \u00e9p sz\u00f6veteib\u0151l kinyert sejteken egyetlensejt RNS szekven\u00e1l\u00e1st, majd organoid kult\u00far\u00e1ban felszapor\u00edt\u00e1st v\u00e9geztek, \u00e9s ezt k\u00f6vet\u0151en \u00fcltett\u00e9k vissza a k\u00e9pz\u0151d\u00f6tt szervecsk\u00e9ket, azaz gyakorlatilag a beteg saj\u00e1t sejtjei \u201cgy\u00f3gy\u00edtott\u00e1k meg\u201d a szervet. Ez az\u00e9rt fontos, mert a gyerekek 70%-\u00e1n\u00e1l illetve a feln\u0151ttek egyharmad\u00e1n\u00e1l a s\u00e9r\u00fclt, t\u00f6nkrement epevezet\u00e9kek miatt van sz\u00fcks\u00e9g m\u00e1j\u00e1t\u00fcltet\u00e9sre, de nagyon kev\u00e9s a rendelkez\u00e9sre \u00e1ll\u00f3 szerv, \u00e1ltal\u00e1ban h\u00f3napokat kell v\u00e1rni a transzplant\u00e1ci\u00f3ra. A mostani eredm\u00e9nyek jelent\u0151s\u00e9ge els\u0151sorban abban rejlik, hogy az elj\u00e1r\u00e1ssal a rendelkez\u00e9sre \u00e1ll\u00f3, de \u00e1t\u00fcltet\u00e9sre m\u00e1r nem alkalmas szerveket lehetne transzplant\u00e1ci\u00f3ra alkalmas \u00e1llapotba hozni. Forr\u00e1s: F. Sampaziotis el al., &#8220;Cholangiocyte organoids can repair bile ducts after transplantation in the human liver,&#8221; Science (2021). &#8220;Emerging cell therapy for biliary diseases,&#8221; Science (2021). C\u00edm: Mesters\u00e9ges cholangiocit\u00e1kkal remedi\u00e1ltak s\u00e9r\u00fclt m\u00e1jsz\u00f6vetet Szerz\u0151: K. M. Weboldal: Medical Online Felt\u00f6lt\u00e9s ideje: 2021. m\u00e1rcius 08. 05:04 Let\u00f6lt\u00e9s: 2021. 03. 28. 19:50 Link: http:\/\/medicalonline.hu\/tudomany\/cikk\/mesterseges_cholangiocitakkal_remedialtak_serult_majszovetet<\/p>\n","protected":false},"author":1,"featured_media":0,"parent":0,"menu_order":0,"comment_status":"closed","ping_status":"closed","template":"","meta":{"_monsterinsights_skip_tracking":false,"_monsterinsights_sitenote_active":false,"_monsterinsights_sitenote_note":"","_monsterinsights_sitenote_category":0,"footnotes":""},"class_list":["post-1455","page","type-page","status-publish","hentry"],"_links":{"self":[{"href":"http:\/\/vedettseg.hu\/wordpress\/wp-json\/wp\/v2\/pages\/1455","targetHints":{"allow":["GET"]}}],"collection":[{"href":"http:\/\/vedettseg.hu\/wordpress\/wp-json\/wp\/v2\/pages"}],"about":[{"href":"http:\/\/vedettseg.hu\/wordpress\/wp-json\/wp\/v2\/types\/page"}],"author":[{"embeddable":true,"href":"http:\/\/vedettseg.hu\/wordpress\/wp-json\/wp\/v2\/users\/1"}],"replies":[{"embeddable":true,"href":"http:\/\/vedettseg.hu\/wordpress\/wp-json\/wp\/v2\/comments?post=1455"}],"version-history":[{"count":1,"href":"http:\/\/vedettseg.hu\/wordpress\/wp-json\/wp\/v2\/pages\/1455\/revisions"}],"predecessor-version":[{"id":1456,"href":"http:\/\/vedettseg.hu\/wordpress\/wp-json\/wp\/v2\/pages\/1455\/revisions\/1456"}],"wp:attachment":[{"href":"http:\/\/vedettseg.hu\/wordpress\/wp-json\/wp\/v2\/media?parent=1455"}],"curies":[{"name":"wp","href":"https:\/\/api.w.org\/{rel}","templated":true}]}}