{"id":1457,"date":"2021-03-29T11:57:24","date_gmt":"2021-03-29T11:57:24","guid":{"rendered":"http:\/\/vedettseg.hu\/wordpress\/?page_id=1457"},"modified":"2021-03-29T11:57:24","modified_gmt":"2021-03-29T11:57:24","slug":"a-kozonseges-megfazast-okozo-virus-kisopri-a-sejtekbol-a-koronavirust","status":"publish","type":"page","link":"http:\/\/vedettseg.hu\/wordpress\/a-kozonseges-megfazast-okozo-virus-kisopri-a-sejtekbol-a-koronavirust\/","title":{"rendered":"A k\u00f6z\u00f6ns\u00e9ges megf\u00e1z\u00e1st okoz\u00f3 v\u00edrus kis\u00f6pri a sejtekb\u0151l a koronav\u00edrust"},"content":{"rendered":"<p><strong>A k\u00f6z\u00f6ns\u00e9ges megf\u00e1z\u00e1st okoz\u00f3 v\u00edrus hat\u00e9konyan kiszor\u00edthatja a sejtekb\u0151l a koronav\u00edrus-vil\u00e1gj\u00e1rv\u00e1nyt okoz\u00f3 SARS-CoV-2-t \u2013 \u00e1ll\u00edtj\u00e1k a Glasgow-i Egyetem kutat\u00f3i, akik laborat\u00f3riumi k\u00eds\u00e9rletekre alapozz\u00e1k az el\u0151bbi meg\u00e1llapod\u00e1st. A Journal of Infectious Diseases c\u00edm\u0171 foly\u00f3iratban kedden publik\u00e1lt eredm\u00e9ny teh\u00e1t terepen, \u00e9lesben m\u00e9g nem nyert bizony\u00edt\u00e1st.<\/strong><\/p>\n<p>Az orr, a torok \u00e9s a t\u00fcd\u0151 sejtjeit megh\u00f3d\u00edt\u00f3 v\u00edrusok k\u00f6z\u00fcl n\u00e9melyik a t\u00f6bbi v\u00edrus el\u0151tt is nyitva hagyja az ajt\u00f3t, m\u00e1sok viszont kell\u0151k\u00e9pp \u00f6nz\u0151k ahhoz, hogy maguknak tarts\u00e1k meg a megsz\u00e1llt sejteket. A jelens\u00e9g nem p\u00e9ld\u00e1tlan a gyakorlatban sem: 2009-ben Franciaorsz\u00e1gban egy-egy nagyobb rhinov\u00edrus-g\u00f3c kialakul\u00e1sa sikeresen k\u00e9sleltette az influenza A v\u00edrus H1N1 alt\u00edpus\u00e1nak j\u00e1rv\u00e1nyszer\u0171 terjed\u00e9s\u00e9t. Arr\u00f3l azonban eddig nem volt sz\u00e1mottev\u0151 adat, hogy az \u00faj koronav\u00edrus eset\u00e9n is m\u0171k\u00f6dne \u201ea v\u00edrus v\u00edrusnak farkasa\u201d hat\u00e1s.<\/p>\n<p>B\u00e1r a feln\u0151ttek k\u00f6r\u00e9ben el\u0151fordul\u00f3 n\u00e1tha leggyakoribb okoz\u00f3ja, a rhinov\u00edrus koronav\u00edrus-ellenes hat\u00e1sa r\u00f6vid \u00e9let\u0171 lehet, a glasgow-i kutat\u00f3k szerint m\u00e9gis seg\u00edthet a COVID-19 visszaszor\u00edt\u00e1s\u00e1ban.<\/p>\n<p><strong>3-0 a rhinov\u00edrusnak<\/strong><\/p>\n<p>Az influenzav\u00edrusok a leg\u00f6nz\u0151bb v\u00edrusok k\u00f6z\u00e9 tartoznak, \u00e9s \u00e1ltal\u00e1ban mindig egyed\u00fcl fert\u0151zik meg a testet, m\u00edg az adenov\u00edrusok sz\u00edvesen osztoznak m\u00e1s k\u00f3rokoz\u00f3kkal. A tudom\u00e1nyt ugyan foglalkoztatta a k\u00e9rd\u00e9s, hogy \u00e1ll a SARS-CoV-2 ezekkel a v\u00edrus-interakci\u00f3kkal, de a lassan egy \u00e9ve tart\u00f3 korl\u00e1toz\u00e1sok miatt az \u00f6sszes v\u00edrus terjed\u00e9se annyira lelassult, hogy ennek a tanulm\u00e1nyoz\u00e1sa szinte ellehetetlen\u00fclt.<\/p>\n<p>A glasgow-i V\u00edruskutat\u00f3 K\u00f6zpont kutat\u00f3csoportja ez\u00e9rt modellezte az emberi l\u00e9gz\u0151szervek bels\u0151 fel\u00fclet\u00e9t, ugyanolyan sejtt\u00edpusokb\u00f3l fel\u00e9p\u00edtve a replik\u00e1t, mint amilyenek az eredeti l\u00e9gz\u0151szerveket bor\u00edtj\u00e1k. Ez ut\u00e1n a sejteket koronav\u00edrussal \u00e9s rhinov\u00edrussal fert\u0151zt\u00e9k meg, \u00e9s a k\u00f6vetkez\u0151 eredm\u00e9nyeket kapt\u00e1k:<\/p>\n<ul>\n<li>ha a rihnov\u00edrus \u00e9s a SARS-CoV-2 egyszerre \u00e9rkezett, csak a rhinov\u00edrus t\u00e1madta meg a sejteket sikeresen.<\/li>\n<li>Ha a megf\u00e1z\u00e1st okoz\u00f3 v\u00edrus 24 \u00f3r\u00e1s el\u0151nyt kapott, akkor a koronav\u00edrus be sem kukkanthatott a sejtekbe.<\/li>\n<li>\u00c9s m\u00e9g ha a koronav\u00edrus kapott is 24 \u00f3r\u00e1s el\u0151nyt, a k\u00e9s\u0151bb \u00e9rkez\u0151 rhinov\u00edrus \u2013 a laborat\u00f3riumi k\u00f6r\u00fclm\u00e9nyek k\u00f6z\u00f6tt legal\u00e1bbis \u2013 kitakar\u00edtotta a sejtb\u0151l.<\/li>\n<\/ul>\n<p>Ahogy Pablo Murcia, az egyetem V\u00edruskutat\u00f3 K\u00f6zpontj\u00e1nak munkat\u00e1rsa, a tanulm\u00e1ny egyik szerz\u0151je fogalmazott, \u201ea koronav\u00edrus nem tud elterjedni, annyira er\u0151sen g\u00e1tolja a rhinov\u00edrus. Ez az\u00e9rt rendk\u00edv\u00fcl izgalmas, mert ha megn\u0151 a rhinov\u00edrus gyakoris\u00e1ga, meg\u00e1ll\u00edthatja az \u00faj SARS-CoV-2 fert\u0151z\u00e9seket\u201d.<\/p>\n<p>A tov\u00e1bbi k\u00eds\u00e9rletekb\u0151l az is kider\u00fclt, hogy a rhinov\u00edrus \u00e1ltal kiv\u00e1ltott sejten bel\u00fcli immunreakci\u00f3 akad\u00e1lyozta meg a SARS-CoV-2 reprodukci\u00f3j\u00e1t. Ha a tud\u00f3sok blokkolt\u00e1k az immunv\u00e1laszt, a koronav\u00edrus szintje olyan nagyra n\u0151tt, mintha a rhinov\u00edrus ott sem lett volna.<\/p>\n<p>Murcia ugyanakkor arra figyelmeztetett, hogy a koronav\u00edrus \u00fajra fert\u0151z\u0151k\u00e9pess\u00e9 v\u00e1lhat, ha a megf\u00e1z\u00e1s elm\u00falik, \u00e9s a rhinov\u00edrussal egy\u00fctt az \u00e1ltala kiv\u00e1ltott immunv\u00e1lasz is elt\u0171nik. A kutat\u00f3 szerint a koronav\u00edrus elleni vakcina, a higi\u00e9niai szab\u00e1lyok betart\u00e1sa \u00e9s a v\u00edrusok k\u00f6z\u00f6tti interakci\u00f3 is cs\u00f6kkentheti a SARS-CoV-2 el\u0151fordul\u00e1s\u00e1t, \u201ede a leger\u0151sebb hat\u00e1sa a vakcin\u00e1ci\u00f3nak van\u201d.<\/p>\n<p><strong>Meger\u0151s\u00f6dve t\u00e9rhetnek vissza a l\u00e9gz\u0151szervi betegs\u00e9gek<\/strong><\/p>\n<p>A Warwick Orvosi Egyetem tan\u00e1ra, Lawrence Young szerint a k\u00f6z\u00f6ns\u00e9ges megf\u00e1z\u00e1st leggyakrabban okoz\u00f3 rhinov\u00edrusok fert\u0151z\u0151k\u00e9pess\u00e9ge igen nagy, az \u00faj tanulm\u00e1ny pedig arra utal, hogy ez a gyakori fert\u0151z\u00e9s hat\u00e1ssal lehet a COVID-19 el\u0151fordul\u00e1s\u00e1ra \u00e9s az azt okoz\u00f3 koronav\u00edrus terjed\u00e9s\u00e9re. K\u00fcl\u00f6n\u00f6sen az \u0151szi \u00e9s t\u00e9li h\u00f3napokban, amikor a szezon\u00e1lis n\u00e1tha j\u00f3val gyakoribb \u2013 tette hozz\u00e1 a glasgow-i kutat\u00e1sban nem k\u00f6zrem\u0171k\u00f6d\u0151 orvos.<\/p>\n<p>Hogy mindez hogyan befoly\u00e1solja majd a v\u00edrushelyzetet az el\u0151tt\u00fcnk \u00e1ll\u00f3 teleken, egyel\u0151re nem tudni. A koronav\u00edrus val\u00f3sz\u00edn\u0171leg nem t\u0171nik el, m\u00edg a tov\u00e1bbi fert\u0151z\u00e9sek, amelyek a vil\u00e1gj\u00e1rv\u00e1ny id\u0151szak\u00e1ban nem tudnak terjedni, val\u00f3sz\u00edn\u0171leg meger\u0151s\u00f6dve t\u00e9rnek vissza, mert az ellen\u00fck kialakult immunit\u00e1s elhalv\u00e1nyul.<\/p>\n<p>Susan Hopkins, az angliai k\u00f6zeg\u00e9szs\u00e9g\u00fcgyi hat\u00f3s\u00e1g munkat\u00e1rsa m\u00e1r kor\u00e1bban arra figyelmeztetett, hogy a k\u00f6vetkez\u0151 t\u00e9l akkor sem lesz k\u00f6nny\u0171, ha addig siker\u00fcl nagyr\u00e9szt visszaszor\u00edtani a SARS-CoV-2 k\u00fcl\u00f6nb\u00f6z\u0151 v\u00e1ltozatait \u2013 ugyanis az influenza \u00e9s m\u00e1s l\u00e9gz\u0151szervi v\u00edrusok el\u0151fordul\u00e1si gyakoris\u00e1ga megn\u0151het.<\/p>\n<p>C\u00edm: A k\u00f6z\u00f6ns\u00e9ges megf\u00e1z\u00e1st okoz\u00f3 v\u00edrus kis\u00f6pri a sejtekb\u0151l a koronav\u00edrust<br \/>\nSzerz\u0151: Nincs felt\u00fcntetve<br \/>\nWeboldal: Qubit.hu<br \/>\nFelt\u00f6lt\u00e9s ideje: 2021.03.22<br \/>\nLet\u00f6lt\u00e9s: 2021.03.28. 20:20<br \/>\nLink: <a href=\"https:\/\/qubit.hu\/2021\/03\/23\/a-kozonseges-megfazast-okozo-virus-kisopri-a-sejtekbol-a-koronavirust-kiserletekben\">https:\/\/qubit.hu\/2021\/03\/23\/a-kozonseges-megfazast-okozo-virus-kisopri-a-sejtekbol-a-koronavirust-kiserletekben<\/a><\/p>\n","protected":false},"excerpt":{"rendered":"<p>A k\u00f6z\u00f6ns\u00e9ges megf\u00e1z\u00e1st okoz\u00f3 v\u00edrus hat\u00e9konyan kiszor\u00edthatja a sejtekb\u0151l a koronav\u00edrus-vil\u00e1gj\u00e1rv\u00e1nyt okoz\u00f3 SARS-CoV-2-t \u2013 \u00e1ll\u00edtj\u00e1k a Glasgow-i Egyetem kutat\u00f3i, akik laborat\u00f3riumi k\u00eds\u00e9rletekre alapozz\u00e1k az el\u0151bbi meg\u00e1llapod\u00e1st. A Journal of Infectious Diseases c\u00edm\u0171 foly\u00f3iratban kedden publik\u00e1lt eredm\u00e9ny teh\u00e1t terepen, \u00e9lesben m\u00e9g nem nyert bizony\u00edt\u00e1st. Az orr, a torok \u00e9s a t\u00fcd\u0151 sejtjeit megh\u00f3d\u00edt\u00f3 v\u00edrusok k\u00f6z\u00fcl n\u00e9melyik a t\u00f6bbi v\u00edrus el\u0151tt is nyitva hagyja az ajt\u00f3t, m\u00e1sok viszont kell\u0151k\u00e9pp \u00f6nz\u0151k ahhoz, hogy maguknak tarts\u00e1k meg a megsz\u00e1llt sejteket. A jelens\u00e9g nem p\u00e9ld\u00e1tlan a gyakorlatban sem: 2009-ben Franciaorsz\u00e1gban egy-egy nagyobb rhinov\u00edrus-g\u00f3c kialakul\u00e1sa sikeresen k\u00e9sleltette az influenza A v\u00edrus H1N1 alt\u00edpus\u00e1nak j\u00e1rv\u00e1nyszer\u0171 terjed\u00e9s\u00e9t. Arr\u00f3l azonban eddig nem volt sz\u00e1mottev\u0151 adat, hogy az \u00faj koronav\u00edrus eset\u00e9n is m\u0171k\u00f6dne \u201ea v\u00edrus v\u00edrusnak farkasa\u201d hat\u00e1s. B\u00e1r a feln\u0151ttek k\u00f6r\u00e9ben el\u0151fordul\u00f3 n\u00e1tha leggyakoribb okoz\u00f3ja, a rhinov\u00edrus koronav\u00edrus-ellenes hat\u00e1sa r\u00f6vid \u00e9let\u0171 lehet, a glasgow-i kutat\u00f3k szerint m\u00e9gis seg\u00edthet a COVID-19 visszaszor\u00edt\u00e1s\u00e1ban. 3-0 a rhinov\u00edrusnak Az influenzav\u00edrusok a leg\u00f6nz\u0151bb v\u00edrusok k\u00f6z\u00e9 tartoznak, \u00e9s \u00e1ltal\u00e1ban mindig egyed\u00fcl fert\u0151zik meg a testet, m\u00edg az adenov\u00edrusok sz\u00edvesen osztoznak m\u00e1s k\u00f3rokoz\u00f3kkal. A tudom\u00e1nyt ugyan foglalkoztatta a k\u00e9rd\u00e9s, hogy \u00e1ll a SARS-CoV-2 ezekkel a v\u00edrus-interakci\u00f3kkal, de a lassan egy \u00e9ve tart\u00f3 korl\u00e1toz\u00e1sok miatt az \u00f6sszes v\u00edrus terjed\u00e9se annyira lelassult, hogy ennek a tanulm\u00e1nyoz\u00e1sa szinte ellehetetlen\u00fclt. A glasgow-i V\u00edruskutat\u00f3 K\u00f6zpont kutat\u00f3csoportja ez\u00e9rt modellezte az emberi l\u00e9gz\u0151szervek bels\u0151 fel\u00fclet\u00e9t, ugyanolyan sejtt\u00edpusokb\u00f3l fel\u00e9p\u00edtve a replik\u00e1t, mint amilyenek az eredeti l\u00e9gz\u0151szerveket bor\u00edtj\u00e1k. Ez ut\u00e1n a sejteket koronav\u00edrussal \u00e9s rhinov\u00edrussal fert\u0151zt\u00e9k meg, \u00e9s a k\u00f6vetkez\u0151 eredm\u00e9nyeket kapt\u00e1k: ha a rihnov\u00edrus \u00e9s a SARS-CoV-2 egyszerre \u00e9rkezett, csak a rhinov\u00edrus t\u00e1madta meg a sejteket sikeresen. Ha a megf\u00e1z\u00e1st okoz\u00f3 v\u00edrus 24 \u00f3r\u00e1s el\u0151nyt kapott, akkor a koronav\u00edrus be sem kukkanthatott a sejtekbe. \u00c9s m\u00e9g ha a koronav\u00edrus kapott is 24 \u00f3r\u00e1s el\u0151nyt, a k\u00e9s\u0151bb \u00e9rkez\u0151 rhinov\u00edrus \u2013 a laborat\u00f3riumi k\u00f6r\u00fclm\u00e9nyek k\u00f6z\u00f6tt legal\u00e1bbis \u2013 kitakar\u00edtotta a sejtb\u0151l. Ahogy Pablo Murcia, az egyetem V\u00edruskutat\u00f3 K\u00f6zpontj\u00e1nak munkat\u00e1rsa, a tanulm\u00e1ny egyik szerz\u0151je fogalmazott, \u201ea koronav\u00edrus nem tud elterjedni, annyira er\u0151sen g\u00e1tolja a rhinov\u00edrus. Ez az\u00e9rt rendk\u00edv\u00fcl izgalmas, mert ha megn\u0151 a rhinov\u00edrus gyakoris\u00e1ga, meg\u00e1ll\u00edthatja az \u00faj SARS-CoV-2 fert\u0151z\u00e9seket\u201d. A tov\u00e1bbi k\u00eds\u00e9rletekb\u0151l az is kider\u00fclt, hogy a rhinov\u00edrus \u00e1ltal kiv\u00e1ltott sejten bel\u00fcli immunreakci\u00f3 akad\u00e1lyozta meg a SARS-CoV-2 reprodukci\u00f3j\u00e1t. Ha a tud\u00f3sok blokkolt\u00e1k az immunv\u00e1laszt, a koronav\u00edrus szintje olyan nagyra n\u0151tt, mintha a rhinov\u00edrus ott sem lett volna. Murcia ugyanakkor arra figyelmeztetett, hogy a koronav\u00edrus \u00fajra fert\u0151z\u0151k\u00e9pess\u00e9 v\u00e1lhat, ha a megf\u00e1z\u00e1s elm\u00falik, \u00e9s a rhinov\u00edrussal egy\u00fctt az \u00e1ltala kiv\u00e1ltott immunv\u00e1lasz is elt\u0171nik. A kutat\u00f3 szerint a koronav\u00edrus elleni vakcina, a higi\u00e9niai szab\u00e1lyok betart\u00e1sa \u00e9s a v\u00edrusok k\u00f6z\u00f6tti interakci\u00f3 is cs\u00f6kkentheti a SARS-CoV-2 el\u0151fordul\u00e1s\u00e1t, \u201ede a leger\u0151sebb hat\u00e1sa a vakcin\u00e1ci\u00f3nak van\u201d. Meger\u0151s\u00f6dve t\u00e9rhetnek vissza a l\u00e9gz\u0151szervi betegs\u00e9gek A Warwick Orvosi Egyetem tan\u00e1ra, Lawrence Young szerint a k\u00f6z\u00f6ns\u00e9ges megf\u00e1z\u00e1st leggyakrabban okoz\u00f3 rhinov\u00edrusok fert\u0151z\u0151k\u00e9pess\u00e9ge igen nagy, az \u00faj tanulm\u00e1ny pedig arra utal, hogy ez a gyakori fert\u0151z\u00e9s hat\u00e1ssal lehet a COVID-19 el\u0151fordul\u00e1s\u00e1ra \u00e9s az azt okoz\u00f3 koronav\u00edrus terjed\u00e9s\u00e9re. K\u00fcl\u00f6n\u00f6sen az \u0151szi \u00e9s t\u00e9li h\u00f3napokban, amikor a szezon\u00e1lis n\u00e1tha j\u00f3val gyakoribb \u2013 tette hozz\u00e1 a glasgow-i kutat\u00e1sban nem k\u00f6zrem\u0171k\u00f6d\u0151 orvos. Hogy mindez hogyan befoly\u00e1solja majd a v\u00edrushelyzetet az el\u0151tt\u00fcnk \u00e1ll\u00f3 teleken, egyel\u0151re nem tudni. A koronav\u00edrus val\u00f3sz\u00edn\u0171leg nem t\u0171nik el, m\u00edg a tov\u00e1bbi fert\u0151z\u00e9sek, amelyek a vil\u00e1gj\u00e1rv\u00e1ny id\u0151szak\u00e1ban nem tudnak terjedni, val\u00f3sz\u00edn\u0171leg meger\u0151s\u00f6dve t\u00e9rnek vissza, mert az ellen\u00fck kialakult immunit\u00e1s elhalv\u00e1nyul. Susan Hopkins, az angliai k\u00f6zeg\u00e9szs\u00e9g\u00fcgyi hat\u00f3s\u00e1g munkat\u00e1rsa m\u00e1r kor\u00e1bban arra figyelmeztetett, hogy a k\u00f6vetkez\u0151 t\u00e9l akkor sem lesz k\u00f6nny\u0171, ha addig siker\u00fcl nagyr\u00e9szt visszaszor\u00edtani a SARS-CoV-2 k\u00fcl\u00f6nb\u00f6z\u0151 v\u00e1ltozatait \u2013 ugyanis az influenza \u00e9s m\u00e1s l\u00e9gz\u0151szervi v\u00edrusok el\u0151fordul\u00e1si gyakoris\u00e1ga megn\u0151het. C\u00edm: A k\u00f6z\u00f6ns\u00e9ges megf\u00e1z\u00e1st okoz\u00f3 v\u00edrus kis\u00f6pri a sejtekb\u0151l a koronav\u00edrust Szerz\u0151: Nincs felt\u00fcntetve Weboldal: Qubit.hu Felt\u00f6lt\u00e9s ideje: 2021.03.22 Let\u00f6lt\u00e9s: 2021.03.28. 20:20 Link: https:\/\/qubit.hu\/2021\/03\/23\/a-kozonseges-megfazast-okozo-virus-kisopri-a-sejtekbol-a-koronavirust-kiserletekben<\/p>\n","protected":false},"author":1,"featured_media":0,"parent":0,"menu_order":0,"comment_status":"closed","ping_status":"closed","template":"","meta":{"_monsterinsights_skip_tracking":false,"_monsterinsights_sitenote_active":false,"_monsterinsights_sitenote_note":"","_monsterinsights_sitenote_category":0,"footnotes":""},"class_list":["post-1457","page","type-page","status-publish","hentry"],"_links":{"self":[{"href":"http:\/\/vedettseg.hu\/wordpress\/wp-json\/wp\/v2\/pages\/1457","targetHints":{"allow":["GET"]}}],"collection":[{"href":"http:\/\/vedettseg.hu\/wordpress\/wp-json\/wp\/v2\/pages"}],"about":[{"href":"http:\/\/vedettseg.hu\/wordpress\/wp-json\/wp\/v2\/types\/page"}],"author":[{"embeddable":true,"href":"http:\/\/vedettseg.hu\/wordpress\/wp-json\/wp\/v2\/users\/1"}],"replies":[{"embeddable":true,"href":"http:\/\/vedettseg.hu\/wordpress\/wp-json\/wp\/v2\/comments?post=1457"}],"version-history":[{"count":1,"href":"http:\/\/vedettseg.hu\/wordpress\/wp-json\/wp\/v2\/pages\/1457\/revisions"}],"predecessor-version":[{"id":1458,"href":"http:\/\/vedettseg.hu\/wordpress\/wp-json\/wp\/v2\/pages\/1457\/revisions\/1458"}],"wp:attachment":[{"href":"http:\/\/vedettseg.hu\/wordpress\/wp-json\/wp\/v2\/media?parent=1457"}],"curies":[{"name":"wp","href":"https:\/\/api.w.org\/{rel}","templated":true}]}}