{"id":16,"date":"2015-10-07T09:21:09","date_gmt":"2015-10-07T09:21:09","guid":{"rendered":"http:\/\/vedettseg.hu\/wordpress\/?page_id=16"},"modified":"2023-10-13T09:48:22","modified_gmt":"2023-10-13T09:48:22","slug":"egyesuletrol","status":"publish","type":"page","link":"http:\/\/vedettseg.hu\/wordpress\/egyesuletrol\/","title":{"rendered":"Az Egyes\u00fcletr\u0151l"},"content":{"rendered":"<ul>\n<li>\n<h3><a href=\"http:\/\/vedettseg.hu\/wordpress\/egyesuletrol\/alapszabaly\/\">Alapszab\u00e1lyzat<\/a><\/h3>\n<\/li>\n<li>\n<h3><a href=\"http:\/\/vedettseg.hu\/wordpress\/wp-content\/uploads\/2023\/10\/Gyogyszer-kommunikacio-Etikai-Kodexe-2017-4.pdf\">Etikai K\u00f3dex<\/a><\/h3>\n<\/li>\n<li>\n<h3><a href=\"http:\/\/vedettseg.hu\/wordpress\/egyesuletrol\/jogi-nyilatkozat\/\">Jogi nyilatkozat<\/a><\/h3>\n<\/li>\n<li>\n<h3><a href=\"http:\/\/vedettseg.hu\/wordpress\/egyesuletrol\/szervezeti-felepites\/\">Szervezeti fel\u00e9p\u00edt\u00e9s<\/a><\/h3>\n<\/li>\n<li>\n<h3><a href=\"http:\/\/vedettseg.hu\/wordpress\/wp-content\/uploads\/2021\/02\/Magatart\u00e1si-szab\u00e1lyok_20210119.pdf\">Magatart\u00e1si szab\u00e1lyok<\/a><\/h3>\n<\/li>\n<\/ul>\n","protected":false},"excerpt":{"rendered":"<p>Alapszab\u00e1lyzat Etikai K\u00f3dex Jogi nyilatkozat Szervezeti fel\u00e9p\u00edt\u00e9s Magatart\u00e1si szab\u00e1lyok<\/p>\n","protected":false},"author":1,"featured_media":0,"parent":0,"menu_order":0,"comment_status":"closed","ping_status":"closed","template":"","meta":{"_monsterinsights_skip_tracking":false,"_monsterinsights_sitenote_active":false,"_monsterinsights_sitenote_note":"","_monsterinsights_sitenote_category":0,"footnotes":""},"class_list":["post-16","page","type-page","status-publish","hentry"],"_links":{"self":[{"href":"http:\/\/vedettseg.hu\/wordpress\/wp-json\/wp\/v2\/pages\/16","targetHints":{"allow":["GET"]}}],"collection":[{"href":"http:\/\/vedettseg.hu\/wordpress\/wp-json\/wp\/v2\/pages"}],"about":[{"href":"http:\/\/vedettseg.hu\/wordpress\/wp-json\/wp\/v2\/types\/page"}],"author":[{"embeddable":true,"href":"http:\/\/vedettseg.hu\/wordpress\/wp-json\/wp\/v2\/users\/1"}],"replies":[{"embeddable":true,"href":"http:\/\/vedettseg.hu\/wordpress\/wp-json\/wp\/v2\/comments?post=16"}],"version-history":[{"count":16,"href":"http:\/\/vedettseg.hu\/wordpress\/wp-json\/wp\/v2\/pages\/16\/revisions"}],"predecessor-version":[{"id":1915,"href":"http:\/\/vedettseg.hu\/wordpress\/wp-json\/wp\/v2\/pages\/16\/revisions\/1915"}],"wp:attachment":[{"href":"http:\/\/vedettseg.hu\/wordpress\/wp-json\/wp\/v2\/media?parent=16"}],"curies":[{"name":"wp","href":"https:\/\/api.w.org\/{rel}","templated":true}]}}