{"id":1894,"date":"2022-02-12T07:55:26","date_gmt":"2022-02-12T07:55:26","guid":{"rendered":"http:\/\/vedettseg.hu\/wordpress\/?page_id=1894"},"modified":"2022-02-12T08:04:54","modified_gmt":"2022-02-12T08:04:54","slug":"kozgyulesi-jegyzokonyv","status":"publish","type":"page","link":"http:\/\/vedettseg.hu\/wordpress\/kozgyulesi-jegyzokonyv\/","title":{"rendered":"K\u00f6zgy\u0171l\u00e9si Jegyz\u0151k\u00f6nyv"},"content":{"rendered":"\n<ul class=\"wp-block-list\"><li><a href=\"http:\/\/vedettseg.hu\/wordpress\/wp-content\/uploads\/2022\/02\/Kozgyulesi-jegyzokonyv-2022.02.01-signed.pdf\">K\u00f6zgy\u0171l\u00e9si jegyz\u0151k\u00f6nyv &#8211; 2022.02.01<\/a><\/li><\/ul>\n","protected":false},"excerpt":{"rendered":"<p>K\u00f6zgy\u0171l\u00e9si jegyz\u0151k\u00f6nyv &#8211; 2022.02.01<\/p>\n","protected":false},"author":1,"featured_media":0,"parent":0,"menu_order":0,"comment_status":"closed","ping_status":"closed","template":"","meta":{"_monsterinsights_skip_tracking":false,"_monsterinsights_sitenote_active":false,"_monsterinsights_sitenote_note":"","_monsterinsights_sitenote_category":0,"footnotes":""},"class_list":["post-1894","page","type-page","status-publish","hentry"],"_links":{"self":[{"href":"http:\/\/vedettseg.hu\/wordpress\/wp-json\/wp\/v2\/pages\/1894","targetHints":{"allow":["GET"]}}],"collection":[{"href":"http:\/\/vedettseg.hu\/wordpress\/wp-json\/wp\/v2\/pages"}],"about":[{"href":"http:\/\/vedettseg.hu\/wordpress\/wp-json\/wp\/v2\/types\/page"}],"author":[{"embeddable":true,"href":"http:\/\/vedettseg.hu\/wordpress\/wp-json\/wp\/v2\/users\/1"}],"replies":[{"embeddable":true,"href":"http:\/\/vedettseg.hu\/wordpress\/wp-json\/wp\/v2\/comments?post=1894"}],"version-history":[{"count":3,"href":"http:\/\/vedettseg.hu\/wordpress\/wp-json\/wp\/v2\/pages\/1894\/revisions"}],"predecessor-version":[{"id":1900,"href":"http:\/\/vedettseg.hu\/wordpress\/wp-json\/wp\/v2\/pages\/1894\/revisions\/1900"}],"wp:attachment":[{"href":"http:\/\/vedettseg.hu\/wordpress\/wp-json\/wp\/v2\/media?parent=1894"}],"curies":[{"name":"wp","href":"https:\/\/api.w.org\/{rel}","templated":true}]}}