{"id":19,"date":"2015-10-07T10:20:17","date_gmt":"2015-10-07T10:20:17","guid":{"rendered":"http:\/\/vedettseg.hu\/wordpress\/?page_id=19"},"modified":"2026-01-14T08:23:46","modified_gmt":"2026-01-14T08:23:46","slug":"tagok","status":"publish","type":"page","link":"http:\/\/vedettseg.hu\/wordpress\/tagok\/","title":{"rendered":"Tagok"},"content":{"rendered":"\n<div class=\"wp-block-columns is-layout-flex wp-container-core-columns-is-layout-9d6595d7 wp-block-columns-is-layout-flex\">\n<div class=\"wp-block-column is-layout-flow wp-block-column-is-layout-flow\" style=\"flex-basis:100%\">\n<div class=\"wp-block-group\"><div class=\"wp-block-group__inner-container is-layout-constrained wp-block-group-is-layout-constrained\">\n<div class=\"wp-block-columns are-vertically-aligned-top is-layout-flex wp-container-core-columns-is-layout-9d6595d7 wp-block-columns-is-layout-flex\">\n<div class=\"wp-block-column is-vertically-aligned-top is-layout-flow wp-block-column-is-layout-flow\" style=\"flex-basis:100%\">\n<figure class=\"wp-block-table is-style-stripes\"><table><tbody><tr><td class=\"has-text-align-center\" data-align=\"center\"><img loading=\"lazy\" decoding=\"async\" width=\"200\" height=\"103\" class=\"wp-image-2065\" style=\"width: 200px;\" src=\"http:\/\/vedettseg.hu\/wordpress\/wp-content\/uploads\/2026\/01\/BioLife_Logo_blau_orange.png\" alt=\"\" srcset=\"http:\/\/vedettseg.hu\/wordpress\/wp-content\/uploads\/2026\/01\/BioLife_Logo_blau_orange.png 1498w, http:\/\/vedettseg.hu\/wordpress\/wp-content\/uploads\/2026\/01\/BioLife_Logo_blau_orange-300x155.png 300w, http:\/\/vedettseg.hu\/wordpress\/wp-content\/uploads\/2026\/01\/BioLife_Logo_blau_orange-1024x528.png 1024w, http:\/\/vedettseg.hu\/wordpress\/wp-content\/uploads\/2026\/01\/BioLife_Logo_blau_orange-768x396.png 768w, http:\/\/vedettseg.hu\/wordpress\/wp-content\/uploads\/2026\/01\/BioLife_Logo_blau_orange-1140x588.png 1140w\" sizes=\"auto, (max-width: 200px) 100vw, 200px\" \/><\/td><td><br><strong>BioLife Plazma Hungary Kft.<\/strong><br>1138 Budapest, N\u00e9pf\u00fcrd\u0151 utca 22.<br>Tel.: +36 30 381 5730<br><a href=\"https:\/\/teddmegmost.hu\/\">www.teddmegmost.hu<\/a><br><\/td><\/tr><tr><td class=\"has-text-align-center\" data-align=\"center\"><img loading=\"lazy\" decoding=\"async\" width=\"200\" height=\"114\" class=\"wp-image-672\" style=\"width: 200px;\" src=\"http:\/\/vedettseg.hu\/wordpress\/wp-content\/uploads\/2016\/02\/biotestok.png\" alt=\"\"><\/td><td><br><strong>Biotest Hungaria Kft.<\/strong><br>2045 T\u00f6r\u00f6kb\u00e1lint,<br>Torb\u00e1gy u. 15\/A.<br>Tel.: 06-23\/511-311<br><a href=\"http:\/\/www.biotest.hu\/\" target=\"_blank\" rel=\"noreferrer noopener\">www.biotest.hu<\/a><br><\/td><\/tr><tr><td class=\"has-text-align-center\" data-align=\"center\"><img loading=\"lazy\" decoding=\"async\" width=\"200\" height=\"67\" class=\"wp-image-2067\" style=\"width: 200px;\" src=\"http:\/\/vedettseg.hu\/wordpress\/wp-content\/uploads\/2026\/01\/CSL-Behring.png\" alt=\"\"><\/td><td><br><strong>CSL Behring&nbsp;Kft.<\/strong><br>MOM Park D \u00e9p.4.em<br>1123 Budapest,<br>Alkot\u00e1s utca 53.<br>Tel.: 06-1\/213-4290<br><a href=\"http:\/\/www.cslbehring.com\/\" target=\"_blank\" rel=\"noreferrer noopener\">www.cslbehring.com<\/a><\/td><\/tr><tr><td class=\"has-text-align-center\" data-align=\"center\"><img loading=\"lazy\" decoding=\"async\" width=\"200\" height=\"114\" class=\"wp-image-602\" style=\"width: 200px;\" src=\"http:\/\/vedettseg.hu\/wordpress\/wp-content\/uploads\/2016\/02\/csl_plasma.png\" alt=\"\"><\/td><td><br><strong>CSL&nbsp;Plasma Kft.<\/strong><br>1037 Budapest,<br>Montevideo utca 7. II. em.<br>Tel.: +36 1&nbsp;244 8217<br><a href=\"http:\/\/www.cslplasma.hu\">www.cslplasma.hu<\/a><\/td><\/tr><tr><td class=\"has-text-align-center\" data-align=\"center\"><img loading=\"lazy\" decoding=\"async\" width=\"200\" height=\"114\" class=\"wp-image-617\" style=\"width: 200px;\" src=\"http:\/\/vedettseg.hu\/wordpress\/wp-content\/uploads\/2016\/02\/egis-1.png\" alt=\"\"><\/td><td><br><strong>EGIS Gy\u00f3gyszergy\u00e1r Nyrt.<\/strong><br>1106 Budapest,<br>Kereszt\u00fari \u00fat 30-38.<br>Tel.: 06-1\/803-5555<br><a href=\"http:\/\/www.egis.hu\/\" target=\"_blank\" rel=\"noreferrer noopener\">www.egis.hu<\/a><\/td><\/tr><tr><td class=\"has-text-align-center\" data-align=\"center\"><br><img loading=\"lazy\" decoding=\"async\" width=\"200\" height=\"95\" class=\"wp-image-1873\" style=\"width: 200px;\" src=\"http:\/\/vedettseg.hu\/wordpress\/wp-content\/uploads\/2022\/01\/Hamea-log\u00f3.png\" alt=\"\"><\/td><td><strong>Haema Plasma Kft.<\/strong><br>2100 G\u00f6d\u00f6ll\u0151, T\u00e1ncsics Mih\u00e1ly \u00fat 80.<br><a href=\"http:\/\/www.haemaplasma.hu\/\">www.haemaplasma.hu<\/a><br><\/td><\/tr><tr><td class=\"has-text-align-center\" data-align=\"center\"><img loading=\"lazy\" decoding=\"async\" width=\"200\" height=\"87\" class=\"wp-image-2068\" style=\"width: 200px;\" src=\"http:\/\/vedettseg.hu\/wordpress\/wp-content\/uploads\/2026\/01\/IFRgS3u9u6OUL9QmsJMwkBRuHKa1592306253823_200x200-e1768378917162.png\" alt=\"\"><\/td><td><br><strong>Orthosera Medical Zrt.<br><\/strong>1123 Budapest, Alkot\u00e1s utca 17.<br>Tel.: +36-70-367-0818<br><a href=\"http:\/\/www.orthosera.com\">www.orthosera.com<\/a><\/td><\/tr><tr><td class=\"has-text-align-center\" data-align=\"center\"><img loading=\"lazy\" decoding=\"async\" width=\"200\" height=\"82\" class=\"wp-image-1930\" style=\"width: 200px;\" src=\"http:\/\/vedettseg.hu\/wordpress\/wp-content\/uploads\/2025\/02\/Pfizer_2021-scaled.jpg\" alt=\"\" srcset=\"http:\/\/vedettseg.hu\/wordpress\/wp-content\/uploads\/2025\/02\/Pfizer_2021-scaled.jpg 2560w, http:\/\/vedettseg.hu\/wordpress\/wp-content\/uploads\/2025\/02\/Pfizer_2021-300x123.jpg 300w, http:\/\/vedettseg.hu\/wordpress\/wp-content\/uploads\/2025\/02\/Pfizer_2021-1024x419.jpg 1024w, http:\/\/vedettseg.hu\/wordpress\/wp-content\/uploads\/2025\/02\/Pfizer_2021-768x314.jpg 768w, http:\/\/vedettseg.hu\/wordpress\/wp-content\/uploads\/2025\/02\/Pfizer_2021-1536x628.jpg 1536w, http:\/\/vedettseg.hu\/wordpress\/wp-content\/uploads\/2025\/02\/Pfizer_2021-2048x838.jpg 2048w\" sizes=\"auto, (max-width: 200px) 100vw, 200px\" \/><\/td><td><br><strong>Pfizer Kft.<\/strong><br>1123 Budapest,<br>Alkot\u00e1s utca 53.<br>Tel.: 06-1\/488-3700<br><a href=\"http:\/\/www.pfizer.hu\/\" target=\"_blank\" rel=\"noreferrer noopener\">www.pfizer.hu<\/a><\/td><\/tr><tr><td class=\"has-text-align-center\" data-align=\"center\"><img loading=\"lazy\" decoding=\"async\" width=\"170\" height=\"170\" class=\"wp-image-1949\" style=\"width: 170px;\" src=\"http:\/\/vedettseg.hu\/wordpress\/wp-content\/uploads\/2026\/01\/plasma_expert_group_logo.jpg\" alt=\"\" srcset=\"http:\/\/vedettseg.hu\/wordpress\/wp-content\/uploads\/2026\/01\/plasma_expert_group_logo.jpg 200w, http:\/\/vedettseg.hu\/wordpress\/wp-content\/uploads\/2026\/01\/plasma_expert_group_logo-150x150.jpg 150w\" sizes=\"auto, (max-width: 170px) 100vw, 170px\" \/><\/td><td><br><strong>Plasma Expert Kft.<\/strong><br>1146 Budapest, Th\u00f6k\u00f6ly \u00fat 100\/A<br><a href=\"http:\/\/www.plasmaexpert.hu\/\">www.plasmaexpert.hu<\/a><\/td><\/tr><tr><td class=\"has-text-align-center\" data-align=\"center\"><img loading=\"lazy\" decoding=\"async\" width=\"200\" height=\"63\" class=\"wp-image-2054\" style=\"width: 200px;\" src=\"http:\/\/vedettseg.hu\/wordpress\/wp-content\/uploads\/2026\/01\/logo-300.png\" alt=\"\"><\/td><td><br><strong>Plazma1<\/strong><br>1134 Budapest<br>R\u00f3bert K\u00e1roly K\u00f6r\u00fat 67.<br><a href=\"tel:+36-30%20901-2315\">+36-30 901-2315<\/a><br><a href=\"mailto:info@plazma1.hu\">info@plazma1.hu<\/a><\/td><\/tr><tr><td class=\"has-text-align-center\" data-align=\"center\"><img loading=\"lazy\" decoding=\"async\" width=\"220\" height=\"70\" class=\"wp-image-1947\" style=\"width: 220px;\" src=\"http:\/\/vedettseg.hu\/wordpress\/wp-content\/uploads\/2026\/01\/70676_1613147489-scaled.png\" alt=\"\" srcset=\"http:\/\/vedettseg.hu\/wordpress\/wp-content\/uploads\/2026\/01\/70676_1613147489-scaled.png 2560w, http:\/\/vedettseg.hu\/wordpress\/wp-content\/uploads\/2026\/01\/70676_1613147489-300x95.png 300w, http:\/\/vedettseg.hu\/wordpress\/wp-content\/uploads\/2026\/01\/70676_1613147489-1024x326.png 1024w, http:\/\/vedettseg.hu\/wordpress\/wp-content\/uploads\/2026\/01\/70676_1613147489-768x244.png 768w, http:\/\/vedettseg.hu\/wordpress\/wp-content\/uploads\/2026\/01\/70676_1613147489-1536x489.png 1536w, http:\/\/vedettseg.hu\/wordpress\/wp-content\/uploads\/2026\/01\/70676_1613147489-2048x652.png 2048w\" sizes=\"auto, (max-width: 220px) 100vw, 220px\" \/><\/td><td><br><strong>Plazmacentrum Kft.<\/strong><br>9400 Sopron, V\u00e1rker\u00fclet utca 17.<br><a href=\"http:\/\/blaha.plazmacentrum.hu\/\">blaha.plazmacentrum.hu<\/a><\/td><\/tr><tr><td class=\"has-text-align-center\" data-align=\"center\"><img loading=\"lazy\" decoding=\"async\" width=\"200\" height=\"135\" class=\"wp-image-1959\" style=\"width: 200px;\" src=\"http:\/\/vedettseg.hu\/wordpress\/wp-content\/uploads\/2026\/01\/312834837_101818906074326_2782559097978006492_n-2.jpg\" alt=\"\" srcset=\"http:\/\/vedettseg.hu\/wordpress\/wp-content\/uploads\/2026\/01\/312834837_101818906074326_2782559097978006492_n-2.jpg 475w, http:\/\/vedettseg.hu\/wordpress\/wp-content\/uploads\/2026\/01\/312834837_101818906074326_2782559097978006492_n-2-300x202.jpg 300w\" sizes=\"auto, (max-width: 200px) 100vw, 200px\" \/><\/td><td><br><strong>Plazmaszolg\u00e1lat Kft.<\/strong><br>2045 T\u00f6r\u00f6kb\u00e1lint,<br>Torb\u00e1gy u. 15\/A.<br>Tel.: 06-23\/511-319<br><a href=\"http:\/\/www.plazmaszolgalat.hu\/\" target=\"_blank\" rel=\"noreferrer noopener\">www.plazmaszolgalat.hu<\/a><\/td><\/tr><tr><td class=\"has-text-align-center\" data-align=\"center\"><img loading=\"lazy\" decoding=\"async\" width=\"200\" height=\"67\" class=\"wp-image-2062\" style=\"width: 200px;\" src=\"http:\/\/vedettseg.hu\/wordpress\/wp-content\/uploads\/2026\/01\/6916f1777886bb3b9377ae7d_Plasma-Protein-Therapeutics-Association-scaled.png\" alt=\"\" srcset=\"http:\/\/vedettseg.hu\/wordpress\/wp-content\/uploads\/2026\/01\/6916f1777886bb3b9377ae7d_Plasma-Protein-Therapeutics-Association-scaled.png 2560w, http:\/\/vedettseg.hu\/wordpress\/wp-content\/uploads\/2026\/01\/6916f1777886bb3b9377ae7d_Plasma-Protein-Therapeutics-Association-300x101.png 300w, http:\/\/vedettseg.hu\/wordpress\/wp-content\/uploads\/2026\/01\/6916f1777886bb3b9377ae7d_Plasma-Protein-Therapeutics-Association-1024x344.png 1024w, http:\/\/vedettseg.hu\/wordpress\/wp-content\/uploads\/2026\/01\/6916f1777886bb3b9377ae7d_Plasma-Protein-Therapeutics-Association-768x258.png 768w, http:\/\/vedettseg.hu\/wordpress\/wp-content\/uploads\/2026\/01\/6916f1777886bb3b9377ae7d_Plasma-Protein-Therapeutics-Association-1536x516.png 1536w, http:\/\/vedettseg.hu\/wordpress\/wp-content\/uploads\/2026\/01\/6916f1777886bb3b9377ae7d_Plasma-Protein-Therapeutics-Association-2048x688.png 2048w, http:\/\/vedettseg.hu\/wordpress\/wp-content\/uploads\/2026\/01\/6916f1777886bb3b9377ae7d_Plasma-Protein-Therapeutics-Association-1140x383.png 1140w\" sizes=\"auto, (max-width: 200px) 100vw, 200px\" \/><\/td><td><br><strong>Plasma Protein Therapeutics Association<\/strong><br>1200 Brussels, Belgium <br>Boulevard Brand Whitlock 114\/b<br>+32 2&nbsp;705 5811<br><a href=\"https:\/\/www.pptaglobal.org\/\">www.pptaglobal.org\/<\/a><\/td><\/tr><tr><td class=\"has-text-align-center\" data-align=\"center\"><img loading=\"lazy\" decoding=\"async\" width=\"200\" height=\"72\" class=\"wp-image-1946\" style=\"width: 200px;\" src=\"http:\/\/vedettseg.hu\/wordpress\/wp-content\/uploads\/2026\/01\/PROTHYA_Logo_Payoff_PMS_Tekengebied-1-scaled-1.jpg\" alt=\"\" srcset=\"http:\/\/vedettseg.hu\/wordpress\/wp-content\/uploads\/2026\/01\/PROTHYA_Logo_Payoff_PMS_Tekengebied-1-scaled-1.jpg 2560w, http:\/\/vedettseg.hu\/wordpress\/wp-content\/uploads\/2026\/01\/PROTHYA_Logo_Payoff_PMS_Tekengebied-1-scaled-1-300x108.jpg 300w, http:\/\/vedettseg.hu\/wordpress\/wp-content\/uploads\/2026\/01\/PROTHYA_Logo_Payoff_PMS_Tekengebied-1-scaled-1-1024x368.jpg 1024w, http:\/\/vedettseg.hu\/wordpress\/wp-content\/uploads\/2026\/01\/PROTHYA_Logo_Payoff_PMS_Tekengebied-1-scaled-1-768x276.jpg 768w, http:\/\/vedettseg.hu\/wordpress\/wp-content\/uploads\/2026\/01\/PROTHYA_Logo_Payoff_PMS_Tekengebied-1-scaled-1-1536x552.jpg 1536w, http:\/\/vedettseg.hu\/wordpress\/wp-content\/uploads\/2026\/01\/PROTHYA_Logo_Payoff_PMS_Tekengebied-1-scaled-1-2048x736.jpg 2048w\" sizes=\"auto, (max-width: 200px) 100vw, 200px\" \/><\/td><td><br><strong>Prothya Biosolutions Hungary Kft.<\/strong><br>1133 Budapest, V\u00e1ci \u00fat 76.<br>www.prothya.com<br><\/td><\/tr><tr><td class=\"has-text-align-center\" data-align=\"center\"><img loading=\"lazy\" decoding=\"async\" width=\"220\" height=\"122\" class=\"wp-image-1506\" style=\"width: 220px;\" src=\"http:\/\/vedettseg.hu\/wordpress\/wp-content\/uploads\/2021\/05\/BrandSymbol_Dakiyama_line_Rd-1.gif\" alt=\"\"><\/td><td><br><strong>Takeda Pharma Kft.<\/strong><br>1138 Budapest, N\u00e9pf\u00fcrd\u0151 utca 22. 14. em.<br>Tel.: (06 1) 270 7030<br><a href=\"https:\/\/www.takeda.com\/hu-hu\/\">www.takeda.com\/hu-hu\/<\/a><\/td><\/tr><\/tbody><\/table><\/figure>\n<\/div>\n<\/div>\n<\/div><\/div>\n<\/div>\n<\/div>\n\n\n\n<h2 class=\"wp-block-heading\"><strong>Egy\u00e9ni tagok:<\/strong><\/h2>\n\n\n\n<h4 class=\"wp-block-heading is-style-regular\">Dr. Borb\u00e1s Gyula<br>Falus P\u00e9ter<br>Dr. Marton Kl\u00e1ra<br>Katona Ferenc<br>N\u00e9meth Zsolt<br>Dr. Sur\u00e1nyi G\u00e1bor<br>F\u00fcl\u00f6p \u00c1rp\u00e1d<br>Dr. L\u00e9tay Erzs\u00e9bet<br>D\u00e9l-Kelet<\/h4>\n","protected":false},"excerpt":{"rendered":"<p>BioLife Plazma Hungary Kft.1138 Budapest, N\u00e9pf\u00fcrd\u0151 utca 22.Tel.: +36 30 381 5730www.teddmegmost.hu Biotest Hungaria Kft.2045 T\u00f6r\u00f6kb\u00e1lint,Torb\u00e1gy u. 15\/A.Tel.: 06-23\/511-311www.biotest.hu CSL Behring&nbsp;Kft.MOM Park D \u00e9p.4.em1123 Budapest,Alkot\u00e1s utca 53.Tel.: 06-1\/213-4290www.cslbehring.com CSL&nbsp;Plasma Kft.1037 Budapest,Montevideo utca 7. II. em.Tel.: +36 1&nbsp;244 8217www.cslplasma.hu EGIS Gy\u00f3gyszergy\u00e1r Nyrt.1106 Budapest,Kereszt\u00fari \u00fat 30-38.Tel.: 06-1\/803-5555www.egis.hu Haema Plasma Kft.2100 G\u00f6d\u00f6ll\u0151, T\u00e1ncsics Mih\u00e1ly \u00fat 80.www.haemaplasma.hu Orthosera Medical Zrt.1123 Budapest, Alkot\u00e1s utca 17.Tel.: +36-70-367-0818www.orthosera.com Pfizer Kft.1123 Budapest,Alkot\u00e1s utca 53.Tel.: 06-1\/488-3700www.pfizer.hu Plasma Expert Kft.1146 Budapest, Th\u00f6k\u00f6ly \u00fat 100\/Awww.plasmaexpert.hu Plazma11134 BudapestR\u00f3bert K\u00e1roly K\u00f6r\u00fat 67.+36-30 901-2315info@plazma1.hu Plazmacentrum Kft.9400 Sopron, V\u00e1rker\u00fclet utca 17.blaha.plazmacentrum.hu Plazmaszolg\u00e1lat Kft.2045 T\u00f6r\u00f6kb\u00e1lint,Torb\u00e1gy u. 15\/A.Tel.: 06-23\/511-319www.plazmaszolgalat.hu Plasma Protein Therapeutics Association1200 Brussels, Belgium Boulevard Brand Whitlock 114\/b+32 2&nbsp;705 5811www.pptaglobal.org\/ Prothya Biosolutions Hungary Kft.1133 Budapest, V\u00e1ci \u00fat 76.www.prothya.com Takeda Pharma Kft.1138 Budapest, N\u00e9pf\u00fcrd\u0151 utca 22. 14. em.Tel.: (06 1) 270 7030www.takeda.com\/hu-hu\/ Egy\u00e9ni tagok: Dr. Borb\u00e1s GyulaFalus P\u00e9terDr. Marton Kl\u00e1raKatona FerencN\u00e9meth ZsoltDr. Sur\u00e1nyi G\u00e1borF\u00fcl\u00f6p \u00c1rp\u00e1dDr. L\u00e9tay Erzs\u00e9betD\u00e9l-Kelet<\/p>\n","protected":false},"author":1,"featured_media":0,"parent":0,"menu_order":0,"comment_status":"closed","ping_status":"closed","template":"","meta":{"_monsterinsights_skip_tracking":false,"_monsterinsights_sitenote_active":false,"_monsterinsights_sitenote_note":"","_monsterinsights_sitenote_category":0,"footnotes":""},"class_list":["post-19","page","type-page","status-publish","hentry"],"_links":{"self":[{"href":"http:\/\/vedettseg.hu\/wordpress\/wp-json\/wp\/v2\/pages\/19","targetHints":{"allow":["GET"]}}],"collection":[{"href":"http:\/\/vedettseg.hu\/wordpress\/wp-json\/wp\/v2\/pages"}],"about":[{"href":"http:\/\/vedettseg.hu\/wordpress\/wp-json\/wp\/v2\/types\/page"}],"author":[{"embeddable":true,"href":"http:\/\/vedettseg.hu\/wordpress\/wp-json\/wp\/v2\/users\/1"}],"replies":[{"embeddable":true,"href":"http:\/\/vedettseg.hu\/wordpress\/wp-json\/wp\/v2\/comments?post=19"}],"version-history":[{"count":190,"href":"http:\/\/vedettseg.hu\/wordpress\/wp-json\/wp\/v2\/pages\/19\/revisions"}],"predecessor-version":[{"id":2069,"href":"http:\/\/vedettseg.hu\/wordpress\/wp-json\/wp\/v2\/pages\/19\/revisions\/2069"}],"wp:attachment":[{"href":"http:\/\/vedettseg.hu\/wordpress\/wp-json\/wp\/v2\/media?parent=19"}],"curies":[{"name":"wp","href":"https:\/\/api.w.org\/{rel}","templated":true}]}}