{"id":327,"date":"2016-01-02T17:09:02","date_gmt":"2016-01-02T17:09:02","guid":{"rendered":"http:\/\/vedettseg.hu\/wordpress\/?page_id=327"},"modified":"2021-06-18T14:09:04","modified_gmt":"2021-06-18T14:09:04","slug":"szekciok","status":"publish","type":"page","link":"http:\/\/vedettseg.hu\/wordpress\/szekciok\/","title":{"rendered":"Szekci\u00f3k"},"content":{"rendered":"<ul>\n<li>\n<h3><a href=\"http:\/\/vedettseg.hu\/wordpress\/szekciok\/immunbiologiai-szekcio\/\">Immunbiol\u00f3giai szekci\u00f3<\/a><\/h3>\n<\/li>\n<li>\n<h3><a href=\"http:\/\/vedettseg.hu\/wordpress\/szekciok\/plazma-szekcio\/\">Plazma szekci\u00f3<\/a><\/h3>\n<\/li>\n<li>\n<h3><a href=\"http:\/\/vedettseg.hu\/wordpress\/szekciok\/biotechnologiai-szekcio\/\">Biotechnol\u00f3giai szekci\u00f3<\/a><\/h3>\n<\/li>\n<li>\n<h3><a href=\"http:\/\/vedettseg.hu\/wordpress\/szekciok\/ritka-betegsegek-szekcio\/\">Ritka betegs\u00e9gek szekci\u00f3<\/a><\/h3>\n<\/li>\n<\/ul>\n","protected":false},"excerpt":{"rendered":"<p>Immunbiol\u00f3giai szekci\u00f3 Plazma szekci\u00f3 Biotechnol\u00f3giai szekci\u00f3 Ritka betegs\u00e9gek szekci\u00f3<\/p>\n","protected":false},"author":1,"featured_media":0,"parent":0,"menu_order":0,"comment_status":"closed","ping_status":"closed","template":"","meta":{"_monsterinsights_skip_tracking":false,"_monsterinsights_sitenote_active":false,"_monsterinsights_sitenote_note":"","_monsterinsights_sitenote_category":0,"footnotes":""},"class_list":["post-327","page","type-page","status-publish","hentry"],"_links":{"self":[{"href":"http:\/\/vedettseg.hu\/wordpress\/wp-json\/wp\/v2\/pages\/327","targetHints":{"allow":["GET"]}}],"collection":[{"href":"http:\/\/vedettseg.hu\/wordpress\/wp-json\/wp\/v2\/pages"}],"about":[{"href":"http:\/\/vedettseg.hu\/wordpress\/wp-json\/wp\/v2\/types\/page"}],"author":[{"embeddable":true,"href":"http:\/\/vedettseg.hu\/wordpress\/wp-json\/wp\/v2\/users\/1"}],"replies":[{"embeddable":true,"href":"http:\/\/vedettseg.hu\/wordpress\/wp-json\/wp\/v2\/comments?post=327"}],"version-history":[{"count":5,"href":"http:\/\/vedettseg.hu\/wordpress\/wp-json\/wp\/v2\/pages\/327\/revisions"}],"predecessor-version":[{"id":1571,"href":"http:\/\/vedettseg.hu\/wordpress\/wp-json\/wp\/v2\/pages\/327\/revisions\/1571"}],"wp:attachment":[{"href":"http:\/\/vedettseg.hu\/wordpress\/wp-json\/wp\/v2\/media?parent=327"}],"curies":[{"name":"wp","href":"https:\/\/api.w.org\/{rel}","templated":true}]}}