{"id":330,"date":"2016-01-02T17:11:58","date_gmt":"2016-01-02T17:11:58","guid":{"rendered":"http:\/\/vedettseg.hu\/wordpress\/?page_id=330"},"modified":"2021-03-29T12:14:51","modified_gmt":"2021-03-29T12:14:51","slug":"immunbiologiai-szekcio","status":"publish","type":"page","link":"http:\/\/vedettseg.hu\/wordpress\/szekciok\/immunbiologiai-szekcio\/","title":{"rendered":"Immunbiol\u00f3giai szekci\u00f3"},"content":{"rendered":"<p><a href=\"http:\/\/vedettseg.hu\/wordpress\/szekciok\/immunbiologiai-szekcio\/#link\"><span style=\"font-size: 12px;\"><span style=\"font-size: 14px;\">cikkek<\/span><\/span><\/a><\/p>\n<hr \/>\n<p>&nbsp;<\/p>\n<p style=\"text-align: justify;\">\u00a0 A V\u00e9detts\u00e9g Egyes\u00fclet tagv\u00e1llalatai 2003-ban h\u00edvt\u00e1k \u00e9letre az Immunbiol\u00f3giai Szekci\u00f3t. A szekci\u00f3t alkot\u00f3 c\u00e9gek tradicion\u00e1lisan stabil v\u00e9rk\u00e9sz\u00edtm\u00e9nyeket gy\u00e1rtanak. Ilyenek a v\u00e9ralvad\u00e1si faktorkoncentr\u00e1tumok, az immunglobulinok \u00e9s a hum\u00e1n albumin. Ezekre a gy\u00f3gyszerekre leggyakrabban velesz\u00fcletett betegs\u00e9gekkel \u00e9l\u0151knek (pl. v\u00e9rz\u00e9kenys\u00e9g, immunhi\u00e1ny stb.), sz\u00f6vet- \u00e9s szervtranszplant\u00e1ltak illetve intenz\u00edv oszt\u00e1lyon kezelt betegeknek van sz\u00fcks\u00e9g\u00fck.<\/p>\n<p style=\"text-align: justify;\">\u00a0 A stabil v\u00e9rk\u00e9sz\u00edtm\u00e9nyek oktat\u00e1sa mind az orvos, mind a gy\u00f3gyszer\u00e9szk\u00e9pz\u00e9s mostoha ter\u00fclete. \u00cdgy a Szekci\u00f3nak fontos k\u00fcldet\u00e9se a sz\u00e9lesk\u00f6r\u0171 felvil\u00e1gos\u00edt\u00f3 tev\u00e9kenys\u00e9ge, mind az orvosok, mind a gy\u00f3gyszer\u00e9szek, valamint a betegek k\u00f6r\u00e9ben. Sz\u00e1mos tudom\u00e1nyos t\u00e1rsas\u00e1ggal, a szakmai koll\u00e9gium t\u00f6bb tagozat\u00e1val \u00e9s a betegszervezetekkel szoros kapcsolatot tart fenn. Ennek az egy\u00fcttm\u0171k\u00f6d\u00e9snek a gy\u00fcm\u00f6lcse a hemof\u00edli\u00e1s \u00e9s az immunhi\u00e1nyos betegek kezel\u00e9s\u00e9nek az Eur\u00f3pa szint\u0171 min\u0151s\u00e9ge \u00e9s finansz\u00edroz\u00e1sa.<\/p>\n<p style=\"text-align: justify;\">\u00a0 Az immunglobulinok egy f\u0151re jut\u00f3 hazai felhaszn\u00e1l\u00e1sa viszont a mai napig jelent\u0151sen elmarad az eur\u00f3pai \u00e1tlagt\u00f3l, annak k\u00f6r\u00fclbel\u00fcl csak az egynegyede. A Szekci\u00f3 egyik f\u0151 c\u00e9lkit\u0171z\u00e9se, hogy az immunhi\u00e1nyos betegek finansz\u00edroz\u00e1s\u00e1hoz hasonl\u00f3an, a t\u00f6bbi t\u00f6rzsk\u00f6nyvezett indik\u00e1ci\u00f3ban is (neurol\u00f3gia, hematol\u00f3gia) sz\u00e9lesk\u00f6r\u0171en el\u00e9rhet\u0151v\u00e9 v\u00e1ljon a betegek sz\u00e1m\u00e1ra, ez, az \u00e9letmin\u0151s\u00e9get jelent\u0151sen emel\u0151 ter\u00e1pia. Az immunglobulinoknak van k\u00f6r\u00fclbel\u00fcl f\u00e9lsz\u00e1z nem t\u00f6rzsk\u00f6nyvezett, \u00fagynevezett \u201eoff-label\u201d indik\u00e1ci\u00f3s ter\u00fclete (k\u00fcl\u00f6n\u00f6sen az autoimmun k\u00f3rk\u00e9pek stb.). Ezek a betegs\u00e9gek sokszor egy\u00e9b gy\u00f3gyszerekre nem vagy nem mindig reag\u00e1lnak megfelel\u0151en, de a viszonylag k\u00f6lts\u00e9ges, azonban sokszor kurat\u00edv immunglobulin kezel\u00e9s seg\u00edthet. Tekintettel az alacsony betegsz\u00e1mra, az \u00e9vtizedes pozit\u00edv tapasztalatokra, ezekben az indik\u00e1ci\u00f3kban nem v\u00e1rhat\u00f3k klinikai tanulm\u00e1nyok, viszont a HBCS-b\u0151l a kezel\u00e9s nem finansz\u00edrozhat\u00f3, \u00edgy ezen a ter\u00fcleten is sok feladat v\u00e1r m\u00e9g a Szekci\u00f3ra.<\/p>\n<p style=\"text-align: justify;\">\u00a0 A primer immunhi\u00e1nyok felismer\u00e9se sokszor k\u00e9sik, az els\u0151 t\u00fcnetek fell\u00e9pte \u00e9s a diagn\u00f3zis fel\u00e1ll\u00edt\u00e1sa k\u00f6z\u00f6tt -nemzetk\u00f6zi statisztik\u00e1k szerint- \u00e1tlagosan 9 \u00e9v telik el. A betegek felismer\u00e9s\u00e9t seg\u00edtheti az al\u00e1bbi 14 figyelmeztet\u0151 jel:<\/p>\n<ul>\n<li>Kr\u00f3nikus, visszat\u00e9r\u0151 f\u00fclfoly\u00e1s vagy bakteri\u00e1lis arc\u00fcreggyullad\u00e1s.<\/li>\n<li>Egy \u00e9ven bel\u00fcl n\u00e9gy vagy t\u00f6bb bakteri\u00e1lis fert\u0151z\u00e9s (arc\u00fcreggyullad\u00e1s, t\u00fcd\u0151gyullad\u00e1s, k\u00f6z\u00e9pf\u00fclgyullad\u00e1s).<\/li>\n<li>K\u00e9t vagy t\u00f6bb h\u00f3napon \u00e1t tart\u00f3 folyamatos antibiotikumos kezel\u00e9s kis hat\u00e1sfokkal.<\/li>\n<li>K\u00e9t vagy t\u00f6bb bakteri\u00e1lis t\u00fcd\u0151gyullad\u00e1s r\u00f6vid id\u0151n bel\u00fcl.<\/li>\n<li>\u00dajsz\u00fcl\u00f6tt, kis csecsem\u0151 s\u00faly\u00e1nak cs\u00f6kken\u00e9se vagy n\u00f6veked\u00e9sben val\u00f3 elmarad\u00e1sa.<\/li>\n<li>Visszat\u00e9r\u0151, m\u00e9lyen elhelyezked\u0151 t\u00e1lyog a b\u0151rben vagy m\u00e1s szervben.<\/li>\n<li>\u00c1lland\u00f3an ki\u00fajul\u00f3 sz\u00e1jpen\u00e9sz egy\u00e9ves koron t\u00fal.<\/li>\n<li>Intrav\u00e9n\u00e1s antibiotikum-kezel\u00e9s sz\u00fcks\u00e9gess\u00e9ge a fert\u0151z\u00e9s lek\u00fczd\u00e9s\u00e9hez.<\/li>\n<li>Ak\u00e1rcsak egy vagy t\u00f6bb sz\u00f6v\u0151dm\u00e9nyes fert\u0151z\u00e9s, mint pl. csontvel\u0151gyullad\u00e1s, agyh\u00e1rtyagyullad\u00e1s, szepszis, b\u0151rgyullad\u00e1s.<\/li>\n<li>Rokonok k\u00f6z\u00f6tt el\u0151fordul\u00f3 immunhi\u00e1ny.<\/li>\n<li>Kr\u00f3nikus hasmen\u00e9s.<\/li>\n<li>A b\u0151r \u00e9s k\u00f6rm\u00f6k elv\u00e1ltoz\u00e1sai: ekc\u00e9ma, gomba okozta fert\u0151z\u00e9sek, egy\u00e9b szokatlan b\u0151rjelens\u00e9gek.<\/li>\n<li>A sz\u00e1jny\u00e1lkah\u00e1rtya visszat\u00e9r\u0151 aft\u00e1s fek\u00e9lyei.<\/li>\n<li>Kr\u00f3nikus f\u00e1radts\u00e1g. Feln\u0151ttkorban lehet ez ak\u00e1r vezet\u0151 t\u00fcnet is.<\/li>\n<\/ul>\n<p>&nbsp;<\/p>\n<p><strong>Cikkek<\/strong><\/p>\n<ul>\n<li><a href=\"http:\/\/vedettseg.hu\/wordpress\/a-kozonseges-megfazast-okozo-virus-kisopri-a-sejtekbol-a-koronavirust\/\">A k\u00f6z\u00f6ns\u00e9ges megf\u00e1z\u00e1st okoz\u00f3 v\u00edrus kis\u00f6pri a sejtekb\u0151l a koronav\u00edrust<\/a><\/li>\n<li><a href=\"http:\/\/vedettseg.hu\/wordpress\/uj-keszitmeny-a-rakos-sejtek-celzott-elpusztitasara\/\">\u00daj k\u00e9sz\u00edtm\u00e9ny a r\u00e1kos sejtek c\u00e9lzott elpuszt\u00edt\u00e1s\u00e1ra<\/a><\/li>\n<li><a href=\"http:\/\/vedettseg.hu\/wordpress\/a-neuroimmunologia-uj-fejezete\/\">A neuroimmunol\u00f3gia \u00faj fejezete<\/a><\/li>\n<\/ul>\n<p>&nbsp;<\/p>\n<p><strong>Kor\u00e1bbi Cikkek<\/strong><\/p>\n<ul>\n<li><a href=\"http:\/\/vedettseg.hu\/wordpress\/bolyaisok-manczinger-mate-kutatoorvos\/\">\u201eBolyaisok\u201d \u2013 Manczinger M\u00e1t\u00e9 kutat\u00f3orvos<\/a><\/li>\n<li><a href=\"http:\/\/vedettseg.hu\/wordpress\/elsokent-magyar-betegek-kaphatjak-a-covid-okozta-citokinvihar-elleni-terapiat\/\">Els\u0151k\u00e9nt magyar betegek kaphatj\u00e1k a Covid okozta citokinvihar elleni ter\u00e1pi\u00e1t<\/a><\/li>\n<li><a href=\"http:\/\/vedettseg.hu\/wordpress\/kihivasok-a-melanoma-terapiajaban\/\">\u00daj kih\u00edv\u00e1sok a melanoma ter\u00e1pi\u00e1j\u00e1ban<\/a><\/li>\n<li><a href=\"http:\/\/vedettseg.hu\/wordpress\/ossejtkezeles-a-covid-19-ra\/\">\u0150ssejtkezel\u00e9s a Covid-19-t\u00fcd\u0151gyullad\u00e1sra?<\/a><\/li>\n<li><a href=\"http:\/\/vedettseg.hu\/wordpress\/leukemia-kezelese\/\">Magyar eredm\u00e9nyek tehetik hat\u00e9konyabb\u00e1 a leuk\u00e9mia kezel\u00e9s\u00e9t<\/a><\/li>\n<li><span style=\"font-size: 16px;\"><a href=\"http:\/\/vedettseg.hu\/wordpress\/immunvalasz-rak-ellen\/\">Immunv\u00e1laszt er\u0151s\u00edt\u0151 molekula a r\u00e1k ellen<\/a><\/span><\/li>\n<li><span style=\"font-size: 16px;\"><a href=\"http:\/\/vedettseg.hu\/wordpress\/ossejt-autoimmun\/\">\u0150ssejt-transzplant\u00e1ci\u00f3val visszaford\u00edtottak egy autoimmun betegs\u00e9get<\/a><\/span><\/li>\n<li><span style=\"font-size: 16px;\"><a href=\"http:\/\/vedettseg.hu\/wordpress\/plasma-treated-differently\/\">Why Plasma Should Be Treated Differently?<\/a><\/span><\/li>\n<\/ul>\n<p>&nbsp;<\/p>\n<p><span style=\"font-size: 18px;\"><strong>Vonatkoz\u00f3 oldalak<\/strong><\/span><\/p>\n<ul>\n<li><a href=\"http:\/\/vedettseg.hu\/wordpress\/pharming1\/\">Pharming: A plazma \u00e9letet ment<\/a><\/li>\n<li><a href=\"http:\/\/vedettseg.hu\/wordpress\/pharming2\/\">Pharming: Plazm\u00e1val kapcsolatos t\u00e9nyek<\/a><\/li>\n<li><a href=\"http:\/\/vedettseg.hu\/wordpress\/ppta\/\">PPTA<\/a><\/li>\n<\/ul>\n<p>&nbsp;<\/p>\n","protected":false},"excerpt":{"rendered":"<p>cikkek &nbsp; \u00a0 A V\u00e9detts\u00e9g Egyes\u00fclet tagv\u00e1llalatai 2003-ban h\u00edvt\u00e1k \u00e9letre az Immunbiol\u00f3giai Szekci\u00f3t. A szekci\u00f3t alkot\u00f3 c\u00e9gek tradicion\u00e1lisan stabil v\u00e9rk\u00e9sz\u00edtm\u00e9nyeket gy\u00e1rtanak. Ilyenek a v\u00e9ralvad\u00e1si faktorkoncentr\u00e1tumok, az immunglobulinok \u00e9s a hum\u00e1n albumin. Ezekre a gy\u00f3gyszerekre leggyakrabban velesz\u00fcletett betegs\u00e9gekkel \u00e9l\u0151knek (pl. v\u00e9rz\u00e9kenys\u00e9g, immunhi\u00e1ny stb.), sz\u00f6vet- \u00e9s szervtranszplant\u00e1ltak illetve intenz\u00edv oszt\u00e1lyon kezelt betegeknek van sz\u00fcks\u00e9g\u00fck. \u00a0 A stabil v\u00e9rk\u00e9sz\u00edtm\u00e9nyek oktat\u00e1sa mind az orvos, mind a gy\u00f3gyszer\u00e9szk\u00e9pz\u00e9s mostoha ter\u00fclete. \u00cdgy a Szekci\u00f3nak fontos k\u00fcldet\u00e9se a sz\u00e9lesk\u00f6r\u0171 felvil\u00e1gos\u00edt\u00f3 tev\u00e9kenys\u00e9ge, mind az orvosok, mind a gy\u00f3gyszer\u00e9szek, valamint a betegek k\u00f6r\u00e9ben. Sz\u00e1mos tudom\u00e1nyos t\u00e1rsas\u00e1ggal, a szakmai koll\u00e9gium t\u00f6bb tagozat\u00e1val \u00e9s a betegszervezetekkel szoros kapcsolatot tart fenn. Ennek az egy\u00fcttm\u0171k\u00f6d\u00e9snek a gy\u00fcm\u00f6lcse a hemof\u00edli\u00e1s \u00e9s az immunhi\u00e1nyos betegek kezel\u00e9s\u00e9nek az Eur\u00f3pa szint\u0171 min\u0151s\u00e9ge \u00e9s finansz\u00edroz\u00e1sa. \u00a0 Az immunglobulinok egy f\u0151re jut\u00f3 hazai felhaszn\u00e1l\u00e1sa viszont a mai napig jelent\u0151sen elmarad az eur\u00f3pai \u00e1tlagt\u00f3l, annak k\u00f6r\u00fclbel\u00fcl csak az egynegyede. A Szekci\u00f3 egyik f\u0151 c\u00e9lkit\u0171z\u00e9se, hogy az immunhi\u00e1nyos betegek finansz\u00edroz\u00e1s\u00e1hoz hasonl\u00f3an, a t\u00f6bbi t\u00f6rzsk\u00f6nyvezett indik\u00e1ci\u00f3ban is (neurol\u00f3gia, hematol\u00f3gia) sz\u00e9lesk\u00f6r\u0171en el\u00e9rhet\u0151v\u00e9 v\u00e1ljon a betegek sz\u00e1m\u00e1ra, ez, az \u00e9letmin\u0151s\u00e9get jelent\u0151sen emel\u0151 ter\u00e1pia. Az immunglobulinoknak van k\u00f6r\u00fclbel\u00fcl f\u00e9lsz\u00e1z nem t\u00f6rzsk\u00f6nyvezett, \u00fagynevezett \u201eoff-label\u201d indik\u00e1ci\u00f3s ter\u00fclete (k\u00fcl\u00f6n\u00f6sen az autoimmun k\u00f3rk\u00e9pek stb.). Ezek a betegs\u00e9gek sokszor egy\u00e9b gy\u00f3gyszerekre nem vagy nem mindig reag\u00e1lnak megfelel\u0151en, de a viszonylag k\u00f6lts\u00e9ges, azonban sokszor kurat\u00edv immunglobulin kezel\u00e9s seg\u00edthet. Tekintettel az alacsony betegsz\u00e1mra, az \u00e9vtizedes pozit\u00edv tapasztalatokra, ezekben az indik\u00e1ci\u00f3kban nem v\u00e1rhat\u00f3k klinikai tanulm\u00e1nyok, viszont a HBCS-b\u0151l a kezel\u00e9s nem finansz\u00edrozhat\u00f3, \u00edgy ezen a ter\u00fcleten is sok feladat v\u00e1r m\u00e9g a Szekci\u00f3ra. \u00a0 A primer immunhi\u00e1nyok felismer\u00e9se sokszor k\u00e9sik, az els\u0151 t\u00fcnetek fell\u00e9pte \u00e9s a diagn\u00f3zis fel\u00e1ll\u00edt\u00e1sa k\u00f6z\u00f6tt -nemzetk\u00f6zi statisztik\u00e1k szerint- \u00e1tlagosan 9 \u00e9v telik el. A betegek felismer\u00e9s\u00e9t seg\u00edtheti az al\u00e1bbi 14 figyelmeztet\u0151 jel: Kr\u00f3nikus, visszat\u00e9r\u0151 f\u00fclfoly\u00e1s vagy bakteri\u00e1lis arc\u00fcreggyullad\u00e1s. Egy \u00e9ven bel\u00fcl n\u00e9gy vagy t\u00f6bb bakteri\u00e1lis fert\u0151z\u00e9s (arc\u00fcreggyullad\u00e1s, t\u00fcd\u0151gyullad\u00e1s, k\u00f6z\u00e9pf\u00fclgyullad\u00e1s). K\u00e9t vagy t\u00f6bb h\u00f3napon \u00e1t tart\u00f3 folyamatos antibiotikumos kezel\u00e9s kis hat\u00e1sfokkal. K\u00e9t vagy t\u00f6bb bakteri\u00e1lis t\u00fcd\u0151gyullad\u00e1s r\u00f6vid id\u0151n bel\u00fcl. \u00dajsz\u00fcl\u00f6tt, kis csecsem\u0151 s\u00faly\u00e1nak cs\u00f6kken\u00e9se vagy n\u00f6veked\u00e9sben val\u00f3 elmarad\u00e1sa. Visszat\u00e9r\u0151, m\u00e9lyen elhelyezked\u0151 t\u00e1lyog a b\u0151rben vagy m\u00e1s szervben. \u00c1lland\u00f3an ki\u00fajul\u00f3 sz\u00e1jpen\u00e9sz egy\u00e9ves koron t\u00fal. Intrav\u00e9n\u00e1s antibiotikum-kezel\u00e9s sz\u00fcks\u00e9gess\u00e9ge a fert\u0151z\u00e9s lek\u00fczd\u00e9s\u00e9hez. Ak\u00e1rcsak egy vagy t\u00f6bb sz\u00f6v\u0151dm\u00e9nyes fert\u0151z\u00e9s, mint pl. csontvel\u0151gyullad\u00e1s, agyh\u00e1rtyagyullad\u00e1s, szepszis, b\u0151rgyullad\u00e1s. Rokonok k\u00f6z\u00f6tt el\u0151fordul\u00f3 immunhi\u00e1ny. Kr\u00f3nikus hasmen\u00e9s. A b\u0151r \u00e9s k\u00f6rm\u00f6k elv\u00e1ltoz\u00e1sai: ekc\u00e9ma, gomba okozta fert\u0151z\u00e9sek, egy\u00e9b szokatlan b\u0151rjelens\u00e9gek. A sz\u00e1jny\u00e1lkah\u00e1rtya visszat\u00e9r\u0151 aft\u00e1s fek\u00e9lyei. Kr\u00f3nikus f\u00e1radts\u00e1g. Feln\u0151ttkorban lehet ez ak\u00e1r vezet\u0151 t\u00fcnet is. &nbsp; Cikkek A k\u00f6z\u00f6ns\u00e9ges megf\u00e1z\u00e1st okoz\u00f3 v\u00edrus kis\u00f6pri a sejtekb\u0151l a koronav\u00edrust \u00daj k\u00e9sz\u00edtm\u00e9ny a r\u00e1kos sejtek c\u00e9lzott elpuszt\u00edt\u00e1s\u00e1ra A neuroimmunol\u00f3gia \u00faj fejezete &nbsp; Kor\u00e1bbi Cikkek \u201eBolyaisok\u201d \u2013 Manczinger M\u00e1t\u00e9 kutat\u00f3orvos Els\u0151k\u00e9nt magyar betegek kaphatj\u00e1k a Covid okozta citokinvihar elleni ter\u00e1pi\u00e1t \u00daj kih\u00edv\u00e1sok a melanoma ter\u00e1pi\u00e1j\u00e1ban \u0150ssejtkezel\u00e9s a Covid-19-t\u00fcd\u0151gyullad\u00e1sra? Magyar eredm\u00e9nyek tehetik hat\u00e9konyabb\u00e1 a leuk\u00e9mia kezel\u00e9s\u00e9t Immunv\u00e1laszt er\u0151s\u00edt\u0151 molekula a r\u00e1k ellen \u0150ssejt-transzplant\u00e1ci\u00f3val visszaford\u00edtottak egy autoimmun betegs\u00e9get Why Plasma Should Be Treated Differently? &nbsp; Vonatkoz\u00f3 oldalak Pharming: A plazma \u00e9letet ment Pharming: Plazm\u00e1val kapcsolatos t\u00e9nyek PPTA &nbsp;<\/p>\n","protected":false},"author":1,"featured_media":0,"parent":327,"menu_order":0,"comment_status":"closed","ping_status":"closed","template":"","meta":{"_monsterinsights_skip_tracking":false,"_monsterinsights_sitenote_active":false,"_monsterinsights_sitenote_note":"","_monsterinsights_sitenote_category":0,"footnotes":""},"class_list":["post-330","page","type-page","status-publish","hentry"],"_links":{"self":[{"href":"http:\/\/vedettseg.hu\/wordpress\/wp-json\/wp\/v2\/pages\/330","targetHints":{"allow":["GET"]}}],"collection":[{"href":"http:\/\/vedettseg.hu\/wordpress\/wp-json\/wp\/v2\/pages"}],"about":[{"href":"http:\/\/vedettseg.hu\/wordpress\/wp-json\/wp\/v2\/types\/page"}],"author":[{"embeddable":true,"href":"http:\/\/vedettseg.hu\/wordpress\/wp-json\/wp\/v2\/users\/1"}],"replies":[{"embeddable":true,"href":"http:\/\/vedettseg.hu\/wordpress\/wp-json\/wp\/v2\/comments?post=330"}],"version-history":[{"count":32,"href":"http:\/\/vedettseg.hu\/wordpress\/wp-json\/wp\/v2\/pages\/330\/revisions"}],"predecessor-version":[{"id":1464,"href":"http:\/\/vedettseg.hu\/wordpress\/wp-json\/wp\/v2\/pages\/330\/revisions\/1464"}],"up":[{"embeddable":true,"href":"http:\/\/vedettseg.hu\/wordpress\/wp-json\/wp\/v2\/pages\/327"}],"wp:attachment":[{"href":"http:\/\/vedettseg.hu\/wordpress\/wp-json\/wp\/v2\/media?parent=330"}],"curies":[{"name":"wp","href":"https:\/\/api.w.org\/{rel}","templated":true}]}}