{"id":332,"date":"2016-01-02T17:12:25","date_gmt":"2016-01-02T17:12:25","guid":{"rendered":"http:\/\/vedettseg.hu\/wordpress\/?page_id=332"},"modified":"2021-03-29T12:15:45","modified_gmt":"2021-03-29T12:15:45","slug":"plazma-szekcio","status":"publish","type":"page","link":"http:\/\/vedettseg.hu\/wordpress\/szekciok\/plazma-szekcio\/","title":{"rendered":"Plazma szekci\u00f3"},"content":{"rendered":"<p style=\"text-align: left;\"><a href=\"http:\/\/vedettseg.hu\/wordpress\/szekciok\/plazma-szekcio\/#link\"><span style=\"font-size: 12px;\"><span style=\"font-size: 14px;\">cikkek<\/span><\/span><\/a><\/p>\n<hr \/>\n<p style=\"text-align: justify;\">Magyarorsz\u00e1gon 2005 \u00f3ta van lehet\u0151s\u00e9g gy\u00f3gyszergy\u00e1rt\u00e1s c\u00e9lj\u00e1ra eg\u00e9szs\u00e9ges, \u00f6nk\u00e9ntes donorokt\u00f3l \u00fagynevezett ipari plazma gy\u0171jt\u00e9s\u00e9re. Az ipari vagy nemzetk\u00f6zi nev\u00e9n \u201esource\u201d plazma stabil v\u00e9rk\u00e9sz\u00edtm\u00e9nyek kiindul\u00e1si anyaga.<\/p>\n<p style=\"text-align: justify;\">\u00a0 Az\u00e9rt van sz\u00fcks\u00e9g v\u00e9rplazma ad\u00e1s\u00e1ra, mert bizonyos gy\u00f3gyszereket nem lehet szintetikus m\u00f3don el\u0151\u00e1ll\u00edtani. Az emberi plazm\u00e1b\u00f3l sz\u00e1mos k\u00e9sz\u00edtm\u00e9nyt gy\u00e1rtanak, t\u00f6bbek k\u00f6z\u00f6tt v\u00e9ralvad\u00e1si faktorkoncentr\u00e1tumokat, immunglobulin k\u00e9sz\u00edtm\u00e9nyeket \u00e9s hum\u00e1n albumint. Ezekre a gy\u00f3gyszerekre leggyakrabban velesz\u00fcletett betegs\u00e9gekkel \u00e9l\u0151knek (pl. v\u00e9rz\u00e9kenys\u00e9g, immunhi\u00e1ny stb.), sz\u00f6vet- \u00e9s szervtranszplant\u00e1ltak illetve intenz\u00edv oszt\u00e1lyon kezelt betegeknek van sz\u00fcks\u00e9g\u00fck.<\/p>\n<p style=\"text-align: justify;\">\u00a0 Eur\u00f3pa plazma eredet\u0171 k\u00e9sz\u00edtm\u00e9nyekb\u0151l importra szorul. A kisebb l\u00e9leksz\u00e1m\u00fa USA-ban hatszor nagyobb mennyis\u00e9g\u0171 plazm\u00e1t gy\u0171jtenek (24 milli\u00f3 litert), mint eg\u00e9sz Eur\u00f3p\u00e1ban (4 milli\u00f3 litert). A stabil v\u00e9rk\u00e9sz\u00edtm\u00e9nyek ir\u00e1nti ig\u00e9ny folyamatosan n\u0151, p\u00e9ld\u00e1ul az immunglobulin felhaszn\u00e1l\u00e1s \u00e9vente 7-9 %-al.<\/p>\n<p style=\"text-align: justify;\">\u00a0 Szekci\u00f3nk megalakul\u00e1s\u00e1t az a c\u00e9l vez\u00e9relte, hogy ezen \u00faj ipar\u00e1g m\u0171k\u00f6d\u00e9s\u00e9nek jogi h\u00e1tter\u00e9t, szab\u00e1lyait a korm\u00e1nyzattal, az Orsz\u00e1gos V\u00e9rell\u00e1t\u00f3 Szolg\u00e1lattal \u00e9s a Betegszervezetekkel egy\u00fcttm\u0171k\u00f6dve seg\u00edts\u00fck megalkotni.<\/p>\n<p style=\"text-align: justify;\">\u00a0 A Plazmaferezis \u00e1llom\u00e1sok l\u00e9trej\u00f6tte hozz\u00e1j\u00e1rul a stabil v\u00e9rk\u00e9sz\u00edtm\u00e9nyekb\u0151l megval\u00f3sul\u00f3 hazai \u00e9s eur\u00f3pai \u00f6nell\u00e1t\u00e1shoz, munkahelyeket teremt \u00e9s kineveli a j\u00f6v\u0151 v\u00e9rad\u00f3it. Az eg\u00e9szs\u00e9g\u00fcgy mai neh\u00e9z helyzet\u00e9ben nagy jelent\u0151s\u00e9ge van annak, hogy a donorok rendszeres ingyenes orvosi \u00e9s laborat\u00f3riumi vizsg\u00e1latban r\u00e9szes\u00fclnek. Mindezekkel komoly terhet vesz\u00fcnk le a t\u00e1rsadalombiztos\u00edt\u00e1s v\u00e1ll\u00e1r\u00f3l.<\/p>\n<p style=\"text-align: justify;\">\u00a0 \u00c9vente csak 4-5 alkalommal lehet teljest v\u00e9rt adni, mert a v\u00f6r\u00f6sv\u00e9rtestek \u00fajrak\u00e9pz\u0151d\u00e9se sok id\u0151be telik. Plazm\u00e1t azonban \u00e9vente ak\u00e1r 33 alkalommal is lehet adni, \u00f6sszesen 25 litert. A levett plazma 2-3 napon bel\u00fcl \u00fajratermel\u0151dik (ha a donor megfelel\u0151en t\u00e1pl\u00e1lkozik). A plazma ad\u00e1sa ut\u00e1n m\u00e1r k\u00e9t nap m\u00falva lehet v\u00e9rad\u00e1sra jelentkezni. Teljes v\u00e9r ad\u00e1sa ut\u00e1n egy h\u00f3nap eltelt\u00e9vel lehet plazm\u00e1t adni. Teh\u00e1t a k\u00e9t karitat\u00edv tev\u00e9kenys\u00e9g elf\u00e9r egym\u00e1s mellett, kieg\u00e9sz\u00edtik egym\u00e1st.<\/p>\n<p style=\"text-align: justify;\">\u00a0 Eur\u00f3p\u00e1ban t\u00f6bb \u00e9vtizedes hagyom\u00e1nya van a plazmaferezis \u00e1llom\u00e1soknak \u00e9s j\u00f3l l\u00e1that\u00f3, hogy ez a tev\u00e9kenys\u00e9g \u00f6sszef\u00e9r a v\u00e9rad\u00e1ssal. S\u0151t annyira fontos ez a tev\u00e9kenys\u00e9g, hogy az Eur\u00f3pa Tan\u00e1cs a plazmaferezisre k\u00fcl\u00f6n ir\u00e1nyelveket fogalmazott meg, \u00e9s ezeket rendszeresen friss\u00edti a tudom\u00e1ny mindenkori \u00e1ll\u00e1s\u00e1nak megfelel\u0151en.<\/p>\n<p style=\"text-align: justify;\">\u00a0 A plazma v\u00e9tele \u00fagynevezett g\u00e9pi plazmaferezis elj\u00e1r\u00e1ssal t\u00f6rt\u00e9nik steril, egyszer-haszn\u00e1latos eszk\u00f6z\u00f6kkel. Ez azt jelenti, hogy ugyan\u00fagy, mint a v\u00e9rad\u00e1skor, egy v\u00e9n\u00e1t sz\u00farnak \u00e9s ezen kereszt\u00fcl szakaszosan v\u00e9rt vesznek, amit z\u00e1rt rendszerben, modern k\u00e9sz\u00fcl\u00e9kekkel sz\u00e9tv\u00e1lasztanak alakos elemekre \u00e9s plazm\u00e1ra. A plazm\u00e1t m\u0171anyag palackban vagy zs\u00e1kban \u00f6sszegy\u0171jtik, \u00e9s a v\u00f6r\u00f6sv\u00e9rtesteket a donor kering\u00e9s\u00e9be visszajuttatj\u00e1k.<\/p>\n<p style=\"text-align: justify;\">\u00a0 Egy alkalommal maxim\u00e1lisan 750 ml plazm\u00e1t lehet levenni (a donor tests\u00faly\u00e1t\u00f3l f\u00fcgg\u0151en). Az orvosi vizsg\u00e1lattal egy\u00fctt k\u00f6r\u00fclbel\u00fcl egy \u00f3r\u00e1t vesz ig\u00e9nybe egy plazmaad\u00e1s. A Plazmaad\u00e1sra \u00f6nk\u00e9ntes, eg\u00e9szs\u00e9ges, 18 \u00e9s 60 \u00e9v k\u00f6z\u00f6tti szem\u00e9lyek jelentkezhetnek az orsz\u00e1g sz\u00e1mos pontj\u00e1n.<\/p>\n<p>&nbsp;<\/p>\n<p><strong>Cikkek<\/strong><\/p>\n<ul>\n<li><a href=\"http:\/\/vedettseg.hu\/wordpress\/plazmaterapia-hazai-tapasztalatok\/\">Plazmater\u00e1pia \u2013 Hazai tapasztalatok<\/a><\/li>\n<li><a href=\"http:\/\/vedettseg.hu\/wordpress\/mar-tobb-mint-100-beteget-gyogyitott-meg-a-verplazma-terapia-ujra-donorokat-varnak\/\">M\u00e1r t\u00f6bb mint 100 beteget gy\u00f3gy\u00edtott meg a v\u00e9rplazma ter\u00e1pia, \u00fajra donorokat v\u00e1rnak<\/a><\/li>\n<li><a href=\"http:\/\/vedettseg.hu\/wordpress\/hatasos-a-verplazmakezeles\/\">Hat\u00e1sos a v\u00e9rplazmakezel\u00e9s<\/a><\/li>\n<\/ul>\n<p>&nbsp;<\/p>\n<p><strong>Kor\u00e1bbi Cikkek<\/strong><\/p>\n<ul>\n<li><a href=\"http:\/\/vedettseg.hu\/wordpress\/lengyelorszagban-eloallitottak-az-elso-verplazma-alapu-gyogyszert\">Lengyelorsz\u00e1gban el\u0151\u00e1ll\u00edtott\u00e1k az els\u0151 v\u00e9rplazma alap\u00fa gy\u00f3gyszert<\/a><\/li>\n<li><a href=\"http:\/\/vedettseg.hu\/wordpress\/par-het-alatt-lecsokken-az-antitestek-szama-a-gyogyult-covid-fertozottekben\/\">P\u00e1r h\u00e9t alatt lecs\u00f6kken az antitestek sz\u00e1ma a gy\u00f3gyult Covid-fert\u0151z\u00f6ttekben<\/a><\/li>\n<li><a href=\"http:\/\/vedettseg.hu\/wordpress\/negy-evvel-a-tunetek-megjelenese-elott-jelezte-a-rakot-egy-verteszt\/\">N\u00e9gy \u00e9vvel a t\u00fcnetek megjelen\u00e9se el\u0151tt jelezte a r\u00e1kot egy v\u00e9rteszt<\/a><\/li>\n<li><span style=\"font-size: 16px;\"><a href=\"http:\/\/vedettseg.hu\/wordpress\/verplazmaterapiat-kovetoen-kerult-le-a-lelegeztetogeprol-egy-beteg\/\">V\u00e9rplazmater\u00e1pi\u00e1t k\u00f6vet\u0151en ker\u00fclt le a l\u00e9legeztet\u0151g\u00e9pr\u0151l egy beteg<\/a><\/span><\/li>\n<li><a href=\"http:\/\/vedettseg.hu\/wordpress\/verplazma-adasara-kerik-a-fertozesen-atesett-gyogyultakat\/\">V\u00e9rplazma ad\u00e1s\u00e1ra k\u00e9rik a fert\u0151z\u00e9sen \u00e1tesett gy\u00f3gyultakat<\/a><\/li>\n<li><span style=\"font-size: 16px;\"><a href=\"http:\/\/vedettseg.hu\/wordpress\/plazmaadas-tenyek-es-tevhitek\/\">Plazmaad\u00e1s &#8211; T\u00e9nyek \u00e9s t\u00e9vhitek<\/a><\/span><\/li>\n<\/ul>\n<p><span style=\"font-size: 18px;\"><strong>Kapcsol\u00f3d\u00f3 oldalak<\/strong><\/span><\/p>\n<ul>\n<li><a href=\"http:\/\/vedettseg.hu\/wordpress\/pharming1\/\">Pharming: A plazma \u00e9letet ment<\/a><\/li>\n<li><a href=\"http:\/\/vedettseg.hu\/wordpress\/pharming2\/\">Pharming: Plazm\u00e1val kapcsolatos t\u00e9nyek<\/a><\/li>\n<li><a href=\"http:\/\/vedettseg.hu\/wordpress\/ppta\/\">PPTA<\/a><\/li>\n<\/ul>\n","protected":false},"excerpt":{"rendered":"<p>cikkek Magyarorsz\u00e1gon 2005 \u00f3ta van lehet\u0151s\u00e9g gy\u00f3gyszergy\u00e1rt\u00e1s c\u00e9lj\u00e1ra eg\u00e9szs\u00e9ges, \u00f6nk\u00e9ntes donorokt\u00f3l \u00fagynevezett ipari plazma gy\u0171jt\u00e9s\u00e9re. Az ipari vagy nemzetk\u00f6zi nev\u00e9n \u201esource\u201d plazma stabil v\u00e9rk\u00e9sz\u00edtm\u00e9nyek kiindul\u00e1si anyaga. \u00a0 Az\u00e9rt van sz\u00fcks\u00e9g v\u00e9rplazma ad\u00e1s\u00e1ra, mert bizonyos gy\u00f3gyszereket nem lehet szintetikus m\u00f3don el\u0151\u00e1ll\u00edtani. Az emberi plazm\u00e1b\u00f3l sz\u00e1mos k\u00e9sz\u00edtm\u00e9nyt gy\u00e1rtanak, t\u00f6bbek k\u00f6z\u00f6tt v\u00e9ralvad\u00e1si faktorkoncentr\u00e1tumokat, immunglobulin k\u00e9sz\u00edtm\u00e9nyeket \u00e9s hum\u00e1n albumint. Ezekre a gy\u00f3gyszerekre leggyakrabban velesz\u00fcletett betegs\u00e9gekkel \u00e9l\u0151knek (pl. v\u00e9rz\u00e9kenys\u00e9g, immunhi\u00e1ny stb.), sz\u00f6vet- \u00e9s szervtranszplant\u00e1ltak illetve intenz\u00edv oszt\u00e1lyon kezelt betegeknek van sz\u00fcks\u00e9g\u00fck. \u00a0 Eur\u00f3pa plazma eredet\u0171 k\u00e9sz\u00edtm\u00e9nyekb\u0151l importra szorul. A kisebb l\u00e9leksz\u00e1m\u00fa USA-ban hatszor nagyobb mennyis\u00e9g\u0171 plazm\u00e1t gy\u0171jtenek (24 milli\u00f3 litert), mint eg\u00e9sz Eur\u00f3p\u00e1ban (4 milli\u00f3 litert). A stabil v\u00e9rk\u00e9sz\u00edtm\u00e9nyek ir\u00e1nti ig\u00e9ny folyamatosan n\u0151, p\u00e9ld\u00e1ul az immunglobulin felhaszn\u00e1l\u00e1s \u00e9vente 7-9 %-al. \u00a0 Szekci\u00f3nk megalakul\u00e1s\u00e1t az a c\u00e9l vez\u00e9relte, hogy ezen \u00faj ipar\u00e1g m\u0171k\u00f6d\u00e9s\u00e9nek jogi h\u00e1tter\u00e9t, szab\u00e1lyait a korm\u00e1nyzattal, az Orsz\u00e1gos V\u00e9rell\u00e1t\u00f3 Szolg\u00e1lattal \u00e9s a Betegszervezetekkel egy\u00fcttm\u0171k\u00f6dve seg\u00edts\u00fck megalkotni. \u00a0 A Plazmaferezis \u00e1llom\u00e1sok l\u00e9trej\u00f6tte hozz\u00e1j\u00e1rul a stabil v\u00e9rk\u00e9sz\u00edtm\u00e9nyekb\u0151l megval\u00f3sul\u00f3 hazai \u00e9s eur\u00f3pai \u00f6nell\u00e1t\u00e1shoz, munkahelyeket teremt \u00e9s kineveli a j\u00f6v\u0151 v\u00e9rad\u00f3it. Az eg\u00e9szs\u00e9g\u00fcgy mai neh\u00e9z helyzet\u00e9ben nagy jelent\u0151s\u00e9ge van annak, hogy a donorok rendszeres ingyenes orvosi \u00e9s laborat\u00f3riumi vizsg\u00e1latban r\u00e9szes\u00fclnek. Mindezekkel komoly terhet vesz\u00fcnk le a t\u00e1rsadalombiztos\u00edt\u00e1s v\u00e1ll\u00e1r\u00f3l. \u00a0 \u00c9vente csak 4-5 alkalommal lehet teljest v\u00e9rt adni, mert a v\u00f6r\u00f6sv\u00e9rtestek \u00fajrak\u00e9pz\u0151d\u00e9se sok id\u0151be telik. Plazm\u00e1t azonban \u00e9vente ak\u00e1r 33 alkalommal is lehet adni, \u00f6sszesen 25 litert. A levett plazma 2-3 napon bel\u00fcl \u00fajratermel\u0151dik (ha a donor megfelel\u0151en t\u00e1pl\u00e1lkozik). A plazma ad\u00e1sa ut\u00e1n m\u00e1r k\u00e9t nap m\u00falva lehet v\u00e9rad\u00e1sra jelentkezni. Teljes v\u00e9r ad\u00e1sa ut\u00e1n egy h\u00f3nap eltelt\u00e9vel lehet plazm\u00e1t adni. Teh\u00e1t a k\u00e9t karitat\u00edv tev\u00e9kenys\u00e9g elf\u00e9r egym\u00e1s mellett, kieg\u00e9sz\u00edtik egym\u00e1st. \u00a0 Eur\u00f3p\u00e1ban t\u00f6bb \u00e9vtizedes hagyom\u00e1nya van a plazmaferezis \u00e1llom\u00e1soknak \u00e9s j\u00f3l l\u00e1that\u00f3, hogy ez a tev\u00e9kenys\u00e9g \u00f6sszef\u00e9r a v\u00e9rad\u00e1ssal. S\u0151t annyira fontos ez a tev\u00e9kenys\u00e9g, hogy az Eur\u00f3pa Tan\u00e1cs a plazmaferezisre k\u00fcl\u00f6n ir\u00e1nyelveket fogalmazott meg, \u00e9s ezeket rendszeresen friss\u00edti a tudom\u00e1ny mindenkori \u00e1ll\u00e1s\u00e1nak megfelel\u0151en. \u00a0 A plazma v\u00e9tele \u00fagynevezett g\u00e9pi plazmaferezis elj\u00e1r\u00e1ssal t\u00f6rt\u00e9nik steril, egyszer-haszn\u00e1latos eszk\u00f6z\u00f6kkel. Ez azt jelenti, hogy ugyan\u00fagy, mint a v\u00e9rad\u00e1skor, egy v\u00e9n\u00e1t sz\u00farnak \u00e9s ezen kereszt\u00fcl szakaszosan v\u00e9rt vesznek, amit z\u00e1rt rendszerben, modern k\u00e9sz\u00fcl\u00e9kekkel sz\u00e9tv\u00e1lasztanak alakos elemekre \u00e9s plazm\u00e1ra. A plazm\u00e1t m\u0171anyag palackban vagy zs\u00e1kban \u00f6sszegy\u0171jtik, \u00e9s a v\u00f6r\u00f6sv\u00e9rtesteket a donor kering\u00e9s\u00e9be visszajuttatj\u00e1k. \u00a0 Egy alkalommal maxim\u00e1lisan 750 ml plazm\u00e1t lehet levenni (a donor tests\u00faly\u00e1t\u00f3l f\u00fcgg\u0151en). Az orvosi vizsg\u00e1lattal egy\u00fctt k\u00f6r\u00fclbel\u00fcl egy \u00f3r\u00e1t vesz ig\u00e9nybe egy plazmaad\u00e1s. A Plazmaad\u00e1sra \u00f6nk\u00e9ntes, eg\u00e9szs\u00e9ges, 18 \u00e9s 60 \u00e9v k\u00f6z\u00f6tti szem\u00e9lyek jelentkezhetnek az orsz\u00e1g sz\u00e1mos pontj\u00e1n. &nbsp; Cikkek Plazmater\u00e1pia \u2013 Hazai tapasztalatok M\u00e1r t\u00f6bb mint 100 beteget gy\u00f3gy\u00edtott meg a v\u00e9rplazma ter\u00e1pia, \u00fajra donorokat v\u00e1rnak Hat\u00e1sos a v\u00e9rplazmakezel\u00e9s &nbsp; Kor\u00e1bbi Cikkek Lengyelorsz\u00e1gban el\u0151\u00e1ll\u00edtott\u00e1k az els\u0151 v\u00e9rplazma alap\u00fa gy\u00f3gyszert P\u00e1r h\u00e9t alatt lecs\u00f6kken az antitestek sz\u00e1ma a gy\u00f3gyult Covid-fert\u0151z\u00f6ttekben N\u00e9gy \u00e9vvel a t\u00fcnetek megjelen\u00e9se el\u0151tt jelezte a r\u00e1kot egy v\u00e9rteszt V\u00e9rplazmater\u00e1pi\u00e1t k\u00f6vet\u0151en ker\u00fclt le a l\u00e9legeztet\u0151g\u00e9pr\u0151l egy beteg V\u00e9rplazma ad\u00e1s\u00e1ra k\u00e9rik a fert\u0151z\u00e9sen \u00e1tesett gy\u00f3gyultakat Plazmaad\u00e1s &#8211; T\u00e9nyek \u00e9s t\u00e9vhitek Kapcsol\u00f3d\u00f3 oldalak Pharming: A plazma \u00e9letet ment Pharming: Plazm\u00e1val kapcsolatos t\u00e9nyek PPTA<\/p>\n","protected":false},"author":1,"featured_media":0,"parent":327,"menu_order":0,"comment_status":"closed","ping_status":"closed","template":"","meta":{"_monsterinsights_skip_tracking":false,"_monsterinsights_sitenote_active":false,"_monsterinsights_sitenote_note":"","_monsterinsights_sitenote_category":0,"footnotes":""},"class_list":["post-332","page","type-page","status-publish","hentry"],"_links":{"self":[{"href":"http:\/\/vedettseg.hu\/wordpress\/wp-json\/wp\/v2\/pages\/332","targetHints":{"allow":["GET"]}}],"collection":[{"href":"http:\/\/vedettseg.hu\/wordpress\/wp-json\/wp\/v2\/pages"}],"about":[{"href":"http:\/\/vedettseg.hu\/wordpress\/wp-json\/wp\/v2\/types\/page"}],"author":[{"embeddable":true,"href":"http:\/\/vedettseg.hu\/wordpress\/wp-json\/wp\/v2\/users\/1"}],"replies":[{"embeddable":true,"href":"http:\/\/vedettseg.hu\/wordpress\/wp-json\/wp\/v2\/comments?post=332"}],"version-history":[{"count":18,"href":"http:\/\/vedettseg.hu\/wordpress\/wp-json\/wp\/v2\/pages\/332\/revisions"}],"predecessor-version":[{"id":1465,"href":"http:\/\/vedettseg.hu\/wordpress\/wp-json\/wp\/v2\/pages\/332\/revisions\/1465"}],"up":[{"embeddable":true,"href":"http:\/\/vedettseg.hu\/wordpress\/wp-json\/wp\/v2\/pages\/327"}],"wp:attachment":[{"href":"http:\/\/vedettseg.hu\/wordpress\/wp-json\/wp\/v2\/media?parent=332"}],"curies":[{"name":"wp","href":"https:\/\/api.w.org\/{rel}","templated":true}]}}