{"id":336,"date":"2016-01-02T17:14:18","date_gmt":"2016-01-02T17:14:18","guid":{"rendered":"http:\/\/vedettseg.hu\/wordpress\/?page_id=336"},"modified":"2021-03-29T12:13:59","modified_gmt":"2021-03-29T12:13:59","slug":"biotechnologiai-szekcio","status":"publish","type":"page","link":"http:\/\/vedettseg.hu\/wordpress\/szekciok\/biotechnologiai-szekcio\/","title":{"rendered":"Biotechnol\u00f3giai szekci\u00f3"},"content":{"rendered":"<p><a href=\"http:\/\/vedettseg.hu\/wordpress\/szekciok\/biotechnologiai-szekcio\/#link\"><span style=\"font-size: 12px;\"><span style=\"font-size: 14px;\">cikkek<\/span><\/span><\/a><\/p>\n<hr \/>\n<p>&nbsp;<\/p>\n<p style=\"text-align: justify;\"><span style=\"font-size: 14px;\">\u00a0 A V\u00c9DETTS\u00c9G Egyes\u00fclet Biotechnol\u00f3giai Szekci\u00f3j\u00e1nak l\u00e9trehoz\u00e1s\u00e1nak sz\u00fcks\u00e9gess\u00e9g\u00e9t az a trend alapozta meg, hogy a kirobban\u00f3 tudom\u00e1nyos fejl\u0151d\u00e9s az ut\u00f3bbi t\u00f6bb mint 3 \u00e9vtizedben a biotechnol\u00f3gi\u00e1t a gy\u00f3gyszergy\u00e1rt\u00e1sban is egyre jobban el\u0151t\u00e9rbe helyezte.<\/span><\/p>\n<p style=\"text-align: justify;\"><span style=\"font-size: 14px;\">\u00a0 A gy\u00f3gy\u00e1szati biotechnol\u00f3gia vil\u00e1gszerte mindezid\u00e1ig m\u00e1r t\u00f6bb mint 350 milli\u00f3 embernek seg\u00edtett betegs\u00e9gek megel\u0151z\u00e9s\u00e9ben vagy gy\u00f3gy\u00edt\u00e1s\u00e1ban. Napjainkban m\u00e1r k\u00f6r\u00fclbel\u00fcl a gy\u00f3gyszerek 50%-a biotechnol\u00f3giai gy\u00f3gyszerek k\u00f6z\u00e9 tartozik. <sup><a href=\"http:\/\/www.europabio.org\/about-europabio\">1<\/a><\/sup><\/span><\/p>\n<p style=\"text-align: justify;\"><span style=\"font-size: 14px;\"><strong>Mi a biotechnol\u00f3gia<\/strong><\/span><\/p>\n<p style=\"text-align: justify;\"><span style=\"font-size: 14px;\">\u00a0 A g\u00f6r\u00f6g \u201ebios\u201d (minden, ami \u00e9l\u0151) \u00e9s a \u201etechnikos\u201d (emberi tud\u00e1s \u00e9s k\u00e9pess\u00e9g) szavak \u00f6sszet\u00e9tel\u00e9b\u0151l alakult \u00e9s elnevez\u00e9se magyar tud\u00f3s, Ereky K\u00e1roly nev\u00e9hez f\u0171z\u0151dik, amelyet el\u0151sz\u00f6r 1918-ban publik\u00e1lt.<sup><a href=\"http:\/\/zeus.phil-inst.hu\/recepcio\/htm\/6\/607.htm\">2<\/a><\/sup><\/span><\/p>\n<p style=\"text-align: justify;\"><span style=\"font-size: 14px;\">\u00a0 Az OECD (2005)<sup><a href=\"http:\/\/www.oecd.org\/document\/42\/0,3343,en_2649_34537_1933994_1_1_1_1,00.html\">3<\/a><\/sup> \u00e1ltal\u00e1nos \u00e9rv\u00e9ny\u0171 defin\u00edci\u00f3ja alkalmas a biotechnol\u00f3gia technol\u00f3giai szempont\u00fa meghat\u00e1roz\u00e1s\u00e1ra: \u201eA biotechnol\u00f3gia a tudom\u00e1ny \u00e9s technol\u00f3gia alkalmaz\u00e1sa \u00e9l\u0151 szervezeteken, azok r\u00e9szein, term\u00e9kein vagy modelljein azzal a c\u00e9llal, hogy megv\u00e1ltoztassunk \u00e9l\u0151 vagy \u00e9lettelen anyagokat tud\u00e1s, term\u00e9kek vagy szolg\u00e1ltat\u00e1sok l\u00e9trehoz\u00e1s\u00e1\u00e9rt.\u201d<\/span><br \/>\n<span style=\"font-size: 14px;\"> Modern biotechnol\u00f3giai technik\u00e1nak sz\u00e1m\u00edtanak a molekul\u00e1ris- \u00e9s sejtbiol\u00f3gia, biok\u00e9mia (DNS\/RNS, feh\u00e9rj\u00e9k, metabolitok, enzimek), mikrobiol\u00f3gia (v\u00edrusok, bakt\u00e9riumok,gomb\u00e1k), g\u00e9ntechnol\u00f3gia, immunol\u00f3gia, valamint a bioinformatika.<\/span><\/p>\n<p style=\"text-align: justify;\"><span style=\"font-size: 14px;\"><strong>Mivel foglalkozik a V\u00c9DETTS\u00c9G Biotechnol\u00f3giai Szekci\u00f3ja<\/strong><\/span><\/p>\n<p style=\"text-align: justify;\"><span style=\"font-size: 14px;\">\u00a0 Mi elk\u00f6telezt\u00fck magunkat arra, hogy a biotechnol\u00f3gia hasznoss\u00e1g\u00e1val kapcsolatos ismereteket terjessz\u00fck illetve, hogy emelj\u00fck ipar\u00e1gunkkal kapcsolatos ismereteket \u00e9s tud\u00e1st gyarap\u00edtsuk e ter\u00fcleten. C\u00e9lunk, hogy Magyarorsz\u00e1gon is olyan pozit\u00edv k\u00f6rnyezet j\u00f6hessen l\u00e9tre, ahol ipar\u00e1gunk felvir\u00e1gozhat.<\/span><br \/>\n<span style=\"font-size: 14px;\"> Elk\u00f6telezettek vagyunk a biotechnol\u00f3giai gy\u00f3gyszergy\u00e1rt\u00e1ssal kapcsolatos kommunik\u00e1ci\u00f3 \u00e9s p\u00e1rbesz\u00e9d fejl\u0151d\u00e9s\u00e9ben minden \u00e9rdekelt bevon\u00e1s\u00e1val.<\/span><\/p>\n<p>&nbsp;<\/p>\n<p><strong>Cikkek<\/strong><\/p>\n<ul>\n<li><a href=\"http:\/\/vedettseg.hu\/wordpress\/mesterseges-cholangiocitakkal-remedialtak-serult-majszovetet\/\">Mesters\u00e9ges cholangiocit\u00e1kkal remedi\u00e1ltak s\u00e9r\u00fclt m\u00e1jsz\u00f6vetet<\/a><\/li>\n<li><a href=\"http:\/\/vedettseg.hu\/wordpress\/biologiai-terapia-covid-19-ben\/\">Biol\u00f3giai ter\u00e1pia COVID-19-ben<\/a><\/li>\n<li><a href=\"http:\/\/vedettseg.hu\/wordpress\/uj-magyar-szabadalom-remeny-a-covid-19-szovodmenyek-gyogyitasara\/\">\u00daj magyar szabadalom: rem\u00e9ny a Covid-19 sz\u00f6v\u0151dm\u00e9nyek gy\u00f3gy\u00edt\u00e1s\u00e1ra<\/a><\/li>\n<\/ul>\n<p><strong>Kor\u00e1bbi Cikkek<\/strong><\/p>\n<ul>\n<li><a href=\"http:\/\/vedettseg.hu\/wordpress\/molekularis-betegsegre-molekularis-terapia\/\">Molekul\u00e1ris betegs\u00e9gre molekul\u00e1ris ter\u00e1pia<\/a><\/li>\n<li><a href=\"http:\/\/vedettseg.hu\/wordpress\/trojai-faloval-a-daganatos-sejtek-ellen\/\">Tr\u00f3jai fal\u00f3val a daganatos sejtek ellen<\/a><\/li>\n<li><a href=\"http:\/\/vedettseg.hu\/wordpress\/uj-utak-nyilhatnak-neuropszichiatriai-betegsegek-kezeleseben\/\">\u00daj utak ny\u00edlhatnak neuropszichi\u00e1triai betegs\u00e9gek kezel\u00e9s\u00e9ben<\/a><\/li>\n<li><a href=\"http:\/\/vedettseg.hu\/wordpress\/eddig-ismeretlen-magzatvedo-folyamatot-talaltak-magyar-kutatok\/\">Eddig ismeretlen, magzatv\u00e9d\u0151 folyamatot tal\u00e1ltak magyar kutat\u00f3k<\/a><\/li>\n<li><a href=\"http:\/\/vedettseg.hu\/wordpress\/magyar-reszvetelu-kutatas-talalta-meg-a-koronavirus-uj-utjat-a-sejtek-belsejebe\/\">Magyar r\u00e9szv\u00e9tel\u0171 kutat\u00e1s tal\u00e1lta meg a koronav\u00edrus \u00faj \u00fatj\u00e1t a sejtek belsej\u00e9be<\/a><\/li>\n<li><a href=\"http:\/\/vedettseg.hu\/wordpress\/sejtek-energetizalasa\/\">Sejtek energetiz\u00e1l\u00e1sa mitokondriumok transzplant\u00e1ci\u00f3j\u00e1val<\/a><\/li>\n<li><a href=\"http:\/\/vedettseg.hu\/wordpress\/megallitanak-a-citokinvihart\/\">Meg\u00e1ll\u00edtan\u00e1k a koronav\u00edrus el\u0151id\u00e9zte citokinvihart<\/a><\/li>\n<li><a href=\"http:\/\/vedettseg.hu\/wordpress\/szuperidos-sejteket-ossejtekke\/\">Szuperid\u0151s sejteket programoztak \u0151ssejtekk\u00e9<\/a><\/li>\n<li><a href=\"http:\/\/vedettseg.hu\/wordpress\/hemofilia-genterapias-kezelese\/\">J\u00f3 eredm\u00e9nyeket mutat a hemof\u00edlia g\u00e9nter\u00e1pi\u00e1s kezel\u00e9se<\/a><\/li>\n<li><span style=\"font-size: 16px;\"><a href=\"http:\/\/vedettseg.hu\/wordpress\/mikroglia-alzheimer\/\">A mikroglia lehet a kulcs az Alzheimer-k\u00f3r kezel\u00e9s\u00e9ben<\/a><\/span><\/li>\n<li><span style=\"font-size: 16px;\"><a href=\"http:\/\/vedettseg.hu\/wordpress\/p110\/\">P110: k\u00f6z\u00f6s gy\u00f3gym\u00f3d neurodegenerat\u00edv betegs\u00e9gek ellen?<\/a><\/span><\/li>\n<li><span style=\"font-size: 16px;\"><a href=\"http:\/\/vedettseg.hu\/wordpress\/ujfajta-mikrobiom\/\">\u00dajfajta mikrobiom-terapeutikumok a l\u00e1that\u00e1ron<\/a><\/span><\/li>\n<\/ul>\n","protected":false},"excerpt":{"rendered":"<p>cikkek &nbsp; \u00a0 A V\u00c9DETTS\u00c9G Egyes\u00fclet Biotechnol\u00f3giai Szekci\u00f3j\u00e1nak l\u00e9trehoz\u00e1s\u00e1nak sz\u00fcks\u00e9gess\u00e9g\u00e9t az a trend alapozta meg, hogy a kirobban\u00f3 tudom\u00e1nyos fejl\u0151d\u00e9s az ut\u00f3bbi t\u00f6bb mint 3 \u00e9vtizedben a biotechnol\u00f3gi\u00e1t a gy\u00f3gyszergy\u00e1rt\u00e1sban is egyre jobban el\u0151t\u00e9rbe helyezte. \u00a0 A gy\u00f3gy\u00e1szati biotechnol\u00f3gia vil\u00e1gszerte mindezid\u00e1ig m\u00e1r t\u00f6bb mint 350 milli\u00f3 embernek seg\u00edtett betegs\u00e9gek megel\u0151z\u00e9s\u00e9ben vagy gy\u00f3gy\u00edt\u00e1s\u00e1ban. Napjainkban m\u00e1r k\u00f6r\u00fclbel\u00fcl a gy\u00f3gyszerek 50%-a biotechnol\u00f3giai gy\u00f3gyszerek k\u00f6z\u00e9 tartozik. 1 Mi a biotechnol\u00f3gia \u00a0 A g\u00f6r\u00f6g \u201ebios\u201d (minden, ami \u00e9l\u0151) \u00e9s a \u201etechnikos\u201d (emberi tud\u00e1s \u00e9s k\u00e9pess\u00e9g) szavak \u00f6sszet\u00e9tel\u00e9b\u0151l alakult \u00e9s elnevez\u00e9se magyar tud\u00f3s, Ereky K\u00e1roly nev\u00e9hez f\u0171z\u0151dik, amelyet el\u0151sz\u00f6r 1918-ban publik\u00e1lt.2 \u00a0 Az OECD (2005)3 \u00e1ltal\u00e1nos \u00e9rv\u00e9ny\u0171 defin\u00edci\u00f3ja alkalmas a biotechnol\u00f3gia technol\u00f3giai szempont\u00fa meghat\u00e1roz\u00e1s\u00e1ra: \u201eA biotechnol\u00f3gia a tudom\u00e1ny \u00e9s technol\u00f3gia alkalmaz\u00e1sa \u00e9l\u0151 szervezeteken, azok r\u00e9szein, term\u00e9kein vagy modelljein azzal a c\u00e9llal, hogy megv\u00e1ltoztassunk \u00e9l\u0151 vagy \u00e9lettelen anyagokat tud\u00e1s, term\u00e9kek vagy szolg\u00e1ltat\u00e1sok l\u00e9trehoz\u00e1s\u00e1\u00e9rt.\u201d Modern biotechnol\u00f3giai technik\u00e1nak sz\u00e1m\u00edtanak a molekul\u00e1ris- \u00e9s sejtbiol\u00f3gia, biok\u00e9mia (DNS\/RNS, feh\u00e9rj\u00e9k, metabolitok, enzimek), mikrobiol\u00f3gia (v\u00edrusok, bakt\u00e9riumok,gomb\u00e1k), g\u00e9ntechnol\u00f3gia, immunol\u00f3gia, valamint a bioinformatika. Mivel foglalkozik a V\u00c9DETTS\u00c9G Biotechnol\u00f3giai Szekci\u00f3ja \u00a0 Mi elk\u00f6telezt\u00fck magunkat arra, hogy a biotechnol\u00f3gia hasznoss\u00e1g\u00e1val kapcsolatos ismereteket terjessz\u00fck illetve, hogy emelj\u00fck ipar\u00e1gunkkal kapcsolatos ismereteket \u00e9s tud\u00e1st gyarap\u00edtsuk e ter\u00fcleten. C\u00e9lunk, hogy Magyarorsz\u00e1gon is olyan pozit\u00edv k\u00f6rnyezet j\u00f6hessen l\u00e9tre, ahol ipar\u00e1gunk felvir\u00e1gozhat. Elk\u00f6telezettek vagyunk a biotechnol\u00f3giai gy\u00f3gyszergy\u00e1rt\u00e1ssal kapcsolatos kommunik\u00e1ci\u00f3 \u00e9s p\u00e1rbesz\u00e9d fejl\u0151d\u00e9s\u00e9ben minden \u00e9rdekelt bevon\u00e1s\u00e1val. &nbsp; Cikkek Mesters\u00e9ges cholangiocit\u00e1kkal remedi\u00e1ltak s\u00e9r\u00fclt m\u00e1jsz\u00f6vetet Biol\u00f3giai ter\u00e1pia COVID-19-ben \u00daj magyar szabadalom: rem\u00e9ny a Covid-19 sz\u00f6v\u0151dm\u00e9nyek gy\u00f3gy\u00edt\u00e1s\u00e1ra Kor\u00e1bbi Cikkek Molekul\u00e1ris betegs\u00e9gre molekul\u00e1ris ter\u00e1pia Tr\u00f3jai fal\u00f3val a daganatos sejtek ellen \u00daj utak ny\u00edlhatnak neuropszichi\u00e1triai betegs\u00e9gek kezel\u00e9s\u00e9ben Eddig ismeretlen, magzatv\u00e9d\u0151 folyamatot tal\u00e1ltak magyar kutat\u00f3k Magyar r\u00e9szv\u00e9tel\u0171 kutat\u00e1s tal\u00e1lta meg a koronav\u00edrus \u00faj \u00fatj\u00e1t a sejtek belsej\u00e9be Sejtek energetiz\u00e1l\u00e1sa mitokondriumok transzplant\u00e1ci\u00f3j\u00e1val Meg\u00e1ll\u00edtan\u00e1k a koronav\u00edrus el\u0151id\u00e9zte citokinvihart Szuperid\u0151s sejteket programoztak \u0151ssejtekk\u00e9 J\u00f3 eredm\u00e9nyeket mutat a hemof\u00edlia g\u00e9nter\u00e1pi\u00e1s kezel\u00e9se A mikroglia lehet a kulcs az Alzheimer-k\u00f3r kezel\u00e9s\u00e9ben P110: k\u00f6z\u00f6s gy\u00f3gym\u00f3d neurodegenerat\u00edv betegs\u00e9gek ellen? \u00dajfajta mikrobiom-terapeutikumok a l\u00e1that\u00e1ron<\/p>\n","protected":false},"author":1,"featured_media":0,"parent":327,"menu_order":0,"comment_status":"closed","ping_status":"closed","template":"","meta":{"_monsterinsights_skip_tracking":false,"_monsterinsights_sitenote_active":false,"_monsterinsights_sitenote_note":"","_monsterinsights_sitenote_category":0,"footnotes":""},"class_list":["post-336","page","type-page","status-publish","hentry"],"_links":{"self":[{"href":"http:\/\/vedettseg.hu\/wordpress\/wp-json\/wp\/v2\/pages\/336","targetHints":{"allow":["GET"]}}],"collection":[{"href":"http:\/\/vedettseg.hu\/wordpress\/wp-json\/wp\/v2\/pages"}],"about":[{"href":"http:\/\/vedettseg.hu\/wordpress\/wp-json\/wp\/v2\/types\/page"}],"author":[{"embeddable":true,"href":"http:\/\/vedettseg.hu\/wordpress\/wp-json\/wp\/v2\/users\/1"}],"replies":[{"embeddable":true,"href":"http:\/\/vedettseg.hu\/wordpress\/wp-json\/wp\/v2\/comments?post=336"}],"version-history":[{"count":31,"href":"http:\/\/vedettseg.hu\/wordpress\/wp-json\/wp\/v2\/pages\/336\/revisions"}],"predecessor-version":[{"id":1463,"href":"http:\/\/vedettseg.hu\/wordpress\/wp-json\/wp\/v2\/pages\/336\/revisions\/1463"}],"up":[{"embeddable":true,"href":"http:\/\/vedettseg.hu\/wordpress\/wp-json\/wp\/v2\/pages\/327"}],"wp:attachment":[{"href":"http:\/\/vedettseg.hu\/wordpress\/wp-json\/wp\/v2\/media?parent=336"}],"curies":[{"name":"wp","href":"https:\/\/api.w.org\/{rel}","templated":true}]}}