{"id":719,"date":"2017-10-28T09:27:17","date_gmt":"2017-10-28T09:27:17","guid":{"rendered":"http:\/\/vedettseg.hu\/wordpress\/?page_id=719"},"modified":"2021-04-07T14:25:32","modified_gmt":"2021-04-07T14:25:32","slug":"ritka-betegsegek-szekcio","status":"publish","type":"page","link":"http:\/\/vedettseg.hu\/wordpress\/szekciok\/ritka-betegsegek-szekcio\/","title":{"rendered":"Ritka betegs\u00e9gek szekci\u00f3"},"content":{"rendered":"<p><a href=\"http:\/\/vedettseg.hu\/wordpress\/szekciok\/ritka-betegsegek-szekcio\/#link\"><span style=\"font-size: 12px;\"><span style=\"font-size: 14px;\">cikkek<\/span><\/span><\/a><\/p>\n<hr \/>\n<p>&nbsp;<\/p>\n<p>Az \u00fan. \u201critka betegs\u00e9gek\u201d olyan betegs\u00e9gek, amelyek az \u00e1tlagos n\u00e9pess\u00e9ghez viszony\u00edtva kev\u00e9s embert \u00e9rintenek, \u00e9s ritka el\u0151fordul\u00e1suk speci\u00e1lis k\u00e9rd\u00e9seket vet fel. Eur\u00f3p\u00e1ban \u00e9s az Egyes\u00fclt \u00c1llamokban egy betegs\u00e9g akkor tekinthet\u0151 ritk\u00e1nak, ha t\u00f6bb mint 2000 emberb\u0151l \u00e9rint egyet. \u00a0El\u0151fordulhat, hogy egy betegs\u00e9g ritka egy ter\u00fcleten, m\u00e1shol pedig \u00e1ltal\u00e1nos gyakoris\u00e1g\u00fa. Sz\u00e1mos olyan \u00e1tlagos betegs\u00e9g is l\u00e9tezik, amelynek\u00a0<em>v\u00e1ltozatai<\/em>\u00a0ritk\u00e1k.<\/p>\n<p>&nbsp;<\/p>\n<p><strong>Cikkek<\/strong><\/p>\n<ul>\n<li><a href=\"http:\/\/vedettseg.hu\/wordpress\/ritka-betegsegek-vilagnapja-2\/\">Ritka Betegs\u00e9gek Vil\u00e1gnapja: egyre jobb es\u00e9llyel indulnak a magyar betegek, de m\u00e9g van mit tenni<\/a><\/li>\n<li><a href=\"http:\/\/vedettseg.hu\/wordpress\/abetalipoproteinemia-a-zsiranyagcsere-zavara\/\">Abetalipoproteinemia &#8211; A zs\u00edranyagcsere zavara<\/a><\/li>\n<\/ul>\n<p>&nbsp;<\/p>\n<p><strong>Kor\u00e1bbi Cikkek<\/strong><\/p>\n<ul>\n<li><a href=\"http:\/\/vedettseg.hu\/wordpress\/beckwith-wiedemann-szindroma\/\">Beckwith-Wiedemann-szindr\u00f3ma<\/a><\/li>\n<li><a href=\"http:\/\/vedettseg.hu\/wordpress\/a-gaucher-kor-es-tunetei\/\">A Gaucher-k\u00f3r \u00e9s t\u00fcnetei<\/a><\/li>\n<li><a href=\"http:\/\/vedettseg.hu\/wordpress\/a-proteus-szindroma\/\">A Proteus-szindr\u00f3ma<\/a><\/li>\n<li><a href=\"http:\/\/vedettseg.hu\/wordpress\/hermansky-pudlak-szindroma\/\">Hermansky-Pudlak-szindr\u00f3ma<\/a><\/li>\n<li><a href=\"http:\/\/vedettseg.hu\/wordpress\/ritka-betegek-gyakori-gondok\/\">Ritka betegek, gyakori gondok<\/a><\/li>\n<li><a href=\"http:\/\/vedettseg.hu\/wordpress\/marfan-szindroma\/\">Marfan-szindr\u00f3ma: extr\u00e9m hossz\u00fa v\u00e9gtagok<\/a><\/li>\n<li><a href=\"http:\/\/vedettseg.hu\/wordpress\/a-fallot-tetralogia\/\">A Fallot-tetral\u00f3gia<\/a><\/li>\n<li><a href=\"http:\/\/vedettseg.hu\/wordpress\/klippel-feil-szindroma\/\">Mikor besz\u00e9lhet\u00fcnk a Klippel-Feil-szindr\u00f3m\u00e1r\u00f3l?<\/a><\/li>\n<li><a href=\"http:\/\/vedettseg.hu\/wordpress\/ritka-betegsegek-vilagnapja\/\">Ritka Betegs\u00e9gek Vil\u00e1gnapja: es\u00e9lyegyenl\u0151s\u00e9g, m\u00e9lt\u00e1nyoss\u00e1g<\/a><\/li>\n<li><span style=\"font-size: 16px;\"><a href=\"http:\/\/vedettseg.hu\/wordpress\/szkleroderma\/\">K\u00e9rgesed\u0151 k\u00f6t\u0151sz\u00f6vet &#8211; a szkleroderma<\/a><\/span><\/li>\n<li><span style=\"font-size: 16px;\"><a href=\"http:\/\/vedettseg.hu\/wordpress\/charcot-marie\/\">Megny\u00falt t\u00e9rszerkezet\u0171 enzimek a Charcot-Marie-Tooth betegs\u00e9g h\u00e1tter\u00e9ben<\/a><\/span><\/li>\n<li><span style=\"font-size: 16px;\"><a href=\"http:\/\/vedettseg.hu\/wordpress\/canavan-betegseg\/\">A Canavan-betegs\u00e9g<\/a><\/span><\/li>\n<li><span style=\"font-size: 16px;\"><a href=\"http:\/\/vedettseg.hu\/wordpress\/a-halszag-szindroma\/\">A halszag szindr\u00f3ma okai, t\u00fcnetei \u00e9s kezel\u00e9se<\/a><\/span><\/li>\n<\/ul>\n","protected":false},"excerpt":{"rendered":"<p>cikkek &nbsp; Az \u00fan. \u201critka betegs\u00e9gek\u201d olyan betegs\u00e9gek, amelyek az \u00e1tlagos n\u00e9pess\u00e9ghez viszony\u00edtva kev\u00e9s embert \u00e9rintenek, \u00e9s ritka el\u0151fordul\u00e1suk speci\u00e1lis k\u00e9rd\u00e9seket vet fel. Eur\u00f3p\u00e1ban \u00e9s az Egyes\u00fclt \u00c1llamokban egy betegs\u00e9g akkor tekinthet\u0151 ritk\u00e1nak, ha t\u00f6bb mint 2000 emberb\u0151l \u00e9rint egyet. \u00a0El\u0151fordulhat, hogy egy betegs\u00e9g ritka egy ter\u00fcleten, m\u00e1shol pedig \u00e1ltal\u00e1nos gyakoris\u00e1g\u00fa. Sz\u00e1mos olyan \u00e1tlagos betegs\u00e9g is l\u00e9tezik, amelynek\u00a0v\u00e1ltozatai\u00a0ritk\u00e1k. &nbsp; Cikkek Ritka Betegs\u00e9gek Vil\u00e1gnapja: egyre jobb es\u00e9llyel indulnak a magyar betegek, de m\u00e9g van mit tenni Abetalipoproteinemia &#8211; A zs\u00edranyagcsere zavara &nbsp; Kor\u00e1bbi Cikkek Beckwith-Wiedemann-szindr\u00f3ma A Gaucher-k\u00f3r \u00e9s t\u00fcnetei A Proteus-szindr\u00f3ma Hermansky-Pudlak-szindr\u00f3ma Ritka betegek, gyakori gondok Marfan-szindr\u00f3ma: extr\u00e9m hossz\u00fa v\u00e9gtagok A Fallot-tetral\u00f3gia Mikor besz\u00e9lhet\u00fcnk a Klippel-Feil-szindr\u00f3m\u00e1r\u00f3l? Ritka Betegs\u00e9gek Vil\u00e1gnapja: es\u00e9lyegyenl\u0151s\u00e9g, m\u00e9lt\u00e1nyoss\u00e1g K\u00e9rgesed\u0151 k\u00f6t\u0151sz\u00f6vet &#8211; a szkleroderma Megny\u00falt t\u00e9rszerkezet\u0171 enzimek a Charcot-Marie-Tooth betegs\u00e9g h\u00e1tter\u00e9ben A Canavan-betegs\u00e9g A halszag szindr\u00f3ma okai, t\u00fcnetei \u00e9s kezel\u00e9se<\/p>\n","protected":false},"author":1,"featured_media":0,"parent":327,"menu_order":0,"comment_status":"closed","ping_status":"closed","template":"","meta":{"_monsterinsights_skip_tracking":false,"_monsterinsights_sitenote_active":false,"_monsterinsights_sitenote_note":"","_monsterinsights_sitenote_category":0,"footnotes":""},"class_list":["post-719","page","type-page","status-publish","hentry"],"_links":{"self":[{"href":"http:\/\/vedettseg.hu\/wordpress\/wp-json\/wp\/v2\/pages\/719","targetHints":{"allow":["GET"]}}],"collection":[{"href":"http:\/\/vedettseg.hu\/wordpress\/wp-json\/wp\/v2\/pages"}],"about":[{"href":"http:\/\/vedettseg.hu\/wordpress\/wp-json\/wp\/v2\/types\/page"}],"author":[{"embeddable":true,"href":"http:\/\/vedettseg.hu\/wordpress\/wp-json\/wp\/v2\/users\/1"}],"replies":[{"embeddable":true,"href":"http:\/\/vedettseg.hu\/wordpress\/wp-json\/wp\/v2\/comments?post=719"}],"version-history":[{"count":25,"href":"http:\/\/vedettseg.hu\/wordpress\/wp-json\/wp\/v2\/pages\/719\/revisions"}],"predecessor-version":[{"id":1480,"href":"http:\/\/vedettseg.hu\/wordpress\/wp-json\/wp\/v2\/pages\/719\/revisions\/1480"}],"up":[{"embeddable":true,"href":"http:\/\/vedettseg.hu\/wordpress\/wp-json\/wp\/v2\/pages\/327"}],"wp:attachment":[{"href":"http:\/\/vedettseg.hu\/wordpress\/wp-json\/wp\/v2\/media?parent=719"}],"curies":[{"name":"wp","href":"https:\/\/api.w.org\/{rel}","templated":true}]}}