{"id":79,"date":"2015-10-07T14:51:14","date_gmt":"2015-10-07T14:51:14","guid":{"rendered":"http:\/\/vedettseg.hu\/wordpress\/?page_id=79"},"modified":"2016-01-02T19:57:11","modified_gmt":"2016-01-02T19:57:11","slug":"jogi-nyilatkozat","status":"publish","type":"page","link":"http:\/\/vedettseg.hu\/wordpress\/egyesuletrol\/jogi-nyilatkozat\/","title":{"rendered":"Jogi nyilatkozat"},"content":{"rendered":"<p align=\"justify\">\u00a0 A \u201eV\u00c9DETTS\u00c9G\u201d Egyes\u00fclet minden \u00e9sszer\u0171 int\u00e9zked\u00e9st megtesz annak \u00e9rdek\u00e9ben, hogy a weboldalain k\u00f6z\u00f6lt inform\u00e1ci\u00f3k pontosak legyen felt\u00f6lt\u00e9se id\u0151pontj\u00e1ban.\u00a0Ennek ellen\u00e9re, a \u201eV\u00c9DETTS\u00c9G\u201d Egyes\u00fclet sem kifejezetten, sem r\u00e1utal\u00f3 m\u00f3don nem v\u00e1llal szavatoss\u00e1got a jelen weboldalon kereszt\u00fcl ny\u00fajtott inform\u00e1ci\u00f3k\u00e9rt,\u00a0\u00e9s fenntartja a jogot arra, hogy \u00e9rtes\u00edt\u00e9s n\u00e9lk\u00fcl b\u00e1rmikor v\u00e1ltoztat\u00e1sokat \u00e9s jav\u00edt\u00e1sokat hajtson v\u00e9gre, illetve a weboldalt vagy az azon k\u00f6z\u00f6lt inform\u00e1ci\u00f3kat r\u00e9szben vagy eg\u00e9szben megsz\u00fcntesse.\u00a0A \u201eV\u00c9DETTS\u00c9G\u201d Egyes\u00fclet nem v\u00e1llal felel\u0151ss\u00e9get a weboldalon el\u0151fordul\u00f3 semmilyen pontatlans\u00e1g\u00e9rt, vagy hi\u00e1nyoss\u00e1g\u00e9rt. A www.vedettseg.hu weboldalon tal\u00e1lhat\u00f3\u00a0inform\u00e1ci\u00f3kon alapul\u00f3 b\u00e1rmilyen d\u00f6nt\u00e9s a felhaszn\u00e1l\u00f3 saj\u00e1t felel\u0151ss\u00e9ge, az abb\u00f3l sz\u00e1rmaz\u00f3 esetleges h\u00e1tr\u00e1nyos k\u00f6vetkezm\u00e9nyeket, k\u00e1rokat maga viseli, ezek\u00e9rt a\u00a0\u201eV\u00c9DETTS\u00c9G\u201d Egyes\u00fcletet semmif\u00e9le felel\u0151ss\u00e9g nem terheli.<\/p>\n<p style=\"text-align: justify;\">\u00a0 A \u201eV\u00c9DETTS\u00c9G\u201d Egyes\u00fclet weboldalai tartalmaznak linkeket, melyekkel m\u00e1s szolg\u00e1ltat\u00f3k internetes oldalai \u00e9rhet\u0151k el. A linkek \u00e1ltal el\u00e9rhet\u0151 oldalakon tal\u00e1lhat\u00f3 inform\u00e1ci\u00f3k helyess\u00e9g\u00e9t, teljess\u00e9g\u00e9t \u00e9s pontoss\u00e1g\u00e1t nem vizsg\u00e1lta az Egyes\u00fclet, ez\u00e9rt ezen inform\u00e1ci\u00f3k felhaszn\u00e1l\u00e1s\u00e1b\u00f3l ered\u0151 k\u00e1rok\u00e9rt semmif\u00e9le felel\u0151ss\u00e9get nem v\u00e1llal, ez\u00e9rt semmif\u00e9le felel\u0151ss\u00e9g nem terheli.<\/p>\n<p><span class=\"text11b\"><strong>A rendelkez\u00e9sre bocs\u00e1tott inform\u00e1ci\u00f3k haszn\u00e1lata<\/strong><\/span><\/p>\n<p style=\"text-align: justify;\">\u00a0 Az oldalainkon rendelkez\u00e9sre bocs\u00e1tott valamennyi inform\u00e1ci\u00f3 haszn\u00e1lata csak teljes form\u00e1ban, teh\u00e1t kieg\u00e9sz\u00edt\u00e9sek vagy kih\u00faz\u00e1sok n\u00e9lk\u00fcl \u00e9s a forr\u00e1s megjel\u00f6l\u00e9s\u00e9vel, a\u00a0megfelel\u0151 hivatkoz\u00e1s\u00e1val ell\u00e1tva, csakis szem\u00e9lyes \u00e9s puszt\u00e1n inform\u00e1ci\u00f3s c\u00e9lokra enged\u00e9lyezett.<\/p>\n<p>E weboldal haszn\u00e1lat\u00e1t \u00e9s a hozz\u00e1f\u00e9r\u00e9st a magyar t\u00f6rv\u00e9nyek szab\u00e1lyozz\u00e1k.<\/p>\n","protected":false},"excerpt":{"rendered":"<p>\u00a0 A \u201eV\u00c9DETTS\u00c9G\u201d Egyes\u00fclet minden \u00e9sszer\u0171 int\u00e9zked\u00e9st megtesz annak \u00e9rdek\u00e9ben, hogy a weboldalain k\u00f6z\u00f6lt inform\u00e1ci\u00f3k pontosak legyen felt\u00f6lt\u00e9se id\u0151pontj\u00e1ban.\u00a0Ennek ellen\u00e9re, a \u201eV\u00c9DETTS\u00c9G\u201d Egyes\u00fclet sem kifejezetten, sem r\u00e1utal\u00f3 m\u00f3don nem v\u00e1llal szavatoss\u00e1got a jelen weboldalon kereszt\u00fcl ny\u00fajtott inform\u00e1ci\u00f3k\u00e9rt,\u00a0\u00e9s fenntartja a jogot arra, hogy \u00e9rtes\u00edt\u00e9s n\u00e9lk\u00fcl b\u00e1rmikor v\u00e1ltoztat\u00e1sokat \u00e9s jav\u00edt\u00e1sokat hajtson v\u00e9gre, illetve a weboldalt vagy az azon k\u00f6z\u00f6lt inform\u00e1ci\u00f3kat r\u00e9szben vagy eg\u00e9szben megsz\u00fcntesse.\u00a0A \u201eV\u00c9DETTS\u00c9G\u201d Egyes\u00fclet nem v\u00e1llal felel\u0151ss\u00e9get a weboldalon el\u0151fordul\u00f3 semmilyen pontatlans\u00e1g\u00e9rt, vagy hi\u00e1nyoss\u00e1g\u00e9rt. A www.vedettseg.hu weboldalon tal\u00e1lhat\u00f3\u00a0inform\u00e1ci\u00f3kon alapul\u00f3 b\u00e1rmilyen d\u00f6nt\u00e9s a felhaszn\u00e1l\u00f3 saj\u00e1t felel\u0151ss\u00e9ge, az abb\u00f3l sz\u00e1rmaz\u00f3 esetleges h\u00e1tr\u00e1nyos k\u00f6vetkezm\u00e9nyeket, k\u00e1rokat maga viseli, ezek\u00e9rt a\u00a0\u201eV\u00c9DETTS\u00c9G\u201d Egyes\u00fcletet semmif\u00e9le felel\u0151ss\u00e9g nem terheli. \u00a0 A \u201eV\u00c9DETTS\u00c9G\u201d Egyes\u00fclet weboldalai tartalmaznak linkeket, melyekkel m\u00e1s szolg\u00e1ltat\u00f3k internetes oldalai \u00e9rhet\u0151k el. A linkek \u00e1ltal el\u00e9rhet\u0151 oldalakon tal\u00e1lhat\u00f3 inform\u00e1ci\u00f3k helyess\u00e9g\u00e9t, teljess\u00e9g\u00e9t \u00e9s pontoss\u00e1g\u00e1t nem vizsg\u00e1lta az Egyes\u00fclet, ez\u00e9rt ezen inform\u00e1ci\u00f3k felhaszn\u00e1l\u00e1s\u00e1b\u00f3l ered\u0151 k\u00e1rok\u00e9rt semmif\u00e9le felel\u0151ss\u00e9get nem v\u00e1llal, ez\u00e9rt semmif\u00e9le felel\u0151ss\u00e9g nem terheli. A rendelkez\u00e9sre bocs\u00e1tott inform\u00e1ci\u00f3k haszn\u00e1lata \u00a0 Az oldalainkon rendelkez\u00e9sre bocs\u00e1tott valamennyi inform\u00e1ci\u00f3 haszn\u00e1lata csak teljes form\u00e1ban, teh\u00e1t kieg\u00e9sz\u00edt\u00e9sek vagy kih\u00faz\u00e1sok n\u00e9lk\u00fcl \u00e9s a forr\u00e1s megjel\u00f6l\u00e9s\u00e9vel, a\u00a0megfelel\u0151 hivatkoz\u00e1s\u00e1val ell\u00e1tva, csakis szem\u00e9lyes \u00e9s puszt\u00e1n inform\u00e1ci\u00f3s c\u00e9lokra enged\u00e9lyezett. E weboldal haszn\u00e1lat\u00e1t \u00e9s a hozz\u00e1f\u00e9r\u00e9st a magyar t\u00f6rv\u00e9nyek szab\u00e1lyozz\u00e1k.<\/p>\n","protected":false},"author":1,"featured_media":0,"parent":16,"menu_order":0,"comment_status":"closed","ping_status":"closed","template":"","meta":{"_monsterinsights_skip_tracking":false,"_monsterinsights_sitenote_active":false,"_monsterinsights_sitenote_note":"","_monsterinsights_sitenote_category":0,"footnotes":""},"class_list":["post-79","page","type-page","status-publish","hentry"],"_links":{"self":[{"href":"http:\/\/vedettseg.hu\/wordpress\/wp-json\/wp\/v2\/pages\/79","targetHints":{"allow":["GET"]}}],"collection":[{"href":"http:\/\/vedettseg.hu\/wordpress\/wp-json\/wp\/v2\/pages"}],"about":[{"href":"http:\/\/vedettseg.hu\/wordpress\/wp-json\/wp\/v2\/types\/page"}],"author":[{"embeddable":true,"href":"http:\/\/vedettseg.hu\/wordpress\/wp-json\/wp\/v2\/users\/1"}],"replies":[{"embeddable":true,"href":"http:\/\/vedettseg.hu\/wordpress\/wp-json\/wp\/v2\/comments?post=79"}],"version-history":[{"count":8,"href":"http:\/\/vedettseg.hu\/wordpress\/wp-json\/wp\/v2\/pages\/79\/revisions"}],"predecessor-version":[{"id":362,"href":"http:\/\/vedettseg.hu\/wordpress\/wp-json\/wp\/v2\/pages\/79\/revisions\/362"}],"up":[{"embeddable":true,"href":"http:\/\/vedettseg.hu\/wordpress\/wp-json\/wp\/v2\/pages\/16"}],"wp:attachment":[{"href":"http:\/\/vedettseg.hu\/wordpress\/wp-json\/wp\/v2\/media?parent=79"}],"curies":[{"name":"wp","href":"https:\/\/api.w.org\/{rel}","templated":true}]}}