{"id":85,"date":"2015-10-07T14:54:52","date_gmt":"2015-10-07T14:54:52","guid":{"rendered":"http:\/\/vedettseg.hu\/wordpress\/?page_id=85"},"modified":"2021-11-25T17:43:57","modified_gmt":"2021-11-25T17:43:57","slug":"szervezeti-felepites","status":"publish","type":"page","link":"http:\/\/vedettseg.hu\/wordpress\/egyesuletrol\/szervezeti-felepites\/","title":{"rendered":"Szervezeti fel\u00e9p\u00edt\u00e9s"},"content":{"rendered":"<p style=\"text-align: center;\"><div class=\"supsystic-table-loader spinner\"style=\"background-color:#000000\"><\/div><div id=\"supsystic-table-1_85848\" class=\"supsystic-tables-wrap \" style=\" visibility: hidden; \" ><table id=\"supsystic-table-1\" class=\"supsystic-table border stripe lightboxImg cell-border\" data-id=\"1\" data-view-id=\"1_85848\" data-title=\"Szervezeti Fel\u00e9p\u00edt\u00e9s\" data-currency-format=\"$1,000.00\" data-percent-format=\"10.00%\" data-date-format=\"DD.MM.YYYY\" data-time-format=\"HH:mm\" data-features=\"[&quot;after_table_loaded_script&quot;,&quot;auto_width&quot;]\" data-search-value=\"\" data-lightbox-img=\"\" data-head=\"on\" data-head-rows-count=\"1\" data-pagination-length=\"50,100,All\" data-auto-index=\"off\" data-searching-settings=\"{&quot;columnSearchPosition&quot;:&quot;bottom&quot;,&quot;minChars&quot;:&quot;0&quot;}\" data-lang=\"browser\" data-override=\"{&quot;emptyTable&quot;:&quot;&quot;,&quot;info&quot;:&quot;&quot;,&quot;infoEmpty&quot;:&quot;&quot;,&quot;infoFiltered&quot;:&quot;&quot;,&quot;lengthMenu&quot;:&quot;&quot;,&quot;search&quot;:&quot;&quot;,&quot;zeroRecords&quot;:&quot;&quot;,&quot;exportLabel&quot;:&quot;&quot;,&quot;file&quot;:&quot;browser&quot;}\" data-merged=\"[{&quot;row&quot;:0,&quot;col&quot;:0,&quot;rowspan&quot;:1,&quot;colspan&quot;:4,&quot;removed&quot;:false},{&quot;row&quot;:1,&quot;col&quot;:0,&quot;rowspan&quot;:1,&quot;colspan&quot;:4,&quot;removed&quot;:false},{&quot;row&quot;:2,&quot;col&quot;:0,&quot;rowspan&quot;:1,&quot;colspan&quot;:4,&quot;removed&quot;:false},{&quot;row&quot;:5,&quot;col&quot;:0,&quot;rowspan&quot;:1,&quot;colspan&quot;:4,&quot;removed&quot;:false},{&quot;row&quot;:11,&quot;col&quot;:0,&quot;rowspan&quot;:1,&quot;colspan&quot;:4,&quot;removed&quot;:false},{&quot;row&quot;:12,&quot;col&quot;:0,&quot;rowspan&quot;:1,&quot;colspan&quot;:4,&quot;removed&quot;:false},{&quot;row&quot;:8,&quot;col&quot;:0,&quot;rowspan&quot;:1,&quot;colspan&quot;:4,&quot;removed&quot;:false}]\" data-responsive-mode=\"0\" data-from-history=\"0\" ><thead><tr><th data-cell-id=\"A1\" data-x=\"0\" data-y=\"1\" data-db-index=\"1\" class=\"htCenter htMiddle\" data-cell-type=\"text\" data-original-value=\"Eln\u00f6k: Dr. L\u00e9vai S\u00e1ndor\" data-order=\"Eln\u00f6k: Dr. L\u00e9vai S\u00e1ndor\" data-colspan=\"4\" data-rowspan=\"1\" >Eln\u00f6k: Dr. L\u00e9vai S\u00e1ndor <\/th><th data-cell-id=\"B1\" data-x=\"1\" data-y=\"1\" data-db-index=\"1\" class=\"htCenter htMiddle\" data-cell-type=\"text\" data-original-value=\"\" data-order=\"\" data-hide=\"true\" ><\/th><th data-cell-id=\"C1\" data-x=\"2\" data-y=\"1\" data-db-index=\"1\" class=\"htCenter htMiddle\" data-cell-type=\"text\" data-original-value=\"\" data-order=\"\" data-hide=\"true\" ><\/th><th data-cell-id=\"D1\" data-x=\"3\" data-y=\"1\" data-db-index=\"1\" class=\"htCenter htMiddle\" data-cell-type=\"text\" data-original-value=\"\" data-order=\"\" data-hide=\"true\" ><\/th><\/tr><\/thead><tbody><tr style=\"height:px\" ><td data-cell-id=\"A2\" data-x=\"0\" data-y=\"2\" data-db-index=\"2\" class=\"htCenter htMiddle\" data-cell-type=\"text\" data-original-value=\"Eln\u00f6ks\u00e9g: Dr. Luk\u00e1cs Attila, Dr. L\u00e9vai S\u00e1ndor, Dr. Marton Kl\u00e1ra, Dr. Szolnoky Mikl\u00f3s, Dr. Toka Kriszti\u00e1n\" data-order=\"Eln\u00f6ks\u00e9g: Dr. Luk\u00e1cs Attila, Dr. L\u00e9vai S\u00e1ndor, Dr. Marton Kl\u00e1ra, Dr. Szolnoky Mikl\u00f3s, Dr. Toka Kriszti\u00e1n\" data-colspan=\"4\" data-rowspan=\"1\" >Eln\u00f6ks\u00e9g: Dr. Luk\u00e1cs Attila, Dr. L\u00e9vai S\u00e1ndor, Dr. Marton Kl\u00e1ra, Dr. Szolnoky Mikl\u00f3s, Dr. Toka Kriszti\u00e1n <\/td><td data-cell-id=\"B2\" data-x=\"1\" data-y=\"2\" data-db-index=\"2\" class=\"htCenter htMiddle\" data-cell-type=\"text\" data-original-value=\"\" data-order=\"\" data-hide=\"true\" ><\/td><td data-cell-id=\"C2\" data-x=\"2\" data-y=\"2\" data-db-index=\"2\" class=\"htCenter htMiddle\" data-cell-type=\"text\" data-original-value=\"\" data-order=\"\" data-hide=\"true\" ><\/td><td data-cell-id=\"D2\" data-x=\"3\" data-y=\"2\" data-db-index=\"2\" class=\"htCenter htMiddle\" data-cell-type=\"text\" data-original-value=\"\" data-order=\"\" data-hide=\"true\" ><\/td><\/tr><tr style=\"height:23px\" ><td data-cell-id=\"A3\" data-x=\"0\" data-y=\"3\" data-db-index=\"3\" class=\"htCenter htMiddle\" data-cell-type=\"text\" data-original-value=\"Tiszteletbeli eln\u00f6k: Dr. Borb\u00e1s Gyula\" data-order=\"Tiszteletbeli eln\u00f6k: Dr. Borb\u00e1s Gyula\" data-colspan=\"4\" data-rowspan=\"1\" >Tiszteletbeli eln\u00f6k: Dr. Borb\u00e1s Gyula <\/td><td data-cell-id=\"B3\" data-x=\"1\" data-y=\"3\" data-db-index=\"3\" class=\"htCenter htMiddle\" data-cell-type=\"text\" data-original-value=\"\" data-order=\"\" data-hide=\"true\" ><\/td><td data-cell-id=\"C3\" data-x=\"2\" data-y=\"3\" data-db-index=\"3\" class=\"htCenter htMiddle\" data-cell-type=\"text\" data-original-value=\"\" data-order=\"\" data-hide=\"true\" ><\/td><td data-cell-id=\"D3\" data-x=\"3\" data-y=\"3\" data-db-index=\"3\" class=\"htCenter htMiddle\" data-cell-type=\"text\" data-original-value=\"\" data-order=\"\" data-hide=\"true\" ><\/td><\/tr><tr style=\"height:px\" ><td data-cell-id=\"A4\" data-x=\"0\" data-y=\"4\" data-db-index=\"4\" class=\"htCenter htCenter htMiddle\" data-cell-type=\"text\" data-original-value=\"&lt;a href=&quot;http:\/\/vedettseg.hu\/wordpress\/szekciok\/immunbiologiai-szekcio\/&quot;&gt;Immunbiol\u00f3giai szekci\u00f3&lt;\/a&gt;\" data-order=\"&lt;a href=&quot;http:\/\/vedettseg.hu\/wordpress\/szekciok\/immunbiologiai-szekcio\/&quot;&gt;Immunbiol\u00f3giai szekci\u00f3&lt;\/a&gt;\" ><a href=\"http:\/\/vedettseg.hu\/wordpress\/szekciok\/immunbiologiai-szekcio\/\">Immunbiol\u00f3giai szekci\u00f3<\/a><\/td><td data-cell-id=\"B4\" data-x=\"1\" data-y=\"4\" data-db-index=\"4\" class=\"htCenter htCenter htMiddle\" data-cell-type=\"text\" data-original-value=\"&lt;a href=&quot;http:\/\/vedettseg.hu\/wordpress\/szekciok\/ritka-betegsegek-szekcio\/&quot; target=&quot;_self&quot;&gt;Ritka betegs\u00e9gek szekci\u00f3&lt;\/a&gt;\" data-order=\"&lt;a href=&quot;http:\/\/vedettseg.hu\/wordpress\/szekciok\/ritka-betegsegek-szekcio\/&quot; target=&quot;_self&quot;&gt;Ritka betegs\u00e9gek szekci\u00f3&lt;\/a&gt;\" ><a href=\"http:\/\/vedettseg.hu\/wordpress\/szekciok\/ritka-betegsegek-szekcio\/\" target=\"_self\">Ritka betegs\u00e9gek szekci\u00f3<\/a><\/td><td data-cell-id=\"C4\" data-x=\"2\" data-y=\"4\" data-db-index=\"4\" class=\"htCenter htMiddle\" data-cell-type=\"text\" data-original-value=\"&lt;a href=&quot;http:\/\/vedettseg.hu\/wordpress\/szekciok\/plazma-szekcio\/&quot;&gt;Plazma szekci\u00f3&lt;\/a&gt;\" data-order=\"&lt;a href=&quot;http:\/\/vedettseg.hu\/wordpress\/szekciok\/plazma-szekcio\/&quot;&gt;Plazma szekci\u00f3&lt;\/a&gt;\" ><a href=\"http:\/\/vedettseg.hu\/wordpress\/szekciok\/plazma-szekcio\/\">Plazma szekci\u00f3<\/a><\/td><td data-cell-id=\"D4\" data-x=\"3\" data-y=\"4\" data-db-index=\"4\" class=\"htCenter htMiddle\" data-cell-type=\"text\" data-original-value=\"&lt;a href=&quot;http:\/\/vedettseg.hu\/wordpress\/szekciok\/biotechnologiai-szekcio\/&quot;&gt;Biotechnol\u00f3giai szekci\u00f3&lt;\/a&gt;\" data-order=\"&lt;a href=&quot;http:\/\/vedettseg.hu\/wordpress\/szekciok\/biotechnologiai-szekcio\/&quot;&gt;Biotechnol\u00f3giai szekci\u00f3&lt;\/a&gt;\" ><a href=\"http:\/\/vedettseg.hu\/wordpress\/szekciok\/biotechnologiai-szekcio\/\">Biotechnol\u00f3giai szekci\u00f3<\/a><\/td><\/tr><tr style=\"height:px\" ><td data-cell-id=\"A5\" data-x=\"0\" data-y=\"5\" data-db-index=\"5\" class=\"htCenter htMiddle\" data-cell-type=\"text\" data-original-value=\"Eln\u00f6k: Dr. Becze Zsolt\" data-order=\"Eln\u00f6k: Dr. Becze Zsolt\" >Eln\u00f6k: Dr. Becze Zsolt <\/td><td data-cell-id=\"B5\" data-x=\"1\" data-y=\"5\" data-db-index=\"5\" class=\"htCenter htMiddle\" data-cell-type=\"text\" data-original-value=\"Eln\u00f6k: Dr. Soroncz-Szab\u00f3 Tam\u00e1s\" data-order=\"Eln\u00f6k: Dr. Soroncz-Szab\u00f3 Tam\u00e1s\" >Eln\u00f6k: Dr. Soroncz-Szab\u00f3 Tam\u00e1s <\/td><td data-cell-id=\"C5\" data-x=\"2\" data-y=\"5\" data-db-index=\"5\" class=\"htCenter htMiddle\" data-cell-type=\"text\" data-original-value=\"Eln\u00f6k: Dr. Szolnoky Mikl\u00f3s\" data-order=\"Eln\u00f6k: Dr. Szolnoky Mikl\u00f3s\" >Eln\u00f6k: Dr. Szolnoky Mikl\u00f3s <\/td><td data-cell-id=\"D5\" data-x=\"3\" data-y=\"5\" data-db-index=\"5\" class=\"htCenter htMiddle\" data-cell-type=\"text\" data-original-value=\"Eln\u00f6k: Girbicz Nikolett\" data-order=\"Eln\u00f6k: Girbicz Nikolett\" >Eln\u00f6k: Girbicz Nikolett <\/td><\/tr><tr style=\"height:px\" ><td data-cell-id=\"A6\" data-x=\"0\" data-y=\"6\" data-db-index=\"6\" class=\"htCenter htMiddle\" data-cell-type=\"text\" data-original-value=\"V\u00e1lasztott KEB tagok:\" data-order=\"V\u00e1lasztott KEB tagok:\" data-colspan=\"4\" data-rowspan=\"1\" >V\u00e1lasztott KEB tagok: <\/td><td data-cell-id=\"B6\" data-x=\"1\" data-y=\"6\" data-db-index=\"6\" class=\"htCenter htMiddle\" data-cell-type=\"text\" data-original-value=\"\" data-order=\"\" data-hide=\"true\" ><\/td><td data-cell-id=\"C6\" data-x=\"2\" data-y=\"6\" data-db-index=\"6\" class=\"htCenter htMiddle\" data-cell-type=\"text\" data-original-value=\"\" data-order=\"\" data-hide=\"true\" ><\/td><td data-cell-id=\"D6\" data-x=\"3\" data-y=\"6\" data-db-index=\"6\" class=\"htCenter htMiddle\" data-cell-type=\"text\" data-original-value=\"\" data-order=\"\" data-hide=\"true\" ><\/td><\/tr><tr style=\"height:px\" ><td data-cell-id=\"A7\" data-x=\"0\" data-y=\"7\" data-db-index=\"7\" class=\"htCenter htMiddle\" data-cell-type=\"text\" data-original-value=\"Kov\u00e1cs Enik\u0151\" data-order=\"Kov\u00e1cs Enik\u0151\" >Kov\u00e1cs Enik\u0151 <\/td><td data-cell-id=\"B7\" data-x=\"1\" data-y=\"7\" data-db-index=\"7\" class=\"htCenter htMiddle\" data-cell-type=\"text\" data-original-value=\"B\u00e9kefi Bogl\u00e1rka\" data-order=\"B\u00e9kefi Bogl\u00e1rka\" >B\u00e9kefi Bogl\u00e1rka <\/td><td data-cell-id=\"C7\" data-x=\"2\" data-y=\"7\" data-db-index=\"7\" class=\"htCenter htMiddle\" data-cell-type=\"text\" data-original-value=\"Dr. Gayor M\u00e1t\u00e9\" data-order=\"Dr. Gayor M\u00e1t\u00e9\" >Dr. Gayor M\u00e1t\u00e9 <\/td><td data-cell-id=\"D7\" data-x=\"3\" data-y=\"7\" data-db-index=\"7\" class=\"htCenter htMiddle\" data-cell-type=\"text\" data-original-value=\"Kiss Edit\" data-order=\"Kiss Edit\" >Kiss Edit <\/td><\/tr><tr style=\"height:px\" ><td data-cell-id=\"A8\" data-x=\"0\" data-y=\"8\" data-db-index=\"8\" class=\"htCenter htMiddle\" data-cell-type=\"text\" data-original-value=\"Biotest Hungaria Kft.\" data-order=\"Biotest Hungaria Kft.\" >Biotest Hungaria Kft. <\/td><td data-cell-id=\"B8\" data-x=\"1\" data-y=\"8\" data-db-index=\"8\" class=\"htCenter htMiddle\" data-cell-type=\"text\" data-original-value=\"Takeda Kft.\" data-order=\"Takeda Kft.\" >Takeda Kft. <\/td><td data-cell-id=\"C8\" data-x=\"2\" data-y=\"8\" data-db-index=\"8\" class=\"htCenter htMiddle\" data-cell-type=\"text\" data-original-value=\"Pfizer Kft.\" data-order=\"Pfizer Kft.\" >Pfizer Kft. <\/td><td data-cell-id=\"D8\" data-x=\"3\" data-y=\"8\" data-db-index=\"8\" class=\"htCenter htMiddle\" data-cell-type=\"text\" data-original-value=\"Human Bioplazma Kft.\" data-order=\"Human Bioplazma Kft.\" >Human Bioplazma Kft. <\/td><\/tr><tr style=\"height:px\" ><td data-cell-id=\"A9\" data-x=\"0\" data-y=\"9\" data-db-index=\"9\" class=\"htCenter\" data-cell-type=\"text\" data-original-value=\"Fel\u00fcgyel\u0151 Bizotts\u00e1g tagjai:\" data-order=\"Fel\u00fcgyel\u0151 Bizotts\u00e1g tagjai:\" data-colspan=\"4\" data-rowspan=\"1\" >Fel\u00fcgyel\u0151 Bizotts\u00e1g tagjai: <\/td><td data-cell-id=\"B9\" data-x=\"1\" data-y=\"9\" data-db-index=\"9\" class=\"htCenter\" data-cell-type=\"text\" data-original-value=\"\" data-order=\"\" data-hide=\"true\" ><\/td><td data-cell-id=\"C9\" data-x=\"2\" data-y=\"9\" data-db-index=\"9\" class=\"htCenter\" data-cell-type=\"text\" data-original-value=\"\" data-order=\"\" data-hide=\"true\" ><\/td><td data-cell-id=\"D9\" data-x=\"3\" data-y=\"9\" data-db-index=\"9\" class=\"htCenter\" data-cell-type=\"text\" data-original-value=\"\" data-order=\"\" data-hide=\"true\" ><\/td><\/tr><tr style=\"height:px\" ><td data-cell-id=\"A10\" data-x=\"0\" data-y=\"10\" data-db-index=\"10\" class=\"htCenter\" data-cell-type=\"text\" data-original-value=\"Fel\u00fcgyel\u0151 Bizotts\u00e1g eln\u00f6ke\" data-order=\"Fel\u00fcgyel\u0151 Bizotts\u00e1g eln\u00f6ke\" >Fel\u00fcgyel\u0151 Bizotts\u00e1g eln\u00f6ke <\/td><td data-cell-id=\"B10\" data-x=\"1\" data-y=\"10\" data-db-index=\"10\" class=\"htCenter\" data-cell-type=\"text\" data-original-value=\"Fel\u00fcgyel\u0151 Bizotts\u00e1g tag\" data-order=\"Fel\u00fcgyel\u0151 Bizotts\u00e1g tag\" >Fel\u00fcgyel\u0151 Bizotts\u00e1g tag <\/td><td data-cell-id=\"C10\" data-x=\"2\" data-y=\"10\" data-db-index=\"10\" class=\"htCenter\" data-cell-type=\"text\" data-original-value=\"Fel\u00fcgyel\u0151 Bizotts\u00e1g tag\" data-order=\"Fel\u00fcgyel\u0151 Bizotts\u00e1g tag\" >Fel\u00fcgyel\u0151 Bizotts\u00e1g tag <\/td><td data-cell-id=\"D10\" data-x=\"3\" data-y=\"10\" data-db-index=\"10\" class=\"htCenter\" data-cell-type=\"text\" data-original-value=\"Fel\u00fcgyel\u0151 Bizotts\u00e1g tag\" data-order=\"Fel\u00fcgyel\u0151 Bizotts\u00e1g tag\" >Fel\u00fcgyel\u0151 Bizotts\u00e1g tag <\/td><\/tr><tr style=\"height:px\" ><td data-cell-id=\"A11\" data-x=\"0\" data-y=\"11\" data-db-index=\"11\" class=\"htCenter\" data-cell-type=\"text\" data-original-value=\"Dr. Pankotai Tam\u00e1s\" data-order=\"Dr. Pankotai Tam\u00e1s\" >Dr. Pankotai Tam\u00e1s <\/td><td data-cell-id=\"B11\" data-x=\"1\" data-y=\"11\" data-db-index=\"11\" class=\"htCenter\" data-cell-type=\"text\" data-original-value=\"Dr. Nyerges Judit\" data-order=\"Dr. Nyerges Judit\" >Dr. Nyerges Judit <\/td><td data-cell-id=\"C11\" data-x=\"2\" data-y=\"11\" data-db-index=\"11\" class=\"htCenter\" data-cell-type=\"text\" data-original-value=\"Dr. Gesztes \u00c1kos G\u00e1bor\" data-order=\"Dr. Gesztes \u00c1kos G\u00e1bor\" >Dr. Gesztes \u00c1kos G\u00e1bor <\/td><td data-cell-id=\"D11\" data-x=\"3\" data-y=\"11\" data-db-index=\"11\" class=\"htCenter\" data-cell-type=\"text\" data-original-value=\"Dr. Ashur D\u00e1vid\" data-order=\"Dr. Ashur D\u00e1vid\" >Dr. Ashur D\u00e1vid <\/td><\/tr><tr style=\"height:px\" ><td data-cell-id=\"A12\" data-x=\"0\" data-y=\"12\" data-db-index=\"12\" class=\"htCenter htMiddle\" data-cell-type=\"text\" data-original-value=\"Adminisztr\u00e1ci\u00f3: S\u00f6r\u00f6s Ivett\" data-order=\"Adminisztr\u00e1ci\u00f3: S\u00f6r\u00f6s Ivett\" data-colspan=\"4\" data-rowspan=\"1\" >Adminisztr\u00e1ci\u00f3: S\u00f6r\u00f6s Ivett <\/td><td data-cell-id=\"B12\" data-x=\"1\" data-y=\"12\" data-db-index=\"12\" class=\"htCenter htMiddle\" data-cell-type=\"text\" data-original-value=\"\" data-order=\"\" data-hide=\"true\" ><\/td><td data-cell-id=\"C12\" data-x=\"2\" data-y=\"12\" data-db-index=\"12\" class=\"htCenter htMiddle\" data-cell-type=\"text\" data-original-value=\"\" data-order=\"\" data-hide=\"true\" ><\/td><td data-cell-id=\"D12\" data-x=\"3\" data-y=\"12\" data-db-index=\"12\" class=\"htCenter htMiddle\" data-cell-type=\"text\" data-original-value=\"\" data-order=\"\" data-hide=\"true\" ><\/td><\/tr><tr style=\"height:px\" ><td data-cell-id=\"A13\" data-x=\"0\" data-y=\"13\" data-db-index=\"13\" class=\"htCenter\" data-cell-type=\"text\" data-original-value=\"K\u00f6nyvel\u00e9s: No P\u00e1nik Bt.\" data-order=\"K\u00f6nyvel\u00e9s: No P\u00e1nik Bt.\" data-colspan=\"4\" data-rowspan=\"1\" >K\u00f6nyvel\u00e9s: No P\u00e1nik Bt. <\/td><td data-cell-id=\"B13\" data-x=\"1\" data-y=\"13\" data-db-index=\"13\" class=\"htCenter\" data-cell-type=\"text\" data-original-value=\"\" data-order=\"\" data-hide=\"true\" ><\/td><td data-cell-id=\"C13\" data-x=\"2\" data-y=\"13\" data-db-index=\"13\" class=\"htCenter\" data-cell-type=\"text\" data-original-value=\"\" data-order=\"\" data-hide=\"true\" ><\/td><td data-cell-id=\"D13\" data-x=\"3\" data-y=\"13\" data-db-index=\"13\" class=\"htCenter\" data-cell-type=\"text\" data-original-value=\"\" data-order=\"\" data-hide=\"true\" ><\/td><\/tr><\/tbody><\/table><!-- \/#supsystic-table-1.supsystic-table --><\/div><!-- \/.supsystic-tables-wrap --><!-- Tables Generator by Supsystic --><!-- Version:1.11.1 --><!-- http:\/\/supsystic.com\/ --><a title=\"WP Data Tables\" style=\"display:none;\" href=\"https:\/\/supsystic.com\/plugins\/wordpress-data-table-plugin\/?utm_medium=love_link\" target=\"_blank\">WP Data Tables<\/a><\/p>\n","protected":false},"excerpt":{"rendered":"","protected":false},"author":1,"featured_media":0,"parent":16,"menu_order":0,"comment_status":"closed","ping_status":"closed","template":"","meta":{"_monsterinsights_skip_tracking":false,"_monsterinsights_sitenote_active":false,"_monsterinsights_sitenote_note":"","_monsterinsights_sitenote_category":0,"footnotes":""},"class_list":["post-85","page","type-page","status-publish","hentry"],"_links":{"self":[{"href":"http:\/\/vedettseg.hu\/wordpress\/wp-json\/wp\/v2\/pages\/85","targetHints":{"allow":["GET"]}}],"collection":[{"href":"http:\/\/vedettseg.hu\/wordpress\/wp-json\/wp\/v2\/pages"}],"about":[{"href":"http:\/\/vedettseg.hu\/wordpress\/wp-json\/wp\/v2\/types\/page"}],"author":[{"embeddable":true,"href":"http:\/\/vedettseg.hu\/wordpress\/wp-json\/wp\/v2\/users\/1"}],"replies":[{"embeddable":true,"href":"http:\/\/vedettseg.hu\/wordpress\/wp-json\/wp\/v2\/comments?post=85"}],"version-history":[{"count":15,"href":"http:\/\/vedettseg.hu\/wordpress\/wp-json\/wp\/v2\/pages\/85\/revisions"}],"predecessor-version":[{"id":1585,"href":"http:\/\/vedettseg.hu\/wordpress\/wp-json\/wp\/v2\/pages\/85\/revisions\/1585"}],"up":[{"embeddable":true,"href":"http:\/\/vedettseg.hu\/wordpress\/wp-json\/wp\/v2\/pages\/16"}],"wp:attachment":[{"href":"http:\/\/vedettseg.hu\/wordpress\/wp-json\/wp\/v2\/media?parent=85"}],"curies":[{"name":"wp","href":"https:\/\/api.w.org\/{rel}","templated":true}]}}