{"id":89,"date":"2015-10-21T08:36:32","date_gmt":"2015-10-21T08:36:32","guid":{"rendered":"http:\/\/vedettseg.hu\/wordpress\/?page_id=89"},"modified":"2026-01-13T14:39:04","modified_gmt":"2026-01-13T14:39:04","slug":"kapcsolat","status":"publish","type":"page","link":"http:\/\/vedettseg.hu\/wordpress\/kapcsolat\/","title":{"rendered":"Kapcsolat"},"content":{"rendered":"<p style=\"text-align: center;\">\n<p style=\"text-align: center;\"><b>Eln\u00f6k:<\/b><br \/>\nDr. L\u00e9vai S\u00e1ndor<br \/>\n<a href=\"mailto:elnok@vedettseg.hu\" target=\"_blank\" rel=\"noopener\">elnok@vedettseg.hu<\/a><\/p>\n<p style=\"text-align: center;\"><strong>Tel:<\/strong><br \/>\n+36 1 270-7030<\/p>\n<p style=\"text-align: center;\"><strong>Eln\u00f6ks\u00e9g:<\/strong><br \/>\n<a href=\"mailto:elnok@vedettseg.hu\" target=\"_blank\" rel=\"noopener\">elnokseg@vedettseg.hu<\/a><\/p>\n<p style=\"text-align: center;\"><strong>Tiszteletbeli eln\u00f6k:<\/strong><br \/>\nDr. Borb\u00e1s Gyula<\/p>\n<p style=\"text-align: center;\"><strong><span class=\"style1\">C\u00edm:<\/span><\/strong><span class=\"text14\"><br \/>\n1138 Budapest, N\u00e9pf\u00fcrd\u0151 u. 22.<br \/>\n<\/span><\/p>\n<p style=\"text-align: center;\"><strong><span class=\"style1\">Tel:<\/span><\/strong><span class=\"text14\"><br \/>\n+36 1 270-7030<br \/>\n<\/span><\/p>\n<p style=\"text-align: center;\"><strong>Honlap:<\/strong><br \/>\nadmin@vedettseg.hu<\/p>\n<p style=\"text-align: center;\"><strong>LinkedIn:<\/strong><br \/>\n<a href=\"https:\/\/www.linkedin.com\/company\/v%C3%A9detts%C3%A9g-olt%C3%B3anyag-%C3%A9s-immunbiol%C3%B3giai-term%C3%A9k-gy%C3%A1rt%C3%B3k-%C3%A9s-forgalmaz%C3%B3k-egyes%C3%BClete\"><span class=\"text14\">V\u00e9detts\u00e9g<\/span><\/a><\/p>\n","protected":false},"excerpt":{"rendered":"<p>Eln\u00f6k: Dr. L\u00e9vai S\u00e1ndor elnok@vedettseg.hu Tel: +36 1 270-7030 Eln\u00f6ks\u00e9g: elnokseg@vedettseg.hu Tiszteletbeli eln\u00f6k: Dr. Borb\u00e1s Gyula C\u00edm: 1138 Budapest, N\u00e9pf\u00fcrd\u0151 u. 22. Tel: +36 1 270-7030 Honlap: admin@vedettseg.hu LinkedIn: V\u00e9detts\u00e9g<\/p>\n","protected":false},"author":1,"featured_media":0,"parent":0,"menu_order":0,"comment_status":"closed","ping_status":"closed","template":"","meta":{"_monsterinsights_skip_tracking":false,"_monsterinsights_sitenote_active":false,"_monsterinsights_sitenote_note":"","_monsterinsights_sitenote_category":0,"footnotes":""},"class_list":["post-89","page","type-page","status-publish","hentry"],"_links":{"self":[{"href":"http:\/\/vedettseg.hu\/wordpress\/wp-json\/wp\/v2\/pages\/89","targetHints":{"allow":["GET"]}}],"collection":[{"href":"http:\/\/vedettseg.hu\/wordpress\/wp-json\/wp\/v2\/pages"}],"about":[{"href":"http:\/\/vedettseg.hu\/wordpress\/wp-json\/wp\/v2\/types\/page"}],"author":[{"embeddable":true,"href":"http:\/\/vedettseg.hu\/wordpress\/wp-json\/wp\/v2\/users\/1"}],"replies":[{"embeddable":true,"href":"http:\/\/vedettseg.hu\/wordpress\/wp-json\/wp\/v2\/comments?post=89"}],"version-history":[{"count":19,"href":"http:\/\/vedettseg.hu\/wordpress\/wp-json\/wp\/v2\/pages\/89\/revisions"}],"predecessor-version":[{"id":2040,"href":"http:\/\/vedettseg.hu\/wordpress\/wp-json\/wp\/v2\/pages\/89\/revisions\/2040"}],"wp:attachment":[{"href":"http:\/\/vedettseg.hu\/wordpress\/wp-json\/wp\/v2\/media?parent=89"}],"curies":[{"name":"wp","href":"https:\/\/api.w.org\/{rel}","templated":true}]}}